{"id":2831151,"date":"2026-03-31T16:40:14","date_gmt":"2026-03-31T14:40:14","guid":{"rendered":"https:\/\/energetisch.fit\/?post_type=product&#038;p=2831151"},"modified":"2026-04-08T09:45:53","modified_gmt":"2026-04-08T07:45:53","slug":"o-ser-humano-como-um-sistema","status":"publish","type":"product","link":"https:\/\/energetisch.fit\/pt\/shop\/der-mensch-als-system\/","title":{"rendered":"O homem como um sistema"},"content":{"rendered":"<p>Acabe com a n\u00e9voa do esoterismo. Bem-vindo ao mundo da medicina da informa\u00e7\u00e3o.<\/p>\n<p>Hast du dich jemals gefragt, warum manche Interventionen sofort greifen, w\u00e4hrend andere trotz bester Absichten verpuffen? Warum reagiert der eine auf Stress mit dem Magen und der andere mit R\u00fcckenschmerzen? Die Antwort liegt nicht in den Einzelteilen, sondern im System.<\/p>\n<p>Dieses Buch r\u00e4umt mit dem veralteten mechanistischen \u201eUhrwerk-Denken\u201c auf. Es zeigt auf Basis von Systemtheorie, Biologie und Kybernetik, dass der Mensch kein Patient ist, den man \u201ereparieren\u201c kann, sondern ein hochkomplexes Informationssystem, das nach logischen Regeln reguliert.<\/p>\n<p><span class=\"a-text-bold\">O que voc\u00ea pode esperar deste livro:<\/span><\/p>\n<ul class=\"a-unordered-list a-vertical\">\n<li><span class=\"a-text-bold\">Do componente ao sistema:<\/span>\u00a0Descubra por que a vis\u00e3o tradicional nos custa energia e como a mudan\u00e7a de paradigma para a l\u00f3gica do sistema cria solu\u00e7\u00f5es novas e eficazes.<\/li>\n<li><span class=\"a-text-bold\">A l\u00f3gica da regulamenta\u00e7\u00e3o:<\/span>\u00a0Entenda como seu corpo se comunica por meio de frequ\u00eancias, ritmos e resson\u00e2ncia. Aprenda a decifrar os sintomas n\u00e3o como defeitos, mas como informa\u00e7\u00f5es biol\u00f3gicas significativas.<\/li>\n<li><span class=\"a-text-bold\">Precis\u00e3o em vez de palitos de incenso:<\/span>\u00a0Descubra como o trabalho energ\u00e9tico recebe uma base est\u00e1vel e l\u00f3gica. Saiba como as ferramentas de pensamento digital (como o\u00a0<span class=\"a-text-italic\">energ\u00e9tico.fit<\/span>) ajudam a visualizar objetivamente os padr\u00f5es individuais.<\/li>\n<li><span class=\"a-text-bold\">Responsabilidade pessoal por meio do conhecimento:<\/span>\u00a0Use esse modelo como uma ferramenta de precis\u00e3o em seu caminho para a verdadeira regulamenta\u00e7\u00e3o.<\/li>\n<\/ul>\n<p>Dieses Werk schl\u00e4gt die Br\u00fccke: Es liefert Energetikern ein stabiles Fundament und bietet wissenschaftlich Denkenden ein strukturiertes Modell f\u00fcr die Welt der Schwingungen. Es geht nicht um Heilsversprechen, sondern um das Verst\u00e4ndnis von Prozessen.<\/p>","protected":false},"excerpt":{"rendered":"<p>Op\u00e7\u00e3o 1: E-book em PDF + audiolivro em MP3<br \/>\nOp\u00e7\u00e3o 2: Livro de capa dura<br \/>\nOp\u00e7\u00e3o 3: Livro de capa mole<\/p>\n<p><span class=\"a-text-bold\">O que voc\u00ea pode esperar deste livro:<\/span><\/p>\n<ul class=\"a-unordered-list a-vertical\">\n<li><span class=\"a-text-bold\">Do componente ao sistema:<\/span>\u00a0Descubra por que a vis\u00e3o tradicional nos custa energia e como a mudan\u00e7a de paradigma para a l\u00f3gica do sistema cria solu\u00e7\u00f5es novas e eficazes.<\/li>\n<li><span class=\"a-text-bold\">A l\u00f3gica da regulamenta\u00e7\u00e3o:<\/span>\u00a0Entenda como seu corpo se comunica por meio de frequ\u00eancias, ritmos e resson\u00e2ncia. Aprenda a decifrar os sintomas n\u00e3o como defeitos, mas como informa\u00e7\u00f5es biol\u00f3gicas significativas.<\/li>\n<li><span class=\"a-text-bold\">Precis\u00e3o em vez de palitos de incenso:<\/span>\u00a0Descubra como o trabalho energ\u00e9tico recebe uma base est\u00e1vel e l\u00f3gica. Saiba como as ferramentas de pensamento digital (como o\u00a0<span class=\"a-text-italic\">energ\u00e9tico.fit<\/span>) ajudam a visualizar objetivamente os padr\u00f5es individuais.<\/li>\n<li><span class=\"a-text-bold\">Responsabilidade pessoal por meio do conhecimento:<\/span>\u00a0Use esse modelo como uma ferramenta de precis\u00e3o em seu caminho para a verdadeira regulamenta\u00e7\u00e3o.<\/li>\n<\/ul>","protected":false},"featured_media":2831485,"comment_status":"open","ping_status":"closed","template":"","meta":{"_acf_changed":false},"product_brand":[],"product_cat":[302],"product_tag":[],"class_list":{"0":"post-2831151","1":"product","2":"type-product","3":"status-publish","4":"has-post-thumbnail","6":"product_cat-unkategorisiert","7":"product_shipping_class-standartversand-1-3-werktage","8":"tm-no-options","10":"first","11":"instock","12":"taxable","13":"shipping-taxable","14":"purchasable","15":"product-type-variable","16":"has-default-attributes"},"acf":[],"_links":{"self":[{"href":"https:\/\/energetisch.fit\/pt\/wp-json\/wp\/v2\/product\/2831151","targetHints":{"allow":["GET"]}}],"collection":[{"href":"https:\/\/energetisch.fit\/pt\/wp-json\/wp\/v2\/product"}],"about":[{"href":"https:\/\/energetisch.fit\/pt\/wp-json\/wp\/v2\/types\/product"}],"replies":[{"embeddable":true,"href":"https:\/\/energetisch.fit\/pt\/wp-json\/wp\/v2\/comments?post=2831151"}],"wp:featuredmedia":[{"embeddable":true,"href":"https:\/\/energetisch.fit\/pt\/wp-json\/wp\/v2\/media\/2831485"}],"wp:attachment":[{"href":"https:\/\/energetisch.fit\/pt\/wp-json\/wp\/v2\/media?parent=2831151"}],"wp:term":[{"taxonomy":"product_brand","embeddable":true,"href":"https:\/\/energetisch.fit\/pt\/wp-json\/wp\/v2\/product_brand?post=2831151"},{"taxonomy":"product_cat","embeddable":true,"href":"https:\/\/energetisch.fit\/pt\/wp-json\/wp\/v2\/product_cat?post=2831151"},{"taxonomy":"product_tag","embeddable":true,"href":"https:\/\/energetisch.fit\/pt\/wp-json\/wp\/v2\/product_tag?post=2831151"}],"curies":[{"name":"wp","href":"https:\/\/api.w.org\/{rel}","templated":true}]}}