{"id":25237,"date":"2025-06-13T12:03:28","date_gmt":"2025-06-13T10:03:28","guid":{"rendered":"https:\/\/energetisch.fit\/?post_type=product&#038;p=25237"},"modified":"2025-06-13T12:43:18","modified_gmt":"2025-06-13T10:43:18","slug":"ebook-audiobook-as-7-leis-de-sua-vida","status":"publish","type":"product","link":"https:\/\/energetisch.fit\/pt\/shop\/ebook-hoerbuch-die-7-gesetze-deines-lebens\/","title":{"rendered":"E-book + audiolivro: As 7 leis de sua vida"},"content":{"rendered":"<p><span class=\"a-text-bold\">E o que,<br \/>\nse tudo,<br \/>\no que voc\u00ea experimenta,<br \/>\n<\/span><span class=\"a-text-bold a-text-italic\">tem a ver com voc\u00ea?<\/span><\/p>\n<p>Was, wenn dein Leben nicht einfach passiert \u2013<br \/>\nsondern von Gesetzm\u00e4\u00dfigkeiten gepr\u00e4gt ist, die du beeinflussen kannst?<\/p>\n<p>Este livro mostra a voc\u00ea por que a lei da atra\u00e7\u00e3o\u00a0<span class=\"a-text-bold\">apenas o come\u00e7o<\/span>\u00a0ist \u2013<br \/>\ne como o\u00a0<span class=\"a-text-bold\">7 leis herm\u00e9ticas<\/span>\u00a0ajud\u00e1-lo a realmente entender a vida,<br \/>\ndas du jeden Tag erschaffst \u2013 bewusst oder unbewusst.<\/p>\n<p><span class=\"a-text-bold\">\u201eDie 7 Gesetze deines Lebens\u201c<\/span>\u00a0n\u00e3o \u00e9 um livro te\u00f3rico.<br \/>\nEs ist ein Praxisbuch f\u00fcr Menschen, die nicht l\u00e4nger im Kreis denken \u2013<br \/>\nmas quer come\u00e7ar,\u00a0<span class=\"a-text-bold\">para realmente funcionar.<\/span><\/p>\n<p>Voc\u00ea aprender\u00e1:<\/p>\n<p>Por que certos padr\u00f5es continuam aparecendo em sua vida - e como voc\u00ea pode romper com eles<br \/>\nComo mudar sua vibra\u00e7\u00e3o de forma direcionada em vez de deixar que o ambiente o controle<br \/>\nComo voc\u00ea n\u00e3o apenas observa sua realidade, mas tamb\u00e9m a molda energeticamente<br \/>\nComo reconhecer causas antigas - e conscientemente estabelecer novas causas<br \/>\nComo passar da rea\u00e7\u00e3o \u00e0 cria\u00e7\u00e3o com um processo de coaching de 7 etapas simples e profundamente eficaz<br \/>\nComo harmonizar a consci\u00eancia, o sentimento e a frequ\u00eancia - para obter mais clareza, impacto e calma<\/p>\n<p><span class=\"a-text-bold\">F\u00fcr alle, die das Gesetz der Anziehung verstanden haben \u2013<br \/>\ne agora querem saber como ele realmente funciona.<\/span><\/p>\n<p>Ob du neu auf dem Weg bist oder schon lange mit Energetik, Coaching oder Bewusstseinsarbeit arbeitest \u2013<br \/>\nEste livro lhe d\u00e1 ferramentas, clareza e uma nova perspectiva sobre o assunto,<br \/>\nwas du t\u00e4glich erlebst \u2013 und oft unbewusst erzeugst.<\/p>","protected":false},"excerpt":{"rendered":"<p>E-book como PDF + audiolivro como MP4<\/p>\n<p>Voc\u00ea aprender\u00e1:<\/p>\n<p>Por que certos padr\u00f5es continuam aparecendo em sua vida - e como voc\u00ea pode romper com eles<br \/>\nComo mudar sua vibra\u00e7\u00e3o de forma direcionada em vez de deixar que o ambiente o controle<br \/>\nComo voc\u00ea n\u00e3o apenas observa sua realidade, mas tamb\u00e9m a molda energeticamente<br \/>\nComo reconhecer causas antigas - e conscientemente estabelecer novas causas<br \/>\nComo passar da rea\u00e7\u00e3o \u00e0 cria\u00e7\u00e3o com um processo de coaching de 7 etapas simples e profundamente eficaz<br \/>\nComo harmonizar a consci\u00eancia, o sentimento e a frequ\u00eancia - para obter mais clareza, impacto e calma<\/p>","protected":false},"featured_media":25238,"comment_status":"open","ping_status":"closed","template":"","meta":{"_acf_changed":false},"product_brand":[],"product_cat":[302],"product_tag":[],"class_list":{"0":"post-25237","1":"product","2":"type-product","3":"status-publish","4":"has-post-thumbnail","6":"product_cat-unkategorisiert","7":"tm-no-options","9":"first","10":"instock","11":"downloadable","12":"virtual","13":"taxable","14":"purchasable","15":"product-type-simple"},"acf":[],"_links":{"self":[{"href":"https:\/\/energetisch.fit\/pt\/wp-json\/wp\/v2\/product\/25237","targetHints":{"allow":["GET"]}}],"collection":[{"href":"https:\/\/energetisch.fit\/pt\/wp-json\/wp\/v2\/product"}],"about":[{"href":"https:\/\/energetisch.fit\/pt\/wp-json\/wp\/v2\/types\/product"}],"replies":[{"embeddable":true,"href":"https:\/\/energetisch.fit\/pt\/wp-json\/wp\/v2\/comments?post=25237"}],"wp:featuredmedia":[{"embeddable":true,"href":"https:\/\/energetisch.fit\/pt\/wp-json\/wp\/v2\/media\/25238"}],"wp:attachment":[{"href":"https:\/\/energetisch.fit\/pt\/wp-json\/wp\/v2\/media?parent=25237"}],"wp:term":[{"taxonomy":"product_brand","embeddable":true,"href":"https:\/\/energetisch.fit\/pt\/wp-json\/wp\/v2\/product_brand?post=25237"},{"taxonomy":"product_cat","embeddable":true,"href":"https:\/\/energetisch.fit\/pt\/wp-json\/wp\/v2\/product_cat?post=25237"},{"taxonomy":"product_tag","embeddable":true,"href":"https:\/\/energetisch.fit\/pt\/wp-json\/wp\/v2\/product_tag?post=25237"}],"curies":[{"name":"wp","href":"https:\/\/api.w.org\/{rel}","templated":true}]}}