{"id":25233,"date":"2025-06-13T11:50:25","date_gmt":"2025-06-13T09:50:25","guid":{"rendered":"https:\/\/energetisch.fit\/?post_type=product&#038;p=25233"},"modified":"2025-06-13T12:12:45","modified_gmt":"2025-06-13T10:12:45","slug":"energetics-quantum-physics-bullshit-or-groundbreaking-the-35-most-provocative-questions-and-answers-about-energy-frequencies-co-that-convince-even-sceptics","status":"publish","type":"product","link":"https:\/\/energetisch.fit\/pt\/shop\/energetik-quantenphysik-bullshit-oder-bahnbrechend-die-35-provokantesten-fragen-und-antworten-zu-energie-frequenzen-co-die-selbst-skeptiker-ueberzeugen\/","title":{"rendered":"Livro f\u00edsico: Energetics &amp; quantum physics: bullshit or groundbreaking?"},"content":{"rendered":"<p><span class=\"a-text-bold\">Energ\u00e9tica e f\u00edsica qu\u00e2ntica: besteira ou inova\u00e7\u00e3o?<\/span><br \/>\n<span class=\"a-text-italic\">As 35 perguntas - e respostas - mais provocativas sobre energia, frequ\u00eancias e companhia que convencer\u00e3o at\u00e9 mesmo os c\u00e9ticos.<\/span><\/p>\n<ul class=\"a-unordered-list a-vertical\">\n<li><span class=\"a-list-item\"><span class=\"a-text-bold\">A energ\u00e9tica \u00e9 apenas esoterismo ou h\u00e1 uma ci\u00eancia real por tr\u00e1s dela?<\/span><\/span><\/li>\n<li><span class=\"a-list-item\"><span class=\"a-text-bold\">As frequ\u00eancias podem realmente curar ou tudo n\u00e3o passa de placebo?<\/span><\/span><\/li>\n<li><span class=\"a-list-item\"><span class=\"a-text-bold\">O que a pesquisa diz - e o que \u00e9 apenas alegado?<\/span><\/span><\/li>\n<\/ul>\n<p>Este livro n\u00e3o mede suas palavras! Ele faz as perguntas mais empolgantes, absurdas e inteligentes sobre energia e fornece respostas cientificamente s\u00f3lidas, divertidas e surpreendentes. Do entrela\u00e7amento qu\u00e2ntico \u00e0 medicina da frequ\u00eancia e aos campos bioenerg\u00e9ticos - aqui voc\u00ea descobrir\u00e1 o que \u00e9 fato, o que \u00e9 mito e o que at\u00e9 mesmo faz os cientistas se perguntarem.<\/p>\n<ul class=\"a-unordered-list a-vertical\">\n<li><span class=\"a-list-item\"><span class=\"a-text-bold\">Perfeito para c\u00e9ticos e curiosos<\/span>\u00a0- independentemente de voc\u00ea achar que a energia \u00e9 uma besteira ou de querer saber mais sobre ela.<\/span><\/li>\n<li><span class=\"a-list-item\"><span class=\"a-text-bold\">Divertido e bem fundamentado<\/span>\u00a0- com estudos, exemplos pr\u00e1ticos e fatos claros.<\/span><\/li>\n<li><span class=\"a-list-item\"><span class=\"a-text-bold\">Provocador e direto ao ponto<\/span>\u00a0- as respostas que voc\u00ea sempre procurou!<\/span><\/li>\n<\/ul>\n<p><span class=\"a-text-bold\">Adquira o livro agora mesmo e descubra se a energia \u00e9 o futuro ou apenas uma grande ilus\u00e3o!<\/span><\/p>","protected":false},"excerpt":{"rendered":"<p><span class=\"a-text-bold\">Energ\u00e9tica e f\u00edsica qu\u00e2ntica: besteira ou inova\u00e7\u00e3o?<\/span><br \/>\n<span class=\"a-text-italic\">As 35 perguntas - e respostas - mais provocativas sobre energia, frequ\u00eancias e companhia que convencer\u00e3o at\u00e9 mesmo os c\u00e9ticos.<\/span><\/p>\n<ul class=\"a-unordered-list a-vertical\">\n<li><span class=\"a-list-item\"><span class=\"a-text-bold\">A energ\u00e9tica \u00e9 apenas esoterismo ou h\u00e1 uma ci\u00eancia real por tr\u00e1s dela?<\/span><\/span><\/li>\n<li><span class=\"a-list-item\"><span class=\"a-text-bold\">As frequ\u00eancias podem realmente curar ou tudo n\u00e3o passa de placebo?<\/span><\/span><\/li>\n<li><span class=\"a-list-item\"><span class=\"a-text-bold\">O que a pesquisa diz - e o que \u00e9 apenas alegado?<\/span><\/span><\/li>\n<\/ul>","protected":false},"featured_media":25234,"comment_status":"open","ping_status":"closed","template":"","meta":{"_acf_changed":false},"product_brand":[],"product_cat":[346],"product_tag":[],"class_list":{"0":"post-25233","1":"product","2":"type-product","3":"status-publish","4":"has-post-thumbnail","6":"product_cat-hardware","7":"product_shipping_class-verminderter-standartversand-1-3-werktage","8":"tm-no-options","10":"first","11":"instock","12":"taxable","13":"shipping-taxable","14":"purchasable","15":"product-type-simple"},"acf":[],"_links":{"self":[{"href":"https:\/\/energetisch.fit\/pt\/wp-json\/wp\/v2\/product\/25233","targetHints":{"allow":["GET"]}}],"collection":[{"href":"https:\/\/energetisch.fit\/pt\/wp-json\/wp\/v2\/product"}],"about":[{"href":"https:\/\/energetisch.fit\/pt\/wp-json\/wp\/v2\/types\/product"}],"replies":[{"embeddable":true,"href":"https:\/\/energetisch.fit\/pt\/wp-json\/wp\/v2\/comments?post=25233"}],"wp:featuredmedia":[{"embeddable":true,"href":"https:\/\/energetisch.fit\/pt\/wp-json\/wp\/v2\/media\/25234"}],"wp:attachment":[{"href":"https:\/\/energetisch.fit\/pt\/wp-json\/wp\/v2\/media?parent=25233"}],"wp:term":[{"taxonomy":"product_brand","embeddable":true,"href":"https:\/\/energetisch.fit\/pt\/wp-json\/wp\/v2\/product_brand?post=25233"},{"taxonomy":"product_cat","embeddable":true,"href":"https:\/\/energetisch.fit\/pt\/wp-json\/wp\/v2\/product_cat?post=25233"},{"taxonomy":"product_tag","embeddable":true,"href":"https:\/\/energetisch.fit\/pt\/wp-json\/wp\/v2\/product_tag?post=25233"}],"curies":[{"name":"wp","href":"https:\/\/api.w.org\/{rel}","templated":true}]}}