{"id":17532,"date":"2023-02-10T08:50:41","date_gmt":"2023-02-10T07:50:41","guid":{"rendered":"http:\/\/energetisch.fit\/?post_type=product&#038;p=17532"},"modified":"2024-10-05T10:45:22","modified_gmt":"2024-10-05T08:45:22","slug":"casa-e-propriedade-energeticamente-adequadas","status":"publish","type":"product","link":"https:\/\/energetisch.fit\/pt\/shop\/energetisch-fit-haus-und-grundstueck\/","title":{"rendered":"en\u00e9rgico.casa e propriedade adequadas"},"content":{"rendered":"<p>Nosso software on-line para otimiza\u00e7\u00e3o de energia <strong>Analyse und Behandlung von Haus und Grundst\u00fcck<\/strong> bietet eine einfache und effektive M\u00f6glichkeit, die <strong>aspectos energ\u00e9ticos de sua propriedade<\/strong> e aprimor\u00e1-los.<\/p>\n<p>Com esse software, voc\u00ea pode organizar sua propriedade em v\u00e1rios <strong>energetische Aspekte wie Strahlung, Elektrosmog, Wasseradern und geologische St\u00f6rzonen untersuchen<\/strong>. O software fornece uma an\u00e1lise abrangente e mostra os pontos fracos que podem comprometer o desempenho da empresa. <strong>Energia e sa\u00fade de uma propriedade<\/strong> beeintr\u00e4chtigen k\u00f6nnen.<\/p>\n<p>Unsere Online-Software zur energetischen Analyse und Behandlung von Haus und Grundst\u00fcck ist <strong>F\u00e1cil de operar<\/strong> und kann von jedermann genutzt werden. Du ben\u00f6tigst keine spezielle Ausbildung oder Fachkenntnisse, um von den Vorteilen dieser Software zu profitieren \u2013 <strong>N\u00f3s o acompanhamos em seu caminho<\/strong> und unterst\u00fctzen dich in der Anwendung des Programms.<\/p>\n<p>Melhore a efici\u00eancia energ\u00e9tica e a harmonia de sua propriedade com nosso software on-line para <strong>energetischen Analyse und Behandlung von Haus und Grundst\u00fcck.<\/strong><\/p>\n<p><strong>Conte\u00fado dos v\u00e1rios conceitos (modelos de trabalho):<\/strong><\/p>\n<ul>\n<li>Campos, ondas, radia\u00e7\u00e3o<\/li>\n<li>Toxinas internas, poluentes, clima interno<\/li>\n<li>Carga de energia na propriedade<\/li>\n<li>Fungos, bact\u00e9rias, al\u00e9rgenos<\/li>\n<li>Estresse mental, emocional e espiritual<\/li>\n<li>Exposi\u00e7\u00e3o a energias externas<\/li>\n<\/ul>\n<p>&nbsp;<\/p>\n<p><strong>Verschiedene M\u00f6glichkeiten<\/strong><\/p>\n<ul>\n<li>Sele\u00e7\u00e3o de seis a ilimitados clientes<\/li>\n<li>seis \u00e1reas tem\u00e1ticas<\/li>\n<li>An\u00e1lise do campo de energia<\/li>\n<li>An\u00e1lise de longo prazo<\/li>\n<li>Banco de dados pr\u00f3prio<\/li>\n<li>Tratamento remoto<\/li>\n<\/ul>","protected":false},"excerpt":{"rendered":"<p>Unsere Online-Software zur energetischen Analyse und Behandlung von Haus und Grundst\u00fcck bietet eine einfache und effektive M\u00f6glichkeit, die energetischen Aspekte Ihrer Immobilie zu untersuchen und zu verbessern. Mit dieser Software kannst du deine Immobilie auf verschiedene energetische Aspekte wie Strahlung, Elektrosmog, Wasseradern und geologische St\u00f6rzonen untersuchen. Die Software gibt eine umfassende Analyse und zeigt Ihnen [&hellip;]<\/p>\n","protected":false},"featured_media":18464,"comment_status":"open","ping_status":"closed","template":"","meta":{"_acf_changed":false},"product_brand":[],"product_cat":[343,448],"product_tag":[],"class_list":{"0":"post-17532","1":"product","2":"type-product","3":"status-publish","4":"has-post-thumbnail","6":"product_cat-digital-constellation","7":"product_cat-sonstige-module","8":"tm-no-options","10":"first","11":"instock","12":"sold-individually","13":"taxable","14":"shipping-taxable","15":"purchasable","16":"product-type-variable-subscription"},"acf":[],"_links":{"self":[{"href":"https:\/\/energetisch.fit\/pt\/wp-json\/wp\/v2\/product\/17532","targetHints":{"allow":["GET"]}}],"collection":[{"href":"https:\/\/energetisch.fit\/pt\/wp-json\/wp\/v2\/product"}],"about":[{"href":"https:\/\/energetisch.fit\/pt\/wp-json\/wp\/v2\/types\/product"}],"replies":[{"embeddable":true,"href":"https:\/\/energetisch.fit\/pt\/wp-json\/wp\/v2\/comments?post=17532"}],"wp:featuredmedia":[{"embeddable":true,"href":"https:\/\/energetisch.fit\/pt\/wp-json\/wp\/v2\/media\/18464"}],"wp:attachment":[{"href":"https:\/\/energetisch.fit\/pt\/wp-json\/wp\/v2\/media?parent=17532"}],"wp:term":[{"taxonomy":"product_brand","embeddable":true,"href":"https:\/\/energetisch.fit\/pt\/wp-json\/wp\/v2\/product_brand?post=17532"},{"taxonomy":"product_cat","embeddable":true,"href":"https:\/\/energetisch.fit\/pt\/wp-json\/wp\/v2\/product_cat?post=17532"},{"taxonomy":"product_tag","embeddable":true,"href":"https:\/\/energetisch.fit\/pt\/wp-json\/wp\/v2\/product_tag?post=17532"}],"curies":[{"name":"wp","href":"https:\/\/api.w.org\/{rel}","templated":true}]}}