{"id":17447,"date":"2023-02-08T15:16:10","date_gmt":"2023-02-08T14:16:10","guid":{"rendered":"http:\/\/energetisch.fit\/?post_type=product&#038;p=17447"},"modified":"2024-10-05T10:45:22","modified_gmt":"2024-10-05T08:45:22","slug":"saude-holistica-energeticamente-adequada-2","status":"publish","type":"product","link":"https:\/\/energetisch.fit\/pt\/shop\/energetisch-fit-holistic-health\/","title":{"rendered":"sa\u00fade hol\u00edstica energetic.fit"},"content":{"rendered":"<p><strong>A sa\u00fade \u00e9 o ativo mais importante<\/strong> na vida. Quando se trata de nossa sa\u00fade, n\u00e3o devemos fazer concess\u00f5es. A sa\u00fade hol\u00edstica \u00e9 uma parte importante de nosso bem-estar e agora h\u00e1 <strong>um novo software<\/strong>, que pode ajudar a <strong>melhorar a sa\u00fade de forma hol\u00edstica.<\/strong><\/p>\n<p>Nosso energetic.fit <strong>Sa\u00fade hol\u00edstica<\/strong> oferece uma solu\u00e7\u00e3o abrangente para todas as suas necessidades de sa\u00fade. Esse software utiliza <strong>tecnologia de ponta<\/strong>, para determinar uma an\u00e1lise precisa da sa\u00fade para que um <strong>melhor compreens\u00e3o do corpo, da mente e da alma.<\/strong><\/p>\n<p>Com nosso software, todos os aspectos da <strong>sa\u00fade hol\u00edstica analisada<\/strong> e com a ajuda de <strong>de frequ\u00eancias podem ser tratadas<\/strong>, desde a sa\u00fade f\u00edsica at\u00e9 a sa\u00fade mental e o gerenciamento do estresse. Nosso software de sa\u00fade hol\u00edstica oferece um <strong>Plataforma de sa\u00fade personalizada<\/strong>, adaptados \u00e0s necessidades e objetivos individuais.<\/p>\n<p>Ao usar nosso software, voc\u00ea pode <strong>tamb\u00e9m reconheceu mudan\u00e7as<\/strong> e o <strong>Melhoria cont\u00ednua na sa\u00fade<\/strong>. A an\u00e1lise abrangente e personalizada permite a ado\u00e7\u00e3o de medidas espec\u00edficas, a realiza\u00e7\u00e3o de terapias de frequ\u00eancia e a melhoria da sa\u00fade, aumentando assim a qualidade de vida.<\/p>\n<p>Temos orgulho de oferecer um software de sa\u00fade hol\u00edstico que ajuda as pessoas a terem uma vida mais saud\u00e1vel, feliz e satisfat\u00f3ria. <strong>Experimente hoje mesmo<\/strong> e descubra como nosso software pode ajudar a levar a sa\u00fade a um novo patamar.<\/p>\n<p><strong>Conte\u00fado dos v\u00e1rios conceitos (modelos de trabalho):<\/strong><\/p>\n<ul>\n<li>Pr\u00e9-teste energetic.fit<\/li>\n<li>sa\u00fade em forma<\/li>\n<li>ajuste Status de energia<\/li>\n<li>personalidade adequada<\/li>\n<li>Bioqu\u00edmica<\/li>\n<li>An\u00e1lise da regulamenta\u00e7\u00e3o<\/li>\n<li>Peso ideal<\/li>\n<li>Alimentos<\/li>\n<li>Rem\u00e9dios<\/li>\n<li>Afirma\u00e7\u00f5es<\/li>\n<li>Relacionamento\/parceria<\/li>\n<li>Sucesso\/Finan\u00e7as<\/li>\n<li>Espiritual<\/li>\n<li>Burnout<\/li>\n<li>Neg\u00f3cios<\/li>\n<li>Escola e aprendizado<\/li>\n<li>Corre\u00e7\u00e3o e otimiza\u00e7\u00e3o<\/li>\n<li>An\u00e1lise do campo de energia (especialista)<\/li>\n<li>Valores laboratoriais (regulamento)<\/li>\n<li>Casa e propriedade<\/li>\n<li>Acupuntura<\/li>\n<li>Sistemas corporais\/\u00f3rg\u00e3os<\/li>\n<li>Desintoxica\u00e7\u00e3o e drenagem<\/li>\n<li>Alergias<\/li>\n<li>Dissolver os fardos<\/li>\n<li>Pele e doen\u00e7as de pele<\/li>\n<li>Desejo de ter filhos<\/li>\n<li>Orienta\u00e7\u00e3o nutricional<\/li>\n<li>Ess\u00eancias de frequ\u00eancia<\/li>\n<\/ul>\n<p><strong>V\u00e1rias op\u00e7\u00f5es<\/strong><\/p>\n<ul>\n<li>Sele\u00e7\u00e3o de um a um n\u00famero ilimitado de clientes<\/li>\n<li>Inclui 30 conceitos\/modelos de trabalho<\/li>\n<li>incluindo an\u00e1lise de longo prazo<\/li>\n<li>incluindo banco de dados pr\u00f3prio<\/li>\n<li>incl. tratamento remoto<\/li>\n<\/ul>","protected":false},"excerpt":{"rendered":"<p>Gesundheit ist das wichtigste Gut im Leben. Wenn es um unsere Gesundheit geht, sollten wir keine Kompromisse eingehen. Die ganzheitliche Gesundheit ist ein wichtiger Bestandteil unseres Wohlbefindens und es gibt jetzt eine neue Software, die dabei helfen kann, die Gesundheit ganzheitlich zu verbessern. Unser energetisch.fit Holistic Health Programm bietet eine umfassende L\u00f6sung f\u00fcr alle Ihre [&hellip;]<\/p>\n","protected":false},"featured_media":18451,"comment_status":"open","ping_status":"closed","template":"","meta":{"_acf_changed":false},"product_brand":[],"product_cat":[446],"product_tag":[],"class_list":{"0":"post-17447","1":"product","2":"type-product","3":"status-publish","4":"has-post-thumbnail","6":"product_cat-holistichealth","7":"tm-has-options","9":"first","10":"instock","11":"sale","12":"sold-individually","13":"taxable","14":"shipping-taxable","15":"purchasable","16":"product-type-variable-subscription"},"acf":[],"_links":{"self":[{"href":"https:\/\/energetisch.fit\/pt\/wp-json\/wp\/v2\/product\/17447","targetHints":{"allow":["GET"]}}],"collection":[{"href":"https:\/\/energetisch.fit\/pt\/wp-json\/wp\/v2\/product"}],"about":[{"href":"https:\/\/energetisch.fit\/pt\/wp-json\/wp\/v2\/types\/product"}],"replies":[{"embeddable":true,"href":"https:\/\/energetisch.fit\/pt\/wp-json\/wp\/v2\/comments?post=17447"}],"wp:featuredmedia":[{"embeddable":true,"href":"https:\/\/energetisch.fit\/pt\/wp-json\/wp\/v2\/media\/18451"}],"wp:attachment":[{"href":"https:\/\/energetisch.fit\/pt\/wp-json\/wp\/v2\/media?parent=17447"}],"wp:term":[{"taxonomy":"product_brand","embeddable":true,"href":"https:\/\/energetisch.fit\/pt\/wp-json\/wp\/v2\/product_brand?post=17447"},{"taxonomy":"product_cat","embeddable":true,"href":"https:\/\/energetisch.fit\/pt\/wp-json\/wp\/v2\/product_cat?post=17447"},{"taxonomy":"product_tag","embeddable":true,"href":"https:\/\/energetisch.fit\/pt\/wp-json\/wp\/v2\/product_tag?post=17447"}],"curies":[{"name":"wp","href":"https:\/\/api.w.org\/{rel}","templated":true}]}}