{"id":16809,"date":"2023-01-16T13:33:06","date_gmt":"2023-01-16T12:33:06","guid":{"rendered":"http:\/\/energetisch.fit\/?post_type=product&#038;p=16809"},"modified":"2024-10-05T10:45:22","modified_gmt":"2024-10-05T08:45:22","slug":"coaching-de-vida-energeticamente-apto","status":"publish","type":"product","link":"https:\/\/energetisch.fit\/pt\/shop\/energetisch-fit-lifecoaching\/","title":{"rendered":"energetic.fit LifeCoaching"},"content":{"rendered":"<p>Bem-vindo ao <strong>energetic.fit LifeCoaching Software<\/strong>, que ajudar\u00e1<strong>, das Leben auf die n\u00e4chste Stufe zu bringen<\/strong>!<\/p>\n<p>Com nosso software, voc\u00ea pode <strong>dein Leben auf eine Art und Weise ver\u00e4ndern<\/strong>, die du dir nie h\u00e4ttest vorstellen k\u00f6nnen. Unsere Life Coaching-Software nutzt die <strong>tecnologias mais recentes<\/strong>, para ajud\u00e1-lo com isso, <strong>deine Ziele zu erreichen und ein erf\u00fclltes Leben zu f\u00fchren<\/strong>.<\/p>\n<p>Wir verstehen, dass jeder Mensch unterschiedliche Ziele und Bed\u00fcrfnisse hat. Deshalb haben wir unsere Software so entwickelt, dass sie an <strong>deine individuellen Bed\u00fcrfnisse angepasst<\/strong> werden kann. Egal, ob du eine bestimmte F\u00e4higkeit verbessern m\u00f6chtest oder an deiner mentalen Gesundheit arbeiten m\u00f6chtest &#8211; <strong>Nosso software pode ajud\u00e1-lo a<\/strong>.<\/p>\n<p>Unsere Life Coaching-Software bietet eine Vielzahl von Funktionen, die dir hilft, deine Ziele zu erreichen. Dazu geh\u00f6ren:<\/p>\n<p><strong>10 passos <\/strong>f\u00fcr ein erfolgreiches Coaching<\/p>\n<p><strong>Familien-\/Aufstellungsm\u00f6glichkeit<\/strong> de todos os t\u00f3picos do programa<\/p>\n<p><strong>Programas de treinamento personalizados<\/strong>, die auf deine individuellen Bed\u00fcrfnisse zugeschnitten sind.<\/p>\n<p>Um <strong>N\u00famero extenso com v\u00e1rios t\u00f3picos<\/strong>, die du nutzen kannst, um deine F\u00e4higkeiten zu verbessern.<\/p>\n<p>Die M\u00f6glichkeit f\u00fcr <strong>Frequenztherapien f\u00fcr eine schnellere Wirksamkeit<\/strong> e um <strong>Unterst\u00fctzung der Pers\u00f6nlichkeit.<\/strong><\/p>\n<p>Nosso software de coaching de vida \u00e9 f\u00e1cil de usar e pode ajud\u00e1-lo com isso, <strong>ein erf\u00fcllteres Leben<\/strong> zu f\u00fchren. Wenn du bereit bist, <strong>deine Ziele zu erreichen und dein Leben auf die n\u00e4chste Stufe zu bringen<\/strong>, dann ist das energetisch.fit LifeCoaching Programm genau das Richtige f\u00fcr dich!<\/p>\n<p>&nbsp;<\/p>\n<p><strong>Conte\u00fado dos v\u00e1rios conceitos (modelos de trabalho):<\/strong><\/p>\n<ul>\n<li>Pr\u00e9-teste energetic.fit<\/li>\n<li>T\u00f3picos de LifeCoaching<\/li>\n<li>Sa\u00fade geral<\/li>\n<li>N\u00e3o tenha medo<\/li>\n<li>Profiss\u00e3o e carreira<\/li>\n<li>Ser bem-sucedido<\/li>\n<li>Sexualit\u00e4t und Erotik<\/li>\n<li>Fam\u00edlia e parentes<\/li>\n<li>Amigos e conhecidos<\/li>\n<li>Dinheiro e renda<\/li>\n<li>Gl\u00fccklich Sein<\/li>\n<li>Casa e vida<\/li>\n<li>Hobbies e lazer<\/li>\n<li>Encontre um parceiro<\/li>\n<li>Parceria e casamento<\/li>\n<li>Pers\u00f6nlichkeit und Wachstum<\/li>\n<li>Regenera\u00e7\u00e3o e relaxamento<\/li>\n<li>Spiritualit\u00e4t und Verbundenheit<\/li>\n<li>Esporte e condicionamento f\u00edsico<\/li>\n<li>V\u00edcio de ser livre<\/li>\n<li>Manifesta\u00e7\u00e3o<\/li>\n<\/ul>\n<p>&nbsp;<\/p>\n<p><strong>Verschiedene M\u00f6glichkeiten<\/strong><\/p>\n<ul>\n<li>Sele\u00e7\u00e3o de um a um n\u00famero ilimitado de clientes<\/li>\n<li>Inclui 21 conceitos\/modelos de trabalho<\/li>\n<li>incluindo an\u00e1lise de longo prazo<\/li>\n<li>incluindo banco de dados pr\u00f3prio<\/li>\n<li>incl. tratamento remoto<\/li>\n<\/ul>\n<p><iframe loading=\"lazy\" title=\"energetic.fit LifeCoaching\" width=\"500\" height=\"281\" src=\"https:\/\/www.youtube.com\/embed\/7txbVd2cA-4?feature=oembed\" frameborder=\"0\" allow=\"accelerometer; autoplay; clipboard-write; encrypted-media; gyroscope; picture-in-picture; web-share\" referrerpolicy=\"strict-origin-when-cross-origin\" allowfullscreen><\/iframe><\/p>","protected":false},"excerpt":{"rendered":"<p>Willkommen zur energetisch.fit LifeCoaching Software, die helfen wird, das Leben auf die n\u00e4chste Stufe zu bringen! Mit unserer Software kannst du dein Leben auf eine Art und Weise ver\u00e4ndern, die du dir nie h\u00e4ttest vorstellen k\u00f6nnen. Unsere Life Coaching-Software nutzt die neuesten Technologien, um dir dabei zu helfen, deine Ziele zu erreichen und ein erf\u00fclltes [&hellip;]<\/p>\n","protected":false},"featured_media":18439,"comment_status":"open","ping_status":"closed","template":"","meta":{"_acf_changed":false},"product_brand":[],"product_cat":[444],"product_tag":[],"class_list":{"0":"post-16809","1":"product","2":"type-product","3":"status-publish","4":"has-post-thumbnail","6":"product_cat-lifecoaching","7":"tm-has-options","9":"first","10":"instock","11":"sold-individually","12":"taxable","13":"shipping-taxable","14":"purchasable","15":"product-type-variable-subscription"},"acf":[],"_links":{"self":[{"href":"https:\/\/energetisch.fit\/pt\/wp-json\/wp\/v2\/product\/16809","targetHints":{"allow":["GET"]}}],"collection":[{"href":"https:\/\/energetisch.fit\/pt\/wp-json\/wp\/v2\/product"}],"about":[{"href":"https:\/\/energetisch.fit\/pt\/wp-json\/wp\/v2\/types\/product"}],"replies":[{"embeddable":true,"href":"https:\/\/energetisch.fit\/pt\/wp-json\/wp\/v2\/comments?post=16809"}],"wp:featuredmedia":[{"embeddable":true,"href":"https:\/\/energetisch.fit\/pt\/wp-json\/wp\/v2\/media\/18439"}],"wp:attachment":[{"href":"https:\/\/energetisch.fit\/pt\/wp-json\/wp\/v2\/media?parent=16809"}],"wp:term":[{"taxonomy":"product_brand","embeddable":true,"href":"https:\/\/energetisch.fit\/pt\/wp-json\/wp\/v2\/product_brand?post=16809"},{"taxonomy":"product_cat","embeddable":true,"href":"https:\/\/energetisch.fit\/pt\/wp-json\/wp\/v2\/product_cat?post=16809"},{"taxonomy":"product_tag","embeddable":true,"href":"https:\/\/energetisch.fit\/pt\/wp-json\/wp\/v2\/product_tag?post=16809"}],"curies":[{"name":"wp","href":"https:\/\/api.w.org\/{rel}","templated":true}]}}