{"id":8466,"date":"2021-03-25T13:27:22","date_gmt":"2021-03-25T12:27:22","guid":{"rendered":"http:\/\/energetisch.fit\/?page_id=8466"},"modified":"2023-05-11T16:08:59","modified_gmt":"2023-05-11T14:08:59","slug":"funcoes","status":"publish","type":"page","link":"https:\/\/energetisch.fit\/pt\/funktionen\/","title":{"rendered":"Fun\u00e7\u00f5es"},"content":{"rendered":"<p>Todas as fun\u00e7\u00f5es do energetisch.fit para facilitar a vida<\/p>\n<h2>energ\u00e9tico.fit<br \/>\n<b>Vis\u00e3o geral da fun\u00e7\u00e3o<\/b><\/h2>\n<p>Aqui voc\u00ea encontrar\u00e1 todas as fun\u00e7\u00f5es oferecidas pelo energetisch.fit.<\/p>\n<p><img decoding=\"async\" width=\"640\" height=\"419\" src=\"http:\/\/energetisch.fit\/wp-content\/uploads\/2021\/03\/technology-5254039_640.jpg\" alt=\"\" loading=\"lazy\" srcset=\"http:\/\/energetisch.fit\/wp-content\/uploads\/2021\/03\/technology-5254039_640.jpg 640w, http:\/\/energetisch.fit\/wp-content\/uploads\/2021\/03\/technology-5254039_640-600x393.jpg 600w, http:\/\/energetisch.fit\/wp-content\/uploads\/2021\/03\/technology-5254039_640-300x196.jpg 300w, http:\/\/energetisch.fit\/wp-content\/uploads\/2021\/03\/technology-5254039_640-100x65.jpg 100w\" sizes=\"auto, (max-width: 640px) 100vw, 640px\"><\/p>\n<figure>\n\t\t\t\t\t\t\t\t\t\t\t<a href=\"http:\/\/energetisch.fit\/wp-content\/uploads\/2021\/03\/Bio-Animation12.gif\" data-elementor-open-lightbox=\"yes\" data-elementor-lightbox-title=\"Bio-Animation1+2\"><br \/>\n<img decoding=\"async\" width=\"700\" height=\"394\" src=\"http:\/\/energetisch.fit\/wp-content\/uploads\/2021\/03\/Bio-Animation12.gif\" alt=\"Ilustra\u00e7\u00e3o pr\u00f3pria - energetic.fit Biorhythm\" loading=\"lazy\">\t\t\t\t\t\t\t\t<\/a><figcaption>Ilustra\u00e7\u00e3o pr\u00f3pria - energetic.fit Biorhythm<\/figcaption><\/figure>\n<h2>Intelig\u00eancia artificial<\/h2>\n<p>Nosso algoritmo especialmente desenvolvido compara as vibra\u00e7\u00f5es da pessoa com as vibra\u00e7\u00f5es de v\u00e1rios t\u00f3picos e avalia a \u201eresson\u00e2ncia\u201c.<\/p>\n<p><a href=\"http:\/\/energetisch.fit\/pt\/funcoes\/algoritmo-de-inteligencia-artificial\/\">Saiba mais \u2192 <\/a><\/p>\n<h2>Tratamento e corre\u00e7\u00e3o<\/h2>\n<p>Assim que os valores a serem corrigidos s\u00e3o transferidos para uma \u201ecesta de tratamento\u201c, o sistema determina o tratamento adequado de vibra\u00e7\u00e3o e frequ\u00eancia, que \u00e9 ent\u00e3o transmitido de forma sutil (radi\u00f4nica) ou grosseira (cor, m\u00fasica\/frequ\u00eancia). Diferentes n\u00edveis s\u00e3o alcan\u00e7ados durante o tratamento (auditivo, visual e metaf\u00edsico\/energ\u00e9tico)<\/p>\n<p><a href=\"http:\/\/energetisch.fit\/pt\/funcoes\/tratamento-e-correcao\/\">Saiba mais \u2192 <\/a><\/p>\n<figure>\n\t\t\t\t\t\t\t\t\t\t\t<a href=\"http:\/\/energetisch.fit\/wp-content\/uploads\/2021\/03\/behandlunganim.gif\" data-elementor-open-lightbox=\"yes\" data-elementor-lightbox-title=\"behandlunganim\"><br \/>\n<img decoding=\"async\" width=\"700\" height=\"394\" src=\"http:\/\/energetisch.fit\/wp-content\/uploads\/2021\/03\/behandlunganim.gif\" alt=\"Ilustra\u00e7\u00e3o pr\u00f3pria - tratamento energetic.fit\" loading=\"lazy\" srcset=\"http:\/\/energetisch.fit\/wp-content\/uploads\/2021\/03\/behandlunganim.gif 700w, http:\/\/energetisch.fit\/wp-content\/uploads\/2021\/03\/behandlunganim-600x338.gif 600w\" sizes=\"auto, (max-width: 700px) 100vw, 700px\">\t\t\t\t\t\t\t\t<\/a><figcaption>Ilustra\u00e7\u00e3o pr\u00f3pria - tratamento energetic.fit<\/figcaption><\/figure>\n<figure>\n\t\t\t\t\t\t\t\t\t\t\t<a href=\"http:\/\/energetisch.fit\/wp-content\/uploads\/2021\/03\/3.png\" data-elementor-open-lightbox=\"yes\" data-elementor-lightbox-title=\"3\"><br \/>\n<img decoding=\"async\" width=\"800\" height=\"440\" src=\"http:\/\/energetisch.fit\/wp-content\/uploads\/2021\/03\/3.png\" alt=\"Ilustra\u00e7\u00e3o pr\u00f3pria - an\u00e1lise do campo de energia energetisch.fit\" loading=\"lazy\">\t\t\t\t\t\t\t\t<\/a><figcaption>Ilustra\u00e7\u00e3o pr\u00f3pria - an\u00e1lise do campo de energia energetisch.fit<\/figcaption><\/figure>\n<h2>An\u00e1lise do campo de energia<\/h2>\n<p>A an\u00e1lise do campo de energia \u00e9 um novo desenvolvimento para analisar a energia bloqueada (<b>Campos de aura<\/b>) vis\u00edvel.<\/p>\n<p>&nbsp;Ao mesmo tempo, todos os campos podem ser analisados com mais precis\u00e3o usando o teste de influ\u00eancia. <b>An\u00e1lise de causas e influ\u00eancias <\/b>e tratados.<\/p>\n<p><a href=\"http:\/\/energetisch.fit\/pt\/funcoes\/analise-do-campo-de-energia\/\">Saiba mais \u2192 <\/a><\/p>\n<h2>Modelos comprovados e altamente eficientes<\/h2>\n<p>O escopo do programa j\u00e1 inclui um grande n\u00famero de <b>altamente eficiente <\/b><b>Modelos <\/b>inclu\u00eddo. Esses j\u00e1 s\u00e3o <b>Procedimentos de reuni\u00e3o testados e aprovados<\/b>, que, obviamente, pode ser usado em sua pr\u00f3pria pr\u00e1tica<\/p>\n<p>Al\u00e9m dos bancos de dados e modelos de terapia pr\u00e9-instalados, \u00e9 claro que voc\u00ea tamb\u00e9m pode usar <b>bancos de dados pr\u00f3prios criados <\/b>tornar-se.<\/p>\n<p><a href=\"http:\/\/energetisch.fit\/pt\/funcoes\/modelos-comprovados-e-altamente-eficientes\/\">Saiba mais \u2192 <\/a><\/p>\n<figure>\n\t\t\t\t\t\t\t\t\t\t\t<a href=\"http:\/\/energetisch.fit\/wp-content\/uploads\/2020\/10\/pyramide.png\" data-elementor-open-lightbox=\"yes\" data-elementor-lightbox-title=\"pyramide\"><br \/>\n<img decoding=\"async\" width=\"600\" height=\"519\" src=\"http:\/\/energetisch.fit\/wp-content\/uploads\/2020\/10\/pyramide.png\" alt=\"Ilustra\u00e7\u00e3o pr\u00f3pria - pir\u00e2mide energetic.fit\" loading=\"lazy\">\t\t\t\t\t\t\t\t<\/a><figcaption>Ilustra\u00e7\u00e3o pr\u00f3pria - pir\u00e2mide energetic.fit<\/figcaption><\/figure>\n<figure>\n\t\t\t\t\t\t\t\t\t\t\t<a href=\"http:\/\/energetisch.fit\/wp-content\/uploads\/2021\/03\/dc-gif-anik.gif\" data-elementor-open-lightbox=\"yes\" data-elementor-lightbox-title=\"dc gif anik\"><br \/>\n<img decoding=\"async\" width=\"700\" height=\"394\" src=\"http:\/\/energetisch.fit\/wp-content\/uploads\/2021\/03\/dc-gif-anik.gif\" alt=\"Ilustra\u00e7\u00e3o pr\u00f3pria - energetisch.fit Constela\u00e7\u00e3o digital\" loading=\"lazy\" srcset=\"http:\/\/energetisch.fit\/wp-content\/uploads\/2021\/03\/dc-gif-anik.gif 700w, http:\/\/energetisch.fit\/wp-content\/uploads\/2021\/03\/dc-gif-anik-600x338.gif 600w\" sizes=\"auto, (max-width: 700px) 100vw, 700px\">\t\t\t\t\t\t\t\t<\/a><figcaption>Ilustra\u00e7\u00e3o pr\u00f3pria - energetisch.fit Constela\u00e7\u00e3o digital<\/figcaption><\/figure>\n<h2>Constela\u00e7\u00e3o digital (DC)<\/h2>\n<p><b style=\"box-sizing: border-box; font-weight: bolder; color: #252525; font-family: Roboto, sans-serif; font-size: 18px; font-style: normal; font-variant-ligatures: normal; font-variant-caps: normal; letter-spacing: normal; orphans: 2; text-align: justify; text-indent: 0px; text-transform: none; white-space: normal; widows: 2; word-spacing: 0px; -webkit-text-stroke-width: 0px; background-color: #ffffff; text-decoration-thickness: initial; text-decoration-style: initial; text-decoration-color: initial;\">Constela\u00e7\u00e3o digital<\/b>&nbsp;\u00e9 um m\u00f3dulo de programa separado do energetisch.fit. O Digital Constellation \u00e9 um software on-line que pode ser usado para realizar constela\u00e7\u00f5es sist\u00eamicas. <b style=\"box-sizing: border-box; font-weight: bolder; color: #252525; font-family: Roboto, sans-serif; font-size: 18px; font-style: normal; font-variant-ligatures: normal; font-variant-caps: normal; letter-spacing: normal; orphans: 2; text-align: justify; text-indent: 0px; text-transform: none; white-space: normal; widows: 2; word-spacing: 0px; -webkit-text-stroke-width: 0px; background-color: #ffffff; text-decoration-thickness: initial; text-decoration-style: initial; text-decoration-color: initial;\">Constela\u00e7\u00e3o digital<\/b>&nbsp;reconhece a posi\u00e7\u00e3o dos elementos individuais com base no \u201cefeito do observador\u201d e os torna vis\u00edveis na tela. Os bloqueios podem ent\u00e3o ser reconhecidos e liberados usando o teste de campo de energia e o teste de influ\u00eancia.<\/p>\n<p><a href=\"http:\/\/energetisch.fit\/pt\/funcoes\/constelacao-digital-2\/\">Saiba mais \u2192 <\/a><\/p>\n<h2>Tratamento remoto<\/h2>\n<p>Um&nbsp;<b>Primeiro do mundo&nbsp;<\/b>\u00e9 nossa capacidade de oferecer ao cliente tratamento remoto tamb\u00e9m como um&nbsp;<b>terapia direta dispon\u00edvel&nbsp;<\/b>para fornecer. Para isso, a energetisch.fit envia ao cliente um link por meio do qual ele pode consumir o tratamento no hor\u00e1rio acordado (o cliente v\u00ea a tela do tratamento com os respectivos valores).<\/p>\n<p><a href=\"http:\/\/energetisch.fit\/pt\/funcoes\/tratamentos-remotos-automatizados\/\">Saiba mais \u2192 <\/a><\/p>\n<figure>\n\t\t\t\t\t\t\t\t\t\t\t<a href=\"http:\/\/energetisch.fit\/wp-content\/uploads\/2021\/03\/fenbeh.png\" data-elementor-open-lightbox=\"yes\" data-elementor-lightbox-title=\"fenbeh\"><br \/>\n<img decoding=\"async\" width=\"800\" height=\"378\" src=\"http:\/\/energetisch.fit\/wp-content\/uploads\/2021\/03\/fenbeh.png\" alt=\"Ilustra\u00e7\u00e3o pr\u00f3pria - tratamento remoto energetic.fit\" loading=\"lazy\" srcset=\"http:\/\/energetisch.fit\/wp-content\/uploads\/2021\/03\/fenbeh.png 1896w, http:\/\/energetisch.fit\/wp-content\/uploads\/2021\/03\/fenbeh-600x284.png 600w\" sizes=\"auto, (max-width: 800px) 100vw, 800px\">\t\t\t\t\t\t\t\t<\/a><figcaption>Ilustra\u00e7\u00e3o pr\u00f3pria - vis\u00e3o geral do tratamento remoto energetic.fit<\/figcaption><\/figure>\n<figure>\n\t\t\t\t\t\t\t\t\t\t\t<a href=\"http:\/\/energetisch.fit\/wp-content\/uploads\/2021\/03\/eigene-datenbank-bild.png\" data-elementor-open-lightbox=\"yes\" data-elementor-lightbox-title=\"eigene datenbank bild\"><br \/>\n<img decoding=\"async\" width=\"800\" height=\"410\" src=\"http:\/\/energetisch.fit\/wp-content\/uploads\/2021\/03\/eigene-datenbank-bild.png\" alt=\"Ilustra\u00e7\u00e3o pr\u00f3pria - energetisch.fit Banco de dados pr\u00f3prio\" loading=\"lazy\">\t\t\t\t\t\t\t\t<\/a><figcaption>Ilustra\u00e7\u00e3o pr\u00f3pria - energetisch.fit Banco de dados pr\u00f3prio<\/figcaption><\/figure>\n<h2>Bancos de dados de an\u00e1lise pr\u00f3prios<\/h2>\n<p>A an\u00e1lise do campo de energia \u00e9 um novo desenvolvimento para analisar a energia bloqueada (<b>Campos de aura<\/b>) vis\u00edvel.<\/p>\n<p>&nbsp;Ao mesmo tempo, todos os campos podem ser analisados com mais precis\u00e3o usando o teste de influ\u00eancia. <b>An\u00e1lise de causas e influ\u00eancias <\/b>e tratados.<\/p>\n<p><a href=\"http:\/\/energetisch.fit\/pt\/funcoes\/crie-seus-proprios-bancos-de-dados\/\">Saiba mais \u2192 <\/a><\/p>","protected":false},"excerpt":{"rendered":"<p>Alle Funktionen von energetisch.fit um das Leben einfacher zu machen energetisch.fit Funktions\u00fcbersicht Hier finden Sie alle Funktionen die energetisch.fit bietet. Eigene Abbildung &#8211; energetisch.fit Biorhythmus K\u00fcnstliche Intelligenz Unser speziell entwickelte Algorithmus vergleicht die Schwingungen des Menschen mit den Schwingungen von verschiedenen Themen und bewertet die &#8222;Resonanz&#8220;. mehr erfahren \u2192 Behandlung und Korrektur Sobald die zu [&hellip;]<\/p>\n","protected":false},"author":1288,"featured_media":0,"parent":0,"menu_order":0,"comment_status":"closed","ping_status":"closed","template":"elementor_theme","meta":{"_acf_changed":false,"footnotes":""},"efit-produkt":[],"class_list":["post-8466","page","type-page","status-publish","hentry"],"acf":[],"acpt":null,"_links":{"self":[{"href":"https:\/\/energetisch.fit\/pt\/wp-json\/wp\/v2\/pages\/8466","targetHints":{"allow":["GET"]}}],"collection":[{"href":"https:\/\/energetisch.fit\/pt\/wp-json\/wp\/v2\/pages"}],"about":[{"href":"https:\/\/energetisch.fit\/pt\/wp-json\/wp\/v2\/types\/page"}],"author":[{"embeddable":true,"href":"https:\/\/energetisch.fit\/pt\/wp-json\/wp\/v2\/users\/1288"}],"replies":[{"embeddable":true,"href":"https:\/\/energetisch.fit\/pt\/wp-json\/wp\/v2\/comments?post=8466"}],"version-history":[{"count":0,"href":"https:\/\/energetisch.fit\/pt\/wp-json\/wp\/v2\/pages\/8466\/revisions"}],"wp:attachment":[{"href":"https:\/\/energetisch.fit\/pt\/wp-json\/wp\/v2\/media?parent=8466"}],"wp:term":[{"taxonomy":"efit-produkt","embeddable":true,"href":"https:\/\/energetisch.fit\/pt\/wp-json\/wp\/v2\/efit-produkt?post=8466"}],"curies":[{"name":"wp","href":"https:\/\/api.w.org\/{rel}","templated":true}]}}