{"id":7441,"date":"2021-03-19T13:18:41","date_gmt":"2021-03-19T12:18:41","guid":{"rendered":"http:\/\/energetisch.fit\/?page_id=7441"},"modified":"2023-05-11T16:51:05","modified_gmt":"2023-05-11T14:51:05","slug":"crie-seus-proprios-bancos-de-dados","status":"publish","type":"page","link":"https:\/\/energetisch.fit\/pt\/funktionen\/eigene-datenbanken-erstellen\/","title":{"rendered":"Crie seus pr\u00f3prios bancos de dados"},"content":{"rendered":"<h2>Criar e gerenciar seus pr\u00f3prios bancos de dados e conceitos<\/h2>\n<p>O energetisch.fit tamb\u00e9m oferece a op\u00e7\u00e3o de realizar seus pr\u00f3prios conceitos de terapia ou coaching. Isso significa que cada usu\u00e1rio pode implementar e realizar suas pr\u00f3prias ideias e conceitos.<\/p>\n<h3>Suas vantagens<\/h3>\n<ul>\n<li>\n\t\t\t\t\t\t\t\t\t\tRealiza\u00e7\u00e3o individual de suas pr\u00f3prias ideias<\/li>\n<li>\n\t\t\t\t\t\t\t\t\t\tCria\u00e7\u00e3o de um ponto de venda exclusivo<\/li>\n<li>\n\t\t\t\t\t\t\t\t\t\tConjuntos de dados e an\u00e1lises pr\u00f3prios<\/li>\n<li>\n\t\t\t\t\t\t\t\t\t\tAberto e personaliz\u00e1vel para todos os departamentos<\/li>\n<\/ul>\n<p><iframe loading=\"lazy\" title=\"energetic.fit - configure seus pr\u00f3prios bancos de dados\" width=\"500\" height=\"281\" src=\"https:\/\/www.youtube.com\/embed\/1PnPm-Cr2z8?feature=oembed\" frameborder=\"0\" allow=\"accelerometer; autoplay; clipboard-write; encrypted-media; gyroscope; picture-in-picture; web-share\" referrerpolicy=\"strict-origin-when-cross-origin\" allowfullscreen><\/iframe><\/p>\n<blockquote><p>\n\t\t\t\tAs coisas que me tornam diferente s\u00e3o as que me definem.<\/p>\n<footer>\n\t\t\t\t\t\t\t\t\t\t\t<cite>De: Pooh, o Urso<\/cite><br \/>\n<a href=\"https:\/\/twitter.com\/intent\/tweet?text=Die+Dinge%2C+die+mich+anders+machen%2C+sind+die+Dinge%2C+die+mich+ausmachen.+%E2%80%94+Aus%3A+Pu+der+B%C3%A4r&amp;url=https%3A%2F%2Fenergetisch.fit%2Fwp-admin%2Fadmin-ajax.php&amp;via=enerprax\" target=\"_blank\" rel=\"noopener\"><br \/>\nTweet<br \/>\n<\/a><br \/>\n<\/footer>\n<\/blockquote>\n<figure>\n\t\t\t\t\t\t\t\t\t\t\t<a href=\"http:\/\/energetisch.fit\/wp-content\/uploads\/2021\/03\/eigen-struktur1.jpg\" data-elementor-open-lightbox=\"yes\" data-elementor-lightbox-title=\"eigen-struktur1\"><br \/>\n<img decoding=\"async\" width=\"618\" height=\"416\" src=\"http:\/\/energetisch.fit\/wp-content\/uploads\/2021\/03\/eigen-struktur1.jpg\" alt=\"Estruturas pr\u00f3prias\" loading=\"lazy\" srcset=\"http:\/\/energetisch.fit\/wp-content\/uploads\/2021\/03\/eigen-struktur1.jpg 618w, http:\/\/energetisch.fit\/wp-content\/uploads\/2021\/03\/eigen-struktur1-300x202.jpg 300w, http:\/\/energetisch.fit\/wp-content\/uploads\/2021\/03\/eigen-struktur1-600x404.jpg 600w\" sizes=\"auto, (max-width: 618px) 100vw, 618px\">\t\t\t\t\t\t\t\t<\/a><figcaption>Ilustra\u00e7\u00e3o pr\u00f3pria - Estruturas pr\u00f3prias<\/figcaption><\/figure>\n<h2>Bancos de dados e estrutura de menus<\/h2>\n<ul>\n<li>\n\t\t\t\t\t\t\t\t\t\tVoc\u00ea pode criar seus pr\u00f3prios bancos de dados e fluxos de trabalho.<\/li>\n<li>\n\t\t\t\t\t\t\t\t\t\tBancos de dados e fluxos de trabalho personalizados podem ser criados a partir de bancos de dados existentes.<\/li>\n<li>\n\t\t\t\t\t\t\t\t\t\tAo criar o banco de dados, voc\u00ea pode criar e personalizar suas pr\u00f3prias descri\u00e7\u00f5es, configura\u00e7\u00f5es de menu e dura\u00e7\u00e3o do tratamento.<\/li>\n<\/ul>\n<h2>Flex\u00edvel e personaliz\u00e1vel<\/h2>\n<p>Gra\u00e7as \u00e0 possibilidade de bancos de dados e estruturas de dados personaliz\u00e1veis, o energetisch.fit pode ser transformado em seu pr\u00f3prio produto individual, garantindo ao usu\u00e1rio\/treinador\/terapeuta um ponto de venda exclusivo e seguro e, portanto, um posicionamento claro no mercado.<\/p>\n<figure>\n\t\t\t\t\t\t\t\t\t\t\t<a href=\"http:\/\/energetisch.fit\/wp-content\/uploads\/2021\/03\/positionierung.jpg\" data-elementor-open-lightbox=\"yes\" data-elementor-lightbox-title=\"positionierung\"><br \/>\n<img decoding=\"async\" width=\"600\" height=\"338\" src=\"http:\/\/energetisch.fit\/wp-content\/uploads\/2021\/03\/positionierung-600x338.jpg\" alt=\"Flex\u00edvel\" loading=\"lazy\" srcset=\"http:\/\/energetisch.fit\/wp-content\/uploads\/2021\/03\/positionierung-600x338.jpg 600w, http:\/\/energetisch.fit\/wp-content\/uploads\/2021\/03\/positionierung-300x169.jpg 300w, http:\/\/energetisch.fit\/wp-content\/uploads\/2021\/03\/positionierung-768x432.jpg 768w, http:\/\/energetisch.fit\/wp-content\/uploads\/2021\/03\/positionierung.jpg 800w\" sizes=\"auto, (max-width: 600px) 100vw, 600px\">\t\t\t\t\t\t\t\t<\/a><figcaption>Flex\u00edvel<\/figcaption><\/figure>\n<h2>A energetisch.fit ap\u00f3ia a realiza\u00e7\u00e3o de algumas id\u00e9ias!<\/h2>","protected":false},"excerpt":{"rendered":"<p>Eigene Datenbanken und Konzepte erstellen und verwalten energetisch.fit bietet auch die M\u00f6glichkeit, eigene Therapie- oder Coaching-Konzepte zu realisieren. Dadurch kann jeder Anwender seine eigenen Ideen und Konzepte umsetzen und realisieren. Deine Vorteile Individuelle Umsetzung eigener Ideen Erzeugung eines Alleinstellungsmerkmals Eigene Datens\u00e4tze und Analysen Offen und Anpassbar f\u00fcr alle Fachbereiche Die Dinge, die mich anders machen, [&hellip;]<\/p>\n","protected":false},"author":1,"featured_media":0,"parent":8466,"menu_order":0,"comment_status":"closed","ping_status":"closed","template":"elementor_theme","meta":{"_acf_changed":false,"footnotes":""},"efit-produkt":[],"class_list":["post-7441","page","type-page","status-publish","hentry"],"acf":[],"acpt":null,"_links":{"self":[{"href":"https:\/\/energetisch.fit\/pt\/wp-json\/wp\/v2\/pages\/7441","targetHints":{"allow":["GET"]}}],"collection":[{"href":"https:\/\/energetisch.fit\/pt\/wp-json\/wp\/v2\/pages"}],"about":[{"href":"https:\/\/energetisch.fit\/pt\/wp-json\/wp\/v2\/types\/page"}],"author":[{"embeddable":true,"href":"https:\/\/energetisch.fit\/pt\/wp-json\/wp\/v2\/users\/1"}],"replies":[{"embeddable":true,"href":"https:\/\/energetisch.fit\/pt\/wp-json\/wp\/v2\/comments?post=7441"}],"version-history":[{"count":0,"href":"https:\/\/energetisch.fit\/pt\/wp-json\/wp\/v2\/pages\/7441\/revisions"}],"up":[{"embeddable":true,"href":"https:\/\/energetisch.fit\/pt\/wp-json\/wp\/v2\/pages\/8466"}],"wp:attachment":[{"href":"https:\/\/energetisch.fit\/pt\/wp-json\/wp\/v2\/media?parent=7441"}],"wp:term":[{"taxonomy":"efit-produkt","embeddable":true,"href":"https:\/\/energetisch.fit\/pt\/wp-json\/wp\/v2\/efit-produkt?post=7441"}],"curies":[{"name":"wp","href":"https:\/\/api.w.org\/{rel}","templated":true}]}}