{"id":7210,"date":"2021-03-18T14:22:48","date_gmt":"2021-03-18T13:22:48","guid":{"rendered":"http:\/\/energetisch.fit\/?page_id=7210"},"modified":"2024-02-12T14:01:55","modified_gmt":"2024-02-12T13:01:55","slug":"constelacao-digital-2","status":"publish","type":"page","link":"https:\/\/energetisch.fit\/pt\/funktionen\/digital-constellation\/","title":{"rendered":"Constela\u00e7\u00e3o digital"},"content":{"rendered":"<h2>Constela\u00e7\u00e3o digital - constela\u00e7\u00f5es sist\u00eamicas de um tipo diferente<\/h2>\n<p><b>Constela\u00e7\u00e3o digital<\/b>\u00a0\u00e9 um software on-line que pode ser usado para realizar constela\u00e7\u00f5es sist\u00eamicas. O aspecto \u201cespecial\u201d do software \u00e9 um algoritmo da pesquisa de \u201cIA - intelig\u00eancia artificial\u201d, que \u00e9 usado para o trabalho sist\u00eamico.\u00a0<\/p>\n<p><b>Constela\u00e7\u00e3o digital<\/b>\u00a0reconhece a posi\u00e7\u00e3o dos elementos individuais com base no \u201cefeito do observador\u201d e os torna vis\u00edveis na tela. Os bloqueios podem ent\u00e3o ser reconhecidos e liberados usando o teste de campo de energia e o teste de influ\u00eancia.<\/p>\n<p>https:\/\/youtu.be\/LToJU-KLEyQ\t\t<\/p>\n<blockquote>\n<p>\n\t\t\t\tQuando a vida fica presa, voc\u00ea n\u00e3o deve pisar mais no acelerador - voc\u00ea deve simplesmente parar de frear.\t\t\t<\/p>\n<p>\t\t\t\t\t\t\t\t\t\t\t<cite>Romy Gerhard<\/cite><br \/>\n\t\t\t\t\t\t\t\t\t\t\t\t\t\t\t\t<a href=\"https:\/\/twitter.com\/intent\/tweet?text=Wenn+es+mal+im+Leben+nicht+weiter+geht%2C+dann+sollte+man+nicht+noch+mehr+Gas+geben+-+sondern+einfach+aufh%C3%B6ren+zu+bremsen.+%E2%80%94+Romy+Gerhard&amp;url=https%3A%2F%2Fenergetisch.fit%2Fwp-admin%2Fadmin-ajax.php&amp;via=enerprax\" target=\"_blank\" rel=\"noopener\"><br \/>\n\t\t\t\t\t\t\t\t\t\t\t\t\t\t\t\t\t\t\t\t\t\t\t\t\t\t\t\t\t\t\t\t\t\t\t\t\t\t\t\t\t\t\t\t\tTweet<br \/>\n\t\t\t\t\t\t\t\t\t\t\t\t\t<\/a>\n\t\t\t\t\t<\/p><\/blockquote>\n<figure>\n\t\t\t\t\t\t\t\t\t\t\t<a href=\"http:\/\/energetisch.fit\/wp-content\/uploads\/2021\/03\/Computer-1.jpg\" data-elementor-open-lightbox=\"yes\" data-elementor-lightbox-title=\"Computer 1\" data-e-action-hash=\"#elementor-action%3Aaction%3Dlightbox%26settings%3DeyJpZCI6NjY5MSwidXJsIjoiaHR0cHM6XC9cL2VuZXJnZXRpc2NoLmZpdFwvd3AtY29udGVudFwvdXBsb2Fkc1wvMjAyMVwvMDNcL0NvbXB1dGVyLTEuanBnIn0%3D\"><br \/>\n\t\t\t\t\t\t\t<img loading=\"lazy\" decoding=\"async\" width=\"1024\" height=\"683\" src=\"http:\/\/energetisch.fit\/wp-content\/uploads\/2021\/03\/Computer-1.jpg\" alt=\"Ilustra\u00e7\u00e3o pr\u00f3pria - Interface\/programa da Constela\u00e7\u00e3o Digital\" srcset=\"http:\/\/energetisch.fit\/wp-content\/uploads\/2021\/03\/Computer-1.jpg 1920w, http:\/\/energetisch.fit\/wp-content\/uploads\/2021\/03\/Computer-1-600x400.jpg 600w\" sizes=\"auto, (max-width: 1024px) 100vw, 1024px\" \/>\t\t\t\t\t\t\t\t<\/a><figcaption>Ilustra\u00e7\u00e3o pr\u00f3pria - Interface\/programa da Constela\u00e7\u00e3o Digital<\/figcaption><\/figure>\n<h2>Uma novidade mundial...<\/h2>\n<p>A Constela\u00e7\u00e3o Digital \u00e9 a primeira ferramenta desse tipo. As constela\u00e7\u00f5es sist\u00eamicas podem ser visualizadas e processadas energeticamente por meio de um aplicativo on-line.<\/p>\n<p>Com base na simula\u00e7\u00e3o do comportamento\/mente humana, usamos um algoritmo especial para imitar uma configura\u00e7\u00e3o sist\u00eamica real (IA).<\/p>\n<h2>Posicionamento autom\u00e1tico e impulsos energ\u00e9ticos<\/h2>\n<p>Com base no efeito do observador, o programa reconhece o posicionamento energ\u00e9tico correto dos elementos e os torna vis\u00edveis na tela.<\/p>\n<p>Os bloqueios e as causas podem ser visualizados e resolvidos energeticamente. A Constela\u00e7\u00e3o Digital tamb\u00e9m mostra a mudan\u00e7a energ\u00e9tica.<\/p>\n<p>http:\/\/energetisch.fit\/wp-content\/uploads\/2021\/03\/dc-gif-anik.mp4\t\t<\/p>\n<figure>\n\t\t\t\t\t\t\t\t\t\t\t<a href=\"http:\/\/energetisch.fit\/wp-content\/uploads\/2021\/03\/hintergruende-dc.jpg\" data-elementor-open-lightbox=\"yes\" data-elementor-lightbox-title=\"hintergruende-dc\" data-e-action-hash=\"#elementor-action%3Aaction%3Dlightbox%26settings%3DeyJpZCI6OTA2MiwidXJsIjoiaHR0cHM6XC9cL2VuZXJnZXRpc2NoLmZpdFwvd3AtY29udGVudFwvdXBsb2Fkc1wvMjAyMVwvMDNcL2hpbnRlcmdydWVuZGUtZGMuanBnIn0%3D\"><br \/>\n\t\t\t\t\t\t\t<img loading=\"lazy\" decoding=\"async\" width=\"553\" height=\"336\" src=\"http:\/\/energetisch.fit\/wp-content\/uploads\/2021\/03\/hintergruende-dc.jpg\" alt=\"Ilustra\u00e7\u00e3o pr\u00f3pria - Fundos de constela\u00e7\u00f5es digitais - Quadro de instala\u00e7\u00e3o\" srcset=\"http:\/\/energetisch.fit\/wp-content\/uploads\/2021\/03\/hintergruende-dc.jpg 553w, http:\/\/energetisch.fit\/wp-content\/uploads\/2021\/03\/hintergruende-dc-300x182.jpg 300w\" sizes=\"auto, (max-width: 553px) 100vw, 553px\" \/>\t\t\t\t\t\t\t\t<\/a><figcaption>Ilustra\u00e7\u00e3o pr\u00f3pria - Fundos de constela\u00e7\u00f5es digitais - Quadro de instala\u00e7\u00e3o<\/figcaption><\/figure>\n<h2>V\u00e1rios planos de fundo<\/h2>\n<p>Sobre diferentes <strong>Categorias<\/strong> podem ser diferentes <strong>Planos de fundo<\/strong> ser selecionados para combinar com o tema da constela\u00e7\u00e3o. O posicionamento dos elementos proporciona ao montador uma valiosa <strong>Suporte na interpreta\u00e7\u00e3o<\/strong>.<\/p>\n<p>Por meio da sele\u00e7\u00e3o de diferentes <strong>T\u00f3picos influentes<\/strong> os elementos\/figuras podem ent\u00e3o ser <strong>pesquisado e energeticamente otimizado<\/strong> tornar-se.<\/p>\n<p><a title=\"Baixar PDF\" href=\"http:\/\/energetisch.fit\/wp-content\/uploads\/2021\/03\/DC-Hintergrundbeschreibung.pdf\" target=\"_blank\" rel=\"noopener\">Download do PDF \u2192<\/a>\t\t<\/p>\n<h2>Efeito do observador e o experimento da fenda dupla<\/h2>\n<p>A tecnologia por tr\u00e1s da Digital Constellation baseia-se no efeito do observador.<\/p>\n<p>Uma das suposi\u00e7\u00f5es mais estranhas da teoria qu\u00e2ntica, que h\u00e1 muito fascina fil\u00f3sofos e f\u00edsicos, \u00e9 que, ao observar um dado, o observador o influencia. Um dos experimentos mais famosos a esse respeito \u00e9 o experimento da dupla fenda.<\/p>\n<p>https:\/\/youtu.be\/3ohjOltaO6Yhttps:\/\/youtu.be\/KBcgIYn9zzUhttps:\/\/youtu.be\/-EVBTAXhNTg\t\t<\/p>\n<h2>14 dias de vers\u00e3o completa gratuita para<br \/> Solicitar Constela\u00e7\u00e3o Digital<\/h2>\n<h2>O Digital Constellation \u00e9 basicamente adequado para todos...<\/h2>\n<p>...que trabalha com sistemas ou constela\u00e7\u00f5es. Importante \u00e9 a <strong>Abertura<\/strong>, a completamente <strong>Nova maneira de trabalhar com constela\u00e7\u00f5es<\/strong> para permitir!<\/p>\n<p>\u00a0<\/p>\n<p>A Constela\u00e7\u00e3o Digital enriquece o trabalho de constela\u00e7\u00e3o sist\u00eamica em todas as \u00e1reas da vida: <strong>Fam\u00edlia, relacionamentos, sa\u00fade, sucesso e neg\u00f3cios<\/strong>...<\/p>\n<h2>Exemplos de aplica\u00e7\u00e3o da Constela\u00e7\u00e3o Digital<br \/>\n<\/h2>\n<p>\t\thttps:\/\/youtu.be\/BIDB8nGe29Ahttps:\/\/youtu.be\/YWlnSZSAGdQhttps:\/\/youtu.be\/KaCncwV3vOQhttps:\/\/youtu.be\/8kXkmGLbJU8<\/p>","protected":false},"excerpt":{"rendered":"<p>Digital Constellation &#8211; systemische Aufstellungen der anderen Art Digital Constellation\u00a0ist eine Online-Software, mit der systemische Aufstellungen ausgef\u00fchrt werden k\u00f6nnen. Das \u201cBesondere\u201d an der Software ist ein Algorithmus aus der Forschung der \u201cKI-k\u00fcnstliche Intelligenz\u201d, welcher f\u00fcr die systemische Arbeit zum Einsatz kommt.\u00a0 Digital Constellation\u00a0erkennt basierend auf dem \u201cBeobachtereffekt\u201d die Position der einzelnen Elemente und macht sie [&hellip;]<\/p>\n","protected":false},"author":1,"featured_media":0,"parent":8466,"menu_order":0,"comment_status":"closed","ping_status":"closed","template":"elementor_theme","meta":{"_acf_changed":false,"footnotes":""},"efit-produkt":[],"class_list":["post-7210","page","type-page","status-publish","hentry"],"acf":[],"acpt":null,"_links":{"self":[{"href":"https:\/\/energetisch.fit\/pt\/wp-json\/wp\/v2\/pages\/7210","targetHints":{"allow":["GET"]}}],"collection":[{"href":"https:\/\/energetisch.fit\/pt\/wp-json\/wp\/v2\/pages"}],"about":[{"href":"https:\/\/energetisch.fit\/pt\/wp-json\/wp\/v2\/types\/page"}],"author":[{"embeddable":true,"href":"https:\/\/energetisch.fit\/pt\/wp-json\/wp\/v2\/users\/1"}],"replies":[{"embeddable":true,"href":"https:\/\/energetisch.fit\/pt\/wp-json\/wp\/v2\/comments?post=7210"}],"version-history":[{"count":0,"href":"https:\/\/energetisch.fit\/pt\/wp-json\/wp\/v2\/pages\/7210\/revisions"}],"up":[{"embeddable":true,"href":"https:\/\/energetisch.fit\/pt\/wp-json\/wp\/v2\/pages\/8466"}],"wp:attachment":[{"href":"https:\/\/energetisch.fit\/pt\/wp-json\/wp\/v2\/media?parent=7210"}],"wp:term":[{"taxonomy":"efit-produkt","embeddable":true,"href":"https:\/\/energetisch.fit\/pt\/wp-json\/wp\/v2\/efit-produkt?post=7210"}],"curies":[{"name":"wp","href":"https:\/\/api.w.org\/{rel}","templated":true}]}}