{"id":24399,"date":"2025-01-28T16:27:54","date_gmt":"2025-01-28T15:27:54","guid":{"rendered":"https:\/\/energetisch.fit\/?page_id=24399"},"modified":"2025-01-28T16:27:56","modified_gmt":"2025-01-28T15:27:56","slug":"seite-mit-den-affiliate-nutzungsbedingungen","status":"publish","type":"page","link":"https:\/\/energetisch.fit\/pt\/seite-mit-den-affiliate-nutzungsbedingungen\/","title":{"rendered":"Seite mit den Affiliate-Nutzungsbedingungen"},"content":{"rendered":"<p>Als autorisierter Affiliate (Affiliate) von energetisch.fit Online Analyse und Therapie Software erkl\u00e4ren Sie sich damit einverstanden, die in dieser Vereinbarung (Vereinbarung) enthaltenen Bedingungen einzuhalten. Bitte lesen Sie die gesamte Vereinbarung sorgf\u00e4ltig durch, bevor Sie sich registrieren und energetisch.fit Online Analyse und Therapie Software als Affiliate bewerben.<\/p>\n\t\n\n\t\n\t\t<p>Ihre Teilnahme am Programm dient ausschlie\u00dflich dazu, unsere Website legal zu bewerben, um eine Provision f\u00fcr Mitgliedschaften und Produkte zu erhalten, die von Personen gekauft wurden, auf die energetisch.fit Online Analyse und Therapie Software durch Ihre eigene Website oder pers\u00f6nliche Empfehlungen verwiesen wird.<\/p>\n\t\n\n\t\n\t\t<p>Indem Sie sich f\u00fcr das energetisch.fit Online Analyse und Therapie Software Affiliate-Programm (Programm) anmelden, erkl\u00e4ren Sie sich mit dieser Vereinbarung und ihren Bedingungen einverstanden.<\/p>\n\t\n\n\t\n\t<h2 class=\"wp-block-heading\" id=\"approval-or-rejection\">Genehmigung oder Ablehnung des Antrags<\/h2>\n\t\n\n\t\n\t<p>Wir behalten uns das Recht vor, JEDEN Partnerprogrammantrag nach unserem alleinigen und absoluten Ermessen zu genehmigen oder abzulehnen. Sie haben keinen Rechtsbehelf gegen uns wegen der Ablehnung Ihres Affiliate-Programm-Antrags.<\/p>\n\t\n\n\t\n\t<h2 class=\"wp-block-heading\" id=\"commissions\">Provisionen<\/h2>\n\t\n\n\t\n\t<p>Die Provisionen werden einmal im Monat ausgezahlt. Damit ein Affiliate eine Provision erh\u00e4lt, muss das geworbene Konto mindestens 31 Tage lang aktiv bleiben.<\/p>\n\t\n\n\t\n\t<p>Sie k\u00f6nnen sich nicht selbst empfehlen, und Sie erhalten keine Provision auf Ihre eigenen Konten.<\/p>\n\t\n\n\t\n\t<p>Zahlungen werden nur f\u00fcr Transaktionen gesendet, die erfolgreich abgeschlossen wurden. Transaktionen, die zu R\u00fcckbuchungen oder R\u00fcckerstattungen f\u00fchren, werden nicht ausgezahlt.<\/p>\n\t\n\n\t\n\t<h2 class=\"wp-block-heading\" id=\"termination\">K\u00fcndigung<\/h2>\n\t\n\n\t\n\t<p>Ihr Partnerantrag und Ihr Status im Programm k\u00f6nnen aus einem der folgenden Gr\u00fcnde ausgesetzt oder beendet werden:<\/p>\n\t\n\n\t\n\t<ul class=\"wp-block-list\">\n\t\t<li>Unangemessene Werbung (falsche Behauptungen, irref\u00fchrende Hyperlinks usw.).<\/li>\n\t\t<li>Spamming (Massen-E-Mails, Massen-Newsgroup-Postings usw.).<\/li>\n\t\t<li>Werbung auf Websites, die illegale Aktivit\u00e4ten enthalten oder f\u00f6rdern.<\/li>\n\t\t<li>Vers\u00e4umnis, die Affiliate-Beziehung f\u00fcr eine Werbeaktion offenzulegen, die als Billigung gem\u00e4\u00df den bestehenden Richtlinien und Vorschriften der Federal Trade Commission oder den geltenden staatlichen Gesetzen gilt.<\/li>\n\t\t\t\t<li>Verletzung von Rechten an geistigem Eigentum. energetisch.fit Online Analyse und Therapie Software beh\u00e4lt uns das Recht vor, Lizenzvereinbarungen von denjenigen zu verlangen, die Marken von energetisch.fit Online Analyse und Therapie Software verwenden, um unsere geistigen Eigentumsrechte zu sch\u00fctzen.<\/li>\n\t\t\t\t<li>Anbieten von Rabatten, Coupons oder anderen versprochenen Kickbacks aus Ihrer Affiliate-Provision als Anreiz. Das Hinzuf\u00fcgen von Boni oder das B\u00fcndeln anderer Produkte mit energetisch.fit Online Analyse und Therapie Software ist jedoch akzeptabel.<\/li>\n\t\t<li>Selbstempfehlungen, betr\u00fcgerische Transaktionen, vermuteter Affiliate-Betrug.<\/li>\n\t<\/ul>\n\t\n\n\t\n\t\t<p>Dar\u00fcber hinaus beh\u00e4lt sich energetisch.fit Online Analyse und Therapie Software das Recht vor, jedes Affiliate-Konto jederzeit wegen Verst\u00f6\u00dfen gegen diese Vereinbarung oder ohne Angabe von Gr\u00fcnden zu k\u00fcndigen.<\/p>\n\t\n\n\t\n\t<h2 class=\"wp-block-heading\" id=\"affiliate-links\">Affiliate-Links<\/h2>\n\t\n\n\t\n\t\t<p>Sie k\u00f6nnen Grafik- und Textlinks sowohl auf Ihrer Website als auch in Ihren E-Mail-Nachrichten verwenden. Sie k\u00f6nnen die energetisch.fit Online Analyse und Therapie Software Website auch in Online- und Offline-Kleinanzeigen, Zeitschriften und Zeitungen bewerben.<\/p>\n\t\n\n\t\n\t<p>Du k\u00f6nnen die von uns bereitgestellten Grafiken und Texte verwenden oder Ihre eigenen erstellen, solange sie gem\u00e4\u00df den Bedingungen als angemessen erachtet werden und nicht gegen die im Abschnitt K\u00fcndigung beschriebenen Bestimmungen versto\u00dfen.<\/p>\n\t\n\n\t\n\t<h2 class=\"wp-block-heading\" id=\"coupon-and-deal-sites\">Gutschein- und Deal-Seiten<\/h2>\n\t\n\n\t\n\t\t<p>energetisch.fit Online Analyse und Therapie Software bietet gelegentlich Gutscheine f\u00fcr ausgew\u00e4hlte Affiliate und f\u00fcr unsere Newsletter-Abonnenten an. Wenn Sie keinen Markencoupon vorab genehmigt \/ zugewiesen haben, d\u00fcrfen Sie den Gutschein nicht bewerben. Im Folgenden finden Sie die Bedingungen, die f\u00fcr jeden Affiliate gelten, der die Werbung f\u00fcr unsere Produkte in Bezug auf ein Gesch\u00e4ft oder einen Gutschein in Betracht zieht:<\/p>\n\t\n\n\t\n\t<ul class=\"wp-block-list\">\n\t\t<li>Affiliates d\u00fcrfen keinen irref\u00fchrenden Text auf Affiliate-Links, Schaltfl\u00e4chen oder Bildern verwenden, um zu implizieren, dass irgendetwas anderes als derzeit autorisierte Gesch\u00e4fte mit dem jeweiligen Affiliate macht.<\/li>\n\t\t\t\t<li>Affiliates d\u00fcrfen nicht auf energetisch.fit Online Analyse und Therapie Software Coupons, energetisch.fit Online Analyse und Therapie Software Rabatte oder andere Phrasen bieten, die darauf hindeuten, dass Coupons verf\u00fcgbar sind.<\/li>\n\t\t<li>Affiliates d\u00fcrfen keine Pop-ups, Pop-unders, iframes, frames oder andere gesehene oder unsichtbare Aktionen generieren, die Affiliate-Cookies setzen, es sei denn, der Benutzer hat ein klares und ausdr\u00fcckliches Interesse an der Aktivierung einer bestimmten Ersparnis bekundet, indem er auf einen deutlich markierten Link, eine Schaltfl\u00e4che oder ein Bild f\u00fcr diesen bestimmten Gutschein oder Deal klickt. Ihr Link muss den Besucher auf die H\u00e4ndlerseite leiten.<\/li>\n\t\t<li>Der Benutzer muss in der Lage sein, Coupon-\/Deal-\/Sparinformationen und Details zu sehen, bevor ein Affiliate-Cookie gesetzt wird (d.h. &quot;Klicken Sie hier, um Coupons zu sehen und ein Fenster zur H\u00e4ndler-Website zu \u00f6ffnen&quot; ist NICHT erlaubt).<\/li>\n\t\t<li>Affiliate-Websites haben m\u00f6glicherweise keine &quot;Klicken Sie f\u00fcr (oder um zu sehen) Deal \/ Coupon&quot; oder eine Variation, wenn keine Coupons oder Deals verf\u00fcgbar sind und der Klick die H\u00e4ndler-Website \u00f6ffnet oder ein Cookie setzt. Affiliates mit einem solchen Text auf der H\u00e4ndler-Zielseite werden sofort aus dem Programm entfernt.<\/li>\n\t<\/ul>\n\t\n\n\t\n\t<h2 class=\"wp-block-heading\" id=\"ppc-policy\">Pay-per-Click-Richtlinie (PPC)<\/h2>\n\t\n\n\t\n\t<p>PPC-Gebote sind ohne vorherige schriftliche Genehmigung NICHT erlaubt.<\/p>\n\t\n\n\t\n\t<h2 class=\"wp-block-heading\" id=\"liability\">Haftpflicht<\/h2>\n\t\n\n\t\n\t\t<p>energetisch.fit Online Analyse und Therapie Software haften nicht f\u00fcr indirekte oder zuf\u00e4llige Sch\u00e4den (Umsatzeinbu\u00dfen, Provisionen) aufgrund von Affiliate-Tracking-Fehlern, Verlust von Datenbankdateien oder Folgen von Sch\u00e4den am Programm und\/oder an unseren Websites.<\/p>\n\t\n\n\t\n\t\t<p>Wir geben keine ausdr\u00fccklichen oder stillschweigenden Garantien in Bezug auf das Programm und\/oder die von energetisch.fit Online Analyse und Therapie Software verkauften Mitgliedschaften oder Produkte. Wir erheben keinen Anspruch darauf, dass der Betrieb des Programms und\/oder unserer Website(s) fehlerfrei ist, und wir haften nicht f\u00fcr Unterbrechungen oder Fehler.<\/p>\n\t\n\n\t\n\t<h2 class=\"wp-block-heading\" id=\"term-of-agreement\">Laufzeit der Vereinbarung<\/h2>\n\t\n\n\t\n\t<p>Die Laufzeit dieser Vereinbarung beginnt mit Ihrer Aufnahme in das Programm und endet, wenn Ihr Affiliate-Konto gek\u00fcndigt wird.<\/p>\n\t\n\n\t\n\t<p>Die Bedingungen dieser Vereinbarung k\u00f6nnen von uns jederzeit ge\u00e4ndert werden. Wenn eine \u00c4nderung der Bedingungen dieser Vereinbarung f\u00fcr Sie nicht akzeptabel ist, besteht Ihre einzige Wahl darin, Ihr Affiliate-Konto zu k\u00fcndigen. Ihre fortgesetzte Teilnahme am Programm stellt Ihre Annahme jeder \u00c4nderung dar.<\/p>\n\t\n\n\t\n\t<h2 class=\"wp-block-heading\" id=\"indemnification\">Best\u00e4tigungs Code<\/h2>\n\t\n\n\t\n\t\t<p>Der verbundene Affiliate stellt energetisch.fit Online Analyse und Therapie Software und seine verbundenen Unternehmen, leitenden Angestellten, Direktoren, Mitarbeiter, Lizenznehmer, Nachfolger und Abtretungsempf\u00e4nger, einschlie\u00dflich derjenigen, die von energetisch.fit Online Analyse und Therapie Software zur \u00dcbertragung und Verteilung von Materialien lizenziert oder autorisiert wurden, von allen Verbindlichkeiten, Sch\u00e4den, Bu\u00dfgeldern, Urteilen, Anspr\u00fcchen, Kosten, Verlusten und Ausgaben (einschlie\u00dflich angemessener Anwaltskosten und -kosten) frei, die sich aus oder im Zusammenhang mit allen Anspr\u00fcchen ergeben, die im Zusammenhang mit dieser Vereinbarung aufgrund der Fahrl\u00e4ssigkeit entstehen.  Falsche Darstellung, Nichtoffenlegung oder vors\u00e4tzliches Fehlverhalten des Affiliates.<\/p>\n\t\n\n\t\n\t<h2 class=\"wp-block-heading\" id=\"electronic-signatures-effective\">Elektronische Signaturen wirksam<\/h2>\n\t\n\n\t\n\t\t<p>Die Vereinbarung ist ein elektronischer Vertrag, der die rechtsverbindlichen Bedingungen Ihrer Teilnahme am energetisch.fit Online Analyse und Therapie Software-Partnerprogramm festlegt. Sie erkl\u00e4ren sich mit dieser Vereinbarung und allen in dieser Vereinbarung enthaltenen oder referenzierten Bedingungen einverstanden, indem Sie den energetisch.fit Online Analyse und Therapie Software Bewerbungsprozess abschlie\u00dfen. Durch diese Ma\u00dfnahme wird eine elektronische Signatur erstellt, die die gleiche Rechtskraft und Wirkung wie eine handschriftliche Unterschrift hat.<\/p>","protected":false},"excerpt":{"rendered":"<p>Als autorisierter Affiliate (Affiliate) von energetisch.fit Online Analyse und Therapie Software erkl\u00e4ren Sie sich damit einverstanden, die in dieser Vereinbarung (Vereinbarung) enthaltenen Bedingungen einzuhalten. Bitte lesen Sie die gesamte Vereinbarung sorgf\u00e4ltig durch, bevor Sie sich registrieren und energetisch.fit Online Analyse und Therapie Software als Affiliate bewerben. Ihre Teilnahme am Programm dient ausschlie\u00dflich dazu, unsere Website [&hellip;]<\/p>\n","protected":false},"author":1288,"featured_media":0,"parent":0,"menu_order":0,"comment_status":"closed","ping_status":"closed","template":"","meta":{"_acf_changed":false,"footnotes":""},"efit-produkt":[],"class_list":["post-24399","page","type-page","status-publish","hentry"],"acf":[],"acpt":null,"_links":{"self":[{"href":"https:\/\/energetisch.fit\/pt\/wp-json\/wp\/v2\/pages\/24399","targetHints":{"allow":["GET"]}}],"collection":[{"href":"https:\/\/energetisch.fit\/pt\/wp-json\/wp\/v2\/pages"}],"about":[{"href":"https:\/\/energetisch.fit\/pt\/wp-json\/wp\/v2\/types\/page"}],"author":[{"embeddable":true,"href":"https:\/\/energetisch.fit\/pt\/wp-json\/wp\/v2\/users\/1288"}],"replies":[{"embeddable":true,"href":"https:\/\/energetisch.fit\/pt\/wp-json\/wp\/v2\/comments?post=24399"}],"version-history":[{"count":1,"href":"https:\/\/energetisch.fit\/pt\/wp-json\/wp\/v2\/pages\/24399\/revisions"}],"predecessor-version":[{"id":24400,"href":"https:\/\/energetisch.fit\/pt\/wp-json\/wp\/v2\/pages\/24399\/revisions\/24400"}],"wp:attachment":[{"href":"https:\/\/energetisch.fit\/pt\/wp-json\/wp\/v2\/media?parent=24399"}],"wp:term":[{"taxonomy":"efit-produkt","embeddable":true,"href":"https:\/\/energetisch.fit\/pt\/wp-json\/wp\/v2\/efit-produkt?post=24399"}],"curies":[{"name":"wp","href":"https:\/\/api.w.org\/{rel}","templated":true}]}}