{"id":199,"date":"2016-07-27T15:40:24","date_gmt":"2016-07-27T13:40:24","guid":{"rendered":"http:\/\/energetisch.fit\/?page_id=199"},"modified":"2023-05-10T16:50:46","modified_gmt":"2023-05-10T14:50:46","slug":"agbs","status":"publish","type":"page","link":"https:\/\/energetisch.fit\/pt\/agbs\/","title":{"rendered":"AGB&#8217;s"},"content":{"rendered":"<p><strong>Allgemeine Gesch\u00e4ftsbedingungen (Energetisch.fit) <\/strong><\/p>\n\n\n\n<ul class=\"wp-block-list\">\n<li><strong> 1 Geltungsbereich und Anbieter <\/strong><\/li>\n<\/ul>\n\n\n\n<p>(1) Diese Allgemeinen Gesch\u00e4ftsbedingungen gelten f\u00fcr alle Bestellungen, die Sie bei dem Online-Shop energetisch.fit vornehmen.<\/p>\n\n\n\n<p>(3) Unsere Lieferungen, Leistungen und Angebote erfolgen ausschlie\u00dflich auf der Grundlage dieser Allgemeinen Gesch\u00e4ftsbedingungen. Die Allgemeinen Gesch\u00e4ftsbedingungen gelten gegen\u00fcber Unternehmen somit auch f\u00fcr alle k\u00fcnftigen Gesch\u00e4ftsbeziehungen, auch wenn sie nicht nochmals ausdr\u00fccklich vereinbart werden. Der Einbeziehung von Allgemeinen Gesch\u00e4ftsbedingungen eines Kunden, die unseren Allgemeinen Gesch\u00e4ftsbedingungen widersprechen, wird schon jetzt widersprochen.<\/p>\n\n\n\n<p>(4) Vertragssprache ist ausschlie\u00dflich deutsch.<\/p>\n\n\n\n<ul class=\"wp-block-list\">\n<li><strong> 2 Vertragsschluss <\/strong><\/li>\n<\/ul>\n\n\n\n<p>(1) Die Warenpr\u00e4sentation im Online-Shop stellt keinen verbindlichen Antrag auf den Abschluss eines Kaufvertrages dar. Vielmehr handelt es sich um eine unverbindliche Aufforderung, im Online-Shop Waren zu bestellen.<\/p>\n\n\n\n<p>(2) Mit Anklicken des Buttons \u201eJetzt Kaufen\u201c geben Sie ein verbindliches Kaufangebot ab (\u00a7 145 BGB).<br>(3) Erst durch Freischalten des Inhalts bzw. Bereitstellen eines Links kommt der Vertrag zustande.<br>(2) Das Warenangebot in unserem Online-Shop richtet sich ausschlie\u00dflich an K\u00e4ufer, die das 18. Lebensjahr vollendet haben.<\/p>\n\n\n\n<ul class=\"wp-block-list\">\n<li><strong> 3 Preise <\/strong><\/li>\n<\/ul>\n\n\n\n<p>Die auf den Produktseiten genannten Preise enthalten die gesetzliche Mehrwertsteuer und sonstige Preisbestandteile.<\/p>\n\n\n\n<ul class=\"wp-block-list\">\n<li><strong> 4 Zahlungsbedingungen; Verzug <\/strong><\/li>\n<\/ul>\n\n\n\n<p>(1) Die Zahlung erfolgt wahlweise: Kreditkarte, Paypal.<br>(2) Bei Zahlung per Kreditkarte der Kaufpreis zum Zeitpunkt der Bestellung auf Ihrer Kreditkarte reserviert (\u201eAutorisierung\u201c). Die tats\u00e4chliche Belastung Ihres Kreditkartenkontos erfolgt in dem Zeitpunkt, in dem wir die Ware an Sie versenden.<br>(3) Geraten Sie mit einer Zahlung in Verzug, so sind Sie zur Zahlung der gesetzlichen Verzugszinsen in H\u00f6he von 5 Prozentpunkten \u00fcber dem Basiszinssatz verpflichtet. F\u00fcr jedes Mahnschreiben, das nach Eintritt des Verzugs an Sie versandt wird, wird Ihnen mindestens eine Mahngeb\u00fchr in H\u00f6he von 15 EUR berechnet, sofern Sie nicht einen niedrigeren Schaden nachweisen k\u00f6nnen.<\/p>\n\n\n\n<ul class=\"wp-block-list\">\n<li><strong> 5 Aufrechung\/Zur\u00fcckbehaltungsrecht <\/strong><\/li>\n<\/ul>\n\n\n\n<p>(1) Ein Recht zur Aufrechnung steht Ihnen nur dann zu, wenn Ihre Gegenforderung rechtskr\u00e4ftig festgestellt worden ist oder von uns nicht bestritten wird.<br>(2) Sie k\u00f6nnen ein Zur\u00fcckbehaltungsrecht nur aus\u00fcben, soweit Ihre Gegenforderung auf demselben Vertragsverh\u00e4ltnis beruht. \u00a7 6 Lieferung<\/p>\n\n\n\n<p>(1) Sofern nicht anders vereinbart, erfolgt die Lieferung der Ware durch das Bereitstellen eines Links bzw. Zugangsdaten via Email. (2) Es liegt im Verantwortungsbereich des Kunden, geeignete Software bereitzuhalten, die ein ordnungsgem\u00e4\u00dfes \u00d6ffnen, Bearbeiten und Ausdrucken der Dateien und Inhalte erm\u00f6glicht.<\/p>\n\n\n\n<ul class=\"wp-block-list\">\n<li><strong> 7 R\u00fcckgabe und Vertragsr\u00fccktritt <\/strong><\/li>\n<\/ul>\n\n\n\n<p>Nach bet\u00e4tigen des Kaufen Buttons bzw. nach Erhalt der Zugangsdaten gilt das R\u00fcckgaberecht von 14 Tagen.<\/p>\n\n\n\n<ul class=\"wp-block-list\">\n<li><strong>&nbsp;8 Haftung <\/strong><\/li>\n<\/ul>\n\n\n\n<p>(1) Unbeschr\u00e4nkte Haftung: Wir haften unbeschr\u00e4nkt f\u00fcr Vorsatz und grobe Fahrl\u00e4ssigkeit sowie nach Ma\u00dfgabe des Produkthaftungsgesetzes<br>(2) Im \u00dcbrigen gilt folgende beschr\u00e4nkte Haftung: Bei leichter Fahrl\u00e4ssigkeit haften wir nur im Falle der Verletzung einer<\/p>\n\n\n\n<p>wesentlichen Vertragspflicht, deren Erf\u00fcllung die ordnungsgem\u00e4\u00dfe Durchf\u00fchrung des Vertrags \u00fcberhaupt erst erm\u00f6glicht und auf deren Einhaltung Sie regelm\u00e4\u00dfig vertrauen d\u00fcrfen (Kardinalpflicht). Die Haftung f\u00fcr leichte Fahrl\u00e4ssigkeit ist der H\u00f6he nach beschr\u00e4nkt auf die bei Vertragsschluss vorhersehbaren Sch\u00e4den, mit deren Entstehung typischerweise gerechnet werden muss. Diese Haftungsbeschr\u00e4nkung gilt auch zugunsten unserer Erf\u00fcllungsgehilfen.<\/p>\n\n\n\n<p>(2).<strong>WICHTIG ENERGETISCH.FIT IST LEDIGLICH EINE SOFTWARE ZUM SELBST COACHING &#8211; UND GIBT\/MACHT KEINERLEI MEDIZINISCHES HEILVERSPRECHEN. <\/strong><\/p>\n\n\n\n<ul class=\"wp-block-list\">\n<li><strong> 9 Urheber- und Nutzungsrechte <\/strong><\/li>\n<\/ul>\n\n\n\n<p>(1) Alle durch den Verk\u00e4ufer bereitgestellten digitalen Inhalte sind urheberrechtlich gesch\u00fctzt.<\/p>\n\n\n\n<p><strong><em><br>Hinweis:<\/em><\/strong><\/p>\n\n\n\n<p><strong><br>Nach dem derzeitigen Stand von Medizin und Wissenschaft ist die Existenz von Energiefeldern und morphogenetischen Feldern nicht anerkannt. Beim Einsatz von energetisch.fit geht es darum, St\u00f6rungen im Energiefeld zu erkennen und zu harmonisieren; es geht nicht um eine Behandlung des physischen K\u00f6rpers. Der Einsatz von energetisch.fit ersetzt nicht den Gang zum Arzt, Heilpraktiker oder Therapeuten.<\/strong><\/p>","protected":false},"excerpt":{"rendered":"<p>Allgemeine Gesch\u00e4ftsbedingungen (Energetisch.fit) (1) Diese Allgemeinen Gesch\u00e4ftsbedingungen gelten f\u00fcr alle Bestellungen, die Sie bei dem Online-Shop energetisch.fit vornehmen. (3) Unsere Lieferungen, Leistungen und Angebote erfolgen ausschlie\u00dflich auf der Grundlage dieser Allgemeinen Gesch\u00e4ftsbedingungen. Die Allgemeinen Gesch\u00e4ftsbedingungen gelten gegen\u00fcber Unternehmen somit auch f\u00fcr alle k\u00fcnftigen Gesch\u00e4ftsbeziehungen, auch wenn sie nicht nochmals ausdr\u00fccklich vereinbart werden. Der Einbeziehung von [&hellip;]<\/p>\n","protected":false},"author":1,"featured_media":0,"parent":0,"menu_order":0,"comment_status":"closed","ping_status":"closed","template":"elementor_theme","meta":{"_acf_changed":false,"footnotes":""},"efit-produkt":[],"class_list":["post-199","page","type-page","status-publish","hentry"],"acf":[],"acpt":null,"_links":{"self":[{"href":"https:\/\/energetisch.fit\/pt\/wp-json\/wp\/v2\/pages\/199","targetHints":{"allow":["GET"]}}],"collection":[{"href":"https:\/\/energetisch.fit\/pt\/wp-json\/wp\/v2\/pages"}],"about":[{"href":"https:\/\/energetisch.fit\/pt\/wp-json\/wp\/v2\/types\/page"}],"author":[{"embeddable":true,"href":"https:\/\/energetisch.fit\/pt\/wp-json\/wp\/v2\/users\/1"}],"replies":[{"embeddable":true,"href":"https:\/\/energetisch.fit\/pt\/wp-json\/wp\/v2\/comments?post=199"}],"version-history":[{"count":0,"href":"https:\/\/energetisch.fit\/pt\/wp-json\/wp\/v2\/pages\/199\/revisions"}],"wp:attachment":[{"href":"https:\/\/energetisch.fit\/pt\/wp-json\/wp\/v2\/media?parent=199"}],"wp:term":[{"taxonomy":"efit-produkt","embeddable":true,"href":"https:\/\/energetisch.fit\/pt\/wp-json\/wp\/v2\/efit-produkt?post=199"}],"curies":[{"name":"wp","href":"https:\/\/api.w.org\/{rel}","templated":true}]}}