{"id":197,"date":"2016-07-27T15:40:11","date_gmt":"2016-07-27T13:40:11","guid":{"rendered":"http:\/\/energetisch.fit\/?page_id=197"},"modified":"2023-05-10T16:49:14","modified_gmt":"2023-05-10T14:49:14","slug":"impressum","status":"publish","type":"page","link":"https:\/\/energetisch.fit\/pt\/impressum\/","title":{"rendered":"Impress\u00e3o"},"content":{"rendered":"<div class=\"wp-block-image\">\n<figure class=\"alignright\"><a href=\"http:\/\/www.enerprax.com\/wp-content\/uploads\/2014\/10\/logo-ener1.gif\" target=\"_blank\" rel=\"noreferrer noopener nofollow\"><img decoding=\"async\" src=\"http:\/\/www.enerprax.com\/wp-content\/uploads\/2014\/10\/logo-ener1-300x101.gif\" alt=\"logo ener1\"\/><\/a><\/figure>\n<\/div>\n\n\n<p><strong>Energetisch.fit ist ein Produkt von<\/strong><\/p>\n\n\n\n<p>enerprax- Institut f\u00fcr praktische Energieheilkunde<br>J\u00fcrgen Bergauer, MSc<\/p>\n\n\n\n<p>Gartenstra\u00dfe 6a<br>A-6700 Bludenz<\/p>\n\n\n\n<p>Tel: +43 664 23 06 418<\/p>\n\n\n\n<p>email:&nbsp;<a href=\"mailto:enerprax@gmail.com\">enerprax@gmail.com<\/a><\/p>\n\n\n\n<p>Hilfestellung zu einer k\u00f6rperlichen und energetischen Ausgewogenheit<\/p>\n\n\n\n<p><strong>UID-Nummer:<\/strong>&nbsp;ATU55375007<\/p>\n\n\n\n<p><strong>Firmenbuchnummer:<\/strong>&nbsp;8016106<\/p>\n\n\n\n<p><strong>Firmenbuchgericht:<\/strong>&nbsp;Bludenz<\/p>\n\n\n\n<p><strong>Inhaber:<\/strong>&nbsp;J\u00fcrgen Bergauer, MSc<\/p>\n\n\n\n<p><strong>Gerichtsstand:<\/strong>&nbsp;Bezirkshauptmannschaft Bludenz<br><strong>Unternehmensgegenstand:<\/strong>&nbsp;Handelsgewerbe mit Ausnahme der reglementierten Handelsgewerbe<br>GISA-Zahl: 29050840<\/p>\n\n\n\n<p><strong>Unternehmensgegenstand:<\/strong>&nbsp;Hilfestellung zur Erreichung einer k\u00f6rperlichen bzw. energetischen Ausgewogenheit mittels Interpretation der Aura,&nbsp; Auswahl von Farben und Musik sowie Bioresonanz<br>GISA-Zahl: 22668486<\/p>\n\n\n\n<p><a href=\"https:\/\/www.enerprax.com\/wp-content\/uploads\/2021\/11\/hu_bronze_150.jpg\" rel=\"noreferrer noopener nofollow\" target=\"_blank\"><\/a>&nbsp;Qualit\u00e4tssicherungsprogramm Humanenergetik<\/p>\n\n\n\n<h2 class=\"wp-block-heading\">EU-Streitschlichtung<\/h2>\n\n\n\n<p>Gem\u00e4\u00df Verordnung \u00fcber Online-Streitbeilegung in Verbraucherangelegenheiten (ODR-Verordnung) m\u00f6chten wir Sie \u00fcber die Online-Streitbeilegungsplattform (OS-Plattform) informieren.<br>Verbraucher haben die M\u00f6glichkeit, Beschwerden an die Online Streitbeilegungsplattform der Europ\u00e4ischen Kommission unter&nbsp;<a href=\"https:\/\/ec.europa.eu\/consumers\/odr\/main\/index.cfm?event=main.home2.show&amp;lng=DE\" target=\"_blank\" rel=\"noreferrer noopener nofollow\">http:\/\/ec.europa.eu\/odr?tid=221078311<\/a>&nbsp;zu richten. Die daf\u00fcr notwendigen Kontaktdaten finden Sie oberhalb in unserem Impressum.<\/p>\n\n\n\n<p>Wir m\u00f6chten Sie jedoch darauf hinweisen, dass wir nicht bereit oder verpflichtet sind, an Streitbeilegungsverfahren vor einer Verbraucherschlichtungsstelle teilzunehmen.<\/p>\n\n\n\n<h2 class=\"wp-block-heading\">Haftung f\u00fcr Inhalte dieser Webseite<\/h2>\n\n\n\n<p>Wir entwickeln die Inhalte dieser Webseite st\u00e4ndig weiter und bem\u00fchen uns korrekte und aktuelle Informationen bereitzustellen. Leider k\u00f6nnen wir keine Haftung f\u00fcr die Korrektheit aller Inhalte auf dieser Webseite \u00fcbernehmen, speziell f\u00fcr jene die seitens Dritter bereitgestellt wurden.<\/p>\n\n\n\n<p>Sollten Ihnen problematische oder rechtswidrige Inhalte auffallen, bitte wir Sie uns umgehend zu kontaktieren, Sie finden die Kontaktdaten im Impressum.<\/p>\n\n\n\n<h2 class=\"wp-block-heading\">Haftung f\u00fcr Links auf dieser Webseite<\/h2>\n\n\n\n<p>Unsere Webseite enth\u00e4lt Links zu anderen Webseiten f\u00fcr deren Inhalt wir nicht verantwortlich sind. Haftung f\u00fcr verlinkte Websites besteht laut&nbsp;<a href=\"https:\/\/www.ris.bka.gv.at\/Dokument.wxe?Abfrage=Bundesnormen&amp;Dokumentnummer=NOR40025813&amp;tid=221078311\" target=\"_blank\" rel=\"noreferrer noopener nofollow\">\u00a7 17 ECG<\/a>&nbsp;f\u00fcr uns nicht, da wir keine Kenntnis rechtswidriger T\u00e4tigkeiten hatten und haben, uns solche Rechtswidrigkeiten auch bisher nicht aufgefallen sind und wir Links sofort entfernen w\u00fcrden, wenn uns Rechtswidrigkeiten bekannt werden.<\/p>\n\n\n\n<p>Wenn Ihnen rechtswidrige Links auf unserer Website auffallen, bitte wir Sie uns zu kontaktieren, Sie finden die Kontaktdaten im Impressum.<\/p>\n\n\n\n<h2 class=\"wp-block-heading\">Urheberrechtshinweis<\/h2>\n\n\n\n<p>Alle Inhalte dieser Webseite (Bilder, Fotos, Texte, Videos) unterliegen dem Urheberrecht. Falls notwendig, werden wir die unerlaubte Nutzung von Teilen der Inhalte unserer Seite rechtlich verfolgen.<\/p>\n\n\n\n<h2 class=\"wp-block-heading\">Bildernachweis<\/h2>\n\n\n\n<p>Die Bilder, Fotos und Grafiken auf dieser Webseite sind urheberrechtlich gesch\u00fctzt.<\/p>\n\n\n\n<p>Die Bilderrechte liegen bei den folgenden Fotografen und Unternehmen:<\/p>\n\n\n\n<ul class=\"wp-block-list\">\n<li>pixapay.com<\/li>\n\n\n\n<li>shuterstock.com<\/li>\n<\/ul>\n\n\n\n<p>Quelle: Erstellt&nbsp;mit dem&nbsp;<a href=\"https:\/\/www.firmenwebseiten.at\/datenschutz-generator\/\" target=\"_blank\" rel=\"noreferrer noopener nofollow\">Datenschutz Generator von firmenwebseiten.at<\/a>&nbsp;in Kooperation mit&nbsp;<a href=\"https:\/\/www.hashtagtirol.at\/\" target=\"_blank\" rel=\"noreferrer noopener nofollow\">hashtagtirol.at<\/a><\/p>\n\n\n\n<h3 class=\"wp-block-heading\">Google Analytics<\/h3>\n\n\n\n<p>Diese Website benutzt Google Analytics, einen Webanalysedienst der Google Inc., um eine Analyse der Benutzung der Website zu erm\u00f6glichen. Die durch den Einsatz von Google Analytics erzeugten Informationen \u00fcber Ihre Nutzung diese Website (einschlie\u00dflich Ihrer IP-Adresse) werden an einen Server der Google Inc. in den USA \u00fcbertragen und dort gespeichert.<\/p>\n\n\n\n<p>Google wird diese Informationen benutzen, um Ihre Nutzung der Website auszuwerten, um Reports \u00fcber die Websiteaktivit\u00e4ten f\u00fcr die Websitebetreiber zusammenzustellen und um weitere mit der Websitenutzung und der Internetnutzung verbundene Dienstleistungen zu erbringen. Google wird in keinem Fall Ihre IP-Adresse mit anderen Daten von Google in Verbindung bringen. Durch die Nutzung dieser Website erkl\u00e4ren Sie sich mit der Bearbeitung der \u00fcber Sie erhobenen Daten durch Google in der zuvor beschriebenen Art und Weise und zu dem zuvor benannten Zweck einverstanden.<\/p>\n\n\n\n<h3 class=\"wp-block-heading\">Links, Haftungsausschlu\u00df f\u00fcr Links<\/h3>\n\n\n\n<p>Wir \u00fcbernehmen keinerlei Haftung, weder f\u00fcr die Richtigkeit, noch f\u00fcr deren Inhalte oder Freiheit von aggressiven und\/oder sch\u00e4digenden Inhalten, wie Viren, Trojaner, W\u00fcrmer etc. der Links auf unserer Website. Insbsondere \u00fcbernehmen wir keine Verantwortung f\u00fcr Inhalte auf durch Hyperlinks verwiesene externe Websites, hierf\u00fcr haftet ausschliesslich der jeweilige Anbieter. Links auf unsere Website sind erw\u00fcnscht, wenn sie als externe Links (eigenes Browserfenster) gestaltet sind. Eine \u00fcbernahme des Hauptfensters in einen Frame des Linksetzers ist unzul\u00e4ssig. Sollte eine Website, auf die wir verlinkt haben, rechtswidrige Inhalte enthalten, so bitten wir um Mitteilung, der Link wird umgehend entfernt.<\/p>\n\n\n\n<h3 class=\"wp-block-heading\">Copyright<\/h3>\n\n\n\n<p>Alle Inhalte auf dieser Website sind urheberrechtlich (\u00a9) gesch\u00fctzt. Texte, Bilder, Grafiken, und Animationen unterliegen dem Schutz des Urheberrechts und anderen Schutzgesetzen. Der Inhalt darf nicht zu kommerziellen Zwecken kopiert, verbreitet, ver\u00e4ndert oder Dritten zug\u00e4nglich gemacht werden. Jede Nutzung, insbesondere die Speicherung in Datenbanken, Vervielf\u00e4ltigung, Verbreitung, Bearbeitung so wie jegliche Form gewerblicher Nutzung so wie die Weitergabe an Dritte, auch in Teilen oder in \u00fcberarbeiteter Form, ist ohne Zustimmung des Urhebers untersagt.<\/p>","protected":false},"excerpt":{"rendered":"<p>Energetisch.fit ist ein Produkt von enerprax- Institut f\u00fcr praktische EnergieheilkundeJ\u00fcrgen Bergauer, MSc Gartenstra\u00dfe 6aA-6700 Bludenz Tel: +43 664 23 06 418 email:&nbsp;enerprax@gmail.com Hilfestellung zu einer k\u00f6rperlichen und energetischen Ausgewogenheit UID-Nummer:&nbsp;ATU55375007 Firmenbuchnummer:&nbsp;8016106 Firmenbuchgericht:&nbsp;Bludenz Inhaber:&nbsp;J\u00fcrgen Bergauer, MSc Gerichtsstand:&nbsp;Bezirkshauptmannschaft BludenzUnternehmensgegenstand:&nbsp;Handelsgewerbe mit Ausnahme der reglementierten HandelsgewerbeGISA-Zahl: 29050840 Unternehmensgegenstand:&nbsp;Hilfestellung zur Erreichung einer k\u00f6rperlichen bzw. energetischen Ausgewogenheit mittels Interpretation der Aura,&nbsp; [&hellip;]<\/p>\n","protected":false},"author":1,"featured_media":0,"parent":0,"menu_order":0,"comment_status":"closed","ping_status":"closed","template":"elementor_theme","meta":{"_acf_changed":false,"footnotes":""},"efit-produkt":[],"class_list":["post-197","page","type-page","status-publish","hentry"],"acf":[],"acpt":null,"_links":{"self":[{"href":"https:\/\/energetisch.fit\/pt\/wp-json\/wp\/v2\/pages\/197","targetHints":{"allow":["GET"]}}],"collection":[{"href":"https:\/\/energetisch.fit\/pt\/wp-json\/wp\/v2\/pages"}],"about":[{"href":"https:\/\/energetisch.fit\/pt\/wp-json\/wp\/v2\/types\/page"}],"author":[{"embeddable":true,"href":"https:\/\/energetisch.fit\/pt\/wp-json\/wp\/v2\/users\/1"}],"replies":[{"embeddable":true,"href":"https:\/\/energetisch.fit\/pt\/wp-json\/wp\/v2\/comments?post=197"}],"version-history":[{"count":0,"href":"https:\/\/energetisch.fit\/pt\/wp-json\/wp\/v2\/pages\/197\/revisions"}],"wp:attachment":[{"href":"https:\/\/energetisch.fit\/pt\/wp-json\/wp\/v2\/media?parent=197"}],"wp:term":[{"taxonomy":"efit-produkt","embeddable":true,"href":"https:\/\/energetisch.fit\/pt\/wp-json\/wp\/v2\/efit-produkt?post=197"}],"curies":[{"name":"wp","href":"https:\/\/api.w.org\/{rel}","templated":true}]}}