{"id":10941,"date":"2021-06-04T09:46:30","date_gmt":"2021-06-04T07:46:30","guid":{"rendered":"http:\/\/energetisch.fit\/?page_id=10941"},"modified":"2022-04-22T09:40:45","modified_gmt":"2022-04-22T07:40:45","slug":"reset4me-hilfeseite","status":"publish","type":"page","link":"https:\/\/energetisch.fit\/pt\/reset4me-hilfeseite\/","title":{"rendered":"reset4me-Hilfeseite"},"content":{"rendered":"<p><a href=\"\/pt\/lp-reset4me\/\"><br \/>\n\t\t\t\t\t\t\t<img decoding=\"async\" width=\"412\" height=\"91\" src=\"http:\/\/energetisch.fit\/wp-content\/uploads\/2021\/05\/reset4me-Logo.svg\" alt=\"\" loading=\"lazy\">\t\t\t\t\t\t\t\t<\/a><\/p>\n<ul>\n<li>\n\t\t\t\t\t\t\t\t\t\t\t<a href=\"\/pt\/lp-reset4me\/#pakete\"><br \/>\n\t\t\t\t\t\t\t\t\t\t\tPreise<br \/>\n\t\t\t\t\t\t\t\t\t\t\t<\/a>\n\t\t\t\t\t\t\t\t\t<\/li>\n<li>\n\t\t\t\t\t\t\t\t\t\t\t<a href=\"http:\/\/energetisch.fit\/pt\/reset4me-hilfeseite\/\" target=\"_blank\" rel=\"noopener\"><br \/>\n\t\t\t\t\t\t\t\t\t\t\tHilfeseite<br \/>\n\t\t\t\t\t\t\t\t\t\t\t<\/a>\n\t\t\t\t\t\t\t\t\t<\/li>\n<\/ul>\n<h1>reset4me &#8211; Hilfeseite<\/h1>\n<h3>Herzlich willkommen<\/h3>\n<p>\t\thttps:\/\/youtu.be\/U6E3Oc3Aca0<\/p>\n<p>Sehen Sie sich unsere Bewertungen auf <a href=\"https:\/\/www.google.at\/maps\/place\/enerprax+-+Institut+f%C3%BCr+praktische+Energieheilkunde\/@47.1543576,9.8103453,16z\/data=!4m21!1m13!4m12!1m4!2m2!1d9.8102878!2d47.1561081!4e1!1m6!1m2!1s0x479b4fb7b184a99f:0x6a9847600d183c39!2senerprax+-+Institut+f%C3%BCr+praktische+Energieheilkunde!2m2!1d9.8196119!2d47.1532269!3m6!1s0x479b4fb7b184a99f:0x6a9847600d183c39!8m2!3d47.1532269!4d9.8196119!9m1!1b1\" target=\"_blank\" rel=\"noopener nofollow\">Google<\/a> an<\/p>\n<p>\t\t\t\t\t\t<i>&#xE934;<\/i><i>&#xE934;<\/i><i>&#xE934;<\/i><i>&#xE934;<\/i><i>&#xE934;<\/i> 4.8\/5\t\t<\/p>\n<ul>\n<li>\n\t\t\t\t\t\t\t\t\t\tReproduzierbar\n\t\t\t\t\t\t\t\t\t<\/li>\n<li>\n\t\t\t\t\t\t\t\t\t\tWissenschaftlich berechenbar\n\t\t\t\t\t\t\t\t\t<\/li>\n<li>\n\t\t\t\t\t\t\t\t\t\tsichtbare Ergebnisse\n\t\t\t\t\t\t\t\t\t<\/li>\n<\/ul>\n<h2>Bedienung von reset4me<\/h2>\n<p>In den folgenden Videos wird die Anwendung und die Bedienung von reset4me erkl\u00e4rt.<\/p>\n<h2>Erste Schritte<\/h2>\n<p>\t\t\t\t\t\t\t\t\t\t\t\t\t\t\t7 Videos<\/p>\n<h4 title=\"Login bei reset4me\">\n\t\t\t\t\t\t\t\t\t\t\t<a href=\"\"><br \/>\n\t\t\t\t\t\t\t\t\t\t\t\tLogin bei reset4me\t\t\t\t\t\t\t\t\t\t\t<\/a><br \/>\n\t\t\t\t\t\t\t\t\t\t<\/h4>\n<p>\t\t\t\t\t\t\t\t\t\t\t\t\t\t\t\t\t\t\t\t\t1:12<\/p>\n<h4 title=\"Dashboard &#038; Bedienelemente reset4me\">\n\t\t\t\t\t\t\t\t\t\t\t<a href=\"\"><br \/>\n\t\t\t\t\t\t\t\t\t\t\t\tDashboard &#038; Bedienelemente reset4me\t\t\t\t\t\t\t\t\t\t\t<\/a><br \/>\n\t\t\t\t\t\t\t\t\t\t<\/h4>\n<p>\t\t\t\t\t\t\t\t\t\t\t\t\t\t\t\t\t\t\t\t\t3:40<\/p>\n<h4 title=\"Neuen Benutzer anlegen in reset4me\">\n\t\t\t\t\t\t\t\t\t\t\t<a href=\"\"><br \/>\n\t\t\t\t\t\t\t\t\t\t\t\tNeuen Benutzer anlegen in reset4me\t\t\t\t\t\t\t\t\t\t\t<\/a><br \/>\n\t\t\t\t\t\t\t\t\t\t<\/h4>\n<p>\t\t\t\t\t\t\t\t\t\t\t\t\t\t\t\t\t\t\t\t\t3:23<\/p>\n<h4 title=\"\"mein thema\" anlegen &#038; bearbeiten reset4me\">\n\t\t\t\t\t\t\t\t\t\t\t<a href=\"\"><br \/>\n\t\t\t\t\t\t\t\t\t\t\t\t&#8222;Mein Thema&#8220; anlegen &#038; bearbeiten reset4me\t\t\t\t\t\t\t\t\t\t\t<\/a><br \/>\n\t\t\t\t\t\t\t\t\t\t<\/h4>\n<p>\t\t\t\t\t\t\t\t\t\t\t\t\t\t\t\t\t\t\t\t\t2:49<\/p>\n<h4 title=\"Behandlung &#038; Korrektur reste4me\">\n\t\t\t\t\t\t\t\t\t\t\t<a href=\"\"><br \/>\n\t\t\t\t\t\t\t\t\t\t\t\tBehandlung &#038; Korrektur reste4me\t\t\t\t\t\t\t\t\t\t\t<\/a><br \/>\n\t\t\t\t\t\t\t\t\t\t<\/h4>\n<p>\t\t\t\t\t\t\t\t\t\t\t\t\t\t\t\t\t\t\t\t\t4:02<\/p>\n<h4 title=\"Foto hochladen oder wechseln reset4me\">\n\t\t\t\t\t\t\t\t\t\t\t<a href=\"\"><br \/>\n\t\t\t\t\t\t\t\t\t\t\t\tFoto hochladen oder wechseln reset4me\t\t\t\t\t\t\t\t\t\t\t<\/a><br \/>\n\t\t\t\t\t\t\t\t\t\t<\/h4>\n<p>\t\t\t\t\t\t\t\t\t\t\t\t\t\t\t\t\t\t\t\t\t1:26<\/p>\n<h4 title=\"Benutzer-Konto einloggen &#038; Referenzlink finden\">\n\t\t\t\t\t\t\t\t\t\t\t<a href=\"\"><br \/>\n\t\t\t\t\t\t\t\t\t\t\t\tBenutzer-Konto einloggen &#038; Referenzlink finden\t\t\t\t\t\t\t\t\t\t\t<\/a><br \/>\n\t\t\t\t\t\t\t\t\t\t<\/h4>\n<p>\t\t\t\t\t\t\t\t\t\t\t\t\t\t\t\t\t\t\t\t\t1:48<br \/>\n\t\t\t\t\t\t\t\t\t\t\t\t\t\t\t\t\t\t\t\t\t\tPlay Video<\/p>\n<h2>reset4me &#8211; Fragen &amp; Antworten<\/h2>\n<p>Hier werden die h\u00e4ufigsten Fragen rund um reset4me beantwortet.<\/p>\n<p>\t\t\t\t\t\t\t\t\t\t\t\t<a href=\"\">Welche Technologie steckt hinter reset4ne?<\/a><\/p>\n<p>Die Technologie hinter reset4me l\u00e4sst sich damit erkl\u00e4ren, dass wir die \u201cRohdaten\u201d des Probanden verwenden (Name, Geburtsdatum und Geburtsort) und daraus eine Schwingung berechnen (Buchstaben und Zahlen lassen sich in eine Schwingung umrechnen).<\/p>\n<p>Daraus wird dadurch der \u201cindividuelle\u201d Biorhythmus errechnet und mit dem Schwingen eines Problems oder Symptoms verglichen.<\/p>\n<p>Sobald sich das Schwingungsmuster des Probanden mit dem Muster des Problems \u00fcberschneiden, ergibt sich ein Treffer und das Programm zeigt diesen am Bildschirm anhand der farbigen Playbuttons an.<\/p>\n<p>\t\t\t\t\t\t\t\t\t\t\t\t<a href=\"\">Was sind biologische Rhythmen?<\/a><\/p>\n<p>Biologische Rhythmen sind f\u00fcr alle lebenden Organismen von Bedeutung, denen die Anpassung an zeitlich wechselnde Umgebungsbedingungen g\u00fcnstigere \u00dcberlebenschancen erm\u00f6glicht.<\/p>\n<p>Daher ist es nicht verwunderlich, dass bei allen bisher untersuchten Lebewesen rhythmische Abl\u00e4ufe gefunden werden konnten. Einige Beispiele sind Zellteilung, Herzschlag, Atmung, Schlaf, Winterruhe oder auch die Brunft (vergleichbar mit dem Menstruationszyklus beim Menschen).<\/p>\n<p>\t\t\t\t\t\t\t\t\t\t\t\t<a href=\"\">Was sind Resonanzen?<\/a><\/p>\n<p>Der Begriff \u201cResonanz\u201d stammt aus dem lateinischen (resonare) und bedeutet \u201cwiderhallen\u201d.<\/p>\n<p>Eine Resonanz auf einen Menschen bezogen, bedeutet eine Reaktion auf eine \u00c4u\u00dferung, eine Handlung oder aber auch Zuspruch oder eine \u00dcbereinstimmung wie z.B.:<\/p>\n<ul>\n<li>In Resonanz mit einem Menschen gehen<\/li>\n<li>Die Resonanz des Publikums bei einem Vortrag<\/li>\n<li>Die \u00dcbereinstimmung (Resonanz) zweier Menschen<\/li>\n<li>Die \u00dcbereinstimmung (Resonanz) der Werte einer Analyse<\/li>\n<\/ul>\n<p>\t\t\t\t\t\t\t\t\t\t\t\t<a href=\"\">Was versteht man unter einem reproduzierbaren System?<\/a><\/p>\n<p>Reproduzierbar bedeutet, dass wenn man mehrere Tests hintereinander ausf\u00fchrt, sollen auch jeweils immer wieder die gleichen Werte herauskommen.<\/p>\n<p>Es bedeutet aber auch, dass wenn man eine Person auf verschiedenen Computern eingibt, sollten ebenfalls auf allen Ger\u00e4ten dieselben Werte\/Ergebnisse herauskommen.<\/p>\n<p>\t\t\t\t\t\t\t\t\t\t\t\t<a href=\"\">Warum muss ich meinen Vor- und Nachnamen bekannt geben?<\/a><\/p>\n<p>Der Vor- und Nachname wird von unserem Algorithmus in eine Schwingung umgewandelt.<\/p>\n<p>Eine Grundlage zur Berechnung der Schwingungen stammt aus der Numerologie.<\/p>\n<p>Hier wird davon ausgegangen, dass jeder Buchstabe einer bestimmten Zahl\/Schwingung\/Frequenz zugeordnet werden kann. Diese Zuordnung verwenden wir ebenfalls zur Ermittlung deiner pers\u00f6nlichen Schwingung\/Rhythmus.<\/p>\n<p>\t\t\t\t\t\t\t\t\t\t\t\t<a href=\"\">Warum muss ich meinen Geburtsort bekannt geben?<\/a><\/p>\n<p>Der Geburtsort dient zu genaueren Berechnung des individuellen Biorhythmus.<\/p>\n<p>Um den individuellen Rhythmus so genau wie m\u00f6glich zu berechnen, verwenden wir den Namen, das Geburtsdatum und den Geburtsort. Alle diese Daten werden von unserem Algorithmus in eine Schwingung berechnet \u2013 und daraus ergibt sich dann dein pers\u00f6nlicher Biorhythmus.<\/p>\n<p>\t\t\t\t\t\t\t\t\t\t\t\t<a href=\"\">Warum muss ich mein Geburtsdatum bekannt geben?<\/a><\/p>\n<p>Wir ben\u00f6tigen das Geburtsdatum f\u00fcr die Berechnung deines individuellen Biorhythmus.<\/p>\n<p>Sobald eine Mensch von der Nabelschnur der Mutter abgenabelt wird, startet unser vegetatives Nervensystem mit seinem eigenen Rhythmus. Dieser Rhythmus wir als \u201eBiorhythmus\u201c bezeichnet.<\/p>\n<p>Damit wir jedoch noch genauer analysieren und berechnen k\u00f6nnen, ben\u00f6tigen wir auch den Vor und Nachnamen und den Geburtsort.<\/p>\n<p>Die Summe dieser Werte ergeben dann deinen Rhythmus\/Schwingung.<\/p>\n<p>\t\t\t\t\t\t\t\t\t\t\t\t<a href=\"\">Sind meine Daten sicher?<\/a><\/p>\n<p>Ihre Daten werden in einem ISO 127001 zertifizierten Deutschen privaten Rechenzentrum gespeichert.<\/p>\n<p>Alle Verbindungen sind mit SSL verschl\u00fcsselt und werden auch verschl\u00fcsselt \u00fcbertragen. Nat\u00fcrlich halten wir alle Standards im Datenschutz ein und verbessern diesen st\u00e4ndig.<\/p>\n<p>\t\t\t\t\t\t\t\t\t\t\t\t<a href=\"\">Was bedeutet Farbtherapie?<\/a><\/p>\n<p>Als Farbtherapie werden Behandlungsformen bezeichnet, bei denen die Wirkung von Farben auf die menschliche Psyche und damit den menschlichen Organismus eine Rolle spielen.<\/p>\n<p>Wie aus der Physik bekannt ist, bestehen Farben aus Lichtteilchen, welche in verschiedenen Frequenzen schwingen.<\/p>\n<p>Wir verwenden bei energetisch.fit die Schwingungen \/ die Frequenz der Farben, welche durch unseren Algorithmus berechnet wurden.<\/p>\n<p>\t\t\t\t\t\t\t\t\t\t\t\t<a href=\"\">Wie lange dauert es, bis eine Behandlung seine Wirkung zeigt?<\/a><\/p>\n<p>Es ist sehr schwierig zu sagen, wie schnell es geht, dass eine Behandlung anschl\u00e4gt.<\/p>\n<p>Es ist auf jeden Fall von Mensch zu Mensch unterschiedlich. Und nat\u00fcrlich h\u00e4ngt es auch davon ab, wie schwer das Problem ist und auch wie lange das Problem auch bereits besteht.<\/p>\n<p>\t\t\t\t\t\t\t\t\t\t\t\t<a href=\"\">Wie oft muss ich mich behandeln?<\/a><\/p>\n<p>Es ist sehr schwierig zu sagen, wie oft und wie lange behandelt werden sollte, da jeder Mensch und auch jedes Problem unterschiedlich reagiert.<\/p>\n<p><strong>Normalerweise sind die ersten Ver\u00e4nderungen innerhalb der ersten Tage (1-3 Tage) sp\u00fcrbar.<\/strong><\/p>\n<p>Gesamt betrachtet ist es jedoch immer individuell, wie schnell und wie stark jemand reagiert.<\/p>\n<h2>Sicherheit<\/h2>\n<p>\t\t\t\t\t\t\t\t\t\t\t\t<a href=\"\">Sind meine Daten sicher?<\/a><\/p>\n<p>Ihre Daten werden in einem ISO 127001 zertifizierten Deutschen privaten Rechenzentrum gespeichert.<\/p>\n<p>Alle Verbindungen sind mit SSL verschl\u00fcsselt und werden auch verschl\u00fcsselt \u00fcbertragen. Nat\u00fcrlich halten wir alle Standards im Datenschutz ein und verbessern diesen st\u00e4ndig.<\/p>\n<p>\t\t\t\t\t\t\t\t\t\t\t\t<a href=\"\">Wo kann ich mein Passwort neu anfordern?<\/a><\/p>\n<p>Als Inhaber von einem Konto k\u00f6nnen Sie das Passwort mit dem Klick auf &#8220;Passwort-Vergessen&#8221; neu anfordern.<\/p>\n<p>Sie finden dies auf der Start- bzw. Login-Seite<\/p>\n<p>\t\t\t\t\t\t\t\t\t\t\t\t<a href=\"\">Wo kann ich mein Konto l\u00f6schen?<\/a><\/p>\n<p>Bitte kontaktieren Sie uns auf info@energetisch.fit &#8211; wir werden Ihr Konto innerhalb von 30 Tagen ab Erhalt und Setzung der Frist l\u00f6schen.\u00a0<\/p>\n<p>\t\t\t\t\t\t\t\t\t\t\t\t<a href=\"\">Wo kann ich ein Konto wiederherstellen?<\/a><\/p>\n<p>Ein gel\u00f6schtes Konto kann nicht wiederhergestellt werden. &#8211; Dies w\u00fcrde einen enormen Aufwand bedeuten.\u00a0<\/p>\n<h2>Bekannte Problemstellungen<\/h2>\n<p>\t\t\t\t\t\t\t\t\t\t\t\t<a href=\"\">Wenn ich meinen gespeicherten Link \u00f6ffne erscheint einen 500 Fehler?<\/a><\/p>\n<p>Wenn 500Fehler erscheinen, dann haben Sie keine Berechtigung auf diese Seite zuzugreifen.\u00a0<\/p>\n<p>Dies passiert oft, wenn Sie nicht \u00fcber die Startseite \u00f6ffnen, sondern eine Unterseite davon: start.energetisch.fit\/dashboard\/&#8230;&#8221;<\/p>\n<p>Bitte gehen Sie auf die Start-\/Loginseite und melden Sie sich im System zuerst an.\u00a0<\/p>\n<p>\t\t\t\t\t\t\t\t\t\t\t\t<a href=\"\">Anmelde Limit erreicht, wie kann ich das l\u00f6sen?<\/a><\/p>\n<p>Wenn Sie Ihr Anmelde-Limit erreicht haben, k\u00f6nnen Sie alle Anmeldungen auf dem Server l\u00f6schen, dazu dr\u00fccken Sie auf den roten Button &#8220;Alle Abmelden&#8221; &#8211; Danach ist es ihnen wieder m\u00f6glich sich anzumelden.\u00a0<\/p>\n<p>Bitte verlassen Sie energetisch.fit immer \u00fcber den &#8220;Abmeldebutton&#8221;, damit wird die Sitzung auf dem Server beendet.<\/p>\n<p>\t\t\t\t\t\t\t\t\t\t\t\t<a href=\"\">Kein Audio bei der Fernbehandlung oder Behandlung h\u00f6rbar<\/a><\/p>\n<p>Sollte bei der Behandlung kein Ton h\u00f6rbar sein, kann dies mehrere Gr\u00fcnde haben:<\/p>\n<ul>\n<li>Berechtigung im Browser nicht erteilt<br \/><a href=\"http:\/\/energetisch.fit\/pt\/hilfe\/kategorie\/technik\/\" target=\"_blank\" rel=\"noopener\">zur Hilfe<\/a><\/li>\n<li>Lautst\u00e4rke von Ihrem Ger\u00e4t zu gering eingestellt<\/li>\n<li>Langsame Internetverbindung &#8211; Die Audiodateien ben\u00f6tigen l\u00e4nger zu laden, als die Behandlung l\u00e4uft<\/li>\n<\/ul>\n<h2>Systemvoraussetzungen reset4me<\/h2>\n<p>\t\t\t\t\t\t\t\t\t\t\t\t<a href=\"\">Internet<\/a><\/p>\n<p>Da energetisch.fit eine Internetanwendung ist, ben\u00f6tigen Sie eine gute, stabile Internetverbindung.\u00a0<\/p>\n<p>Wir empfehlen mindestens 10Mbit, besser 20Mbit oder mehr.<\/p>\n<p>\t\t\t\t\t\t\t\t\t\t\t\t<a href=\"\">Lautsprecher<\/a><\/p>\n<p>Damit die Behandlung den bestm\u00f6glichen Nutzen hat, empfehlen wir handels\u00fcbliche Lautsprecher zu verwenden, zur Not funktionieren auch die im Bildschirm integrierten Lautsprecher wobei die Qualit\u00e4t nicht so klar ist.<\/p>\n<p>\u00a0<\/p>\n<p>Optional kann auch unsere Bifilarflachspule anstatt einem Lautsprecher angeschlossen werden.\u00a0<\/p>\n<p>\t\t\t\t\t\t\t\t\t\t\t\t<a href=\"\">Betriebssystem \/ Browser \/ Hardware<\/a><\/p>\n<p>reset4me funktioniert nahezu auf allen modernen und aktuellen Betriebssystemen und Browsern.<\/p>\n<p>Wir testen unserer Software auf Linux (Ubuntu, Debian), Apple (OSX, iPad OS, iOS), Windows 10.\u00a0<\/p>\n<p>Da es sich um eine Online-Anwendung handelt, wird ein kostenloser Browser wie Chrome oder Firefox ben\u00f6tigt. Dies hat den gro\u00dfen Vorteil, dass Sie von fast \u00fcberall auf der Welt, mit einem internetf\u00e4higen Ger\u00e4t auf energetisch.fit zugreifen k\u00f6nnen, ohne, dass Sie eine Software installieren m\u00fcssen.<\/p>\n<p>F\u00fcr eine fl\u00fcssige Darstellung der Behandlung werden mindestens 4 GB Arbeitsspeicher empfohlen.<\/p>\n<p>\t\t\t\t\t\t\t\t\t\t\t\t<a href=\"\">Mobile \/ Tablet<\/a><\/p>\n<p>Generell funktionfiert reset4me auch auf Tablets und Smartphones.\u00a0<\/p>\n<p>Es kann vorkommen, dass je nach Ger\u00e4t, die Audiowiedergabe der Behandlung (auf Apple Mobile Ger\u00e4ten) &#8211;\u00a0\u00a0 auf den Musikbutton gedr\u00fcckt werden muss.<\/p>\n<p>\u00a0<\/p>","protected":false},"excerpt":{"rendered":"<p>Preise Hilfeseite reset4me &#8211; Hilfeseite Herzlich willkommen https:\/\/youtu.be\/U6E3Oc3Aca0 Sehen Sie sich unsere Bewertungen auf Google an &#xE934;&#xE934;&#xE934;&#xE934;&#xE934; 4.8\/5 Reproduzierbar Wissenschaftlich berechenbar sichtbare Ergebnisse Bedienung von reset4me In den folgenden Videos wird die Anwendung und die Bedienung von reset4me erkl\u00e4rt. Erste Schritte 7 Videos Login bei reset4me 1:12 Dashboard &#038; Bedienelemente reset4me 3:40 Neuen Benutzer anlegen [&hellip;]<\/p>\n","protected":false},"author":1,"featured_media":0,"parent":0,"menu_order":0,"comment_status":"closed","ping_status":"closed","template":"elementor_canvas","meta":{"_acf_changed":false,"footnotes":""},"efit-produkt":[],"class_list":["post-10941","page","type-page","status-publish","hentry"],"acf":[],"acpt":null,"_links":{"self":[{"href":"https:\/\/energetisch.fit\/pt\/wp-json\/wp\/v2\/pages\/10941","targetHints":{"allow":["GET"]}}],"collection":[{"href":"https:\/\/energetisch.fit\/pt\/wp-json\/wp\/v2\/pages"}],"about":[{"href":"https:\/\/energetisch.fit\/pt\/wp-json\/wp\/v2\/types\/page"}],"author":[{"embeddable":true,"href":"https:\/\/energetisch.fit\/pt\/wp-json\/wp\/v2\/users\/1"}],"replies":[{"embeddable":true,"href":"https:\/\/energetisch.fit\/pt\/wp-json\/wp\/v2\/comments?post=10941"}],"version-history":[{"count":0,"href":"https:\/\/energetisch.fit\/pt\/wp-json\/wp\/v2\/pages\/10941\/revisions"}],"wp:attachment":[{"href":"https:\/\/energetisch.fit\/pt\/wp-json\/wp\/v2\/media?parent=10941"}],"wp:term":[{"taxonomy":"efit-produkt","embeddable":true,"href":"https:\/\/energetisch.fit\/pt\/wp-json\/wp\/v2\/efit-produkt?post=10941"}],"curies":[{"name":"wp","href":"https:\/\/api.w.org\/{rel}","templated":true}]}}