{"id":10157,"date":"2021-05-18T09:36:35","date_gmt":"2021-05-18T07:36:35","guid":{"rendered":"http:\/\/energetisch.fit\/bezahlmoeglichkeiten\/"},"modified":"2023-05-10T17:01:53","modified_gmt":"2023-05-10T15:01:53","slug":"bezahlmoeglichkeiten","status":"publish","type":"page","link":"https:\/\/energetisch.fit\/pt\/bezahlmoeglichkeiten\/","title":{"rendered":"M\u00e9todos de pagamento"},"content":{"rendered":"<p>Wir akzeptieren die unten angef\u00fchrten Zahlarten. Je nach Summe und Art (Abonnement, Jahreszahlung, Warenkauf) halten wir uns das recht vor, Zahlarten zu der jeweiligen passenden Art zu justieren. (Nicht alle Zahlwege erlauben Abonnements!) weitere Informationen sind bei unserem Zahlungsdienstleister <a href=\"https:\/\/www.mollie.com\/de\/payments\" target=\"_blank\" rel=\"noopener nofollow\">mollie.com<\/a> zu finden.&nbsp;<\/p>\n\n\n<div class=\"woocommerce woocommerce-gzd\">\n\t<ul class=\"payment_methods methods\">\n\t\t\t\t\t<li class=\"payment_method_paypal\">\n\t\t\t\t<label>PayPal<img decoding=\"async\" src=\"https:\/\/energetisch.fit\/wp-content\/plugins\/woocommerce\/assets\/images\/paypal.png\" alt=\"Marca de aceita\u00e7\u00e3o do PayPal\" data-no-translation-alt=\"\" \/><\/label>\n\t\t\t\t\t\t\t\t\t<div class=\"payment_box payment_method_paypal\">\n\t\t\t\t\t\t<p>Mit Paypal bezahlen. Solltest du keinen Paypal-Account besitzen, kannst du auch mit deiner Kreditkarte bezahlen.<\/p>\n\t\t\t\t\t<\/div>\n\t\t\t\t\t\t\t<\/li>\n\t\t\t\t\t<li class=\"payment_method_mollie_wc_gateway_creditcard\">\n\t\t\t\t<label>Card<img src='https:\/\/www.mollie.com\/external\/icons\/payment-methods\/creditcard.svg' alt='creditcard icon' class='mollie-gateway-icon' \/><\/label>\n\t\t\t\t\t\t\t\t\t<div class=\"payment_box payment_method_mollie_wc_gateway_creditcard\">\n\t\t\t\t\t\t<p><\/p>\n\t\t\t\t\t<\/div>\n\t\t\t\t\t\t\t<\/li>\n\t\t\t\t\t<li class=\"payment_method_mollie_wc_gateway_applepay\">\n\t\t\t\t<label>Apple Pay<img src='https:\/\/www.mollie.com\/external\/icons\/payment-methods\/applepay.svg' alt='applepay icon' class='mollie-gateway-icon' \/><\/label>\n\t\t\t\t\t\t\t\t\t<div class=\"payment_box payment_method_mollie_wc_gateway_applepay\">\n\t\t\t\t\t\t<p><\/p>\n\t\t\t\t\t<\/div>\n\t\t\t\t\t\t\t<\/li>\n\t\t\t\t\t<li class=\"payment_method_invoice\">\n\t\t\t\t<label>Rechnung \/ Vorauskasse<\/label>\n\t\t\t\t\t\t\t\t\t<div class=\"payment_box payment_method_invoice\">\n\t\t\t\t\t\t<p>Du erh\u00e4ltst nach der Bestellung eine Bestellbest\u00e4tigung von uns. Bitte \u00fcberweise den Gesamtbetrag innerhalb von 7 Tagen auf das dort angegebene Konto.\r\nNach erfolgreichem Zahlungseingang werden die gebuchten Leistungen erstellt und eine Rechnung versendet.<\/p>\n\t\t\t\t\t<\/div>\n\t\t\t\t\t\t\t<\/li>\n\t\t\t<\/ul>\n<\/div>","protected":false},"excerpt":{"rendered":"<p>Wir akzeptieren die unten angef\u00fchrten Zahlarten. Je nach Summe und Art (Abonnement, Jahreszahlung, Warenkauf) halten wir uns das recht vor, Zahlarten zu der jeweiligen passenden Art zu justieren. (Nicht alle Zahlwege erlauben Abonnements!) weitere Informationen sind bei unserem Zahlungsdienstleister mollie.com zu finden.&nbsp;<\/p>","protected":false},"author":1,"featured_media":0,"parent":0,"menu_order":0,"comment_status":"closed","ping_status":"closed","template":"elementor_theme","meta":{"_acf_changed":false,"footnotes":""},"efit-produkt":[],"class_list":["post-10157","page","type-page","status-publish","hentry"],"acf":[],"acpt":null,"_links":{"self":[{"href":"https:\/\/energetisch.fit\/pt\/wp-json\/wp\/v2\/pages\/10157","targetHints":{"allow":["GET"]}}],"collection":[{"href":"https:\/\/energetisch.fit\/pt\/wp-json\/wp\/v2\/pages"}],"about":[{"href":"https:\/\/energetisch.fit\/pt\/wp-json\/wp\/v2\/types\/page"}],"author":[{"embeddable":true,"href":"https:\/\/energetisch.fit\/pt\/wp-json\/wp\/v2\/users\/1"}],"replies":[{"embeddable":true,"href":"https:\/\/energetisch.fit\/pt\/wp-json\/wp\/v2\/comments?post=10157"}],"version-history":[{"count":0,"href":"https:\/\/energetisch.fit\/pt\/wp-json\/wp\/v2\/pages\/10157\/revisions"}],"wp:attachment":[{"href":"https:\/\/energetisch.fit\/pt\/wp-json\/wp\/v2\/media?parent=10157"}],"wp:term":[{"taxonomy":"efit-produkt","embeddable":true,"href":"https:\/\/energetisch.fit\/pt\/wp-json\/wp\/v2\/efit-produkt?post=10157"}],"curies":[{"name":"wp","href":"https:\/\/api.w.org\/{rel}","templated":true}]}}