{"id":2831151,"date":"2026-03-31T16:40:14","date_gmt":"2026-03-31T14:40:14","guid":{"rendered":"https:\/\/energetisch.fit\/?post_type=product&#038;p=2831151"},"modified":"2026-04-08T09:45:53","modified_gmt":"2026-04-08T07:45:53","slug":"lessere-umano-come-sistema","status":"publish","type":"product","link":"https:\/\/energetisch.fit\/it\/shop\/der-mensch-als-system\/","title":{"rendered":"L'uomo come sistema"},"content":{"rendered":"<p>Mettete fine alla nebbia dell'esoterismo. Benvenuti nel mondo della medicina dell'informazione.<\/p>\n<p>Hast du dich jemals gefragt, warum manche Interventionen sofort greifen, w\u00e4hrend andere trotz bester Absichten verpuffen? Warum reagiert der eine auf Stress mit dem Magen und der andere mit R\u00fcckenschmerzen? Die Antwort liegt nicht in den Einzelteilen, sondern im System.<\/p>\n<p>Dieses Buch r\u00e4umt mit dem veralteten mechanistischen \u201eUhrwerk-Denken\u201c auf. Es zeigt auf Basis von Systemtheorie, Biologie und Kybernetik, dass der Mensch kein Patient ist, den man \u201ereparieren\u201c kann, sondern ein hochkomplexes Informationssystem, das nach logischen Regeln reguliert.<\/p>\n<p><span class=\"a-text-bold\">Cosa vi aspetta in questo libro:<\/span><\/p>\n<ul class=\"a-unordered-list a-vertical\">\n<li><span class=\"a-text-bold\">Da componente a sistema:<\/span>\u00a0Scoprite perch\u00e9 la visione tradizionale ci costa energia e come il cambio di paradigma verso la logica di sistema crea soluzioni nuove ed efficaci.<\/li>\n<li><span class=\"a-text-bold\">La logica della regolamentazione:<\/span>\u00a0Capire come il corpo comunica attraverso frequenze, ritmi e risonanze. Imparare a decifrare i sintomi non come difetti, ma come informazioni biologiche significative.<\/li>\n<li><span class=\"a-text-bold\">Precisione al posto dei bastoncini d'incenso:<\/span>\u00a0Scoprite come il lavoro energetico riceve una base logica e stabile. Imparare come gli strumenti di pensiero digitale (come\u00a0<span class=\"a-text-italic\">energico.in forma<\/span>) aiutano a visualizzare in modo oggettivo i singoli modelli.<\/li>\n<li><span class=\"a-text-bold\">Responsabilit\u00e0 personale attraverso la conoscenza:<\/span>\u00a0Utilizzate questo modello come strumento di precisione per il vostro percorso verso una vera regolamentazione.<\/li>\n<\/ul>\n<p>Dieses Werk schl\u00e4gt die Br\u00fccke: Es liefert Energetikern ein stabiles Fundament und bietet wissenschaftlich Denkenden ein strukturiertes Modell f\u00fcr die Welt der Schwingungen. Es geht nicht um Heilsversprechen, sondern um das Verst\u00e4ndnis von Prozessen.<\/p>","protected":false},"excerpt":{"rendered":"<p>Opzione 1: libro elettronico in PDF + audiolibro in MP3<br \/>\nOpzione 2: libro con copertina rigida<br \/>\nOpzione 3: Libro con copertina morbida<\/p>\n<p><span class=\"a-text-bold\">Cosa vi aspetta in questo libro:<\/span><\/p>\n<ul class=\"a-unordered-list a-vertical\">\n<li><span class=\"a-text-bold\">Da componente a sistema:<\/span>\u00a0Scoprite perch\u00e9 la visione tradizionale ci costa energia e come il cambio di paradigma verso la logica di sistema crea soluzioni nuove ed efficaci.<\/li>\n<li><span class=\"a-text-bold\">La logica della regolamentazione:<\/span>\u00a0Capire come il corpo comunica attraverso frequenze, ritmi e risonanze. Imparare a decifrare i sintomi non come difetti, ma come informazioni biologiche significative.<\/li>\n<li><span class=\"a-text-bold\">Precisione al posto dei bastoncini d'incenso:<\/span>\u00a0Scoprite come il lavoro energetico riceve una base logica e stabile. Imparare come gli strumenti di pensiero digitale (come\u00a0<span class=\"a-text-italic\">energico.in forma<\/span>) aiutano a visualizzare in modo oggettivo i singoli modelli.<\/li>\n<li><span class=\"a-text-bold\">Responsabilit\u00e0 personale attraverso la conoscenza:<\/span>\u00a0Utilizzate questo modello come strumento di precisione per il vostro percorso verso una vera regolamentazione.<\/li>\n<\/ul>","protected":false},"featured_media":2831485,"comment_status":"open","ping_status":"closed","template":"","meta":{"_acf_changed":false},"product_brand":[],"product_cat":[302],"product_tag":[],"class_list":{"0":"post-2831151","1":"product","2":"type-product","3":"status-publish","4":"has-post-thumbnail","6":"product_cat-unkategorisiert","7":"product_shipping_class-standartversand-1-3-werktage","8":"tm-no-options","10":"first","11":"instock","12":"taxable","13":"shipping-taxable","14":"purchasable","15":"product-type-variable","16":"has-default-attributes"},"acf":[],"_links":{"self":[{"href":"https:\/\/energetisch.fit\/it\/wp-json\/wp\/v2\/product\/2831151","targetHints":{"allow":["GET"]}}],"collection":[{"href":"https:\/\/energetisch.fit\/it\/wp-json\/wp\/v2\/product"}],"about":[{"href":"https:\/\/energetisch.fit\/it\/wp-json\/wp\/v2\/types\/product"}],"replies":[{"embeddable":true,"href":"https:\/\/energetisch.fit\/it\/wp-json\/wp\/v2\/comments?post=2831151"}],"wp:featuredmedia":[{"embeddable":true,"href":"https:\/\/energetisch.fit\/it\/wp-json\/wp\/v2\/media\/2831485"}],"wp:attachment":[{"href":"https:\/\/energetisch.fit\/it\/wp-json\/wp\/v2\/media?parent=2831151"}],"wp:term":[{"taxonomy":"product_brand","embeddable":true,"href":"https:\/\/energetisch.fit\/it\/wp-json\/wp\/v2\/product_brand?post=2831151"},{"taxonomy":"product_cat","embeddable":true,"href":"https:\/\/energetisch.fit\/it\/wp-json\/wp\/v2\/product_cat?post=2831151"},{"taxonomy":"product_tag","embeddable":true,"href":"https:\/\/energetisch.fit\/it\/wp-json\/wp\/v2\/product_tag?post=2831151"}],"curies":[{"name":"wp","href":"https:\/\/api.w.org\/{rel}","templated":true}]}}