{"id":25233,"date":"2025-06-13T11:50:25","date_gmt":"2025-06-13T09:50:25","guid":{"rendered":"https:\/\/energetisch.fit\/?post_type=product&#038;p=25233"},"modified":"2025-06-13T12:12:45","modified_gmt":"2025-06-13T10:12:45","slug":"fisica-quantistica-stronzate-o-novita-le-35-domande-e-risposte-piu-provocatorie-sulle-frequenze-energetiche-che-convincono-anche-gli-scettici","status":"publish","type":"product","link":"https:\/\/energetisch.fit\/it\/shop\/energetik-quantenphysik-bullshit-oder-bahnbrechend-die-35-provokantesten-fragen-und-antworten-zu-energie-frequenzen-co-die-selbst-skeptiker-ueberzeugen\/","title":{"rendered":"Libro fisico: Energetica e fisica quantistica: stronzate o novit\u00e0?"},"content":{"rendered":"<p><span class=\"a-text-bold\">Energetica e fisica quantistica: stronzate o novit\u00e0?<\/span><br \/>\n<span class=\"a-text-italic\">Le 35 domande - e risposte - pi\u00f9 provocatorie su energia, frequenze &amp; co. che convinceranno anche gli scettici.<\/span><\/p>\n<ul class=\"a-unordered-list a-vertical\">\n<li><span class=\"a-list-item\"><span class=\"a-text-bold\">L'energetica \u00e8 solo esoterismo o c'\u00e8 una vera scienza dietro?<\/span><\/span><\/li>\n<li><span class=\"a-list-item\"><span class=\"a-text-bold\">Le frequenze possono davvero guarire o sono solo un placebo?<\/span><\/span><\/li>\n<li><span class=\"a-list-item\"><span class=\"a-text-bold\">Che cosa dice la ricerca - e che cosa viene solo sostenuto?<\/span><\/span><\/li>\n<\/ul>\n<p>Questo libro non usa mezzi termini! Pone le domande pi\u00f9 eccitanti, assurde e intelligenti sull'energia e fornisce risposte scientificamente valide, divertenti e sorprendenti. Dall'entanglement quantistico alla medicina delle frequenze e ai campi bioenergetici, qui scoprirete cosa \u00e8 realt\u00e0, cosa \u00e8 mito e cosa fa riflettere gli scienziati.<\/p>\n<ul class=\"a-unordered-list a-vertical\">\n<li><span class=\"a-list-item\"><span class=\"a-text-bold\">Perfetto per scettici e curiosi<\/span>\u00a0- indipendentemente dal fatto che pensiate che l'energetica sia una baggianata o che vogliate saperne di pi\u00f9.<\/span><\/li>\n<li><span class=\"a-list-item\"><span class=\"a-text-bold\">Divertente e ben fondato<\/span>\u00a0- con studi, esempi pratici e fatti chiari.<\/span><\/li>\n<li><span class=\"a-list-item\"><span class=\"a-text-bold\">Provocatorio e diretto<\/span>\u00a0- le risposte che avete sempre cercato!<\/span><\/li>\n<\/ul>\n<p><span class=\"a-text-bold\">Acquistate subito il libro e scoprite se l'energetica \u00e8 il futuro o solo una grande illusione!<\/span><\/p>","protected":false},"excerpt":{"rendered":"<p><span class=\"a-text-bold\">Energetica e fisica quantistica: stronzate o novit\u00e0?<\/span><br \/>\n<span class=\"a-text-italic\">Le 35 domande - e risposte - pi\u00f9 provocatorie su energia, frequenze &amp; co. che convinceranno anche gli scettici.<\/span><\/p>\n<ul class=\"a-unordered-list a-vertical\">\n<li><span class=\"a-list-item\"><span class=\"a-text-bold\">L'energetica \u00e8 solo esoterismo o c'\u00e8 una vera scienza dietro?<\/span><\/span><\/li>\n<li><span class=\"a-list-item\"><span class=\"a-text-bold\">Le frequenze possono davvero guarire o sono solo un placebo?<\/span><\/span><\/li>\n<li><span class=\"a-list-item\"><span class=\"a-text-bold\">Che cosa dice la ricerca - e che cosa viene solo sostenuto?<\/span><\/span><\/li>\n<\/ul>","protected":false},"featured_media":25234,"comment_status":"open","ping_status":"closed","template":"","meta":{"_acf_changed":false},"product_brand":[],"product_cat":[346],"product_tag":[],"class_list":{"0":"post-25233","1":"product","2":"type-product","3":"status-publish","4":"has-post-thumbnail","6":"product_cat-hardware","7":"product_shipping_class-verminderter-standartversand-1-3-werktage","8":"tm-no-options","10":"first","11":"instock","12":"taxable","13":"shipping-taxable","14":"purchasable","15":"product-type-simple"},"acf":[],"_links":{"self":[{"href":"https:\/\/energetisch.fit\/it\/wp-json\/wp\/v2\/product\/25233","targetHints":{"allow":["GET"]}}],"collection":[{"href":"https:\/\/energetisch.fit\/it\/wp-json\/wp\/v2\/product"}],"about":[{"href":"https:\/\/energetisch.fit\/it\/wp-json\/wp\/v2\/types\/product"}],"replies":[{"embeddable":true,"href":"https:\/\/energetisch.fit\/it\/wp-json\/wp\/v2\/comments?post=25233"}],"wp:featuredmedia":[{"embeddable":true,"href":"https:\/\/energetisch.fit\/it\/wp-json\/wp\/v2\/media\/25234"}],"wp:attachment":[{"href":"https:\/\/energetisch.fit\/it\/wp-json\/wp\/v2\/media?parent=25233"}],"wp:term":[{"taxonomy":"product_brand","embeddable":true,"href":"https:\/\/energetisch.fit\/it\/wp-json\/wp\/v2\/product_brand?post=25233"},{"taxonomy":"product_cat","embeddable":true,"href":"https:\/\/energetisch.fit\/it\/wp-json\/wp\/v2\/product_cat?post=25233"},{"taxonomy":"product_tag","embeddable":true,"href":"https:\/\/energetisch.fit\/it\/wp-json\/wp\/v2\/product_tag?post=25233"}],"curies":[{"name":"wp","href":"https:\/\/api.w.org\/{rel}","templated":true}]}}