{"id":17532,"date":"2023-02-10T08:50:41","date_gmt":"2023-02-10T07:50:41","guid":{"rendered":"http:\/\/energetisch.fit\/?post_type=product&#038;p=17532"},"modified":"2024-10-05T10:45:22","modified_gmt":"2024-10-05T08:45:22","slug":"casa-e-proprieta-energeticamente-idonee","status":"publish","type":"product","link":"https:\/\/energetisch.fit\/it\/shop\/energetisch-fit-haus-und-grundstueck\/","title":{"rendered":"casa e propriet\u00e0 energetiche"},"content":{"rendered":"<p>Il nostro software online per l'ottimizzazione energetica <strong>Analyse und Behandlung von Haus und Grundst\u00fcck<\/strong> bietet eine einfache und effektive M\u00f6glichkeit, die <strong>aspetti energetici della vostra propriet\u00e0<\/strong> e migliorarli.<\/p>\n<p>Con questo software \u00e8 possibile organizzare la propria propriet\u00e0 in vari <strong>energetische Aspekte wie Strahlung, Elektrosmog, Wasseradern und geologische St\u00f6rzonen untersuchen<\/strong>. Il software fornisce un'analisi completa e mostra i punti deboli che potrebbero mettere in pericolo la <strong>Energia e salute di un immobile<\/strong> beeintr\u00e4chtigen k\u00f6nnen.<\/p>\n<p>Unsere Online-Software zur energetischen Analyse und Behandlung von Haus und Grundst\u00fcck ist <strong>Facile da usare<\/strong> und kann von jedermann genutzt werden. Du ben\u00f6tigst keine spezielle Ausbildung oder Fachkenntnisse, um von den Vorteilen dieser Software zu profitieren \u2013 <strong>Vi accompagniamo nel vostro cammino<\/strong> und unterst\u00fctzen dich in der Anwendung des Programms.<\/p>\n<p>Migliorate l'efficienza energetica e l'armonia della vostra propriet\u00e0 con il nostro software online per <strong>energetischen Analyse und Behandlung von Haus und Grundst\u00fcck.<\/strong><\/p>\n<p><strong>Contenuto dei vari concetti (modelli di lavoro):<\/strong><\/p>\n<ul>\n<li>Campi, onde, radiazioni<\/li>\n<li>Tossine interne, inquinanti, clima interno<\/li>\n<li>Carico energetico sulla propriet\u00e0<\/li>\n<li>Funghi, batteri, allergeni<\/li>\n<li>Stress mentale, emotivo e spirituale<\/li>\n<li>Esposizione a energie esterne<\/li>\n<\/ul>\n<p>&nbsp;<\/p>\n<p><strong>Verschiedene M\u00f6glichkeiten<\/strong><\/p>\n<ul>\n<li>Selezione di sei o un numero illimitato di clienti<\/li>\n<li>sei aree tematiche<\/li>\n<li>Analisi del campo energetico<\/li>\n<li>Analisi a lungo termine<\/li>\n<li>Database proprio<\/li>\n<li>Trattamento a distanza<\/li>\n<\/ul>","protected":false},"excerpt":{"rendered":"<p>Unsere Online-Software zur energetischen Analyse und Behandlung von Haus und Grundst\u00fcck bietet eine einfache und effektive M\u00f6glichkeit, die energetischen Aspekte Ihrer Immobilie zu untersuchen und zu verbessern. Mit dieser Software kannst du deine Immobilie auf verschiedene energetische Aspekte wie Strahlung, Elektrosmog, Wasseradern und geologische St\u00f6rzonen untersuchen. Die Software gibt eine umfassende Analyse und zeigt Ihnen [&hellip;]<\/p>\n","protected":false},"featured_media":18464,"comment_status":"open","ping_status":"closed","template":"","meta":{"_acf_changed":false},"product_brand":[],"product_cat":[343,448],"product_tag":[],"class_list":{"0":"post-17532","1":"product","2":"type-product","3":"status-publish","4":"has-post-thumbnail","6":"product_cat-digital-constellation","7":"product_cat-sonstige-module","8":"tm-no-options","10":"first","11":"instock","12":"sold-individually","13":"taxable","14":"shipping-taxable","15":"purchasable","16":"product-type-variable-subscription"},"acf":[],"_links":{"self":[{"href":"https:\/\/energetisch.fit\/it\/wp-json\/wp\/v2\/product\/17532","targetHints":{"allow":["GET"]}}],"collection":[{"href":"https:\/\/energetisch.fit\/it\/wp-json\/wp\/v2\/product"}],"about":[{"href":"https:\/\/energetisch.fit\/it\/wp-json\/wp\/v2\/types\/product"}],"replies":[{"embeddable":true,"href":"https:\/\/energetisch.fit\/it\/wp-json\/wp\/v2\/comments?post=17532"}],"wp:featuredmedia":[{"embeddable":true,"href":"https:\/\/energetisch.fit\/it\/wp-json\/wp\/v2\/media\/18464"}],"wp:attachment":[{"href":"https:\/\/energetisch.fit\/it\/wp-json\/wp\/v2\/media?parent=17532"}],"wp:term":[{"taxonomy":"product_brand","embeddable":true,"href":"https:\/\/energetisch.fit\/it\/wp-json\/wp\/v2\/product_brand?post=17532"},{"taxonomy":"product_cat","embeddable":true,"href":"https:\/\/energetisch.fit\/it\/wp-json\/wp\/v2\/product_cat?post=17532"},{"taxonomy":"product_tag","embeddable":true,"href":"https:\/\/energetisch.fit\/it\/wp-json\/wp\/v2\/product_tag?post=17532"}],"curies":[{"name":"wp","href":"https:\/\/api.w.org\/{rel}","templated":true}]}}