{"id":16809,"date":"2023-01-16T13:33:06","date_gmt":"2023-01-16T12:33:06","guid":{"rendered":"http:\/\/energetisch.fit\/?post_type=product&#038;p=16809"},"modified":"2024-10-05T10:45:22","modified_gmt":"2024-10-05T08:45:22","slug":"lifecoaching-energeticamente-in-forma","status":"publish","type":"product","link":"https:\/\/energetisch.fit\/it\/shop\/energetisch-fit-lifecoaching\/","title":{"rendered":"energetic.fit LifeCoaching"},"content":{"rendered":"<p>Benvenuti al <strong>Software di LifeCoaching energetic.fit<\/strong>che aiuter\u00e0<strong>, das Leben auf die n\u00e4chste Stufe zu bringen<\/strong>!<\/p>\n<p>Con il nostro software \u00e8 possibile <strong>dein Leben auf eine Art und Weise ver\u00e4ndern<\/strong>, die du dir nie h\u00e4ttest vorstellen k\u00f6nnen. Unsere Life Coaching-Software nutzt die <strong>tecnologie di ultima generazione<\/strong>per aiutarvi in questo, <strong>deine Ziele zu erreichen und ein erf\u00fclltes Leben zu f\u00fchren<\/strong>.<\/p>\n<p>Wir verstehen, dass jeder Mensch unterschiedliche Ziele und Bed\u00fcrfnisse hat. Deshalb haben wir unsere Software so entwickelt, dass sie an <strong>deine individuellen Bed\u00fcrfnisse angepasst<\/strong> werden kann. Egal, ob du eine bestimmte F\u00e4higkeit verbessern m\u00f6chtest oder an deiner mentalen Gesundheit arbeiten m\u00f6chtest &#8211; <strong>Il nostro software pu\u00f2 aiutarvi a<\/strong>.<\/p>\n<p>Unsere Life Coaching-Software bietet eine Vielzahl von Funktionen, die dir hilft, deine Ziele zu erreichen. Dazu geh\u00f6ren:<\/p>\n<p><strong>10 passi <\/strong>f\u00fcr ein erfolgreiches Coaching<\/p>\n<p><strong>Familien-\/Aufstellungsm\u00f6glichkeit<\/strong> di tutti gli argomenti del programma<\/p>\n<p><strong>Programmi di coaching personalizzati<\/strong>, die auf deine individuellen Bed\u00fcrfnisse zugeschnitten sind.<\/p>\n<p>Uno <strong>Numero esteso con vari argomenti<\/strong>, die du nutzen kannst, um deine F\u00e4higkeiten zu verbessern.<\/p>\n<p>Die M\u00f6glichkeit f\u00fcr <strong>Frequenztherapien f\u00fcr eine schnellere Wirksamkeit<\/strong> e un'ottima <strong>Unterst\u00fctzung der Pers\u00f6nlichkeit.<\/strong><\/p>\n<p>Il nostro software di life coaching \u00e8 facile da usare e pu\u00f2 aiutarvi in questo senso, <strong>ein erf\u00fcllteres Leben<\/strong> zu f\u00fchren. Wenn du bereit bist, <strong>deine Ziele zu erreichen und dein Leben auf die n\u00e4chste Stufe zu bringen<\/strong>, dann ist das energetisch.fit LifeCoaching Programm genau das Richtige f\u00fcr dich!<\/p>\n<p>&nbsp;<\/p>\n<p><strong>Contenuto dei vari concetti (modelli di lavoro):<\/strong><\/p>\n<ul>\n<li>Pre-test energetic.fit<\/li>\n<li>Argomenti del LifeCoaching<\/li>\n<li>Salute generale<\/li>\n<li>Liberarsi dalla paura<\/li>\n<li>Professione e carriera<\/li>\n<li>Avere successo<\/li>\n<li>Sexualit\u00e4t und Erotik<\/li>\n<li>Famiglia e parenti<\/li>\n<li>Amici e conoscenti<\/li>\n<li>Denaro e reddito<\/li>\n<li>Gl\u00fccklich Sein<\/li>\n<li>Casa e vita<\/li>\n<li>Hobby e tempo libero<\/li>\n<li>Trovare un partner<\/li>\n<li>Partnership e matrimonio<\/li>\n<li>Pers\u00f6nlichkeit und Wachstum<\/li>\n<li>Rigenerazione e rilassamento<\/li>\n<li>Spiritualit\u00e4t und Verbundenheit<\/li>\n<li>Sport e fitness<\/li>\n<li>La dipendenza per essere liberi<\/li>\n<li>Manifestazione<\/li>\n<\/ul>\n<p>&nbsp;<\/p>\n<p><strong>Verschiedene M\u00f6glichkeiten<\/strong><\/p>\n<ul>\n<li>Selezione da uno a un numero illimitato di clienti<\/li>\n<li>inclusi 21 concetti\/modelli di lavoro<\/li>\n<li>compresa l'analisi a lungo termine<\/li>\n<li>incluso il proprio database<\/li>\n<li>incluso il trattamento a distanza<\/li>\n<\/ul>\n<p><iframe loading=\"lazy\" title=\"energetic.fit LifeCoaching\" width=\"500\" height=\"281\" src=\"https:\/\/www.youtube.com\/embed\/7txbVd2cA-4?feature=oembed\" frameborder=\"0\" allow=\"accelerometer; autoplay; clipboard-write; encrypted-media; gyroscope; picture-in-picture; web-share\" referrerpolicy=\"strict-origin-when-cross-origin\" allowfullscreen><\/iframe><\/p>","protected":false},"excerpt":{"rendered":"<p>Willkommen zur energetisch.fit LifeCoaching Software, die helfen wird, das Leben auf die n\u00e4chste Stufe zu bringen! Mit unserer Software kannst du dein Leben auf eine Art und Weise ver\u00e4ndern, die du dir nie h\u00e4ttest vorstellen k\u00f6nnen. Unsere Life Coaching-Software nutzt die neuesten Technologien, um dir dabei zu helfen, deine Ziele zu erreichen und ein erf\u00fclltes [&hellip;]<\/p>\n","protected":false},"featured_media":18439,"comment_status":"open","ping_status":"closed","template":"","meta":{"_acf_changed":false},"product_brand":[],"product_cat":[444],"product_tag":[],"class_list":{"0":"post-16809","1":"product","2":"type-product","3":"status-publish","4":"has-post-thumbnail","6":"product_cat-lifecoaching","7":"tm-has-options","9":"first","10":"instock","11":"sold-individually","12":"taxable","13":"shipping-taxable","14":"purchasable","15":"product-type-variable-subscription"},"acf":[],"_links":{"self":[{"href":"https:\/\/energetisch.fit\/it\/wp-json\/wp\/v2\/product\/16809","targetHints":{"allow":["GET"]}}],"collection":[{"href":"https:\/\/energetisch.fit\/it\/wp-json\/wp\/v2\/product"}],"about":[{"href":"https:\/\/energetisch.fit\/it\/wp-json\/wp\/v2\/types\/product"}],"replies":[{"embeddable":true,"href":"https:\/\/energetisch.fit\/it\/wp-json\/wp\/v2\/comments?post=16809"}],"wp:featuredmedia":[{"embeddable":true,"href":"https:\/\/energetisch.fit\/it\/wp-json\/wp\/v2\/media\/18439"}],"wp:attachment":[{"href":"https:\/\/energetisch.fit\/it\/wp-json\/wp\/v2\/media?parent=16809"}],"wp:term":[{"taxonomy":"product_brand","embeddable":true,"href":"https:\/\/energetisch.fit\/it\/wp-json\/wp\/v2\/product_brand?post=16809"},{"taxonomy":"product_cat","embeddable":true,"href":"https:\/\/energetisch.fit\/it\/wp-json\/wp\/v2\/product_cat?post=16809"},{"taxonomy":"product_tag","embeddable":true,"href":"https:\/\/energetisch.fit\/it\/wp-json\/wp\/v2\/product_tag?post=16809"}],"curies":[{"name":"wp","href":"https:\/\/api.w.org\/{rel}","templated":true}]}}