{"id":8466,"date":"2021-03-25T13:27:22","date_gmt":"2021-03-25T12:27:22","guid":{"rendered":"http:\/\/energetisch.fit\/?page_id=8466"},"modified":"2023-05-11T16:08:59","modified_gmt":"2023-05-11T14:08:59","slug":"funzioni","status":"publish","type":"page","link":"https:\/\/energetisch.fit\/it\/funktionen\/","title":{"rendered":"Funzioni"},"content":{"rendered":"<p>Tutte le funzioni di energetisch.fit per rendere la vita pi\u00f9 semplice<\/p>\n<h2>energico.in forma<br \/>\n<b>Panoramica delle funzioni<\/b><\/h2>\n<p>Qui troverete tutte le funzioni offerte da energetisch.fit.<\/p>\n<p><img decoding=\"async\" width=\"640\" height=\"419\" src=\"http:\/\/energetisch.fit\/wp-content\/uploads\/2021\/03\/technology-5254039_640.jpg\" alt=\"\" loading=\"lazy\" srcset=\"http:\/\/energetisch.fit\/wp-content\/uploads\/2021\/03\/technology-5254039_640.jpg 640w, http:\/\/energetisch.fit\/wp-content\/uploads\/2021\/03\/technology-5254039_640-600x393.jpg 600w, http:\/\/energetisch.fit\/wp-content\/uploads\/2021\/03\/technology-5254039_640-300x196.jpg 300w, http:\/\/energetisch.fit\/wp-content\/uploads\/2021\/03\/technology-5254039_640-100x65.jpg 100w\" sizes=\"auto, (max-width: 640px) 100vw, 640px\"><\/p>\n<figure>\n\t\t\t\t\t\t\t\t\t\t\t<a href=\"http:\/\/energetisch.fit\/wp-content\/uploads\/2021\/03\/Bio-Animation12.gif\" data-elementor-open-lightbox=\"yes\" data-elementor-lightbox-title=\"Bio-Animation1+2\"><br \/>\n<img decoding=\"async\" width=\"700\" height=\"394\" src=\"http:\/\/energetisch.fit\/wp-content\/uploads\/2021\/03\/Bio-Animation12.gif\" alt=\"Illustrazione propria - energetic.fit Bioritmo\" loading=\"lazy\">\t\t\t\t\t\t\t\t<\/a><figcaption>Illustrazione propria - energetic.fit Bioritmo<\/figcaption><\/figure>\n<h2>Intelligenza artificiale<\/h2>\n<p>Il nostro algoritmo appositamente sviluppato confronta le vibrazioni della persona con le vibrazioni di vari argomenti e valuta la \u201erisonanza\u201c.<\/p>\n<p><a href=\"http:\/\/energetisch.fit\/it\/funzioni\/algoritmo-di-intelligenza-artificiale\/\">Per saperne di pi\u00f9 \u2192 <\/a><\/p>\n<h2>Trattamento e correzione<\/h2>\n<p>Non appena i valori da correggere vengono trasferiti in un \"cestino di trattamento\", il sistema determina il trattamento vibrazionale e frequenziale appropriato, che viene poi trasmesso in modo sottile (radionico) o grossolano (colore, musica\/frequenza). Durante il trattamento si raggiungono diversi livelli (uditivo, visivo e metafisico\/energetico).<\/p>\n<p><a href=\"http:\/\/energetisch.fit\/it\/funzioni\/trattamento-e-correzione\/\">Per saperne di pi\u00f9 \u2192 <\/a><\/p>\n<figure>\n\t\t\t\t\t\t\t\t\t\t\t<a href=\"http:\/\/energetisch.fit\/wp-content\/uploads\/2021\/03\/behandlunganim.gif\" data-elementor-open-lightbox=\"yes\" data-elementor-lightbox-title=\"behandlunganim\"><br \/>\n<img decoding=\"async\" width=\"700\" height=\"394\" src=\"http:\/\/energetisch.fit\/wp-content\/uploads\/2021\/03\/behandlunganim.gif\" alt=\"Illustrazione propria - trattamento energetic.fit\" loading=\"lazy\" srcset=\"http:\/\/energetisch.fit\/wp-content\/uploads\/2021\/03\/behandlunganim.gif 700w, http:\/\/energetisch.fit\/wp-content\/uploads\/2021\/03\/behandlunganim-600x338.gif 600w\" sizes=\"auto, (max-width: 700px) 100vw, 700px\">\t\t\t\t\t\t\t\t<\/a><figcaption>Illustrazione propria - trattamento energetic.fit<\/figcaption><\/figure>\n<figure>\n\t\t\t\t\t\t\t\t\t\t\t<a href=\"http:\/\/energetisch.fit\/wp-content\/uploads\/2021\/03\/3.png\" data-elementor-open-lightbox=\"yes\" data-elementor-lightbox-title=\"3\"><br \/>\n<img decoding=\"async\" width=\"800\" height=\"440\" src=\"http:\/\/energetisch.fit\/wp-content\/uploads\/2021\/03\/3.png\" alt=\"Illustrazione propria - analisi del campo energetico energetisch.fit\" loading=\"lazy\">\t\t\t\t\t\t\t\t<\/a><figcaption>Illustrazione propria - analisi del campo energetico energetisch.fit<\/figcaption><\/figure>\n<h2>Analisi del campo energetico<\/h2>\n<p>L'analisi del campo energetico \u00e8 un nuovo sviluppo per l'analisi dell'energia bloccata (<b>Campi dell'aura<\/b>) visibile.<\/p>\n<p>&nbsp;Allo stesso tempo, tutti i campi possono essere analizzati con maggiore precisione grazie al test di influenza. <b>Analisi delle cause e delle influenze <\/b>e trattati.<\/p>\n<p><a href=\"http:\/\/energetisch.fit\/it\/funzioni\/analisi-del-campo-energetico\/\">Per saperne di pi\u00f9 \u2192 <\/a><\/p>\n<h2>Modelli collaudati e altamente efficienti<\/h2>\n<p>Il campo di applicazione del programma comprende gi\u00e0 un gran numero di <b>altamente efficiente <\/b><b>Modelli <\/b>incluso. Questi sono gi\u00e0 <b>Procedure di riunione collaudate<\/b>che possono naturalmente essere utilizzati per la propria pratica<\/p>\n<p>Oltre ai database e ai modelli terapeutici preinstallati, \u00e8 possibile utilizzare anche <b>creazione di database propri <\/b>diventare.<\/p>\n<p><a href=\"http:\/\/energetisch.fit\/it\/funzioni\/modelli-collaudati-e-altamente-efficienti\/\">Per saperne di pi\u00f9 \u2192 <\/a><\/p>\n<figure>\n\t\t\t\t\t\t\t\t\t\t\t<a href=\"http:\/\/energetisch.fit\/wp-content\/uploads\/2020\/10\/pyramide.png\" data-elementor-open-lightbox=\"yes\" data-elementor-lightbox-title=\"pyramide\"><br \/>\n<img decoding=\"async\" width=\"600\" height=\"519\" src=\"http:\/\/energetisch.fit\/wp-content\/uploads\/2020\/10\/pyramide.png\" alt=\"Illustrazione propria - piramide energetic.fit\" loading=\"lazy\">\t\t\t\t\t\t\t\t<\/a><figcaption>Illustrazione propria - piramide energetic.fit<\/figcaption><\/figure>\n<figure>\n\t\t\t\t\t\t\t\t\t\t\t<a href=\"http:\/\/energetisch.fit\/wp-content\/uploads\/2021\/03\/dc-gif-anik.gif\" data-elementor-open-lightbox=\"yes\" data-elementor-lightbox-title=\"dc gif anik\"><br \/>\n<img decoding=\"async\" width=\"700\" height=\"394\" src=\"http:\/\/energetisch.fit\/wp-content\/uploads\/2021\/03\/dc-gif-anik.gif\" alt=\"Illustrazione propria - energetisch.fit Costellazione digitale\" loading=\"lazy\" srcset=\"http:\/\/energetisch.fit\/wp-content\/uploads\/2021\/03\/dc-gif-anik.gif 700w, http:\/\/energetisch.fit\/wp-content\/uploads\/2021\/03\/dc-gif-anik-600x338.gif 600w\" sizes=\"auto, (max-width: 700px) 100vw, 700px\">\t\t\t\t\t\t\t\t<\/a><figcaption>Illustrazione propria - energetisch.fit Costellazione digitale<\/figcaption><\/figure>\n<h2>Costellazione digitale (DC)<\/h2>\n<p><b style=\"box-sizing: border-box; font-weight: bolder; color: #252525; font-family: Roboto, sans-serif; font-size: 18px; font-style: normal; font-variant-ligatures: normal; font-variant-caps: normal; letter-spacing: normal; orphans: 2; text-align: justify; text-indent: 0px; text-transform: none; white-space: normal; widows: 2; word-spacing: 0px; -webkit-text-stroke-width: 0px; background-color: #ffffff; text-decoration-thickness: initial; text-decoration-style: initial; text-decoration-color: initial;\">Costellazione digitale<\/b>&nbsp;\u00e8 un modulo di programma separato da energetisch.fit. Digital Constellation \u00e8 un software online che pu\u00f2 essere utilizzato per eseguire costellazioni sistemiche. <b style=\"box-sizing: border-box; font-weight: bolder; color: #252525; font-family: Roboto, sans-serif; font-size: 18px; font-style: normal; font-variant-ligatures: normal; font-variant-caps: normal; letter-spacing: normal; orphans: 2; text-align: justify; text-indent: 0px; text-transform: none; white-space: normal; widows: 2; word-spacing: 0px; -webkit-text-stroke-width: 0px; background-color: #ffffff; text-decoration-thickness: initial; text-decoration-style: initial; text-decoration-color: initial;\">Costellazione digitale<\/b>&nbsp;riconosce la posizione dei singoli elementi in base all'\"effetto osservatore\" e li rende visibili sullo schermo. I blocchi possono quindi essere riconosciuti e sciolti con il test del campo energetico e il test dell'influenza.<\/p>\n<p><a href=\"http:\/\/energetisch.fit\/it\/funzioni\/costellazione-digitale-2\/\">Per saperne di pi\u00f9 \u2192 <\/a><\/p>\n<h2>Trattamento a distanza<\/h2>\n<p>Uno&nbsp;<b>Prima mondiale&nbsp;<\/b>\u00e8 la nostra capacit\u00e0 di offrire al cliente un trattamento a distanza anche come&nbsp;<b>terapia diretta disponibile&nbsp;<\/b>da fornire. A tal fine, energetisch.fit invia al cliente un link attraverso il quale pu\u00f2 consumare il trattamento all'ora concordata (il cliente vede la schermata del trattamento con i rispettivi valori).<\/p>\n<p><a href=\"http:\/\/energetisch.fit\/it\/funzioni\/trattamenti-automatizzati-a-distanza\/\">Per saperne di pi\u00f9 \u2192 <\/a><\/p>\n<figure>\n\t\t\t\t\t\t\t\t\t\t\t<a href=\"http:\/\/energetisch.fit\/wp-content\/uploads\/2021\/03\/fenbeh.png\" data-elementor-open-lightbox=\"yes\" data-elementor-lightbox-title=\"fenbeh\"><br \/>\n<img decoding=\"async\" width=\"800\" height=\"378\" src=\"http:\/\/energetisch.fit\/wp-content\/uploads\/2021\/03\/fenbeh.png\" alt=\"Illustrazione propria - trattamento a distanza energetic.fit\" loading=\"lazy\" srcset=\"http:\/\/energetisch.fit\/wp-content\/uploads\/2021\/03\/fenbeh.png 1896w, http:\/\/energetisch.fit\/wp-content\/uploads\/2021\/03\/fenbeh-600x284.png 600w\" sizes=\"auto, (max-width: 800px) 100vw, 800px\">\t\t\t\t\t\t\t\t<\/a><figcaption>Illustrazione propria - Panoramica del trattamento a distanza energetic.fit<\/figcaption><\/figure>\n<figure>\n\t\t\t\t\t\t\t\t\t\t\t<a href=\"http:\/\/energetisch.fit\/wp-content\/uploads\/2021\/03\/eigene-datenbank-bild.png\" data-elementor-open-lightbox=\"yes\" data-elementor-lightbox-title=\"eigene datenbank bild\"><br \/>\n<img decoding=\"async\" width=\"800\" height=\"410\" src=\"http:\/\/energetisch.fit\/wp-content\/uploads\/2021\/03\/eigene-datenbank-bild.png\" alt=\"Illustrazione propria - energetisch.fit Database proprio\" loading=\"lazy\">\t\t\t\t\t\t\t\t<\/a><figcaption>Illustrazione propria - energetisch.fit Database proprio<\/figcaption><\/figure>\n<h2>Banche dati di analisi proprie<\/h2>\n<p>L'analisi del campo energetico \u00e8 un nuovo sviluppo per l'analisi dell'energia bloccata (<b>Campi dell'aura<\/b>) visibile.<\/p>\n<p>&nbsp;Allo stesso tempo, tutti i campi possono essere analizzati con maggiore precisione grazie al test di influenza. <b>Analisi delle cause e delle influenze <\/b>e trattati.<\/p>\n<p><a href=\"http:\/\/energetisch.fit\/it\/funzioni\/creare-i-propri-database\/\">Per saperne di pi\u00f9 \u2192 <\/a><\/p>","protected":false},"excerpt":{"rendered":"<p>Alle Funktionen von energetisch.fit um das Leben einfacher zu machen energetisch.fit Funktions\u00fcbersicht Hier finden Sie alle Funktionen die energetisch.fit bietet. Eigene Abbildung &#8211; energetisch.fit Biorhythmus K\u00fcnstliche Intelligenz Unser speziell entwickelte Algorithmus vergleicht die Schwingungen des Menschen mit den Schwingungen von verschiedenen Themen und bewertet die &#8222;Resonanz&#8220;. mehr erfahren \u2192 Behandlung und Korrektur Sobald die zu [&hellip;]<\/p>\n","protected":false},"author":1288,"featured_media":0,"parent":0,"menu_order":0,"comment_status":"closed","ping_status":"closed","template":"elementor_theme","meta":{"_acf_changed":false,"footnotes":""},"efit-produkt":[],"class_list":["post-8466","page","type-page","status-publish","hentry"],"acf":[],"acpt":null,"_links":{"self":[{"href":"https:\/\/energetisch.fit\/it\/wp-json\/wp\/v2\/pages\/8466","targetHints":{"allow":["GET"]}}],"collection":[{"href":"https:\/\/energetisch.fit\/it\/wp-json\/wp\/v2\/pages"}],"about":[{"href":"https:\/\/energetisch.fit\/it\/wp-json\/wp\/v2\/types\/page"}],"author":[{"embeddable":true,"href":"https:\/\/energetisch.fit\/it\/wp-json\/wp\/v2\/users\/1288"}],"replies":[{"embeddable":true,"href":"https:\/\/energetisch.fit\/it\/wp-json\/wp\/v2\/comments?post=8466"}],"version-history":[{"count":0,"href":"https:\/\/energetisch.fit\/it\/wp-json\/wp\/v2\/pages\/8466\/revisions"}],"wp:attachment":[{"href":"https:\/\/energetisch.fit\/it\/wp-json\/wp\/v2\/media?parent=8466"}],"wp:term":[{"taxonomy":"efit-produkt","embeddable":true,"href":"https:\/\/energetisch.fit\/it\/wp-json\/wp\/v2\/efit-produkt?post=8466"}],"curies":[{"name":"wp","href":"https:\/\/api.w.org\/{rel}","templated":true}]}}