{"id":7210,"date":"2021-03-18T14:22:48","date_gmt":"2021-03-18T13:22:48","guid":{"rendered":"http:\/\/energetisch.fit\/?page_id=7210"},"modified":"2024-02-12T14:01:55","modified_gmt":"2024-02-12T13:01:55","slug":"costellazione-digitale-2","status":"publish","type":"page","link":"https:\/\/energetisch.fit\/it\/funktionen\/digital-constellation\/","title":{"rendered":"Costellazione digitale"},"content":{"rendered":"<h2>Costellazione digitale - Costellazioni sistemiche di tipo diverso<\/h2>\n<p><b>Costellazione digitale<\/b>\u00a0\u00e8 un software online che pu\u00f2 essere utilizzato per realizzare costellazioni sistemiche. La \u201cparticolarit\u00e0\u201d del software \u00e8 un algoritmo proveniente dalla ricerca sull\u201c\u201dintelligenza artificiale\", che viene utilizzato per il lavoro sistemico.\u00a0<\/p>\n<p><b>Costellazione digitale<\/b>\u00a0riconosce la posizione dei singoli elementi in base all'\"effetto osservatore\" e li rende visibili sullo schermo. I blocchi possono quindi essere riconosciuti e sciolti con il test del campo energetico e il test dell'influenza.<\/p>\n<p>https:\/\/youtu.be\/LToJU-KLEyQ\t\t<\/p>\n<blockquote>\n<p>\n\t\t\t\tQuando la vita si blocca, non si deve pi\u00f9 premere l'acceleratore, ma semplicemente smettere di frenare.\t\t\t<\/p>\n<p>\t\t\t\t\t\t\t\t\t\t\t<cite>Romy Gerhard<\/cite><br \/>\n\t\t\t\t\t\t\t\t\t\t\t\t\t\t\t\t<a href=\"https:\/\/twitter.com\/intent\/tweet?text=Wenn+es+mal+im+Leben+nicht+weiter+geht%2C+dann+sollte+man+nicht+noch+mehr+Gas+geben+-+sondern+einfach+aufh%C3%B6ren+zu+bremsen.+%E2%80%94+Romy+Gerhard&amp;url=https%3A%2F%2Fenergetisch.fit%2Fwp-admin%2Fadmin-ajax.php&amp;via=enerprax\" target=\"_blank\" rel=\"noopener\"><br \/>\n\t\t\t\t\t\t\t\t\t\t\t\t\t\t\t\t\t\t\t\t\t\t\t\t\t\t\t\t\t\t\t\t\t\t\t\t\t\t\t\t\t\t\t\t\tTweet<br \/>\n\t\t\t\t\t\t\t\t\t\t\t\t\t<\/a>\n\t\t\t\t\t<\/p><\/blockquote>\n<figure>\n\t\t\t\t\t\t\t\t\t\t\t<a href=\"http:\/\/energetisch.fit\/wp-content\/uploads\/2021\/03\/Computer-1.jpg\" data-elementor-open-lightbox=\"yes\" data-elementor-lightbox-title=\"Computer 1\" data-e-action-hash=\"#elementor-action%3Aaction%3Dlightbox%26settings%3DeyJpZCI6NjY5MSwidXJsIjoiaHR0cHM6XC9cL2VuZXJnZXRpc2NoLmZpdFwvd3AtY29udGVudFwvdXBsb2Fkc1wvMjAyMVwvMDNcL0NvbXB1dGVyLTEuanBnIn0%3D\"><br \/>\n\t\t\t\t\t\t\t<img loading=\"lazy\" decoding=\"async\" width=\"1024\" height=\"683\" src=\"http:\/\/energetisch.fit\/wp-content\/uploads\/2021\/03\/Computer-1.jpg\" alt=\"Illustrazione propria - Interfaccia\/programma di Costellazione digitale\" srcset=\"http:\/\/energetisch.fit\/wp-content\/uploads\/2021\/03\/Computer-1.jpg 1920w, http:\/\/energetisch.fit\/wp-content\/uploads\/2021\/03\/Computer-1-600x400.jpg 600w\" sizes=\"auto, (max-width: 1024px) 100vw, 1024px\" \/>\t\t\t\t\t\t\t\t<\/a><figcaption>Illustrazione propria - Interfaccia\/programma di Costellazione Digitale<\/figcaption><\/figure>\n<h2>Una novit\u00e0 mondiale...<\/h2>\n<p>Digital Constellation \u00e8 il primo strumento di questo tipo. Le costellazioni sistemiche possono essere visualizzate ed elaborate energeticamente tramite un'applicazione online.<\/p>\n<p>Basandoci sulla simulazione del comportamento\/mente umana, utilizziamo un algoritmo speciale per imitare un vero e proprio assetto sistemico (AI).<\/p>\n<h2>Posizionamento automatico e impulsi energetici<\/h2>\n<p>Sulla base dell'effetto osservatore, il programma riconosce il corretto posizionamento energetico degli elementi e li rende visibili sullo schermo.<\/p>\n<p>I blocchi e le cause possono essere visualizzati e risolti energeticamente. La Costellazione digitale mostra anche il cambiamento energetico.<\/p>\n<p>http:\/\/energetisch.fit\/wp-content\/uploads\/2021\/03\/dc-gif-anik.mp4\t\t<\/p>\n<figure>\n\t\t\t\t\t\t\t\t\t\t\t<a href=\"http:\/\/energetisch.fit\/wp-content\/uploads\/2021\/03\/hintergruende-dc.jpg\" data-elementor-open-lightbox=\"yes\" data-elementor-lightbox-title=\"hintergruende-dc\" data-e-action-hash=\"#elementor-action%3Aaction%3Dlightbox%26settings%3DeyJpZCI6OTA2MiwidXJsIjoiaHR0cHM6XC9cL2VuZXJnZXRpc2NoLmZpdFwvd3AtY29udGVudFwvdXBsb2Fkc1wvMjAyMVwvMDNcL2hpbnRlcmdydWVuZGUtZGMuanBnIn0%3D\"><br \/>\n\t\t\t\t\t\t\t<img loading=\"lazy\" decoding=\"async\" width=\"553\" height=\"336\" src=\"http:\/\/energetisch.fit\/wp-content\/uploads\/2021\/03\/hintergruende-dc.jpg\" alt=\"Illustrazione propria - Sfondi di costellazioni digitali - Pannello di installazione\" srcset=\"http:\/\/energetisch.fit\/wp-content\/uploads\/2021\/03\/hintergruende-dc.jpg 553w, http:\/\/energetisch.fit\/wp-content\/uploads\/2021\/03\/hintergruende-dc-300x182.jpg 300w\" sizes=\"auto, (max-width: 553px) 100vw, 553px\" \/>\t\t\t\t\t\t\t\t<\/a><figcaption>Illustrazione propria - Sfondi di costellazioni digitali - Pannello di installazione<\/figcaption><\/figure>\n<h2>Sfondi vari<\/h2>\n<p>Sui diversi <strong>Categorie<\/strong> possono essere diversi <strong>Sfondi<\/strong> essere selezionati per adattarsi al tema della costellazione. La collocazione degli elementi fornisce all'allestitore preziosi <strong>Supporto nell'interpretazione<\/strong>.<\/p>\n<p>Attraverso la selezione di diversi <strong>Argomenti influenti<\/strong> gli elementi\/figure possono essere <strong>rilevato e ottimizzato dal punto di vista energetico<\/strong> diventare.<\/p>\n<p><a title=\"Scaricare PDF\" href=\"http:\/\/energetisch.fit\/wp-content\/uploads\/2021\/03\/DC-Hintergrundbeschreibung.pdf\" target=\"_blank\" rel=\"noopener\">Scaricamento PDF \u2192<\/a>\t\t<\/p>\n<h2>L'effetto osservatore e l'esperimento della doppia fenditura<\/h2>\n<p>La tecnologia alla base di Digital Constellation si basa sull'effetto osservatore.<\/p>\n<p>Uno degli assunti pi\u00f9 strani della teoria quantistica, che da tempo affascina filosofi e fisici, \u00e8 che osservando un dato, l'osservatore lo influenza. Uno degli esperimenti pi\u00f9 noti su questo tema \u00e8 l'esperimento della doppia fenditura.<\/p>\n<p>https:\/\/youtu.be\/3ohjOltaO6Yhttps:\/\/youtu.be\/KBcgIYn9zzUhttps:\/\/youtu.be\/-EVBTAXhNTg\t\t<\/p>\n<h2>14 giorni di versione completa gratuita per<br \/> Richiesta di Costellazione digitale<\/h2>\n<h2>Digital Constellation \u00e8 fondamentalmente adatto a tutti...<\/h2>\n<p>...che lavora con sistemi o costellazioni. Importante \u00e8 il <strong>Apertura<\/strong>, a completamente <strong>Un nuovo modo di lavorare con le costellazioni<\/strong> di consentire!<\/p>\n<p>\u00a0<\/p>\n<p>La costellazione digitale arricchisce il lavoro di costellazione sistemica in tutti gli ambiti della vita: <strong>Famiglia, relazioni, salute, successo e affari<\/strong>...<\/p>\n<h2>Esempi di applicazione di Digital Constellation<br \/>\n<\/h2>\n<p>\t\thttps:\/\/youtu.be\/BIDB8nGe29Ahttps:\/\/youtu.be\/YWlnSZSAGdQhttps:\/\/youtu.be\/KaCncwV3vOQhttps:\/\/youtu.be\/8kXkmGLbJU8<\/p>","protected":false},"excerpt":{"rendered":"<p>Digital Constellation &#8211; systemische Aufstellungen der anderen Art Digital Constellation\u00a0ist eine Online-Software, mit der systemische Aufstellungen ausgef\u00fchrt werden k\u00f6nnen. Das \u201cBesondere\u201d an der Software ist ein Algorithmus aus der Forschung der \u201cKI-k\u00fcnstliche Intelligenz\u201d, welcher f\u00fcr die systemische Arbeit zum Einsatz kommt.\u00a0 Digital Constellation\u00a0erkennt basierend auf dem \u201cBeobachtereffekt\u201d die Position der einzelnen Elemente und macht sie [&hellip;]<\/p>\n","protected":false},"author":1,"featured_media":0,"parent":8466,"menu_order":0,"comment_status":"closed","ping_status":"closed","template":"elementor_theme","meta":{"_acf_changed":false,"footnotes":""},"efit-produkt":[],"class_list":["post-7210","page","type-page","status-publish","hentry"],"acf":[],"acpt":null,"_links":{"self":[{"href":"https:\/\/energetisch.fit\/it\/wp-json\/wp\/v2\/pages\/7210","targetHints":{"allow":["GET"]}}],"collection":[{"href":"https:\/\/energetisch.fit\/it\/wp-json\/wp\/v2\/pages"}],"about":[{"href":"https:\/\/energetisch.fit\/it\/wp-json\/wp\/v2\/types\/page"}],"author":[{"embeddable":true,"href":"https:\/\/energetisch.fit\/it\/wp-json\/wp\/v2\/users\/1"}],"replies":[{"embeddable":true,"href":"https:\/\/energetisch.fit\/it\/wp-json\/wp\/v2\/comments?post=7210"}],"version-history":[{"count":0,"href":"https:\/\/energetisch.fit\/it\/wp-json\/wp\/v2\/pages\/7210\/revisions"}],"up":[{"embeddable":true,"href":"https:\/\/energetisch.fit\/it\/wp-json\/wp\/v2\/pages\/8466"}],"wp:attachment":[{"href":"https:\/\/energetisch.fit\/it\/wp-json\/wp\/v2\/media?parent=7210"}],"wp:term":[{"taxonomy":"efit-produkt","embeddable":true,"href":"https:\/\/energetisch.fit\/it\/wp-json\/wp\/v2\/efit-produkt?post=7210"}],"curies":[{"name":"wp","href":"https:\/\/api.w.org\/{rel}","templated":true}]}}