{"id":199,"date":"2016-07-27T15:40:24","date_gmt":"2016-07-27T13:40:24","guid":{"rendered":"http:\/\/energetisch.fit\/?page_id=199"},"modified":"2023-05-10T16:50:46","modified_gmt":"2023-05-10T14:50:46","slug":"agbs","status":"publish","type":"page","link":"https:\/\/energetisch.fit\/it\/agbs\/","title":{"rendered":"AGB"},"content":{"rendered":"<p><strong>Condizioni generali di contratto (Energetisch.fit) <\/strong><\/p>\n\n\n\n<ul class=\"wp-block-list\">\n<li><strong> 1 Ambito di applicazione e fornitore <\/strong><\/li>\n<\/ul>\n\n\n\n<p>(1) I presenti Termini e condizioni generali si applicano a tutti gli ordini effettuati presso il negozio online energetisch.fit.<\/p>\n\n\n\n<p>(3) Le nostre forniture, i nostri servizi e le nostre offerte si basano esclusivamente sulle presenti Condizioni generali di contratto. Le Condizioni generali di contratto si applicano pertanto anche a tutti i futuri rapporti commerciali con le aziende, anche se non espressamente concordati nuovamente. L'inclusione di condizioni generali di un cliente che siano in contrasto con le nostre Condizioni generali di contratto \u00e8 respinta.<\/p>\n\n\n\n<p>(4) La lingua del contratto \u00e8 esclusivamente il tedesco.<\/p>\n\n\n\n<ul class=\"wp-block-list\">\n<li><strong> 2 Conclusione del contratto <\/strong><\/li>\n<\/ul>\n\n\n\n<p>(1) La presentazione della merce nel negozio online non costituisce una richiesta vincolante per la stipula di un contratto d'acquisto. Si tratta piuttosto di un invito non vincolante a ordinare la merce nel negozio online.<\/p>\n\n\n\n<p>(2) Facendo clic sul pulsante \"Acquista ora\", si invia un'offerta di acquisto vincolante (\u00a7 145 BGB).<br>(3) Il contratto \u00e8 concluso solo quando il contenuto viene attivato o viene fornito un link.<br>(2) La merce offerta nel nostro negozio online si rivolge esclusivamente ad acquirenti che hanno compiuto 18 anni.<\/p>\n\n\n\n<ul class=\"wp-block-list\">\n<li><strong> 3 Prezzi <\/strong><\/li>\n<\/ul>\n\n\n\n<p>I prezzi indicati nelle pagine dei prodotti sono comprensivi di IVA e di altre componenti del prezzo.<\/p>\n\n\n\n<ul class=\"wp-block-list\">\n<li><strong> 4 Condizioni di pagamento; inadempimento <\/strong><\/li>\n<\/ul>\n\n\n\n<p>(1) Il pagamento pu\u00f2 essere effettuato tramite: Carta di credito, Paypal.<br>(2) In caso di pagamento con carta di credito, il prezzo di acquisto viene riservato sulla carta di credito al momento dell'ordine (\"autorizzazione\"). L'addebito effettivo sul conto della carta di credito avviene al momento della spedizione della merce.<br>(3) Se siete in ritardo con i pagamenti, siete tenuti a pagare gli interessi di mora previsti dalla legge, pari a 5 punti percentuali in pi\u00f9 del tasso di interesse di base. Vi verr\u00e0 addebitata almeno una commissione di sollecito di 15 EUR per ogni sollecito inviatovi dopo il verificarsi dell'inadempienza, a meno che non possiate dimostrare che il danno \u00e8 inferiore.<\/p>\n\n\n\n<ul class=\"wp-block-list\">\n<li><strong> 5 Compensazione\/diritto di ritenzione <\/strong><\/li>\n<\/ul>\n\n\n\n<p>(1) Il cliente avr\u00e0 diritto alla compensazione solo se la sua domanda riconvenzionale \u00e8 stata riconosciuta con sentenza dichiarativa o non \u00e8 contestata da noi.<br>(2) Potete esercitare il diritto di ritenzione solo se la vostra domanda riconvenzionale si basa sullo stesso rapporto contrattuale. \u00a7 6 Consegna<\/p>\n\n\n\n<p>(1) Se non diversamente concordato, la consegna della merce avviene tramite la fornitura di un link o di dati di accesso via e-mail. (2) \u00c8 responsabilit\u00e0 del cliente fornire un software adeguato che consenta di aprire, modificare e stampare correttamente i file e i contenuti.<\/p>\n\n\n\n<ul class=\"wp-block-list\">\n<li><strong> 7 Restituzione e annullamento del contratto <\/strong><\/li>\n<\/ul>\n\n\n\n<p>Dopo aver premuto il pulsante di acquisto o dopo aver ricevuto i dati di accesso, il diritto di recesso \u00e8 valido per 14 giorni.<\/p>\n\n\n\n<ul class=\"wp-block-list\">\n<li><strong>&nbsp;8 Responsabilit\u00e0 <\/strong><\/li>\n<\/ul>\n\n\n\n<p>(1) Responsabilit\u00e0 illimitata: siamo responsabili senza limitazioni per dolo e colpa grave e in conformit\u00e0 alla legge sulla responsabilit\u00e0 del prodotto.<br>(2) In caso contrario, si applica la seguente responsabilit\u00e0 limitata: in caso di negligenza lieve, siamo responsabili solo in caso di violazione di un obbligo contrattuale.<\/p>\n\n\n\n<p>obbligo contrattuale essenziale, il cui adempimento rende innanzitutto possibile la corretta esecuzione del contratto e sulla cui osservanza si pu\u00f2 regolarmente fare affidamento (obbligo cardinale). La responsabilit\u00e0 per colpa lieve \u00e8 limitata all'ammontare dei danni prevedibili al momento della stipula del contratto, il cui verificarsi \u00e8 tipicamente prevedibile. Questa limitazione di responsabilit\u00e0 si applica anche ai nostri agenti ausiliari.<\/p>\n\n\n\n<p>(2).<strong>ENERGETISCH.FIT \u00c8 SOLO UN SOFTWARE PER L'AUTO-ALLENAMENTO E NON FA ALCUNA PROMESSA MEDICA DI GUARIGIONE. <\/strong><\/p>\n\n\n\n<ul class=\"wp-block-list\">\n<li><strong> 9 Copyright e diritti di utilizzo <\/strong><\/li>\n<\/ul>\n\n\n\n<p>(1) Tutti i contenuti digitali forniti dal venditore sono protetti da copyright.<\/p>\n\n\n\n<p><strong><em><br>Nota:<\/em><\/strong><\/p>\n\n\n\n<p><strong><br>Secondo lo stato attuale della medicina e della scienza, l'esistenza dei campi energetici e dei campi morfogenetici non \u00e8 riconosciuta. L'uso di energetisch.fit consiste nel riconoscere e armonizzare i disturbi del campo energetico; non si tratta di trattare il corpo fisico. L'uso di energetisch.fit non sostituisce la visita di un medico, di un operatore alternativo o di un terapeuta.<\/strong><\/p>","protected":false},"excerpt":{"rendered":"<p>Allgemeine Gesch\u00e4ftsbedingungen (Energetisch.fit) (1) Diese Allgemeinen Gesch\u00e4ftsbedingungen gelten f\u00fcr alle Bestellungen, die Sie bei dem Online-Shop energetisch.fit vornehmen. (3) Unsere Lieferungen, Leistungen und Angebote erfolgen ausschlie\u00dflich auf der Grundlage dieser Allgemeinen Gesch\u00e4ftsbedingungen. Die Allgemeinen Gesch\u00e4ftsbedingungen gelten gegen\u00fcber Unternehmen somit auch f\u00fcr alle k\u00fcnftigen Gesch\u00e4ftsbeziehungen, auch wenn sie nicht nochmals ausdr\u00fccklich vereinbart werden. Der Einbeziehung von [&hellip;]<\/p>\n","protected":false},"author":1,"featured_media":0,"parent":0,"menu_order":0,"comment_status":"closed","ping_status":"closed","template":"elementor_theme","meta":{"_acf_changed":false,"footnotes":""},"efit-produkt":[],"class_list":["post-199","page","type-page","status-publish","hentry"],"acf":[],"acpt":null,"_links":{"self":[{"href":"https:\/\/energetisch.fit\/it\/wp-json\/wp\/v2\/pages\/199","targetHints":{"allow":["GET"]}}],"collection":[{"href":"https:\/\/energetisch.fit\/it\/wp-json\/wp\/v2\/pages"}],"about":[{"href":"https:\/\/energetisch.fit\/it\/wp-json\/wp\/v2\/types\/page"}],"author":[{"embeddable":true,"href":"https:\/\/energetisch.fit\/it\/wp-json\/wp\/v2\/users\/1"}],"replies":[{"embeddable":true,"href":"https:\/\/energetisch.fit\/it\/wp-json\/wp\/v2\/comments?post=199"}],"version-history":[{"count":0,"href":"https:\/\/energetisch.fit\/it\/wp-json\/wp\/v2\/pages\/199\/revisions"}],"wp:attachment":[{"href":"https:\/\/energetisch.fit\/it\/wp-json\/wp\/v2\/media?parent=199"}],"wp:term":[{"taxonomy":"efit-produkt","embeddable":true,"href":"https:\/\/energetisch.fit\/it\/wp-json\/wp\/v2\/efit-produkt?post=199"}],"curies":[{"name":"wp","href":"https:\/\/api.w.org\/{rel}","templated":true}]}}