{"id":197,"date":"2016-07-27T15:40:11","date_gmt":"2016-07-27T13:40:11","guid":{"rendered":"http:\/\/energetisch.fit\/?page_id=197"},"modified":"2023-05-10T16:49:14","modified_gmt":"2023-05-10T14:49:14","slug":"impronta","status":"publish","type":"page","link":"https:\/\/energetisch.fit\/it\/impressum\/","title":{"rendered":"Impronta"},"content":{"rendered":"<div class=\"wp-block-image\">\n<figure class=\"alignright\"><a href=\"http:\/\/www.enerprax.com\/wp-content\/uploads\/2014\/10\/logo-ener1.gif\" target=\"_blank\" rel=\"noreferrer noopener nofollow\"><img decoding=\"async\" src=\"http:\/\/www.enerprax.com\/wp-content\/uploads\/2014\/10\/logo-ener1-300x101.gif\" alt=\"logo ener1\"\/><\/a><\/figure>\n<\/div>\n\n\n<p><strong>Energetisch.fit \u00e8 un prodotto di<\/strong><\/p>\n\n\n\n<p>enerprax - Istituto di guarigione energetica pratica<br>J\u00fcrgen Bergauer, MSc<\/p>\n\n\n\n<p>Gartenstrasse 6a<br>A-6700 Bludenz<\/p>\n\n\n\n<p>Tel: +43 664 23 06 418<\/p>\n\n\n\n<p>e-mail:&nbsp;<a href=\"mailto:enerprax@gmail.com\">enerprax@gmail.com<\/a><\/p>\n\n\n\n<p>Aiuta a raggiungere l'equilibrio fisico ed energetico<\/p>\n\n\n\n<p><strong>Partita IVA:<\/strong>&nbsp;ATU55375007<\/p>\n\n\n\n<p><strong>Numero di registro della societ\u00e0:<\/strong>&nbsp;8016106<\/p>\n\n\n\n<p><strong>Tribunale del registro delle imprese:<\/strong>&nbsp;Bludenz<\/p>\n\n\n\n<p><strong>Proprietario:<\/strong>&nbsp;J\u00fcrgen Bergauer, MSc<\/p>\n\n\n\n<p><strong>Luogo di giurisdizione:<\/strong>&nbsp;Autorit\u00e0 distrettuale Bludenz<br><strong>Oggetto della societ\u00e0:<\/strong>&nbsp;Attivit\u00e0 commerciali, ad eccezione delle attivit\u00e0 commerciali regolamentate.<br>Numero GISA: 29050840<\/p>\n\n\n\n<p><strong>Oggetto della societ\u00e0:<\/strong>&nbsp;Assistenza nel raggiungimento di un equilibrio fisico o energetico attraverso l'interpretazione dell'aura, la scelta dei colori e della musica e la biorisonanza.<br>Numero GISA: 22668486<\/p>\n\n\n\n<p><a href=\"https:\/\/www.enerprax.com\/wp-content\/uploads\/2021\/11\/hu_bronze_150.jpg\" rel=\"noreferrer noopener nofollow\" target=\"_blank\"><\/a>&nbsp;Programma di garanzia della qualit\u00e0 per l'energia umana<\/p>\n\n\n\n<h2 class=\"wp-block-heading\">Risoluzione delle controversie nell'UE<\/h2>\n\n\n\n<p>In conformit\u00e0 al Regolamento sulla risoluzione delle controversie online in materia di consumo (Regolamento ODR), desideriamo informarvi sulla piattaforma di risoluzione delle controversie online (piattaforma OS).<br>I consumatori hanno la possibilit\u00e0 di presentare reclami alla piattaforma di risoluzione delle controversie online della Commissione europea all'indirizzo&nbsp;<a href=\"https:\/\/ec.europa.eu\/consumers\/odr\/main\/index.cfm?event=main.home2.show&amp;lng=DE\" target=\"_blank\" rel=\"noreferrer noopener nofollow\">http:\/\/ec.europa.eu\/odr?tid=221078311<\/a>&nbsp;all'indirizzo. I dettagli di contatto necessari sono riportati nella nostra nota legale.<\/p>\n\n\n\n<p>Tuttavia, vorremmo sottolineare che non siamo disposti o obbligati a partecipare a procedure di risoluzione delle controversie davanti a un collegio arbitrale dei consumatori.<\/p>\n\n\n\n<h2 class=\"wp-block-heading\">Responsabilit\u00e0 per il contenuto di questo sito web<\/h2>\n\n\n\n<p>Sviluppiamo costantemente il contenuto di questo sito web e cerchiamo di fornire informazioni corrette e aggiornate. Purtroppo non possiamo assumerci alcuna responsabilit\u00e0 per l'accuratezza di tutti i contenuti di questo sito, in particolare quelli forniti da terzi.<\/p>\n\n\n\n<p>Se notate contenuti problematici o illegali, vi preghiamo di contattarci immediatamente; troverete i dettagli di contatto nell'impronta.<\/p>\n\n\n\n<h2 class=\"wp-block-heading\">Responsabilit\u00e0 per i link presenti su questo sito web<\/h2>\n\n\n\n<p>Il nostro sito web contiene link ad altri siti web per il cui contenuto non siamo responsabili. La responsabilit\u00e0 per i siti web collegati esiste secondo&nbsp;<a href=\"https:\/\/www.ris.bka.gv.at\/Dokument.wxe?Abfrage=Bundesnormen&amp;Dokumentnummer=NOR40025813&amp;tid=221078311\" target=\"_blank\" rel=\"noreferrer noopener nofollow\">\u00a7 17 ECG<\/a>&nbsp;per noi, che non eravamo e non siamo a conoscenza di attivit\u00e0 illegali, non abbiamo notato alcuna attivit\u00e0 illegale fino ad oggi e rimuoveremmo immediatamente i link se venissimo a conoscenza di attivit\u00e0 illegali.<\/p>\n\n\n\n<p>Se notate dei link illegali sul nostro sito web, vi preghiamo di contattarci; troverete i dettagli di contatto nell'impronta.<\/p>\n\n\n\n<h2 class=\"wp-block-heading\">Avviso di copyright<\/h2>\n\n\n\n<p>Tutti i contenuti di questo sito web (immagini, foto, testi, video) sono soggetti a copyright. Se necessario, perseguiremo legalmente l'uso non autorizzato di parti del contenuto del nostro sito web.<\/p>\n\n\n\n<h2 class=\"wp-block-heading\">Crediti d'immagine<\/h2>\n\n\n\n<p>Le immagini, le foto e la grafica di questo sito sono protette da copyright.<\/p>\n\n\n\n<p>I diritti d'immagine sono detenuti dai seguenti fotografi e societ\u00e0:<\/p>\n\n\n\n<ul class=\"wp-block-list\">\n<li>pixapay.com<\/li>\n\n\n\n<li>shuterstock.com<\/li>\n<\/ul>\n\n\n\n<p>Fonte: Creato con il&nbsp;<a href=\"https:\/\/www.firmenwebseiten.at\/datenschutz-generator\/\" target=\"_blank\" rel=\"noreferrer noopener nofollow\">Generatore di protezione dei dati da firmenwebseiten.at<\/a>&nbsp;in collaborazione con&nbsp;<a href=\"https:\/\/www.hashtagtirol.at\/\" target=\"_blank\" rel=\"noreferrer noopener nofollow\">hashtagtirol.at<\/a><\/p>\n\n\n\n<h3 class=\"wp-block-heading\">Google Analytics<\/h3>\n\n\n\n<p>Questo sito web utilizza Google Analytics, un servizio di analisi web fornito da Google Inc. per analizzare l'utilizzo del sito web. Le informazioni generate dall'utilizzo di Google Analytics sull'utilizzo di questo sito web da parte dell'utente (compreso il suo indirizzo IP) vengono trasmesse e memorizzate da Google su un server negli Stati Uniti.<\/p>\n\n\n\n<p>Google utilizzer\u00e0 queste informazioni allo scopo di valutare l'utilizzo del sito web da parte dell'utente, compilare report sulle attivit\u00e0 del sito web per gli operatori del sito web e fornire altri servizi relativi alle attivit\u00e0 del sito web e all'utilizzo di Internet. Google non assocer\u00e0 il vostro indirizzo IP a nessun altro dato posseduto da Google. Utilizzando il presente sito web, acconsentite al trattamento dei vostri dati da parte di Google per le modalit\u00e0 e i fini sopraindicati.<\/p>\n\n\n\n<h3 class=\"wp-block-heading\">Link, esclusione di responsabilit\u00e0 per i link<\/h3>\n\n\n\n<p>Non ci assumiamo alcuna responsabilit\u00e0, n\u00e9 per la correttezza, n\u00e9 per il contenuto o l'assenza di contenuti aggressivi e\/o dannosi, come virus, trojan, worm ecc. dei link presenti sul nostro sito web. In particolare, non ci assumiamo alcuna responsabilit\u00e0 per il contenuto dei siti web esterni a cui si fa riferimento tramite collegamenti ipertestuali, per i quali \u00e8 responsabile esclusivamente il rispettivo fornitore. I link al nostro sito web sono benvenuti se concepiti come link esterni (finestra del browser propria). Non \u00e8 consentito trasferire la finestra principale in un frame del link setter. Se un sito web al quale abbiamo collegato un link contiene contenuti illegali, vi preghiamo di informarci e il link verr\u00e0 immediatamente rimosso.<\/p>\n\n\n\n<h3 class=\"wp-block-heading\">Copyright<\/h3>\n\n\n\n<p>Tutti i contenuti di questo sito web sono protetti da copyright (\u00a9). Testi, immagini, grafica e animazioni sono protetti da copyright e da altre leggi di tutela. I contenuti non possono essere copiati, distribuiti, modificati o resi accessibili a terzi per scopi commerciali. \u00c8 vietato qualsiasi utilizzo, in particolare l'archiviazione in banche dati, la riproduzione, la distribuzione, la modifica e qualsiasi forma di uso commerciale, nonch\u00e9 la divulgazione a terzi, anche in parte o in forma modificata, senza il consenso dell'autore.<\/p>","protected":false},"excerpt":{"rendered":"<p>Energetisch.fit ist ein Produkt von enerprax- Institut f\u00fcr praktische EnergieheilkundeJ\u00fcrgen Bergauer, MSc Gartenstra\u00dfe 6aA-6700 Bludenz Tel: +43 664 23 06 418 email:&nbsp;enerprax@gmail.com Hilfestellung zu einer k\u00f6rperlichen und energetischen Ausgewogenheit UID-Nummer:&nbsp;ATU55375007 Firmenbuchnummer:&nbsp;8016106 Firmenbuchgericht:&nbsp;Bludenz Inhaber:&nbsp;J\u00fcrgen Bergauer, MSc Gerichtsstand:&nbsp;Bezirkshauptmannschaft BludenzUnternehmensgegenstand:&nbsp;Handelsgewerbe mit Ausnahme der reglementierten HandelsgewerbeGISA-Zahl: 29050840 Unternehmensgegenstand:&nbsp;Hilfestellung zur Erreichung einer k\u00f6rperlichen bzw. energetischen Ausgewogenheit mittels Interpretation der Aura,&nbsp; [&hellip;]<\/p>\n","protected":false},"author":1,"featured_media":0,"parent":0,"menu_order":0,"comment_status":"closed","ping_status":"closed","template":"elementor_theme","meta":{"_acf_changed":false,"footnotes":""},"efit-produkt":[],"class_list":["post-197","page","type-page","status-publish","hentry"],"acf":[],"acpt":null,"_links":{"self":[{"href":"https:\/\/energetisch.fit\/it\/wp-json\/wp\/v2\/pages\/197","targetHints":{"allow":["GET"]}}],"collection":[{"href":"https:\/\/energetisch.fit\/it\/wp-json\/wp\/v2\/pages"}],"about":[{"href":"https:\/\/energetisch.fit\/it\/wp-json\/wp\/v2\/types\/page"}],"author":[{"embeddable":true,"href":"https:\/\/energetisch.fit\/it\/wp-json\/wp\/v2\/users\/1"}],"replies":[{"embeddable":true,"href":"https:\/\/energetisch.fit\/it\/wp-json\/wp\/v2\/comments?post=197"}],"version-history":[{"count":0,"href":"https:\/\/energetisch.fit\/it\/wp-json\/wp\/v2\/pages\/197\/revisions"}],"wp:attachment":[{"href":"https:\/\/energetisch.fit\/it\/wp-json\/wp\/v2\/media?parent=197"}],"wp:term":[{"taxonomy":"efit-produkt","embeddable":true,"href":"https:\/\/energetisch.fit\/it\/wp-json\/wp\/v2\/efit-produkt?post=197"}],"curies":[{"name":"wp","href":"https:\/\/api.w.org\/{rel}","templated":true}]}}