{"id":2831151,"date":"2026-03-31T16:40:14","date_gmt":"2026-03-31T14:40:14","guid":{"rendered":"https:\/\/energetisch.fit\/?post_type=product&#038;p=2831151"},"modified":"2026-04-08T09:45:53","modified_gmt":"2026-04-08T07:45:53","slug":"der-mensch-als-system","status":"publish","type":"product","link":"https:\/\/energetisch.fit\/fr\/shop\/der-mensch-als-system\/","title":{"rendered":"L'homme en tant que syst\u00e8me"},"content":{"rendered":"<p>Schluss mit dem Nebel der Esoterik. Willkommen in der Welt der Informationsmedizin.<\/p>\n<p>Hast du dich jemals gefragt, warum manche Interventionen sofort greifen, w\u00e4hrend andere trotz bester Absichten verpuffen? Warum reagiert der eine auf Stress mit dem Magen und der andere mit R\u00fcckenschmerzen? Die Antwort liegt nicht in den Einzelteilen, sondern im System.<\/p>\n<p>Dieses Buch r\u00e4umt mit dem veralteten mechanistischen \u201eUhrwerk-Denken\u201c auf. Es zeigt auf Basis von Systemtheorie, Biologie und Kybernetik, dass der Mensch kein Patient ist, den man \u201ereparieren\u201c kann, sondern ein hochkomplexes Informationssystem, das nach logischen Regeln reguliert.<\/p>\n<p><span class=\"a-text-bold\">Ce qui t'attend dans ce livre<\/span><\/p>\n<ul class=\"a-unordered-list a-vertical\">\n<li><span class=\"a-text-bold\">Du composant au syst\u00e8me :<\/span>\u00a0D\u00e9couvre pourquoi la vision classique nous co\u00fbte de l'\u00e9nergie - et comment le changement de paradigme vers la logique des syst\u00e8mes cr\u00e9e des solutions nouvelles et efficaces.<\/li>\n<li><span class=\"a-text-bold\">La logique de la r\u00e9gulation :<\/span>\u00a0Comprends comment ton corps communique par le biais des fr\u00e9quences, des rythmes et de la r\u00e9sonance. Apprends \u00e0 d\u00e9coder les sympt\u00f4mes non pas comme des d\u00e9fauts, mais comme des informations biologiques significatives.<\/li>\n<li><span class=\"a-text-bold\">La pr\u00e9cision plut\u00f4t que les b\u00e2tons d'encens :<\/span>\u00a0D\u00e9couvre comment le travail \u00e9nerg\u00e9tique obtient une base stable et logique. D\u00e9couvre comment les outils de pens\u00e9e num\u00e9riques (comme\u00a0<span class=\"a-text-italic\">energetisch.fit<\/span>) aident \u00e0 rendre les mod\u00e8les individuels objectivement visibles.<\/li>\n<li><span class=\"a-text-bold\">L'autonomie par la connaissance :<\/span>\u00a0Utilise ce mod\u00e8le comme outil de pr\u00e9cision pour ton chemin vers une v\u00e9ritable r\u00e9gulation.<\/li>\n<\/ul>\n<p>Dieses Werk schl\u00e4gt die Br\u00fccke: Es liefert Energetikern ein stabiles Fundament und bietet wissenschaftlich Denkenden ein strukturiertes Modell f\u00fcr die Welt der Schwingungen. Es geht nicht um Heilsversprechen, sondern um das Verst\u00e4ndnis von Prozessen.<\/p>","protected":false},"excerpt":{"rendered":"<p>Option 1: E-Book als PDF + H\u00f6rbuch als MP3<br \/>\nOption 2: Buch als Hardcover<br \/>\nOption 3: Buch als Softcover<\/p>\n<p><span class=\"a-text-bold\">Ce qui t'attend dans ce livre<\/span><\/p>\n<ul class=\"a-unordered-list a-vertical\">\n<li><span class=\"a-text-bold\">Du composant au syst\u00e8me :<\/span>\u00a0D\u00e9couvre pourquoi la vision classique nous co\u00fbte de l'\u00e9nergie - et comment le changement de paradigme vers la logique des syst\u00e8mes cr\u00e9e des solutions nouvelles et efficaces.<\/li>\n<li><span class=\"a-text-bold\">La logique de la r\u00e9gulation :<\/span>\u00a0Comprends comment ton corps communique par le biais des fr\u00e9quences, des rythmes et de la r\u00e9sonance. Apprends \u00e0 d\u00e9coder les sympt\u00f4mes non pas comme des d\u00e9fauts, mais comme des informations biologiques significatives.<\/li>\n<li><span class=\"a-text-bold\">La pr\u00e9cision plut\u00f4t que les b\u00e2tons d'encens :<\/span>\u00a0D\u00e9couvre comment le travail \u00e9nerg\u00e9tique obtient une base stable et logique. D\u00e9couvre comment les outils de pens\u00e9e num\u00e9riques (comme\u00a0<span class=\"a-text-italic\">energetisch.fit<\/span>) aident \u00e0 rendre les mod\u00e8les individuels objectivement visibles.<\/li>\n<li><span class=\"a-text-bold\">L'autonomie par la connaissance :<\/span>\u00a0Utilise ce mod\u00e8le comme outil de pr\u00e9cision pour ton chemin vers une v\u00e9ritable r\u00e9gulation.<\/li>\n<\/ul>","protected":false},"featured_media":2831485,"comment_status":"open","ping_status":"closed","template":"","meta":{"_acf_changed":false},"product_brand":[],"product_cat":[302],"product_tag":[],"class_list":{"0":"post-2831151","1":"product","2":"type-product","3":"status-publish","4":"has-post-thumbnail","6":"product_cat-unkategorisiert","7":"product_shipping_class-standartversand-1-3-werktage","8":"tm-no-options","10":"first","11":"instock","12":"taxable","13":"shipping-taxable","14":"purchasable","15":"product-type-variable","16":"has-default-attributes"},"acf":[],"_links":{"self":[{"href":"https:\/\/energetisch.fit\/fr\/wp-json\/wp\/v2\/product\/2831151","targetHints":{"allow":["GET"]}}],"collection":[{"href":"https:\/\/energetisch.fit\/fr\/wp-json\/wp\/v2\/product"}],"about":[{"href":"https:\/\/energetisch.fit\/fr\/wp-json\/wp\/v2\/types\/product"}],"replies":[{"embeddable":true,"href":"https:\/\/energetisch.fit\/fr\/wp-json\/wp\/v2\/comments?post=2831151"}],"wp:featuredmedia":[{"embeddable":true,"href":"https:\/\/energetisch.fit\/fr\/wp-json\/wp\/v2\/media\/2831485"}],"wp:attachment":[{"href":"https:\/\/energetisch.fit\/fr\/wp-json\/wp\/v2\/media?parent=2831151"}],"wp:term":[{"taxonomy":"product_brand","embeddable":true,"href":"https:\/\/energetisch.fit\/fr\/wp-json\/wp\/v2\/product_brand?post=2831151"},{"taxonomy":"product_cat","embeddable":true,"href":"https:\/\/energetisch.fit\/fr\/wp-json\/wp\/v2\/product_cat?post=2831151"},{"taxonomy":"product_tag","embeddable":true,"href":"https:\/\/energetisch.fit\/fr\/wp-json\/wp\/v2\/product_tag?post=2831151"}],"curies":[{"name":"wp","href":"https:\/\/api.w.org\/{rel}","templated":true}]}}