{"id":17532,"date":"2023-02-10T08:50:41","date_gmt":"2023-02-10T07:50:41","guid":{"rendered":"http:\/\/energetisch.fit\/?post_type=product&#038;p=17532"},"modified":"2024-10-05T10:45:22","modified_gmt":"2024-10-05T08:45:22","slug":"maison-et-terrain-en-forme-energetiquement","status":"publish","type":"product","link":"https:\/\/energetisch.fit\/fr\/shop\/energetisch-fit-haus-und-grundstueck\/","title":{"rendered":"energetisch.fit maison et terrain"},"content":{"rendered":"<p>Notre logiciel en ligne de gestion \u00e9nerg\u00e9tique <strong>Analyse und Behandlung von Haus und Grundst\u00fcck<\/strong> bietet eine einfache und effektive M\u00f6glichkeit, die <strong>les aspects \u00e9nerg\u00e9tiques de votre bien immobilier<\/strong> d'\u00e9tudier et d'am\u00e9liorer.<\/p>\n<p>Ce logiciel te permet d'adapter ton bien immobilier \u00e0 diff\u00e9rentes <strong>energetische Aspekte wie Strahlung, Elektrosmog, Wasseradern und geologische St\u00f6rzonen untersuchen<\/strong>. Le logiciel vous donne une analyse compl\u00e8te et vous montre les points faibles qui <strong>\u00c9nergie et sant\u00e9 d'un bien immobilier<\/strong> beeintr\u00e4chtigen k\u00f6nnen.<\/p>\n<p>Unsere Online-Software zur energetischen Analyse und Behandlung von Haus und Grundst\u00fcck ist <strong>facile \u00e0 utiliser<\/strong> und kann von jedermann genutzt werden. Du ben\u00f6tigst keine spezielle Ausbildung oder Fachkenntnisse, um von den Vorteilen dieser Software zu profitieren \u2013 <strong>nous t'accompagnons sur ton chemin<\/strong> und unterst\u00fctzen dich in der Anwendung des Programms.<\/p>\n<p>Am\u00e9liore l'efficacit\u00e9 \u00e9nerg\u00e9tique et l'harmonie de ta propri\u00e9t\u00e9 gr\u00e2ce \u00e0 notre logiciel en ligne de <strong>energetischen Analyse und Behandlung von Haus und Grundst\u00fcck.<\/strong><\/p>\n<p><strong>Contenu des diff\u00e9rents concepts (mod\u00e8les de travail) :<\/strong><\/p>\n<ul>\n<li>Champs, ondes, rayonnement<\/li>\n<li>Toxines de l'habitat, polluants, climat int\u00e9rieur<\/li>\n<li>Charge \u00e9nerg\u00e9tique du terrain<\/li>\n<li>Champignons, bact\u00e9ries, allerg\u00e8nes<\/li>\n<li>Charge mentale, \u00e9motionnelle et spirituelle<\/li>\n<li>Charge des \u00e9nergies \u00e9trang\u00e8res<\/li>\n<\/ul>\n<p>&nbsp;<\/p>\n<p><strong>Verschiedene M\u00f6glichkeiten<\/strong><\/p>\n<ul>\n<li>Choix de six clients \u00e0 un nombre illimit\u00e9<\/li>\n<li>six domaines th\u00e9matiques<\/li>\n<li>Analyse du champ \u00e9nerg\u00e9tique<\/li>\n<li>Analyse \u00e0 long terme<\/li>\n<li>Propre base de donn\u00e9es<\/li>\n<li>Traitement \u00e0 distance<\/li>\n<\/ul>","protected":false},"excerpt":{"rendered":"<p>Unsere Online-Software zur energetischen Analyse und Behandlung von Haus und Grundst\u00fcck bietet eine einfache und effektive M\u00f6glichkeit, die energetischen Aspekte Ihrer Immobilie zu untersuchen und zu verbessern. Mit dieser Software kannst du deine Immobilie auf verschiedene energetische Aspekte wie Strahlung, Elektrosmog, Wasseradern und geologische St\u00f6rzonen untersuchen. Die Software gibt eine umfassende Analyse und zeigt Ihnen [&hellip;]<\/p>\n","protected":false},"featured_media":18464,"comment_status":"open","ping_status":"closed","template":"","meta":{"_acf_changed":false},"product_brand":[],"product_cat":[343,448],"product_tag":[],"class_list":{"0":"post-17532","1":"product","2":"type-product","3":"status-publish","4":"has-post-thumbnail","6":"product_cat-digital-constellation","7":"product_cat-sonstige-module","8":"tm-no-options","10":"first","11":"instock","12":"sold-individually","13":"taxable","14":"shipping-taxable","15":"purchasable","16":"product-type-variable-subscription"},"acf":[],"_links":{"self":[{"href":"https:\/\/energetisch.fit\/fr\/wp-json\/wp\/v2\/product\/17532","targetHints":{"allow":["GET"]}}],"collection":[{"href":"https:\/\/energetisch.fit\/fr\/wp-json\/wp\/v2\/product"}],"about":[{"href":"https:\/\/energetisch.fit\/fr\/wp-json\/wp\/v2\/types\/product"}],"replies":[{"embeddable":true,"href":"https:\/\/energetisch.fit\/fr\/wp-json\/wp\/v2\/comments?post=17532"}],"wp:featuredmedia":[{"embeddable":true,"href":"https:\/\/energetisch.fit\/fr\/wp-json\/wp\/v2\/media\/18464"}],"wp:attachment":[{"href":"https:\/\/energetisch.fit\/fr\/wp-json\/wp\/v2\/media?parent=17532"}],"wp:term":[{"taxonomy":"product_brand","embeddable":true,"href":"https:\/\/energetisch.fit\/fr\/wp-json\/wp\/v2\/product_brand?post=17532"},{"taxonomy":"product_cat","embeddable":true,"href":"https:\/\/energetisch.fit\/fr\/wp-json\/wp\/v2\/product_cat?post=17532"},{"taxonomy":"product_tag","embeddable":true,"href":"https:\/\/energetisch.fit\/fr\/wp-json\/wp\/v2\/product_tag?post=17532"}],"curies":[{"name":"wp","href":"https:\/\/api.w.org\/{rel}","templated":true}]}}