{"id":16809,"date":"2023-01-16T13:33:06","date_gmt":"2023-01-16T12:33:06","guid":{"rendered":"http:\/\/energetisch.fit\/?post_type=product&#038;p=16809"},"modified":"2024-10-05T10:45:22","modified_gmt":"2024-10-05T08:45:22","slug":"energy-fit-lifecoaching","status":"publish","type":"product","link":"https:\/\/energetisch.fit\/fr\/shop\/energetisch-fit-lifecoaching\/","title":{"rendered":"energetisch.fit LifeCoaching"},"content":{"rendered":"<p>Bienvenue \u00e0 la <strong>energetisch.fit Logiciel de LifeCoaching<\/strong>qui aidera<strong>, das Leben auf die n\u00e4chste Stufe zu bringen<\/strong>!<\/p>\n<p>Avec notre logiciel, tu peux <strong>dein Leben auf eine Art und Weise ver\u00e4ndern<\/strong>, die du dir nie h\u00e4ttest vorstellen k\u00f6nnen. Unsere Life Coaching-Software nutzt die <strong>les derni\u00e8res technologies<\/strong>pour t'aider, <strong>deine Ziele zu erreichen und ein erf\u00fclltes Leben zu f\u00fchren<\/strong>.<\/p>\n<p>Wir verstehen, dass jeder Mensch unterschiedliche Ziele und Bed\u00fcrfnisse hat. Deshalb haben wir unsere Software so entwickelt, dass sie an <strong>deine individuellen Bed\u00fcrfnisse angepasst<\/strong> werden kann. Egal, ob du eine bestimmte F\u00e4higkeit verbessern m\u00f6chtest oder an deiner mentalen Gesundheit arbeiten m\u00f6chtest &#8211; <strong>notre logiciel peut t'aider<\/strong>.<\/p>\n<p>Unsere Life Coaching-Software bietet eine Vielzahl von Funktionen, die dir hilft, deine Ziele zu erreichen. Dazu geh\u00f6ren:<\/p>\n<p><strong>10 \u00e9tapes <\/strong>f\u00fcr ein erfolgreiches Coaching<\/p>\n<p><strong>Familien-\/Aufstellungsm\u00f6glichkeit<\/strong> de tous les th\u00e8mes du programme<\/p>\n<p><strong>Programmes de coaching personnalis\u00e9s<\/strong>, die auf deine individuellen Bed\u00fcrfnisse zugeschnitten sind.<\/p>\n<p>Une <strong>nombre important avec diff\u00e9rents th\u00e8mes<\/strong>, die du nutzen kannst, um deine F\u00e4higkeiten zu verbessern.<\/p>\n<p>Die M\u00f6glichkeit f\u00fcr <strong>Frequenztherapien f\u00fcr eine schnellere Wirksamkeit<\/strong> et une qualit\u00e9 optimale <strong>Unterst\u00fctzung der Pers\u00f6nlichkeit.<\/strong><\/p>\n<p>Notre logiciel de coaching de vie est facile \u00e0 utiliser et peut t'aider \u00e0 y parvenir, <strong>ein erf\u00fcllteres Leben<\/strong> zu f\u00fchren. Wenn du bereit bist, <strong>deine Ziele zu erreichen und dein Leben auf die n\u00e4chste Stufe zu bringen<\/strong>, dann ist das energetisch.fit LifeCoaching Programm genau das Richtige f\u00fcr dich!<\/p>\n<p>&nbsp;<\/p>\n<p><strong>Contenu des diff\u00e9rents concepts (mod\u00e8les de travail) :<\/strong><\/p>\n<ul>\n<li>Pr\u00e9-test \u00e9nerg\u00e9tique.fit<\/li>\n<li>Th\u00e8mes de LifeCoaching<\/li>\n<li>Sant\u00e9 g\u00e9n\u00e9rale<\/li>\n<li>Ne pas avoir peur<\/li>\n<li>Profession et carri\u00e8re<\/li>\n<li>R\u00e9ussir<\/li>\n<li>Sexualit\u00e4t und Erotik<\/li>\n<li>Famille et parent\u00e9<\/li>\n<li>Amis et connaissances<\/li>\n<li>Argent et revenus<\/li>\n<li>Gl\u00fccklich Sein<\/li>\n<li>Foyer et logement<\/li>\n<li>Hobbies et loisirs<\/li>\n<li>Trouver un partenaire<\/li>\n<li>Partenariat et mariage<\/li>\n<li>Pers\u00f6nlichkeit und Wachstum<\/li>\n<li>R\u00e9g\u00e9n\u00e9ration et d\u00e9tente<\/li>\n<li>Spiritualit\u00e4t und Verbundenheit<\/li>\n<li>Sport et fitness<\/li>\n<li>D\u00e9pendance \u00catre libre<\/li>\n<li>Manifester<\/li>\n<\/ul>\n<p>&nbsp;<\/p>\n<p><strong>Verschiedene M\u00f6glichkeiten<\/strong><\/p>\n<ul>\n<li>S\u00e9lection d'un \u00e0 un nombre illimit\u00e9 de clients<\/li>\n<li>y compris 21 concepts\/mod\u00e8les de travail<\/li>\n<li>y compris analyse \u00e0 long terme<\/li>\n<li>y compris base de donn\u00e9es propre<\/li>\n<li>y compris traitement \u00e0 distance<\/li>\n<\/ul>\n<p><iframe loading=\"lazy\" title=\"energetisch.fit LifeCoaching\" width=\"500\" height=\"281\" src=\"https:\/\/www.youtube.com\/embed\/7txbVd2cA-4?feature=oembed\" frameborder=\"0\" allow=\"accelerometer; autoplay; clipboard-write; encrypted-media; gyroscope; picture-in-picture; web-share\" referrerpolicy=\"strict-origin-when-cross-origin\" allowfullscreen><\/iframe><\/p>","protected":false},"excerpt":{"rendered":"<p>Willkommen zur energetisch.fit LifeCoaching Software, die helfen wird, das Leben auf die n\u00e4chste Stufe zu bringen! Mit unserer Software kannst du dein Leben auf eine Art und Weise ver\u00e4ndern, die du dir nie h\u00e4ttest vorstellen k\u00f6nnen. Unsere Life Coaching-Software nutzt die neuesten Technologien, um dir dabei zu helfen, deine Ziele zu erreichen und ein erf\u00fclltes [&hellip;]<\/p>\n","protected":false},"featured_media":18439,"comment_status":"open","ping_status":"closed","template":"","meta":{"_acf_changed":false},"product_brand":[],"product_cat":[444],"product_tag":[],"class_list":{"0":"post-16809","1":"product","2":"type-product","3":"status-publish","4":"has-post-thumbnail","6":"product_cat-lifecoaching","7":"tm-has-options","9":"first","10":"instock","11":"sold-individually","12":"taxable","13":"shipping-taxable","14":"purchasable","15":"product-type-variable-subscription"},"acf":[],"_links":{"self":[{"href":"https:\/\/energetisch.fit\/fr\/wp-json\/wp\/v2\/product\/16809","targetHints":{"allow":["GET"]}}],"collection":[{"href":"https:\/\/energetisch.fit\/fr\/wp-json\/wp\/v2\/product"}],"about":[{"href":"https:\/\/energetisch.fit\/fr\/wp-json\/wp\/v2\/types\/product"}],"replies":[{"embeddable":true,"href":"https:\/\/energetisch.fit\/fr\/wp-json\/wp\/v2\/comments?post=16809"}],"wp:featuredmedia":[{"embeddable":true,"href":"https:\/\/energetisch.fit\/fr\/wp-json\/wp\/v2\/media\/18439"}],"wp:attachment":[{"href":"https:\/\/energetisch.fit\/fr\/wp-json\/wp\/v2\/media?parent=16809"}],"wp:term":[{"taxonomy":"product_brand","embeddable":true,"href":"https:\/\/energetisch.fit\/fr\/wp-json\/wp\/v2\/product_brand?post=16809"},{"taxonomy":"product_cat","embeddable":true,"href":"https:\/\/energetisch.fit\/fr\/wp-json\/wp\/v2\/product_cat?post=16809"},{"taxonomy":"product_tag","embeddable":true,"href":"https:\/\/energetisch.fit\/fr\/wp-json\/wp\/v2\/product_tag?post=16809"}],"curies":[{"name":"wp","href":"https:\/\/api.w.org\/{rel}","templated":true}]}}