{"id":7210,"date":"2021-03-18T14:22:48","date_gmt":"2021-03-18T13:22:48","guid":{"rendered":"http:\/\/energetisch.fit\/?page_id=7210"},"modified":"2024-02-12T14:01:55","modified_gmt":"2024-02-12T13:01:55","slug":"constellation-numerique","status":"publish","type":"page","link":"https:\/\/energetisch.fit\/fr\/funktionen\/digital-constellation\/","title":{"rendered":"Constellation num\u00e9rique"},"content":{"rendered":"<h2>Digital Constellation - des constellations syst\u00e9miques d'un autre genre<\/h2>\n<p><b>Constellation num\u00e9rique<\/b>\u00a0est un logiciel en ligne qui permet d'effectuer des constellations syst\u00e9miques. La \u201cparticularit\u00e9\u201d du logiciel est un algorithme issu de la recherche en \u201cintelligence artificielle\u201d, qui est utilis\u00e9 pour le travail syst\u00e9mique.\u00a0<\/p>\n<p><b>Constellation num\u00e9rique<\/b>\u00a0reconna\u00eet, sur la base de \u201cl'effet observateur\u201d, la position des diff\u00e9rents \u00e9l\u00e9ments et les rend visibles \u00e0 l'\u00e9cran. Le test du champ \u00e9nerg\u00e9tique et le test d'influence permettent ensuite d'identifier les blocages et de les r\u00e9soudre.<\/p>\n<p>https:\/\/youtu.be\/LToJU-KLEyQ\t\t<\/p>\n<blockquote>\n<p>\n\t\t\t\tLorsque la vie s'enlise, il ne faut pas acc\u00e9l\u00e9rer encore plus - mais simplement arr\u00eater de freiner.\t\t\t<\/p>\n<p>\t\t\t\t\t\t\t\t\t\t\t<cite>Romy Gerhard<\/cite><br \/>\n\t\t\t\t\t\t\t\t\t\t\t\t\t\t\t\t<a href=\"https:\/\/twitter.com\/intent\/tweet?text=Wenn+es+mal+im+Leben+nicht+weiter+geht%2C+dann+sollte+man+nicht+noch+mehr+Gas+geben+-+sondern+einfach+aufh%C3%B6ren+zu+bremsen.+%E2%80%94+Romy+Gerhard&amp;url=https%3A%2F%2Fenergetisch.fit%2Fwp-admin%2Fadmin-ajax.php&amp;via=enerprax\" target=\"_blank\" rel=\"noopener\"><br \/>\n\t\t\t\t\t\t\t\t\t\t\t\t\t\t\t\t\t\t\t\t\t\t\t\t\t\t\t\t\t\t\t\t\t\t\t\t\t\t\t\t\t\t\t\t\tTweet<br \/>\n\t\t\t\t\t\t\t\t\t\t\t\t\t<\/a>\n\t\t\t\t\t<\/p><\/blockquote>\n<figure>\n\t\t\t\t\t\t\t\t\t\t\t<a href=\"http:\/\/energetisch.fit\/wp-content\/uploads\/2021\/03\/Computer-1.jpg\" data-elementor-open-lightbox=\"yes\" data-elementor-lightbox-title=\"Computer 1\" data-e-action-hash=\"#elementor-action%3Aaction%3Dlightbox%26settings%3DeyJpZCI6NjY5MSwidXJsIjoiaHR0cHM6XC9cL2VuZXJnZXRpc2NoLmZpdFwvd3AtY29udGVudFwvdXBsb2Fkc1wvMjAyMVwvMDNcL0NvbXB1dGVyLTEuanBnIn0%3D\"><br \/>\n\t\t\t\t\t\t\t<img loading=\"lazy\" decoding=\"async\" width=\"1024\" height=\"683\" src=\"http:\/\/energetisch.fit\/wp-content\/uploads\/2021\/03\/Computer-1.jpg\" alt=\"Illustration propre - Interface \/ programme Digital Constellation\" srcset=\"http:\/\/energetisch.fit\/wp-content\/uploads\/2021\/03\/Computer-1.jpg 1920w, http:\/\/energetisch.fit\/wp-content\/uploads\/2021\/03\/Computer-1-600x400.jpg 600w\" sizes=\"auto, (max-width: 1024px) 100vw, 1024px\" \/>\t\t\t\t\t\t\t\t<\/a><figcaption>Illustration propre - Interface \/ programme Digital Constellation<\/figcaption><\/figure>\n<h2>Une premi\u00e8re mondiale...<\/h2>\n<p>Digital Constellation est le premier outil de ce type. Gr\u00e2ce \u00e0 une application en ligne, les constellations syst\u00e9miques peuvent \u00eatre visualis\u00e9es et trait\u00e9es \u00e9nerg\u00e9tiquement.<\/p>\n<p>Bas\u00e9 sur la simulation du comportement\/esprit humain, nous utilisons un algorithme sp\u00e9cial pour imiter une constellation syst\u00e9mique (IA) r\u00e9elle.<\/p>\n<h2>Positionnement automatique et impulsions \u00e9nerg\u00e9tiques<\/h2>\n<p>Bas\u00e9 sur l'effet observateur, le programme reconna\u00eet le bon positionnement \u00e9nerg\u00e9tique des \u00e9l\u00e9ments et le rend visible \u00e0 l'\u00e9cran.<\/p>\n<p>Les blocages et les causes peuvent \u00eatre rendus visibles et r\u00e9solus \u00e9nerg\u00e9tiquement. Digital Constellation indique \u00e9galement les changements \u00e9nerg\u00e9tiques.<\/p>\n<p>http:\/\/energetisch.fit\/wp-content\/uploads\/2021\/03\/dc-gif-anik.mp4\t\t<\/p>\n<figure>\n\t\t\t\t\t\t\t\t\t\t\t<a href=\"http:\/\/energetisch.fit\/wp-content\/uploads\/2021\/03\/hintergruende-dc.jpg\" data-elementor-open-lightbox=\"yes\" data-elementor-lightbox-title=\"hintergruende-dc\" data-e-action-hash=\"#elementor-action%3Aaction%3Dlightbox%26settings%3DeyJpZCI6OTA2MiwidXJsIjoiaHR0cHM6XC9cL2VuZXJnZXRpc2NoLmZpdFwvd3AtY29udGVudFwvdXBsb2Fkc1wvMjAyMVwvMDNcL2hpbnRlcmdydWVuZGUtZGMuanBnIn0%3D\"><br \/>\n\t\t\t\t\t\t\t<img loading=\"lazy\" decoding=\"async\" width=\"553\" height=\"336\" src=\"http:\/\/energetisch.fit\/wp-content\/uploads\/2021\/03\/hintergruende-dc.jpg\" alt=\"Illustration personnelle - Arri\u00e8re-plans Digital Constellation - Planche d&#039;installation\" srcset=\"http:\/\/energetisch.fit\/wp-content\/uploads\/2021\/03\/hintergruende-dc.jpg 553w, http:\/\/energetisch.fit\/wp-content\/uploads\/2021\/03\/hintergruende-dc-300x182.jpg 300w\" sizes=\"auto, (max-width: 553px) 100vw, 553px\" \/>\t\t\t\t\t\t\t\t<\/a><figcaption>Illustration personnelle - Arri\u00e8re-plans Digital Constellation - Planche d'installation<\/figcaption><\/figure>\n<h2>Diff\u00e9rents contextes<\/h2>\n<p>Sur diff\u00e9rents <strong>Cat\u00e9gories<\/strong> peuvent \u00eatre diff\u00e9rents <strong>Arri\u00e8re-plan<\/strong> \u00eatre choisis en fonction du th\u00e8me de la constellation. Le positionnement des \u00e9l\u00e9ments permet au constellant d'obtenir des informations pr\u00e9cieuses. <strong>Soutien dans l'interpr\u00e9tation<\/strong>.<\/p>\n<p>En choisissant des produits tr\u00e8s diff\u00e9rents <strong>Th\u00e8mes d'influence<\/strong> peuvent alors utiliser les \u00e9l\u00e9ments\/figures <strong>interrog\u00e9s et optimis\u00e9s sur le plan \u00e9nerg\u00e9tique<\/strong> \u00eatre.<\/p>\n<p><a title=\"T\u00e9l\u00e9charger le PDF\" href=\"http:\/\/energetisch.fit\/wp-content\/uploads\/2021\/03\/DC-Hintergrundbeschreibung.pdf\" target=\"_blank\" rel=\"noopener\">T\u00e9l\u00e9charger le PDF \u2192<\/a>\t\t<\/p>\n<h2>L'effet observateur et l'exp\u00e9rience de la double fente<\/h2>\n<p>La technologie derri\u00e8re Digital Constellation est bas\u00e9e sur l'effet observateur.<\/p>\n<p>L'une des hypoth\u00e8ses les plus \u00e9tranges de la th\u00e9orie quantique, qui fascine depuis longtemps les philosophes et les physiciens, est que l'observation d'un ph\u00e9nom\u00e8ne influence l'observateur. L'une des exp\u00e9riences les plus connues \u00e0 ce sujet est sans doute l'exp\u00e9rience de la double fente.<\/p>\n<p>https:\/\/youtu.be\/3ohjOltaO6Yhttps:\/\/youtu.be\/KBcgIYn9zzUhttps:\/\/youtu.be\/-EVBTAXhNTg\t\t<\/p>\n<h2>14 jours de version compl\u00e8te gratuite pour<br \/> Demander Digital Constellation<\/h2>\n<h2>Digital Constellation convient en principe \u00e0 tout le monde<\/h2>\n<p>...qui travaille avec des syst\u00e8mes ou avec des constellations. Ce qui est important, c'est la <strong>Ouverture d'esprit<\/strong>, une parfaite <strong>nouvelle fa\u00e7on de travailler en constellation<\/strong> de l'autoriser !<\/p>\n<p>\u00a0<\/p>\n<p>Digital Constellation enrichit le travail de constellation syst\u00e9mique dans tous les domaines de la vie : <strong>Famille, relations, sant\u00e9, succ\u00e8s et affaires<\/strong>...<\/p>\n<h2>Exemples d'application de Digital Constellation<br \/>\n<\/h2>\n<p>\t\thttps:\/\/youtu.be\/BIDB8nGe29Ahttps:\/\/youtu.be\/YWlnSZSAGdQhttps:\/\/youtu.be\/KaCncwV3vOQhttps:\/\/youtu.be\/8kXkmGLbJU8<\/p>","protected":false},"excerpt":{"rendered":"<p>Digital Constellation &#8211; systemische Aufstellungen der anderen Art Digital Constellation\u00a0ist eine Online-Software, mit der systemische Aufstellungen ausgef\u00fchrt werden k\u00f6nnen. Das \u201cBesondere\u201d an der Software ist ein Algorithmus aus der Forschung der \u201cKI-k\u00fcnstliche Intelligenz\u201d, welcher f\u00fcr die systemische Arbeit zum Einsatz kommt.\u00a0 Digital Constellation\u00a0erkennt basierend auf dem \u201cBeobachtereffekt\u201d die Position der einzelnen Elemente und macht sie [&hellip;]<\/p>\n","protected":false},"author":1,"featured_media":0,"parent":8466,"menu_order":0,"comment_status":"closed","ping_status":"closed","template":"elementor_theme","meta":{"_acf_changed":false,"footnotes":""},"efit-produkt":[],"class_list":["post-7210","page","type-page","status-publish","hentry"],"acf":[],"acpt":null,"_links":{"self":[{"href":"https:\/\/energetisch.fit\/fr\/wp-json\/wp\/v2\/pages\/7210","targetHints":{"allow":["GET"]}}],"collection":[{"href":"https:\/\/energetisch.fit\/fr\/wp-json\/wp\/v2\/pages"}],"about":[{"href":"https:\/\/energetisch.fit\/fr\/wp-json\/wp\/v2\/types\/page"}],"author":[{"embeddable":true,"href":"https:\/\/energetisch.fit\/fr\/wp-json\/wp\/v2\/users\/1"}],"replies":[{"embeddable":true,"href":"https:\/\/energetisch.fit\/fr\/wp-json\/wp\/v2\/comments?post=7210"}],"version-history":[{"count":0,"href":"https:\/\/energetisch.fit\/fr\/wp-json\/wp\/v2\/pages\/7210\/revisions"}],"up":[{"embeddable":true,"href":"https:\/\/energetisch.fit\/fr\/wp-json\/wp\/v2\/pages\/8466"}],"wp:attachment":[{"href":"https:\/\/energetisch.fit\/fr\/wp-json\/wp\/v2\/media?parent=7210"}],"wp:term":[{"taxonomy":"efit-produkt","embeddable":true,"href":"https:\/\/energetisch.fit\/fr\/wp-json\/wp\/v2\/efit-produkt?post=7210"}],"curies":[{"name":"wp","href":"https:\/\/api.w.org\/{rel}","templated":true}]}}