{"id":275581,"date":"2025-11-19T10:44:25","date_gmt":"2025-11-19T09:44:25","guid":{"rendered":"https:\/\/energetisch.fit\/?page_id=275581"},"modified":"2025-11-21T10:45:31","modified_gmt":"2025-11-21T09:45:31","slug":"energy-fit-spiritualitaet-energetics","status":"publish","type":"page","link":"https:\/\/energetisch.fit\/fr\/energetisch-fit-spiritualitaet-energetik\/","title":{"rendered":"energetisch.fit Spiritualit\u00e9 et \u00e9nerg\u00e9tique"},"content":{"rendered":"","protected":false},"excerpt":{"rendered":"","protected":false},"author":3662,"featured_media":0,"parent":0,"menu_order":0,"comment_status":"closed","ping_status":"closed","template":"","meta":{"_acf_changed":false,"footnotes":""},"efit-produkt":[],"class_list":["post-275581","page","type-page","status-publish","hentry"],"acf":[],"acpt":null,"_links":{"self":[{"href":"https:\/\/energetisch.fit\/fr\/wp-json\/wp\/v2\/pages\/275581","targetHints":{"allow":["GET"]}}],"collection":[{"href":"https:\/\/energetisch.fit\/fr\/wp-json\/wp\/v2\/pages"}],"about":[{"href":"https:\/\/energetisch.fit\/fr\/wp-json\/wp\/v2\/types\/page"}],"author":[{"embeddable":true,"href":"https:\/\/energetisch.fit\/fr\/wp-json\/wp\/v2\/users\/3662"}],"replies":[{"embeddable":true,"href":"https:\/\/energetisch.fit\/fr\/wp-json\/wp\/v2\/comments?post=275581"}],"version-history":[{"count":4,"href":"https:\/\/energetisch.fit\/fr\/wp-json\/wp\/v2\/pages\/275581\/revisions"}],"predecessor-version":[{"id":293731,"href":"https:\/\/energetisch.fit\/fr\/wp-json\/wp\/v2\/pages\/275581\/revisions\/293731"}],"wp:attachment":[{"href":"https:\/\/energetisch.fit\/fr\/wp-json\/wp\/v2\/media?parent=275581"}],"wp:term":[{"taxonomy":"efit-produkt","embeddable":true,"href":"https:\/\/energetisch.fit\/fr\/wp-json\/wp\/v2\/efit-produkt?post=275581"}],"curies":[{"name":"wp","href":"https:\/\/api.w.org\/{rel}","templated":true}]}}