{"id":24399,"date":"2025-01-28T16:27:54","date_gmt":"2025-01-28T15:27:54","guid":{"rendered":"https:\/\/energetisch.fit\/?page_id=24399"},"modified":"2025-01-28T16:27:56","modified_gmt":"2025-01-28T15:27:56","slug":"page-des-conditions-dutilisation-affilies","status":"publish","type":"page","link":"https:\/\/energetisch.fit\/fr\/seite-mit-den-affiliate-nutzungsbedingungen\/","title":{"rendered":"Page des conditions d'utilisation de l'affiliation"},"content":{"rendered":"<p>En tant qu'affili\u00e9 autoris\u00e9 (affili\u00e9) du logiciel d'analyse et de th\u00e9rapie en ligne energetisch.fit, vous acceptez de vous conformer aux conditions contenues dans le pr\u00e9sent accord (accord). Veuillez lire attentivement l'accord dans son int\u00e9gralit\u00e9 avant de vous inscrire et de promouvoir le logiciel d'analyse et de th\u00e9rapie en ligne energetisch.fit en tant qu'affili\u00e9.<\/p>\n\t\n\n\t\n\t\t<p>Votre participation au programme a pour seul but de promouvoir l\u00e9galement notre site web afin de recevoir une commission sur les adh\u00e9sions et les produits achet\u00e9s par les personnes auxquelles le logiciel d'analyse et de th\u00e9rapie en ligne energetisch.fit est r\u00e9f\u00e9renc\u00e9 par votre propre site web ou par des recommandations personnelles.<\/p>\n\t\n\n\t\n\t\t<p>En vous inscrivant au programme d'affiliation (programme) du logiciel d'analyse et de th\u00e9rapie en ligne energetisch.fit, vous acceptez le pr\u00e9sent accord et ses conditions.<\/p>\n\t\n\n\t\n\t<h2 class=\"wp-block-heading\" id=\"approval-or-rejection\">Approbation ou rejet de la demande<\/h2>\n\t\n\n\t\n\t<p>Nous nous r\u00e9servons le droit d'approuver ou de rejeter TOUTE demande de programme d'affiliation \u00e0 notre seule et absolue discr\u00e9tion. Vous n'avez aucun recours contre nous en cas de refus de votre demande de programme d'affiliation.<\/p>\n\t\n\n\t\n\t<h2 class=\"wp-block-heading\" id=\"commissions\">Commissions<\/h2>\n\t\n\n\t\n\t<p>Les commissions sont vers\u00e9es une fois par mois. Pour qu'un affili\u00e9 re\u00e7oive une commission, le compte parrain\u00e9 doit rester actif pendant au moins 31 jours.<\/p>\n\t\n\n\t\n\t<p>Vous ne pouvez pas vous recommander vous-m\u00eame et vous ne recevez pas de commission sur vos propres comptes.<\/p>\n\t\n\n\t\n\t<p>Les paiements ne sont envoy\u00e9s que pour les transactions qui ont \u00e9t\u00e9 effectu\u00e9es avec succ\u00e8s. Les transactions qui donnent lieu \u00e0 des rejets de d\u00e9bit ou \u00e0 des remboursements ne sont pas pay\u00e9es.<\/p>\n\t\n\n\t\n\t<h2 class=\"wp-block-heading\" id=\"termination\">R\u00e9siliation<\/h2>\n\t\n\n\t\n\t<p>Votre demande de partenariat et votre statut dans le programme peuvent \u00eatre suspendus ou r\u00e9sili\u00e9s pour l'une des raisons suivantes :<\/p>\n\t\n\n\t\n\t<ul class=\"wp-block-list\">\n\t\t<li>la publicit\u00e9 inappropri\u00e9e (fausses all\u00e9gations, liens hypertextes trompeurs, etc.).<\/li>\n\t\t<li>le spamming (courriers \u00e9lectroniques en masse, publications en masse dans les groupes de discussion, etc.)<\/li>\n\t\t<li>la publicit\u00e9 sur des sites web qui contiennent ou encouragent des activit\u00e9s ill\u00e9gales<\/li>\n\t\t<li>d\u00e9faut de divulgation de la relation d'affiliation pour une promotion consid\u00e9r\u00e9e comme une approbation en vertu des politiques et r\u00e9glementations existantes de la Federal Trade Commission ou des lois d'\u00c9tat applicables<\/li>\n\t\t\t\t<li>Violation des droits de propri\u00e9t\u00e9 intellectuelle. Les logiciels d'analyse et de th\u00e9rapie en ligne energetisch.fit se r\u00e9servent le droit d'exiger des accords de licence de la part de ceux qui utilisent les marques des logiciels d'analyse et de th\u00e9rapie en ligne energetisch.fit afin de prot\u00e9ger nos droits de propri\u00e9t\u00e9 intellectuelle.<\/li>\n\t\t\t\t<li>Offrir des remises, des coupons ou d'autres kickbacks promis \u00e0 partir de votre commission d'affili\u00e9 \u00e0 titre d'incitation. L'ajout de bonus ou le regroupement d'autres produits avec le logiciel d'analyse et de th\u00e9rapie en ligne energetisch.fit est toutefois acceptable.<\/li>\n\t\t<li>Auto-recommandations, transactions frauduleuses, fraude pr\u00e9sum\u00e9e de l'affili\u00e9.<\/li>\n\t<\/ul>\n\t\n\n\t\n\t\t<p>En outre, le logiciel d'analyse et de th\u00e9rapie en ligne energetisch.fit se r\u00e9serve le droit de r\u00e9silier tout compte d'affili\u00e9 \u00e0 tout moment pour cause de non-respect du pr\u00e9sent accord ou sans donner de raison.<\/p>\n\t\n\n\t\n\t<h2 class=\"wp-block-heading\" id=\"affiliate-links\">Liens d'affiliation<\/h2>\n\t\n\n\t\n\t\t<p>Vous pouvez utiliser des liens graphiques et textuels aussi bien sur votre site web que dans vos messages \u00e9lectroniques. Vous pouvez \u00e9galement promouvoir le site du logiciel d'analyse et de th\u00e9rapie en ligne energetisch.fit dans des petites annonces en ligne et hors ligne, des magazines et des journaux.<\/p>\n\t\n\n\t\n\t<p>Vous pouvez utiliser les graphiques et les textes que nous fournissons ou cr\u00e9er les v\u00f4tres, \u00e0 condition qu'ils soient jug\u00e9s appropri\u00e9s conform\u00e9ment aux conditions et qu'ils n'enfreignent pas les dispositions d\u00e9crites dans la section R\u00e9siliation.<\/p>\n\t\n\n\t\n\t<h2 class=\"wp-block-heading\" id=\"coupon-and-deal-sites\">Sites de bons de r\u00e9duction et de deals<\/h2>\n\t\n\n\t\n\t\t<p>energetisch.fit Logiciel d'analyse et de th\u00e9rapie en ligne offre occasionnellement des bons d'achat \u00e0 certains affili\u00e9s et aux abonn\u00e9s de notre newsletter. Si vous n'avez pas pr\u00e9-approuv\u00e9 \/ attribu\u00e9 un coupon de marque, vous ne pouvez pas promouvoir le coupon. Vous trouverez ci-dessous les conditions qui s'appliquent \u00e0 tout affili\u00e9 qui envisage de promouvoir nos produits en rapport avec une transaction ou un bon d'achat :<\/p>\n\t\n\n\t\n\t<ul class=\"wp-block-list\">\n\t\t<li>Les affili\u00e9s ne doivent pas utiliser de texte trompeur sur les liens d'affiliation, les boutons ou les images pour laisser entendre que quoi que ce soit d'autre que des transactions actuellement autoris\u00e9es est en cours avec l'affili\u00e9 concern\u00e9.<\/li>\n\t\t\t\t<li>Les affili\u00e9s ne doivent pas proposer de coupons de r\u00e9duction sur le logiciel d'analyse et de th\u00e9rapie en ligne energetisch.fit, de remises sur le logiciel d'analyse et de th\u00e9rapie en ligne energetisch.fit ou d'autres expressions indiquant que des coupons sont disponibles.<\/li>\n\t\t<li>Les affili\u00e9s ne doivent pas g\u00e9n\u00e9rer de pop-ups, de pop-unders, d'iframes, de cadres ou d'autres actions vues ou invisibles qui d\u00e9finissent des cookies d'affiliation, \u00e0 moins que l'utilisateur n'ait manifest\u00e9 un int\u00e9r\u00eat clair et explicite pour l'activation d'une \u00e9conomie sp\u00e9cifique en cliquant sur un lien, un bouton ou une image clairement identifi\u00e9(e) pour ce bon ou cette offre sp\u00e9cifique. Votre lien doit diriger le visiteur vers le site marchand.<\/li>\n\t\t<li>L'utilisateur doit \u00eatre en mesure de voir les informations et les d\u00e9tails des coupons\/offres\/\u00e9conomies avant qu'un cookie d'affili\u00e9 ne soit d\u00e9fini (c.-\u00e0-d. \"Cliquez ici pour voir les coupons et ouvrir une fen\u00eatre vers le site du marchand\" n'est PAS autoris\u00e9).<\/li>\n\t\t<li>Les sites web des affili\u00e9s peuvent ne pas avoir de \"Cliquez pour (ou pour voir) l'accord \/ le coupon\" ou une variation si aucun coupon ou accord n'est disponible et si le clic ouvre le site web du marchand ou place un cookie. Les affili\u00e9s ayant un tel texte sur la page de destination du marchand seront imm\u00e9diatement retir\u00e9s du programme.<\/li>\n\t<\/ul>\n\t\n\n\t\n\t<h2 class=\"wp-block-heading\" id=\"ppc-policy\">Politique de paiement par clic (PPC)<\/h2>\n\t\n\n\t\n\t<p>Les ench\u00e8res PPC ne sont PAS autoris\u00e9es sans autorisation \u00e9crite pr\u00e9alable.<\/p>\n\t\n\n\t\n\t<h2 class=\"wp-block-heading\" id=\"liability\">Responsabilit\u00e9 civile<\/h2>\n\t\n\n\t\n\t\t<p>energetisch.fit Online Analyse et th\u00e9rapie Software ne sont pas responsables des dommages indirects ou accidentels (pertes de chiffre d'affaires, commissions) dus \u00e0 des erreurs de suivi des affili\u00e9s, \u00e0 la perte de fichiers de base de donn\u00e9es ou aux cons\u00e9quences de dommages caus\u00e9s au programme et\/ou \u00e0 nos sites web.<\/p>\n\t\n\n\t\n\t\t<p>Nous ne donnons aucune garantie, expresse ou implicite, concernant le programme et\/ou les adh\u00e9sions ou produits vendus par le logiciel d'analyse et de th\u00e9rapie en ligne energetisch.fit. Nous ne pr\u00e9tendons pas que le fonctionnement du Programme et\/ou de notre\/nos site(s) Internet soit exempt d'erreurs et nous ne sommes pas responsables des interruptions ou des erreurs.<\/p>\n\t\n\n\t\n\t<h2 class=\"wp-block-heading\" id=\"term-of-agreement\">Dur\u00e9e de l'accord<\/h2>\n\t\n\n\t\n\t<p>La dur\u00e9e de cet accord commence \u00e0 la date de votre inscription au programme et se termine lorsque votre compte d'affili\u00e9 est r\u00e9sili\u00e9.<\/p>\n\t\n\n\t\n\t<p>Nous pouvons modifier les conditions du pr\u00e9sent accord \u00e0 tout moment. Si vous n'acceptez pas une modification des conditions du pr\u00e9sent accord, votre seul choix est de r\u00e9silier votre compte d'affili\u00e9. Votre participation continue au programme constitue votre acceptation de toute modification.<\/p>\n\t\n\n\t\n\t<h2 class=\"wp-block-heading\" id=\"indemnification\">Code de confirmation<\/h2>\n\t\n\n\t\n\t\t<p>L'Affili\u00e9 affili\u00e9 garantit les Logiciels d'analyse et de th\u00e9rapie en ligne energetisch.fit et ses soci\u00e9t\u00e9s affili\u00e9es, dirigeants, administrateurs, employ\u00e9s, licenci\u00e9s, successeurs et ayants droit, y compris ceux qui sont autoris\u00e9s par les Logiciels d'analyse et de th\u00e9rapie en ligne energetisch.fit Online Analyse and Therapy Software pour transmettre et distribuer des documents, de toutes les responsabilit\u00e9s, dommages, amendes, jugements, r\u00e9clamations, co\u00fbts, pertes et d\u00e9penses (y compris les frais et co\u00fbts raisonnables d'avocat) d\u00e9coulant de ou li\u00e9s \u00e0 toute r\u00e9clamation li\u00e9e au pr\u00e9sent Accord en raison de la n\u00e9gligence.  Fausse d\u00e9claration, non-divulgation ou mauvaise conduite intentionnelle de l'affili\u00e9.<\/p>\n\t\n\n\t\n\t<h2 class=\"wp-block-heading\" id=\"electronic-signatures-effective\">Les signatures \u00e9lectroniques sont efficaces<\/h2>\n\t\n\n\t\n\t\t<p>L'accord est un contrat \u00e9lectronique qui d\u00e9finit les conditions juridiquement contraignantes de votre participation au programme de partenariat du logiciel d'analyse et de th\u00e9rapie en ligne energetisch.fit. Vous acceptez le pr\u00e9sent accord et toutes les conditions contenues ou r\u00e9f\u00e9renc\u00e9es dans cet accord en achevant le processus de candidature du logiciel d'analyse et de th\u00e9rapie en ligne energetisch.fit. Cette d\u00e9marche permet de cr\u00e9er une signature \u00e9lectronique qui a la m\u00eame valeur juridique et le m\u00eame effet qu'une signature manuscrite.<\/p>","protected":false},"excerpt":{"rendered":"<p>Als autorisierter Affiliate (Affiliate) von energetisch.fit Online Analyse und Therapie Software erkl\u00e4ren Sie sich damit einverstanden, die in dieser Vereinbarung (Vereinbarung) enthaltenen Bedingungen einzuhalten. Bitte lesen Sie die gesamte Vereinbarung sorgf\u00e4ltig durch, bevor Sie sich registrieren und energetisch.fit Online Analyse und Therapie Software als Affiliate bewerben. Ihre Teilnahme am Programm dient ausschlie\u00dflich dazu, unsere Website [&hellip;]<\/p>\n","protected":false},"author":1288,"featured_media":0,"parent":0,"menu_order":0,"comment_status":"closed","ping_status":"closed","template":"","meta":{"_acf_changed":false,"footnotes":""},"efit-produkt":[],"class_list":["post-24399","page","type-page","status-publish","hentry"],"acf":[],"acpt":null,"_links":{"self":[{"href":"https:\/\/energetisch.fit\/fr\/wp-json\/wp\/v2\/pages\/24399","targetHints":{"allow":["GET"]}}],"collection":[{"href":"https:\/\/energetisch.fit\/fr\/wp-json\/wp\/v2\/pages"}],"about":[{"href":"https:\/\/energetisch.fit\/fr\/wp-json\/wp\/v2\/types\/page"}],"author":[{"embeddable":true,"href":"https:\/\/energetisch.fit\/fr\/wp-json\/wp\/v2\/users\/1288"}],"replies":[{"embeddable":true,"href":"https:\/\/energetisch.fit\/fr\/wp-json\/wp\/v2\/comments?post=24399"}],"version-history":[{"count":1,"href":"https:\/\/energetisch.fit\/fr\/wp-json\/wp\/v2\/pages\/24399\/revisions"}],"predecessor-version":[{"id":24400,"href":"https:\/\/energetisch.fit\/fr\/wp-json\/wp\/v2\/pages\/24399\/revisions\/24400"}],"wp:attachment":[{"href":"https:\/\/energetisch.fit\/fr\/wp-json\/wp\/v2\/media?parent=24399"}],"wp:term":[{"taxonomy":"efit-produkt","embeddable":true,"href":"https:\/\/energetisch.fit\/fr\/wp-json\/wp\/v2\/efit-produkt?post=24399"}],"curies":[{"name":"wp","href":"https:\/\/api.w.org\/{rel}","templated":true}]}}