{"id":199,"date":"2016-07-27T15:40:24","date_gmt":"2016-07-27T13:40:24","guid":{"rendered":"http:\/\/energetisch.fit\/?page_id=199"},"modified":"2023-05-10T16:50:46","modified_gmt":"2023-05-10T14:50:46","slug":"agbs","status":"publish","type":"page","link":"https:\/\/energetisch.fit\/fr\/agbs\/","title":{"rendered":"Conditions g\u00e9n\u00e9rales de vente"},"content":{"rendered":"<p><strong>Conditions g\u00e9n\u00e9rales de vente (Energetisch.fit) <\/strong><\/p>\n\n\n\n<ul class=\"wp-block-list\">\n<li><strong> 1 Champ d'application et fournisseur <\/strong><\/li>\n<\/ul>\n\n\n\n<p>(1) Les pr\u00e9sentes conditions g\u00e9n\u00e9rales de vente s'appliquent \u00e0 toutes les commandes que vous passez sur la boutique en ligne energetisch.fit.<\/p>\n\n\n\n<p>(3) Nos livraisons, prestations et offres sont exclusivement bas\u00e9es sur les pr\u00e9sentes conditions g\u00e9n\u00e9rales de vente. Les conditions g\u00e9n\u00e9rales de vente s'appliquent donc \u00e9galement aux entreprises pour toutes les relations commerciales futures, m\u00eame si elles ne sont pas express\u00e9ment convenues \u00e0 nouveau. Nous nous opposons d\u00e8s \u00e0 pr\u00e9sent \u00e0 l'int\u00e9gration de conditions g\u00e9n\u00e9rales de vente d'un client qui seraient contraires \u00e0 nos conditions g\u00e9n\u00e9rales de vente.<\/p>\n\n\n\n<p>(4) La langue du contrat est exclusivement l'allemand.<\/p>\n\n\n\n<ul class=\"wp-block-list\">\n<li><strong> 2 Conclusion du contrat <\/strong><\/li>\n<\/ul>\n\n\n\n<p>(1) La pr\u00e9sentation des marchandises dans la boutique en ligne ne constitue pas une demande ferme de conclusion d'un contrat de vente. Il s'agit plut\u00f4t d'une invitation sans engagement \u00e0 commander des marchandises dans la boutique en ligne.<\/p>\n\n\n\n<p>(2) En cliquant sur le bouton \"Acheter maintenant\", vous faites une offre d'achat ferme (\u00a7 145 BGB).<br>(3) Le contrat n'est conclu qu'apr\u00e8s l'activation du contenu ou la mise \u00e0 disposition d'un lien.<br>(2) L'offre de marchandises dans notre boutique en ligne s'adresse exclusivement aux acheteurs ayant atteint l'\u00e2ge de 18 ans.<\/p>\n\n\n\n<ul class=\"wp-block-list\">\n<li><strong> 3 Prix <\/strong><\/li>\n<\/ul>\n\n\n\n<p>Les prix indiqu\u00e9s sur les pages des produits incluent la TVA et d'autres \u00e9l\u00e9ments de prix.<\/p>\n\n\n\n<ul class=\"wp-block-list\">\n<li><strong> 4 Conditions de paiement ; retard <\/strong><\/li>\n<\/ul>\n\n\n\n<p>(1) Le paiement s'effectue au choix : Carte de cr\u00e9dit, Paypal.<br>(2) En cas de paiement par carte de cr\u00e9dit, le prix d'achat est r\u00e9serv\u00e9 sur votre carte de cr\u00e9dit au moment de la commande (\"autorisation\"). Le d\u00e9bit effectif de votre compte de carte de cr\u00e9dit a lieu au moment o\u00f9 nous vous envoyons la marchandise.<br>(3) Si vous \u00eates en retard dans un paiement, vous \u00eates tenu de payer les int\u00e9r\u00eats moratoires l\u00e9gaux \u00e0 hauteur de 5 points de pourcentage au-dessus du taux d'int\u00e9r\u00eat de base. Pour chaque lettre de rappel qui vous est envoy\u00e9e apr\u00e8s la survenance du retard, des frais de rappel d'un montant minimum de 15 EUR vous seront factur\u00e9s, \u00e0 moins que vous ne puissiez prouver un dommage moins important.<\/p>\n\n\n\n<ul class=\"wp-block-list\">\n<li><strong> 5 Suspension\/droit de r\u00e9tention <\/strong><\/li>\n<\/ul>\n\n\n\n<p>(1) Vous ne disposez d'un droit de compensation que si votre contre-cr\u00e9ance a \u00e9t\u00e9 constat\u00e9e par un jugement ex\u00e9cutoire ou si nous ne la contestons pas.<br>(2) Vous ne pouvez exercer un droit de r\u00e9tention que dans la mesure o\u00f9 votre contre-cr\u00e9ance repose sur le m\u00eame rapport contractuel. \u00a7 6 Livraison<\/p>\n\n\n\n<p>(1) Sauf accord contraire, la livraison de la marchandise s'effectue par la mise \u00e0 disposition d'un lien ou de donn\u00e9es d'acc\u00e8s via e-mail. (2) Il est de la responsabilit\u00e9 du client de mettre \u00e0 disposition un logiciel appropri\u00e9 permettant d'ouvrir, de traiter et d'imprimer correctement les fichiers et les contenus.<\/p>\n\n\n\n<ul class=\"wp-block-list\">\n<li><strong> 7 Restitution et r\u00e9siliation du contrat <\/strong><\/li>\n<\/ul>\n\n\n\n<p>Apr\u00e8s avoir cliqu\u00e9 sur le bouton Acheter ou apr\u00e8s avoir re\u00e7u les donn\u00e9es d'acc\u00e8s, le droit de retour de 14 jours s'applique.<\/p>\n\n\n\n<ul class=\"wp-block-list\">\n<li><strong>&nbsp;8 Responsabilit\u00e9 <\/strong><\/li>\n<\/ul>\n\n\n\n<p>(1) Responsabilit\u00e9 illimit\u00e9e : nous sommes responsables de mani\u00e8re illimit\u00e9e en cas de faute intentionnelle et de n\u00e9gligence grave ainsi que conform\u00e9ment \u00e0 la loi sur la responsabilit\u00e9 du fait des produits.<br>(2) Par ailleurs, la responsabilit\u00e9 limit\u00e9e suivante s'applique : en cas de n\u00e9gligence l\u00e9g\u00e8re, nous ne sommes responsables qu'en cas de violation d'une obligation l\u00e9gale.<\/p>\n\n\n\n<p>obligation contractuelle essentielle dont l'ex\u00e9cution permet la bonne ex\u00e9cution du contrat et au respect de laquelle vous pouvez r\u00e9guli\u00e8rement vous fier (obligation cardinale). La responsabilit\u00e9 en cas de n\u00e9gligence l\u00e9g\u00e8re est limit\u00e9e au montant des dommages pr\u00e9visibles lors de la conclusion du contrat et dont la survenance est typique. Cette limitation de responsabilit\u00e9 s'applique \u00e9galement \u00e0 nos auxiliaires d'ex\u00e9cution.<\/p>\n\n\n\n<p>(2).<strong>IMPORTANT ENERGETISCH.FIT EST UNIQUEMENT UN LOGICIEL D'AUTO-COACHING - ET NE FAIT\/NE FAIT AUCUNE PROMESSE DE GU\u00c9RISON M\u00c9DICALE. <\/strong><\/p>\n\n\n\n<ul class=\"wp-block-list\">\n<li><strong> 9 Droits d'auteur et d'utilisation <\/strong><\/li>\n<\/ul>\n\n\n\n<p>(1) Tous les contenus num\u00e9riques mis \u00e0 disposition par le vendeur sont prot\u00e9g\u00e9s par des droits d'auteur.<\/p>\n\n\n\n<p><strong><em><br>Remarque :<\/em><\/strong><\/p>\n\n\n\n<p><strong><br>En l'\u00e9tat actuel de la m\u00e9decine et de la science, l'existence de champs \u00e9nerg\u00e9tiques et morphog\u00e9n\u00e9tiques n'est pas reconnue. L'utilisation d'energetisch.fit vise \u00e0 identifier et \u00e0 harmoniser les perturbations du champ \u00e9nerg\u00e9tique ; il ne s'agit pas d'un traitement du corps physique. L'utilisation d'energetisch.fit ne remplace pas la consultation d'un m\u00e9decin, d'un naturopathe ou d'un th\u00e9rapeute.<\/strong><\/p>","protected":false},"excerpt":{"rendered":"<p>Allgemeine Gesch\u00e4ftsbedingungen (Energetisch.fit) (1) Diese Allgemeinen Gesch\u00e4ftsbedingungen gelten f\u00fcr alle Bestellungen, die Sie bei dem Online-Shop energetisch.fit vornehmen. (3) Unsere Lieferungen, Leistungen und Angebote erfolgen ausschlie\u00dflich auf der Grundlage dieser Allgemeinen Gesch\u00e4ftsbedingungen. Die Allgemeinen Gesch\u00e4ftsbedingungen gelten gegen\u00fcber Unternehmen somit auch f\u00fcr alle k\u00fcnftigen Gesch\u00e4ftsbeziehungen, auch wenn sie nicht nochmals ausdr\u00fccklich vereinbart werden. Der Einbeziehung von [&hellip;]<\/p>\n","protected":false},"author":1,"featured_media":0,"parent":0,"menu_order":0,"comment_status":"closed","ping_status":"closed","template":"elementor_theme","meta":{"_acf_changed":false,"footnotes":""},"efit-produkt":[],"class_list":["post-199","page","type-page","status-publish","hentry"],"acf":[],"acpt":null,"_links":{"self":[{"href":"https:\/\/energetisch.fit\/fr\/wp-json\/wp\/v2\/pages\/199","targetHints":{"allow":["GET"]}}],"collection":[{"href":"https:\/\/energetisch.fit\/fr\/wp-json\/wp\/v2\/pages"}],"about":[{"href":"https:\/\/energetisch.fit\/fr\/wp-json\/wp\/v2\/types\/page"}],"author":[{"embeddable":true,"href":"https:\/\/energetisch.fit\/fr\/wp-json\/wp\/v2\/users\/1"}],"replies":[{"embeddable":true,"href":"https:\/\/energetisch.fit\/fr\/wp-json\/wp\/v2\/comments?post=199"}],"version-history":[{"count":0,"href":"https:\/\/energetisch.fit\/fr\/wp-json\/wp\/v2\/pages\/199\/revisions"}],"wp:attachment":[{"href":"https:\/\/energetisch.fit\/fr\/wp-json\/wp\/v2\/media?parent=199"}],"wp:term":[{"taxonomy":"efit-produkt","embeddable":true,"href":"https:\/\/energetisch.fit\/fr\/wp-json\/wp\/v2\/efit-produkt?post=199"}],"curies":[{"name":"wp","href":"https:\/\/api.w.org\/{rel}","templated":true}]}}