{"id":10941,"date":"2021-06-04T09:46:30","date_gmt":"2021-06-04T07:46:30","guid":{"rendered":"http:\/\/energetisch.fit\/?page_id=10941"},"modified":"2022-04-22T09:40:45","modified_gmt":"2022-04-22T07:40:45","slug":"page-daide-de-reset4me","status":"publish","type":"page","link":"https:\/\/energetisch.fit\/fr\/reset4me-hilfeseite\/","title":{"rendered":"Page d'aide de reset4me"},"content":{"rendered":"<p><a href=\"\/fr\/lp-reset4me\/\"><br \/>\n\t\t\t\t\t\t\t<img decoding=\"async\" width=\"412\" height=\"91\" src=\"http:\/\/energetisch.fit\/wp-content\/uploads\/2021\/05\/reset4me-Logo.svg\" alt=\"\" loading=\"lazy\">\t\t\t\t\t\t\t\t<\/a><\/p>\n<ul>\n<li>\n\t\t\t\t\t\t\t\t\t\t\t<a href=\"\/fr\/lp-reset4me\/#pakete\"><br \/>\n\t\t\t\t\t\t\t\t\t\t\tPrix<br \/>\n\t\t\t\t\t\t\t\t\t\t\t<\/a>\n\t\t\t\t\t\t\t\t\t<\/li>\n<li>\n\t\t\t\t\t\t\t\t\t\t\t<a href=\"http:\/\/energetisch.fit\/fr\/page-daide-de-reset4me\/\" target=\"_blank\" rel=\"noopener\"><br \/>\n\t\t\t\t\t\t\t\t\t\t\tPage d'aide<br \/>\n\t\t\t\t\t\t\t\t\t\t\t<\/a>\n\t\t\t\t\t\t\t\t\t<\/li>\n<\/ul>\n<h1>reset4me - Page d'aide<\/h1>\n<h3>Bienvenue \u00e0 tous<\/h3>\n<p>\t\thttps:\/\/youtu.be\/U6E3Oc3Aca0<\/p>\n<p>Consultez nos \u00e9valuations sur <a href=\"https:\/\/www.google.at\/maps\/place\/enerprax+-+Institut+f%C3%BCr+praktische+Energieheilkunde\/@47.1543576,9.8103453,16z\/data=!4m21!1m13!4m12!1m4!2m2!1d9.8102878!2d47.1561081!4e1!1m6!1m2!1s0x479b4fb7b184a99f:0x6a9847600d183c39!2senerprax+-+Institut+f%C3%BCr+praktische+Energieheilkunde!2m2!1d9.8196119!2d47.1532269!3m6!1s0x479b4fb7b184a99f:0x6a9847600d183c39!8m2!3d47.1532269!4d9.8196119!9m1!1b1\" target=\"_blank\" rel=\"noopener nofollow\">Google<\/a> \u00e0<\/p>\n<p>\t\t\t\t\t\t<i>\ue934<\/i><i>\ue934<\/i><i>\ue934<\/i><i>\ue934<\/i><i>\ue934<\/i> 4.8\/5\t\t<\/p>\n<ul>\n<li>\n\t\t\t\t\t\t\t\t\t\tReproductible\n\t\t\t\t\t\t\t\t\t<\/li>\n<li>\n\t\t\t\t\t\t\t\t\t\tScientifiquement pr\u00e9visible\n\t\t\t\t\t\t\t\t\t<\/li>\n<li>\n\t\t\t\t\t\t\t\t\t\tr\u00e9sultats visibles\n\t\t\t\t\t\t\t\t\t<\/li>\n<\/ul>\n<h2>Utilisation de reset4me<\/h2>\n<p>Les vid\u00e9os suivantes expliquent l'application et l'utilisation de reset4me.<\/p>\n<h2>Premiers pas<\/h2>\n<p>\t\t\t\t\t\t\t\t\t\t\t\t\t\t\t7 vid\u00e9os<\/p>\n<h4 title=\"Se connecter \u00e0 reset4me\">\n\t\t\t\t\t\t\t\t\t\t\t<a href=\"\"><br \/>\n\t\t\t\t\t\t\t\t\t\t\t\tSe connecter \u00e0 reset4me\t\t\t\t\t\t\t\t\t\t\t<\/a><br \/>\n\t\t\t\t\t\t\t\t\t\t<\/h4>\n<p>\t\t\t\t\t\t\t\t\t\t\t\t\t\t\t\t\t\t\t\t\t1:12<\/p>\n<h4 title=\"Tableau de bord &amp; \u00e9l\u00e9ments de commande reset4me\">\n\t\t\t\t\t\t\t\t\t\t\t<a href=\"\"><br \/>\n\t\t\t\t\t\t\t\t\t\t\t\tTableau de bord &amp; \u00e9l\u00e9ments de commande reset4me\t\t\t\t\t\t\t\t\t\t\t<\/a><br \/>\n\t\t\t\t\t\t\t\t\t\t<\/h4>\n<p>\t\t\t\t\t\t\t\t\t\t\t\t\t\t\t\t\t\t\t\t\t3:40<\/p>\n<h4 title=\"Cr\u00e9er un nouvel utilisateur dans reset4me\">\n\t\t\t\t\t\t\t\t\t\t\t<a href=\"\"><br \/>\n\t\t\t\t\t\t\t\t\t\t\t\tCr\u00e9er un nouvel utilisateur dans reset4me\t\t\t\t\t\t\t\t\t\t\t<\/a><br \/>\n\t\t\t\t\t\t\t\t\t\t<\/h4>\n<p>\t\t\t\t\t\t\t\t\t\t\t\t\t\t\t\t\t\t\t\t\t3:23<\/p>\n<h4 title=\"\"mein thema\" anlegen &#038; bearbeiten reset4me\">\n\t\t\t\t\t\t\t\t\t\t\t<a href=\"\"><br \/>\n\t\t\t\t\t\t\t\t\t\t\t\tCr\u00e9er &amp; modifier \"Mon sujet\" reset4me\t\t\t\t\t\t\t\t\t\t\t<\/a><br \/>\n\t\t\t\t\t\t\t\t\t\t<\/h4>\n<p>\t\t\t\t\t\t\t\t\t\t\t\t\t\t\t\t\t\t\t\t\t2:49<\/p>\n<h4 title=\"Traitement &amp; correction reste4me\">\n\t\t\t\t\t\t\t\t\t\t\t<a href=\"\"><br \/>\n\t\t\t\t\t\t\t\t\t\t\t\tTraitement &amp; correction reste4me\t\t\t\t\t\t\t\t\t\t\t<\/a><br \/>\n\t\t\t\t\t\t\t\t\t\t<\/h4>\n<p>\t\t\t\t\t\t\t\t\t\t\t\t\t\t\t\t\t\t\t\t\t4:02<\/p>\n<h4 title=\"T\u00e9l\u00e9charger ou changer de photo reset4me\">\n\t\t\t\t\t\t\t\t\t\t\t<a href=\"\"><br \/>\n\t\t\t\t\t\t\t\t\t\t\t\tT\u00e9l\u00e9charger ou changer de photo reset4me\t\t\t\t\t\t\t\t\t\t\t<\/a><br \/>\n\t\t\t\t\t\t\t\t\t\t<\/h4>\n<p>\t\t\t\t\t\t\t\t\t\t\t\t\t\t\t\t\t\t\t\t\t1:26<\/p>\n<h4 title=\"Se connecter au compte d&#039;utilisateur &amp; trouver un lien de r\u00e9f\u00e9rence\">\n\t\t\t\t\t\t\t\t\t\t\t<a href=\"\"><br \/>\n\t\t\t\t\t\t\t\t\t\t\t\tSe connecter au compte d'utilisateur &amp; trouver un lien de r\u00e9f\u00e9rence\t\t\t\t\t\t\t\t\t\t\t<\/a><br \/>\n\t\t\t\t\t\t\t\t\t\t<\/h4>\n<p>\t\t\t\t\t\t\t\t\t\t\t\t\t\t\t\t\t\t\t\t\t1:48<br \/>\n\t\t\t\t\t\t\t\t\t\t\t\t\t\t\t\t\t\t\t\t\t\tJouer la vid\u00e9o<\/p>\n<h2>reset4me - Questions &amp; r\u00e9ponses<\/h2>\n<p>Vous trouverez ici les r\u00e9ponses aux questions les plus fr\u00e9quentes concernant reset4me.<\/p>\n<p>\t\t\t\t\t\t\t\t\t\t\t\t<a href=\"\">Quelle technologie se cache derri\u00e8re reset4ne ?<\/a><\/p>\n<p>La technologie derri\u00e8re reset4me s'explique par le fait que nous utilisons les donn\u00e9es \"brutes\" du sujet (nom, date et lieu de naissance) et que nous calculons une oscillation \u00e0 partir de ces donn\u00e9es (les lettres et les chiffres peuvent \u00eatre convertis en une oscillation).<\/p>\n<p>Le biorythme \"individuel\" est ainsi calcul\u00e9 et compar\u00e9 \u00e0 l'oscillation d'un probl\u00e8me ou d'un sympt\u00f4me.<\/p>\n<p>D\u00e8s que le mod\u00e8le de vibration du sujet se recoupe avec le mod\u00e8le du probl\u00e8me, il y a une correspondance et le programme l'affiche \u00e0 l'\u00e9cran \u00e0 l'aide des boutons de lecture color\u00e9s.<\/p>\n<p>\t\t\t\t\t\t\t\t\t\t\t\t<a href=\"\">Que sont les rythmes biologiques ?<\/a><\/p>\n<p>Les rythmes biologiques sont importants pour tous les organismes vivants, auxquels l'adaptation \u00e0 des conditions environnementales changeant au fil du temps offre des chances de survie plus favorables.<\/p>\n<p>Il n'est donc pas surprenant que des processus rythmiques aient pu \u00eatre trouv\u00e9s chez tous les \u00eatres vivants \u00e9tudi\u00e9s jusqu'\u00e0 pr\u00e9sent. Quelques exemples : la division cellulaire, les battements de c\u0153ur, la respiration, le sommeil, l'hibernation ou encore le rut (comparable au cycle menstruel chez l'homme).<\/p>\n<p>\t\t\t\t\t\t\t\t\t\t\t\t<a href=\"\">Que sont les r\u00e9sonances ?<\/a><\/p>\n<p>Le terme \"r\u00e9sonance\" vient du latin (resonare) et signifie \"r\u00e9sonner\".<\/p>\n<p>Une r\u00e9sonance rapport\u00e9e \u00e0 une personne signifie une r\u00e9action \u00e0 une d\u00e9claration, une action ou encore un encouragement ou une concordance, comme par exemple<\/p>\n<ul>\n<li>Entrer en r\u00e9sonance avec une personne<\/li>\n<li>L'\u00e9cho du public lors d'une conf\u00e9rence<\/li>\n<li>La concordance (r\u00e9sonance) de deux personnes<\/li>\n<li>La concordance (r\u00e9sonance) des valeurs d'une analyse<\/li>\n<\/ul>\n<p>\t\t\t\t\t\t\t\t\t\t\t\t<a href=\"\">Qu'entend-on par syst\u00e8me reproductible ?<\/a><\/p>\n<p>Reproductible signifie que si l'on effectue plusieurs tests \u00e0 la suite, les m\u00eames valeurs doivent toujours \u00eatre obtenues.<\/p>\n<p>Mais cela signifie aussi que si l'on saisit une personne sur diff\u00e9rents ordinateurs, les m\u00eames valeurs\/r\u00e9sultats devraient \u00e9galement appara\u00eetre sur tous les appareils.<\/p>\n<p>\t\t\t\t\t\t\t\t\t\t\t\t<a href=\"\">Pourquoi dois-je communiquer mon pr\u00e9nom et mon nom de famille ?<\/a><\/p>\n<p>Le pr\u00e9nom et le nom sont convertis en une vibration par notre algorithme.<\/p>\n<p>Une base pour le calcul des vibrations provient de la num\u00e9rologie.<\/p>\n<p>Ici, nous partons du principe que chaque lettre peut \u00eatre associ\u00e9e \u00e0 un chiffre\/une vibration\/une fr\u00e9quence sp\u00e9cifique. Nous utilisons \u00e9galement cette attribution pour d\u00e9terminer ton oscillation\/rythme personnel.<\/p>\n<p>\t\t\t\t\t\t\t\t\t\t\t\t<a href=\"\">Pourquoi dois-je indiquer mon lieu de naissance ?<\/a><\/p>\n<p>Le lieu de naissance sert \u00e0 calculer plus pr\u00e9cis\u00e9ment le biorythme individuel.<\/p>\n<p>Pour calculer le rythme individuel le plus pr\u00e9cis\u00e9ment possible, nous utilisons le nom, la date et le lieu de naissance. Toutes ces donn\u00e9es sont calcul\u00e9es en une vibration par notre algorithme - et il en r\u00e9sulte alors ton biorythme personnel.<\/p>\n<p>\t\t\t\t\t\t\t\t\t\t\t\t<a href=\"\">Pourquoi dois-je communiquer ma date de naissance ?<\/a><\/p>\n<p>Nous avons besoin de ta date de naissance pour calculer ton biorythme individuel.<\/p>\n<p>D\u00e8s qu'un \u00eatre humain est s\u00e9par\u00e9 du cordon ombilical de sa m\u00e8re, notre syst\u00e8me nerveux v\u00e9g\u00e9tatif commence \u00e0 fonctionner \u00e0 son propre rythme. Ce rythme est appel\u00e9 \"biorythme\".<\/p>\n<p>Toutefois, pour que nous puissions analyser et calculer de mani\u00e8re encore plus pr\u00e9cise, nous avons \u00e9galement besoin du pr\u00e9nom, du nom et du lieu de naissance.<\/p>\n<p>La somme de ces valeurs donne alors ton rythme\/vibration.<\/p>\n<p>\t\t\t\t\t\t\t\t\t\t\t\t<a href=\"\">Mes donn\u00e9es sont-elles en s\u00e9curit\u00e9 ?<\/a><\/p>\n<p>Vos donn\u00e9es sont stock\u00e9es dans un centre de donn\u00e9es priv\u00e9 allemand certifi\u00e9 ISO 127001.<\/p>\n<p>Toutes les connexions sont crypt\u00e9es avec SSL et sont \u00e9galement transmises de mani\u00e8re crypt\u00e9e. Bien entendu, nous respectons toutes les normes en mati\u00e8re de protection des donn\u00e9es et nous les am\u00e9liorons constamment.<\/p>\n<p>\t\t\t\t\t\t\t\t\t\t\t\t<a href=\"\">Que signifie la chromoth\u00e9rapie ?<\/a><\/p>\n<p>La chromoth\u00e9rapie d\u00e9signe les formes de traitement dans lesquelles l'effet des couleurs sur la psych\u00e9 humaine et donc sur l'organisme humain joue un r\u00f4le.<\/p>\n<p>Comme on le sait en physique, les couleurs sont compos\u00e9es de particules de lumi\u00e8re qui vibrent \u00e0 diff\u00e9rentes fr\u00e9quences.<\/p>\n<p>Chez energetisch.fit, nous utilisons les vibrations \/ la fr\u00e9quence des couleurs calcul\u00e9es par notre algorithme.<\/p>\n<p>\t\t\t\t\t\t\t\t\t\t\t\t<a href=\"\">Combien de temps faut-il pour qu'un traitement produise ses effets ?<\/a><\/p>\n<p>Il est tr\u00e8s difficile de dire en combien de temps un traitement fonctionne.<\/p>\n<p>En tout cas, cela varie d'une personne \u00e0 l'autre. Et bien s\u00fbr, cela d\u00e9pend aussi de la gravit\u00e9 du probl\u00e8me et de sa dur\u00e9e.<\/p>\n<p>\t\t\t\t\t\t\t\t\t\t\t\t<a href=\"\">\u00c0 quelle fr\u00e9quence dois-je me soigner ?<\/a><\/p>\n<p>Il est tr\u00e8s difficile de dire \u00e0 quelle fr\u00e9quence et pendant combien de temps il faut traiter, car chaque personne et aussi chaque probl\u00e8me r\u00e9agissent diff\u00e9remment.<\/p>\n<p><strong>Normalement, les premiers changements sont perceptibles dans les premiers jours (1 \u00e0 3 jours).<\/strong><\/p>\n<p>Dans l'ensemble, la rapidit\u00e9 et l'intensit\u00e9 de la r\u00e9action d'une personne sont toutefois toujours individuelles.<\/p>\n<h2>S\u00e9curit\u00e9<\/h2>\n<p>\t\t\t\t\t\t\t\t\t\t\t\t<a href=\"\">Mes donn\u00e9es sont-elles en s\u00e9curit\u00e9 ?<\/a><\/p>\n<p>Vos donn\u00e9es sont stock\u00e9es dans un centre de donn\u00e9es priv\u00e9 allemand certifi\u00e9 ISO 127001.<\/p>\n<p>Toutes les connexions sont crypt\u00e9es avec SSL et sont \u00e9galement transmises de mani\u00e8re crypt\u00e9e. Bien entendu, nous respectons toutes les normes en mati\u00e8re de protection des donn\u00e9es et nous les am\u00e9liorons constamment.<\/p>\n<p>\t\t\t\t\t\t\t\t\t\t\t\t<a href=\"\">O\u00f9 puis-je demander un nouveau mot de passe ?<\/a><\/p>\n<p>En tant que titulaire d'un compte, vous pouvez demander un nouveau mot de passe en cliquant sur \"Mot de passe oubli\u00e9\".<\/p>\n<p>Vous le trouverez sur la page d'accueil ou de connexion<\/p>\n<p>\t\t\t\t\t\t\t\t\t\t\t\t<a href=\"\">O\u00f9 puis-je supprimer mon compte ?<\/a><\/p>\n<p>Veuillez nous contacter sur info@energetisch.fit - nous supprimerons votre compte dans les 30 jours \u00e0 compter de la r\u00e9ception et de la fixation du d\u00e9lai.\u00a0<\/p>\n<p>\t\t\t\t\t\t\t\t\t\t\t\t<a href=\"\">O\u00f9 puis-je restaurer un compte ?<\/a><\/p>\n<p>Un compte supprim\u00e9 ne peut pas \u00eatre restaur\u00e9. - Cela n\u00e9cessiterait un travail \u00e9norme.\u00a0<\/p>\n<h2>Probl\u00e8mes connus<\/h2>\n<p>\t\t\t\t\t\t\t\t\t\t\t\t<a href=\"\">Lorsque j'ouvre mon lien sauvegard\u00e9, une erreur 500 s'affiche ?<\/a><\/p>\n<p>Si 500erreurs apparaissent, cela signifie que vous n'avez pas l'autorisation d'acc\u00e9der \u00e0 cette page.\u00a0<\/p>\n<p>Cela se produit souvent si vous n'ouvrez pas par la page d'accueil, mais par une sous-page de celle-ci : start.energetisch.fit\/dashboard\/...\"<\/p>\n<p>Veuillez vous rendre sur la page d'accueil\/de connexion et vous connecter d'abord au syst\u00e8me.\u00a0<\/p>\n<p>\t\t\t\t\t\t\t\t\t\t\t\t<a href=\"\">Limite de connexion atteinte, comment puis-je r\u00e9soudre ce probl\u00e8me ?<\/a><\/p>\n<p>Si vous avez atteint votre limite d'inscription, vous pouvez supprimer toutes les inscriptions sur le serveur en cliquant sur le bouton rouge \"D\u00e9connecter tout\" - Ensuite, vous pourrez \u00e0 nouveau vous inscrire.\u00a0<\/p>\n<p>Veuillez toujours quitter energetisch.fit en cliquant sur le \"bouton de d\u00e9connexion\", cela met fin \u00e0 la session sur le serveur.<\/p>\n<p>\t\t\t\t\t\t\t\t\t\t\t\t<a href=\"\">Pas d'audio audible lors du traitement ou de la prise en charge \u00e0 distance<\/a><\/p>\n<p>Si aucun son n'est audible pendant le traitement, il peut y avoir plusieurs raisons :<\/p>\n<ul>\n<li>Autorisation non accord\u00e9e dans le navigateur<br \/><a href=\"http:\/\/energetisch.fit\/fr\/hilfe\/categorie-2\/technik\/\" target=\"_blank\" rel=\"noopener\">vers l'aide<\/a><\/li>\n<li>Le volume sonore de votre appareil est trop faible<\/li>\n<li>Connexion Internet lente - Les fichiers audio prennent plus de temps \u00e0 se charger que le traitement ne fonctionne.<\/li>\n<\/ul>\n<h2>Configuration requise pour reset4me<\/h2>\n<p>\t\t\t\t\t\t\t\t\t\t\t\t<a href=\"\">Internet<\/a><\/p>\n<p>Comme energetisch.fit est une application Internet, vous avez besoin d'une bonne connexion Internet stable.\u00a0<\/p>\n<p>Nous recommandons au moins 10Mbit, mieux encore 20Mbit ou plus.<\/p>\n<p>\t\t\t\t\t\t\t\t\t\t\t\t<a href=\"\">Haut-parleur<\/a><\/p>\n<p>Pour que le traitement soit le plus efficace possible, nous recommandons d'utiliser des haut-parleurs disponibles dans le commerce.<\/p>\n<p>\u00a0<\/p>\n<p>En option, il est \u00e9galement possible de connecter notre bobine plate bifilaire au lieu d'un haut-parleur.\u00a0<\/p>\n<p>\t\t\t\t\t\t\t\t\t\t\t\t<a href=\"\">Syst\u00e8me d'exploitation \/ navigateur \/ mat\u00e9riel<\/a><\/p>\n<p>reset4me fonctionne sur presque tous les syst\u00e8mes d'exploitation et navigateurs modernes et actuels.<\/p>\n<p>Nous testons nos logiciels sur Linux (Ubuntu, Debian), Apple (OSX, iPad OS, iOS), Windows 10.\u00a0<\/p>\n<p>Comme il s'agit d'une application en ligne, un navigateur gratuit tel que Chrome ou Firefox est n\u00e9cessaire. Cela pr\u00e9sente le grand avantage de pouvoir acc\u00e9der \u00e0 energetisch.fit de presque partout dans le monde, avec un appareil connect\u00e9 \u00e0 Internet, sans devoir installer de logiciel.<\/p>\n<p>Pour un affichage fluide du traitement, il est recommand\u00e9 d'avoir au moins 4 Go de m\u00e9moire vive.<\/p>\n<p>\t\t\t\t\t\t\t\t\t\t\t\t<a href=\"\">Mobile \/ Tablet<\/a><\/p>\n<p>En g\u00e9n\u00e9ral, reset4me fonctionne \u00e9galement sur les tablettes et les smartphones.\u00a0<\/p>\n<p>Il peut arriver, selon l'appareil, que la lecture audio du traitement (sur les appareils mobiles Apple) - doive \u00eatre appuy\u00e9e sur le bouton musique.<\/p>\n<p>\u00a0<\/p>","protected":false},"excerpt":{"rendered":"<p>Preise Hilfeseite reset4me &#8211; Hilfeseite Herzlich willkommen https:\/\/youtu.be\/U6E3Oc3Aca0 Sehen Sie sich unsere Bewertungen auf Google an &#xE934;&#xE934;&#xE934;&#xE934;&#xE934; 4.8\/5 Reproduzierbar Wissenschaftlich berechenbar sichtbare Ergebnisse Bedienung von reset4me In den folgenden Videos wird die Anwendung und die Bedienung von reset4me erkl\u00e4rt. Erste Schritte 7 Videos Login bei reset4me 1:12 Dashboard &#038; Bedienelemente reset4me 3:40 Neuen Benutzer anlegen [&hellip;]<\/p>\n","protected":false},"author":1,"featured_media":0,"parent":0,"menu_order":0,"comment_status":"closed","ping_status":"closed","template":"elementor_canvas","meta":{"_acf_changed":false,"footnotes":""},"efit-produkt":[],"class_list":["post-10941","page","type-page","status-publish","hentry"],"acf":[],"acpt":null,"_links":{"self":[{"href":"https:\/\/energetisch.fit\/fr\/wp-json\/wp\/v2\/pages\/10941","targetHints":{"allow":["GET"]}}],"collection":[{"href":"https:\/\/energetisch.fit\/fr\/wp-json\/wp\/v2\/pages"}],"about":[{"href":"https:\/\/energetisch.fit\/fr\/wp-json\/wp\/v2\/types\/page"}],"author":[{"embeddable":true,"href":"https:\/\/energetisch.fit\/fr\/wp-json\/wp\/v2\/users\/1"}],"replies":[{"embeddable":true,"href":"https:\/\/energetisch.fit\/fr\/wp-json\/wp\/v2\/comments?post=10941"}],"version-history":[{"count":0,"href":"https:\/\/energetisch.fit\/fr\/wp-json\/wp\/v2\/pages\/10941\/revisions"}],"wp:attachment":[{"href":"https:\/\/energetisch.fit\/fr\/wp-json\/wp\/v2\/media?parent=10941"}],"wp:term":[{"taxonomy":"efit-produkt","embeddable":true,"href":"https:\/\/energetisch.fit\/fr\/wp-json\/wp\/v2\/efit-produkt?post=10941"}],"curies":[{"name":"wp","href":"https:\/\/api.w.org\/{rel}","templated":true}]}}