{"id":10157,"date":"2021-05-18T09:36:35","date_gmt":"2021-05-18T07:36:35","guid":{"rendered":"http:\/\/energetisch.fit\/bezahlmoeglichkeiten\/"},"modified":"2023-05-10T17:01:53","modified_gmt":"2023-05-10T15:01:53","slug":"moyens-de-paiement","status":"publish","type":"page","link":"https:\/\/energetisch.fit\/fr\/bezahlmoeglichkeiten\/","title":{"rendered":"Modes de paiement"},"content":{"rendered":"<p>Nous acceptons les modes de paiement mentionn\u00e9s ci-dessous. Selon le montant et le type (abonnement, paiement annuel, achat de marchandises), nous nous r\u00e9servons le droit d'adapter les modes de paiement au type appropri\u00e9. (Tous les modes de paiement n'autorisent pas les abonnements !) Pour plus d'informations, veuillez contacter notre prestataire de services de paiement. <a href=\"https:\/\/www.mollie.com\/de\/payments\" target=\"_blank\" rel=\"noopener nofollow\">mollie.com<\/a> \u00e0 trouver.&nbsp;<\/p>\n\n\n<div class=\"woocommerce woocommerce-gzd\">\n\t<ul class=\"payment_methods methods\">\n\t\t\t\t\t<li class=\"payment_method_paypal\">\n\t\t\t\t<label>PayPal<img decoding=\"async\" src=\"https:\/\/energetisch.fit\/wp-content\/plugins\/woocommerce\/assets\/images\/paypal.png\" alt=\"Signe d\u2019acceptation PayPal\" data-no-translation-alt=\"\" \/><\/label>\n\t\t\t\t\t\t\t\t\t<div class=\"payment_box payment_method_paypal\">\n\t\t\t\t\t\t<p>Payer avec Paypal. Si tu n'as pas de compte Paypal, tu peux aussi payer avec ta carte de cr\u00e9dit.<\/p>\n\t\t\t\t\t<\/div>\n\t\t\t\t\t\t\t<\/li>\n\t\t\t\t\t<li class=\"payment_method_mollie_wc_gateway_creditcard\">\n\t\t\t\t<label>Carte<img src='https:\/\/www.mollie.com\/external\/icons\/payment-methods\/creditcard.svg' alt='creditcard icon' class='mollie-gateway-icon' \/><\/label>\n\t\t\t\t\t\t\t\t\t<div class=\"payment_box payment_method_mollie_wc_gateway_creditcard\">\n\t\t\t\t\t\t<p><\/p>\n\t\t\t\t\t<\/div>\n\t\t\t\t\t\t\t<\/li>\n\t\t\t\t\t<li class=\"payment_method_mollie_wc_gateway_applepay\">\n\t\t\t\t<label>Apple Pay<img src='https:\/\/www.mollie.com\/external\/icons\/payment-methods\/applepay.svg' alt='applepay ic\u00f4ne' class='mollie-gateway-icon' \/><\/label>\n\t\t\t\t\t\t\t\t\t<div class=\"payment_box payment_method_mollie_wc_gateway_applepay\">\n\t\t\t\t\t\t<p><\/p>\n\t\t\t\t\t<\/div>\n\t\t\t\t\t\t\t<\/li>\n\t\t\t\t\t<li class=\"payment_method_invoice\">\n\t\t\t\t<label>Facture \/ paiement anticip\u00e9<\/label>\n\t\t\t\t\t\t\t\t\t<div class=\"payment_box payment_method_invoice\">\n\t\t\t\t\t\t<p>Apr\u00e8s avoir pass\u00e9 ta commande, tu recevras une confirmation de commande de notre part. Merci de virer le montant total dans les 7 jours sur le compte qui y est indiqu\u00e9.\r\nUne fois le paiement effectu\u00e9 avec succ\u00e8s, les prestations r\u00e9serv\u00e9es seront cr\u00e9\u00e9es et une facture sera envoy\u00e9e.<\/p>\n\t\t\t\t\t<\/div>\n\t\t\t\t\t\t\t<\/li>\n\t\t\t<\/ul>\n<\/div>","protected":false},"excerpt":{"rendered":"<p>Nous acceptons les modes de paiement mentionn\u00e9s ci-dessous. Selon le montant et le type (abonnement, paiement annuel, achat de marchandises), nous nous r\u00e9servons le droit d'ajuster les modes de paiement au type appropri\u00e9. (Tous les modes de paiement n'autorisent pas les abonnements !) Vous trouverez de plus amples informations sur notre prestataire de services de paiement mollie.com.&nbsp;<\/p>","protected":false},"author":1,"featured_media":0,"parent":0,"menu_order":0,"comment_status":"closed","ping_status":"closed","template":"elementor_theme","meta":{"_acf_changed":false,"footnotes":""},"efit-produkt":[],"class_list":["post-10157","page","type-page","status-publish","hentry"],"acf":[],"acpt":null,"_links":{"self":[{"href":"https:\/\/energetisch.fit\/fr\/wp-json\/wp\/v2\/pages\/10157","targetHints":{"allow":["GET"]}}],"collection":[{"href":"https:\/\/energetisch.fit\/fr\/wp-json\/wp\/v2\/pages"}],"about":[{"href":"https:\/\/energetisch.fit\/fr\/wp-json\/wp\/v2\/types\/page"}],"author":[{"embeddable":true,"href":"https:\/\/energetisch.fit\/fr\/wp-json\/wp\/v2\/users\/1"}],"replies":[{"embeddable":true,"href":"https:\/\/energetisch.fit\/fr\/wp-json\/wp\/v2\/comments?post=10157"}],"version-history":[{"count":0,"href":"https:\/\/energetisch.fit\/fr\/wp-json\/wp\/v2\/pages\/10157\/revisions"}],"wp:attachment":[{"href":"https:\/\/energetisch.fit\/fr\/wp-json\/wp\/v2\/media?parent=10157"}],"wp:term":[{"taxonomy":"efit-produkt","embeddable":true,"href":"https:\/\/energetisch.fit\/fr\/wp-json\/wp\/v2\/efit-produkt?post=10157"}],"curies":[{"name":"wp","href":"https:\/\/api.w.org\/{rel}","templated":true}]}}