{"id":10156,"date":"2021-05-18T09:36:35","date_gmt":"2021-05-18T07:36:35","guid":{"rendered":"http:\/\/energetisch.fit\/versandarten\/"},"modified":"2023-05-10T17:01:26","modified_gmt":"2023-05-10T15:01:26","slug":"modes-dexpedition","status":"publish","type":"page","link":"https:\/\/energetisch.fit\/fr\/versandarten\/","title":{"rendered":"Modes d'envoi"},"content":{"rendered":"<p>Nous envoyons selon la taille et la quantit\u00e9 avec Post.at.<br>Les frais de port varient en fonction du pays et du poids.<\/p>\n\n\n\n<p>Les produits num\u00e9riques sont envoy\u00e9s sans frais de port.<\/p>","protected":false},"excerpt":{"rendered":"<p>Nous envoyons les produits par Post.at en fonction de leur taille et de leur quantit\u00e9.Les frais d'envoi varient en fonction du pays et du poids. Les produits num\u00e9riques sont envoy\u00e9s sans frais de port.<\/p>","protected":false},"author":1,"featured_media":0,"parent":0,"menu_order":0,"comment_status":"closed","ping_status":"closed","template":"elementor_theme","meta":{"_acf_changed":false,"footnotes":""},"efit-produkt":[],"class_list":["post-10156","page","type-page","status-publish","hentry"],"acf":[],"acpt":null,"_links":{"self":[{"href":"https:\/\/energetisch.fit\/fr\/wp-json\/wp\/v2\/pages\/10156","targetHints":{"allow":["GET"]}}],"collection":[{"href":"https:\/\/energetisch.fit\/fr\/wp-json\/wp\/v2\/pages"}],"about":[{"href":"https:\/\/energetisch.fit\/fr\/wp-json\/wp\/v2\/types\/page"}],"author":[{"embeddable":true,"href":"https:\/\/energetisch.fit\/fr\/wp-json\/wp\/v2\/users\/1"}],"replies":[{"embeddable":true,"href":"https:\/\/energetisch.fit\/fr\/wp-json\/wp\/v2\/comments?post=10156"}],"version-history":[{"count":0,"href":"https:\/\/energetisch.fit\/fr\/wp-json\/wp\/v2\/pages\/10156\/revisions"}],"wp:attachment":[{"href":"https:\/\/energetisch.fit\/fr\/wp-json\/wp\/v2\/media?parent=10156"}],"wp:term":[{"taxonomy":"efit-produkt","embeddable":true,"href":"https:\/\/energetisch.fit\/fr\/wp-json\/wp\/v2\/efit-produkt?post=10156"}],"curies":[{"name":"wp","href":"https:\/\/api.w.org\/{rel}","templated":true}]}}