{"id":9788,"date":"2021-04-20T15:05:14","date_gmt":"2021-04-20T13:05:14","guid":{"rendered":"http:\/\/energetisch.fit\/?post_type=product&#038;p=9788"},"modified":"2026-01-26T10:06:10","modified_gmt":"2026-01-26T09:06:10","slug":"carrete-plano-bifilar","status":"publish","type":"product","link":"https:\/\/energetisch.fit\/es\/shop\/bifilarflachspule\/","title":{"rendered":"Bobina de audio"},"content":{"rendered":"<p>Die Spule eignet sich f\u00fcr die Anwendung im Audiobereich. Am Kopfh\u00f6rerausgang von CD oder MP3 Playern oder auch dem Computer erm\u00f6glicht diese Spulen die Informations-\u00dcbertragung mit Audiosignalen oder die \u00dcbertragung der Frequenzen aus energetisch.fit.<\/p>\n<p>Die Spule kann auch zur direkten Informations-\u00dcbertragung am K\u00f6rper eingesetzt werden. Hierf\u00fcr wird die Flachspule direkt auf die blockierte Stelle (Schmerzen, Verspannungen\u2026) gelegt und die Frequenz aus energetisch.fit \u00fcbertragen.<\/p>\n<p>Die Spule ist auch geeignet, um Information auf Magnetkarten, Armb\u00e4nder, Globuli oder Wasser aufzuladen und zu speichern.<\/p>\n<p>Doppelseitige und durchkontaktierte Bifilarspule mit einem S\u00e4ulendurchmesser von 110 mm in einer formsch\u00f6nen Runddose, versehen mit einer Anschlussleitung von 1 Meter mit einem 3,5 mm Klinkenstecker, welcher bei der Spule angesteckt werden kann.<\/p>\n<p>incl. carrete plano<br \/>\nW\u00e4hlbar mit oder ohne <strong>Tarjetas magn\u00e9ticas<\/strong>\/<strong>Armb\u00e4nder<\/strong><br \/>\n<strong>incl. 30 tarjetas magn\u00e9ticas<\/strong><br \/>\n<strong>incl. 30 pulseras<\/strong><\/p>\n<div class=\"wp-block-columns\">\n<div class=\"wp-block-column\">\n<p><strong>Datos t\u00e9cnicos<\/strong>:<\/p>\n<p>Di\u00e1metro de la bobina: 110 mm, redonda N\u00famero de bobinados secundarios: 45 bobinados<br \/>\nSpulengeh\u00e4use: Durchmesser 115 mm rd, H\u00f6he 15 mm<br \/>\nResistencia de la bobina: bobinado de acoplamiento 7 - 9 Ohm<br \/>\nAnschlu\u00dfkabel: Stereokabel 1 Meter mit 3,5 mm Klinkenstecker (Kopfh\u00f6rerstecker)<\/p>\n<\/div>\n<\/div>","protected":false},"excerpt":{"rendered":"<ul>\n<li>Bobina plana de 110 mm de di\u00e1metro.<\/li>\n<li>incl. 30 tarjetas magn\u00e9ticas<\/li>\n<li>incl. 30 pulseras<\/li>\n<\/ul>","protected":false},"featured_media":23993,"comment_status":"open","ping_status":"closed","template":"","meta":{"_acf_changed":false},"product_brand":[],"product_cat":[346],"product_tag":[371],"class_list":{"0":"post-9788","1":"product","2":"type-product","3":"status-publish","4":"has-post-thumbnail","6":"product_cat-hardware","7":"product_tag-tesla-spule","8":"product_shipping_class-verminderter-standartversand-1-3-werktage","9":"tm-no-options","11":"first","12":"instock","13":"sale","14":"taxable","15":"shipping-taxable","16":"purchasable","17":"product-type-variable"},"acf":[],"_links":{"self":[{"href":"https:\/\/energetisch.fit\/es\/wp-json\/wp\/v2\/product\/9788","targetHints":{"allow":["GET"]}}],"collection":[{"href":"https:\/\/energetisch.fit\/es\/wp-json\/wp\/v2\/product"}],"about":[{"href":"https:\/\/energetisch.fit\/es\/wp-json\/wp\/v2\/types\/product"}],"replies":[{"embeddable":true,"href":"https:\/\/energetisch.fit\/es\/wp-json\/wp\/v2\/comments?post=9788"}],"wp:featuredmedia":[{"embeddable":true,"href":"https:\/\/energetisch.fit\/es\/wp-json\/wp\/v2\/media\/23993"}],"wp:attachment":[{"href":"https:\/\/energetisch.fit\/es\/wp-json\/wp\/v2\/media?parent=9788"}],"wp:term":[{"taxonomy":"product_brand","embeddable":true,"href":"https:\/\/energetisch.fit\/es\/wp-json\/wp\/v2\/product_brand?post=9788"},{"taxonomy":"product_cat","embeddable":true,"href":"https:\/\/energetisch.fit\/es\/wp-json\/wp\/v2\/product_cat?post=9788"},{"taxonomy":"product_tag","embeddable":true,"href":"https:\/\/energetisch.fit\/es\/wp-json\/wp\/v2\/product_tag?post=9788"}],"curies":[{"name":"wp","href":"https:\/\/api.w.org\/{rel}","templated":true}]}}