{"id":2831151,"date":"2026-03-31T16:40:14","date_gmt":"2026-03-31T14:40:14","guid":{"rendered":"https:\/\/energetisch.fit\/?post_type=product&#038;p=2831151"},"modified":"2026-04-08T09:45:53","modified_gmt":"2026-04-08T07:45:53","slug":"el-ser-humano-como-sistema","status":"publish","type":"product","link":"https:\/\/energetisch.fit\/es\/shop\/der-mensch-als-system\/","title":{"rendered":"El hombre como sistema"},"content":{"rendered":"<p>Acabe con la niebla del esoterismo. Bienvenido al mundo de la medicina de la informaci\u00f3n.<\/p>\n<p>Hast du dich jemals gefragt, warum manche Interventionen sofort greifen, w\u00e4hrend andere trotz bester Absichten verpuffen? Warum reagiert der eine auf Stress mit dem Magen und der andere mit R\u00fcckenschmerzen? Die Antwort liegt nicht in den Einzelteilen, sondern im System.<\/p>\n<p>Dieses Buch r\u00e4umt mit dem veralteten mechanistischen \u201eUhrwerk-Denken\u201c auf. Es zeigt auf Basis von Systemtheorie, Biologie und Kybernetik, dass der Mensch kein Patient ist, den man \u201ereparieren\u201c kann, sondern ein hochkomplexes Informationssystem, das nach logischen Regeln reguliert.<\/p>\n<p><span class=\"a-text-bold\">Lo que puede esperar de este libro:<\/span><\/p>\n<ul class=\"a-unordered-list a-vertical\">\n<li><span class=\"a-text-bold\">De componente a sistema:<\/span>\u00a0Descubra por qu\u00e9 la visi\u00f3n tradicional nos cuesta energ\u00eda y c\u00f3mo el cambio de paradigma a la l\u00f3gica de sistemas crea soluciones nuevas y eficaces.<\/li>\n<li><span class=\"a-text-bold\">La l\u00f3gica de la regulaci\u00f3n:<\/span>\u00a0Comprenda c\u00f3mo su cuerpo se comunica a trav\u00e9s de frecuencias, ritmos y resonancias. Aprende a descifrar los s\u00edntomas no como defectos, sino como informaci\u00f3n biol\u00f3gica significativa.<\/li>\n<li><span class=\"a-text-bold\">Precisi\u00f3n en lugar de varitas de incienso:<\/span>\u00a0Descubra c\u00f3mo se dota al trabajo energ\u00e9tico de una base estable y l\u00f3gica. Aprenda c\u00f3mo las herramientas de pensamiento digital (como\u00a0<span class=\"a-text-italic\">energetic.fit<\/span>) ayudan a visualizar objetivamente los patrones individuales.<\/li>\n<li><span class=\"a-text-bold\">Responsabilidad personal a trav\u00e9s del conocimiento:<\/span>\u00a0Utilice este modelo como herramienta de precisi\u00f3n en su camino hacia la verdadera regulaci\u00f3n.<\/li>\n<\/ul>\n<p>Dieses Werk schl\u00e4gt die Br\u00fccke: Es liefert Energetikern ein stabiles Fundament und bietet wissenschaftlich Denkenden ein strukturiertes Modell f\u00fcr die Welt der Schwingungen. Es geht nicht um Heilsversprechen, sondern um das Verst\u00e4ndnis von Prozessen.<\/p>","protected":false},"excerpt":{"rendered":"<p>Opci\u00f3n 1: Libro electr\u00f3nico en PDF + audiolibro en MP3<br \/>\nOpci\u00f3n 2: Libro de tapa dura<br \/>\nOpci\u00f3n 3: Libro de tapa blanda<\/p>\n<p><span class=\"a-text-bold\">Lo que puede esperar de este libro:<\/span><\/p>\n<ul class=\"a-unordered-list a-vertical\">\n<li><span class=\"a-text-bold\">De componente a sistema:<\/span>\u00a0Descubra por qu\u00e9 la visi\u00f3n tradicional nos cuesta energ\u00eda y c\u00f3mo el cambio de paradigma a la l\u00f3gica de sistemas crea soluciones nuevas y eficaces.<\/li>\n<li><span class=\"a-text-bold\">La l\u00f3gica de la regulaci\u00f3n:<\/span>\u00a0Comprenda c\u00f3mo su cuerpo se comunica a trav\u00e9s de frecuencias, ritmos y resonancias. Aprende a descifrar los s\u00edntomas no como defectos, sino como informaci\u00f3n biol\u00f3gica significativa.<\/li>\n<li><span class=\"a-text-bold\">Precisi\u00f3n en lugar de varitas de incienso:<\/span>\u00a0Descubra c\u00f3mo se dota al trabajo energ\u00e9tico de una base estable y l\u00f3gica. Aprenda c\u00f3mo las herramientas de pensamiento digital (como\u00a0<span class=\"a-text-italic\">energetic.fit<\/span>) ayudan a visualizar objetivamente los patrones individuales.<\/li>\n<li><span class=\"a-text-bold\">Responsabilidad personal a trav\u00e9s del conocimiento:<\/span>\u00a0Utilice este modelo como herramienta de precisi\u00f3n en su camino hacia la verdadera regulaci\u00f3n.<\/li>\n<\/ul>","protected":false},"featured_media":2831485,"comment_status":"open","ping_status":"closed","template":"","meta":{"_acf_changed":false},"product_brand":[],"product_cat":[302],"product_tag":[],"class_list":{"0":"post-2831151","1":"product","2":"type-product","3":"status-publish","4":"has-post-thumbnail","6":"product_cat-unkategorisiert","7":"product_shipping_class-standartversand-1-3-werktage","8":"tm-no-options","10":"first","11":"instock","12":"taxable","13":"shipping-taxable","14":"purchasable","15":"product-type-variable","16":"has-default-attributes"},"acf":[],"_links":{"self":[{"href":"https:\/\/energetisch.fit\/es\/wp-json\/wp\/v2\/product\/2831151","targetHints":{"allow":["GET"]}}],"collection":[{"href":"https:\/\/energetisch.fit\/es\/wp-json\/wp\/v2\/product"}],"about":[{"href":"https:\/\/energetisch.fit\/es\/wp-json\/wp\/v2\/types\/product"}],"replies":[{"embeddable":true,"href":"https:\/\/energetisch.fit\/es\/wp-json\/wp\/v2\/comments?post=2831151"}],"wp:featuredmedia":[{"embeddable":true,"href":"https:\/\/energetisch.fit\/es\/wp-json\/wp\/v2\/media\/2831485"}],"wp:attachment":[{"href":"https:\/\/energetisch.fit\/es\/wp-json\/wp\/v2\/media?parent=2831151"}],"wp:term":[{"taxonomy":"product_brand","embeddable":true,"href":"https:\/\/energetisch.fit\/es\/wp-json\/wp\/v2\/product_brand?post=2831151"},{"taxonomy":"product_cat","embeddable":true,"href":"https:\/\/energetisch.fit\/es\/wp-json\/wp\/v2\/product_cat?post=2831151"},{"taxonomy":"product_tag","embeddable":true,"href":"https:\/\/energetisch.fit\/es\/wp-json\/wp\/v2\/product_tag?post=2831151"}],"curies":[{"name":"wp","href":"https:\/\/api.w.org\/{rel}","templated":true}]}}