{"id":25233,"date":"2025-06-13T11:50:25","date_gmt":"2025-06-13T09:50:25","guid":{"rendered":"https:\/\/energetisch.fit\/?post_type=product&#038;p=25233"},"modified":"2025-06-13T12:12:45","modified_gmt":"2025-06-13T10:12:45","slug":"energetics-quantum-physics-bullshit-or-groundbreaking-the-35-most-provocative-questions-and-answers-about-energy-frequencies-co-that-convince-even-sceptics","status":"publish","type":"product","link":"https:\/\/energetisch.fit\/es\/shop\/energetik-quantenphysik-bullshit-oder-bahnbrechend-die-35-provokantesten-fragen-und-antworten-zu-energie-frequenzen-co-die-selbst-skeptiker-ueberzeugen\/","title":{"rendered":"Libro f\u00edsico: Energ\u00e9tica y f\u00edsica cu\u00e1ntica: \u00bfmentira o innovaci\u00f3n?"},"content":{"rendered":"<p><span class=\"a-text-bold\">Energ\u00e9tica y f\u00edsica cu\u00e1ntica: \u00bfmentira o innovaci\u00f3n?<\/span><br \/>\n<span class=\"a-text-italic\">Las 35 preguntas -y respuestas- m\u00e1s provocadoras sobre energ\u00eda, frecuencias y compa\u00f1\u00eda que convencer\u00e1n incluso a los esc\u00e9pticos.<\/span><\/p>\n<ul class=\"a-unordered-list a-vertical\">\n<li><span class=\"a-list-item\"><span class=\"a-text-bold\">\u00bfLa energ\u00e9tica es s\u00f3lo esoterismo o hay una ciencia real detr\u00e1s de ella?<\/span><\/span><\/li>\n<li><span class=\"a-list-item\"><span class=\"a-text-bold\">\u00bfPueden las frecuencias curar realmente o se trata s\u00f3lo de placebo?<\/span><\/span><\/li>\n<li><span class=\"a-list-item\"><span class=\"a-text-bold\">\u00bfQu\u00e9 dice la investigaci\u00f3n y qu\u00e9 s\u00f3lo se afirma?<\/span><\/span><\/li>\n<\/ul>\n<p>Este libro no tiene pelos en la lengua. Plantea las preguntas m\u00e1s apasionantes, absurdas e inteligentes sobre la energ\u00eda y ofrece respuestas cient\u00edficamente s\u00f3lidas, divertidas y sorprendentes. Desde el entrelazamiento cu\u00e1ntico hasta la medicina de frecuencias y los campos bioenerg\u00e9ticos, aqu\u00ed descubrir\u00e1s qu\u00e9 es realidad, qu\u00e9 es mito y qu\u00e9 hace que los cient\u00edficos se pregunten cosas.<\/p>\n<ul class=\"a-unordered-list a-vertical\">\n<li><span class=\"a-list-item\"><span class=\"a-text-bold\">Perfecto para esc\u00e9pticos y curiosos<\/span>\u00a0- tanto si cree que la energ\u00eda es una patra\u00f1a como si quiere saber m\u00e1s sobre ella.<\/span><\/li>\n<li><span class=\"a-list-item\"><span class=\"a-text-bold\">Entretenido y bien fundamentado<\/span>\u00a0- con estudios, ejemplos pr\u00e1cticos y datos claros.<\/span><\/li>\n<li><span class=\"a-list-item\"><span class=\"a-text-bold\">Provocador y directo<\/span>\u00a0- \u00a1las respuestas que siempre ha buscado!<\/span><\/li>\n<\/ul>\n<p><span class=\"a-text-bold\">Consiga el libro ahora y descubra si la energ\u00eda es el futuro o s\u00f3lo una gran ilusi\u00f3n.<\/span><\/p>","protected":false},"excerpt":{"rendered":"<p><span class=\"a-text-bold\">Energ\u00e9tica y f\u00edsica cu\u00e1ntica: \u00bfmentira o innovaci\u00f3n?<\/span><br \/>\n<span class=\"a-text-italic\">Las 35 preguntas -y respuestas- m\u00e1s provocadoras sobre energ\u00eda, frecuencias y compa\u00f1\u00eda que convencer\u00e1n incluso a los esc\u00e9pticos.<\/span><\/p>\n<ul class=\"a-unordered-list a-vertical\">\n<li><span class=\"a-list-item\"><span class=\"a-text-bold\">\u00bfLa energ\u00e9tica es s\u00f3lo esoterismo o hay una ciencia real detr\u00e1s de ella?<\/span><\/span><\/li>\n<li><span class=\"a-list-item\"><span class=\"a-text-bold\">\u00bfPueden las frecuencias curar realmente o se trata s\u00f3lo de placebo?<\/span><\/span><\/li>\n<li><span class=\"a-list-item\"><span class=\"a-text-bold\">\u00bfQu\u00e9 dice la investigaci\u00f3n y qu\u00e9 s\u00f3lo se afirma?<\/span><\/span><\/li>\n<\/ul>","protected":false},"featured_media":25234,"comment_status":"open","ping_status":"closed","template":"","meta":{"_acf_changed":false},"product_brand":[],"product_cat":[346],"product_tag":[],"class_list":{"0":"post-25233","1":"product","2":"type-product","3":"status-publish","4":"has-post-thumbnail","6":"product_cat-hardware","7":"product_shipping_class-verminderter-standartversand-1-3-werktage","8":"tm-no-options","10":"first","11":"instock","12":"taxable","13":"shipping-taxable","14":"purchasable","15":"product-type-simple"},"acf":[],"_links":{"self":[{"href":"https:\/\/energetisch.fit\/es\/wp-json\/wp\/v2\/product\/25233","targetHints":{"allow":["GET"]}}],"collection":[{"href":"https:\/\/energetisch.fit\/es\/wp-json\/wp\/v2\/product"}],"about":[{"href":"https:\/\/energetisch.fit\/es\/wp-json\/wp\/v2\/types\/product"}],"replies":[{"embeddable":true,"href":"https:\/\/energetisch.fit\/es\/wp-json\/wp\/v2\/comments?post=25233"}],"wp:featuredmedia":[{"embeddable":true,"href":"https:\/\/energetisch.fit\/es\/wp-json\/wp\/v2\/media\/25234"}],"wp:attachment":[{"href":"https:\/\/energetisch.fit\/es\/wp-json\/wp\/v2\/media?parent=25233"}],"wp:term":[{"taxonomy":"product_brand","embeddable":true,"href":"https:\/\/energetisch.fit\/es\/wp-json\/wp\/v2\/product_brand?post=25233"},{"taxonomy":"product_cat","embeddable":true,"href":"https:\/\/energetisch.fit\/es\/wp-json\/wp\/v2\/product_cat?post=25233"},{"taxonomy":"product_tag","embeddable":true,"href":"https:\/\/energetisch.fit\/es\/wp-json\/wp\/v2\/product_tag?post=25233"}],"curies":[{"name":"wp","href":"https:\/\/api.w.org\/{rel}","templated":true}]}}