{"id":24438,"date":"2025-02-04T10:45:13","date_gmt":"2025-02-04T09:45:13","guid":{"rendered":"https:\/\/energetisch.fit\/?post_type=product&#038;p=24438"},"modified":"2025-02-06T11:59:09","modified_gmt":"2025-02-06T10:59:09","slug":"energetic-fit-toolbox-5-anos-de-licencia","status":"publish","type":"product","link":"https:\/\/energetisch.fit\/es\/shop\/energetisch-fit-toolbox-5-jahres-lizenz\/","title":{"rendered":"energetic.fit Toolbox - 5 a\u00f1os de licencia"},"content":{"rendered":"<p>Toda la caja de herramientas (con certificado como Dipl. Digital Energetics Coach)<br \/>\nIncluye los siguientes programas y cursos de formaci\u00f3n:<\/p>\n<ul>\n<li>HolisticHealth<\/li>\n<li>LifeCoaching<\/li>\n<li>Constelaci\u00f3n digital<\/li>\n<li>FamilyClearing<\/li>\n<li>Afirmador<\/li>\n<li>AuraClearing<\/li>\n<\/ul>","protected":false},"excerpt":{"rendered":"<p>4 a\u00f1os + 1 a\u00f1o gratis = 5 a\u00f1os<br \/>\nAcademia y formaci\u00f3n.<br \/>\nIncluye los siguientes programas y formaciones: HolisticHealth, LifeCoaching, Constelaciones Digitales, FamilyClearing, Affirmator<\/p>","protected":false},"featured_media":0,"comment_status":"open","ping_status":"closed","template":"","meta":{"_acf_changed":false},"product_brand":[],"product_cat":[468],"product_tag":[],"class_list":{"0":"post-24438","1":"product","2":"type-product","3":"status-publish","5":"product_cat-toolbox","6":"tm-no-options","8":"first","9":"instock","10":"sale","11":"virtual","12":"sold-individually","13":"taxable","14":"purchasable","15":"product-type-subscription"},"acf":[],"_links":{"self":[{"href":"https:\/\/energetisch.fit\/es\/wp-json\/wp\/v2\/product\/24438","targetHints":{"allow":["GET"]}}],"collection":[{"href":"https:\/\/energetisch.fit\/es\/wp-json\/wp\/v2\/product"}],"about":[{"href":"https:\/\/energetisch.fit\/es\/wp-json\/wp\/v2\/types\/product"}],"replies":[{"embeddable":true,"href":"https:\/\/energetisch.fit\/es\/wp-json\/wp\/v2\/comments?post=24438"}],"wp:attachment":[{"href":"https:\/\/energetisch.fit\/es\/wp-json\/wp\/v2\/media?parent=24438"}],"wp:term":[{"taxonomy":"product_brand","embeddable":true,"href":"https:\/\/energetisch.fit\/es\/wp-json\/wp\/v2\/product_brand?post=24438"},{"taxonomy":"product_cat","embeddable":true,"href":"https:\/\/energetisch.fit\/es\/wp-json\/wp\/v2\/product_cat?post=24438"},{"taxonomy":"product_tag","embeddable":true,"href":"https:\/\/energetisch.fit\/es\/wp-json\/wp\/v2\/product_tag?post=24438"}],"curies":[{"name":"wp","href":"https:\/\/api.w.org\/{rel}","templated":true}]}}