{"id":17532,"date":"2023-02-10T08:50:41","date_gmt":"2023-02-10T07:50:41","guid":{"rendered":"http:\/\/energetisch.fit\/?post_type=product&#038;p=17532"},"modified":"2024-10-05T10:45:22","modified_gmt":"2024-10-05T08:45:22","slug":"casa-y-propiedad-energeticamente-adecuadas","status":"publish","type":"product","link":"https:\/\/energetisch.fit\/es\/shop\/energetisch-fit-haus-und-grundstueck\/","title":{"rendered":"energetic.fit casa y propiedad"},"content":{"rendered":"<p>Nuestro software en l\u00ednea para la optimizaci\u00f3n energ\u00e9tica <strong>Analyse und Behandlung von Haus und Grundst\u00fcck<\/strong> bietet eine einfache und effektive M\u00f6glichkeit, die <strong>aspectos energ\u00e9ticos de su propiedad<\/strong> y mejorarlos.<\/p>\n<p>Con este software, puede organizar su propiedad en varios <strong>energetische Aspekte wie Strahlung, Elektrosmog, Wasseradern und geologische St\u00f6rzonen untersuchen<\/strong>. El software proporciona un an\u00e1lisis exhaustivo y le muestra los puntos d\u00e9biles que podr\u00edan poner en peligro la <strong>Energ\u00eda y salud de un inmueble<\/strong> beeintr\u00e4chtigen k\u00f6nnen.<\/p>\n<p>Unsere Online-Software zur energetischen Analyse und Behandlung von Haus und Grundst\u00fcck ist <strong>F\u00e1cil de manejar<\/strong> und kann von jedermann genutzt werden. Du ben\u00f6tigst keine spezielle Ausbildung oder Fachkenntnisse, um von den Vorteilen dieser Software zu profitieren \u2013 <strong>Le acompa\u00f1amos en su camino<\/strong> und unterst\u00fctzen dich in der Anwendung des Programms.<\/p>\n<p>Mejore la eficiencia energ\u00e9tica y la armon\u00eda de su propiedad con nuestro software en l\u00ednea para <strong>energetischen Analyse und Behandlung von Haus und Grundst\u00fcck.<\/strong><\/p>\n<p><strong>Contenido de los distintos conceptos (plantillas de trabajo):<\/strong><\/p>\n<ul>\n<li>Campos, ondas, radiaciones<\/li>\n<li>Toxinas, contaminantes y clima interior<\/li>\n<li>Carga energ\u00e9tica de la propiedad<\/li>\n<li>Hongos, bacterias, al\u00e9rgenos<\/li>\n<li>Estr\u00e9s mental, emocional y espiritual<\/li>\n<li>Exposici\u00f3n a energ\u00edas externas<\/li>\n<\/ul>\n<p>&nbsp;<\/p>\n<p><strong>Verschiedene M\u00f6glichkeiten<\/strong><\/p>\n<ul>\n<li>Selecci\u00f3n de seis a ilimitados clientes<\/li>\n<li>seis \u00e1reas tem\u00e1ticas<\/li>\n<li>An\u00e1lisis del campo energ\u00e9tico<\/li>\n<li>An\u00e1lisis a largo plazo<\/li>\n<li>Base de datos propia<\/li>\n<li>Tratamiento a distancia<\/li>\n<\/ul>","protected":false},"excerpt":{"rendered":"<p>Unsere Online-Software zur energetischen Analyse und Behandlung von Haus und Grundst\u00fcck bietet eine einfache und effektive M\u00f6glichkeit, die energetischen Aspekte Ihrer Immobilie zu untersuchen und zu verbessern. Mit dieser Software kannst du deine Immobilie auf verschiedene energetische Aspekte wie Strahlung, Elektrosmog, Wasseradern und geologische St\u00f6rzonen untersuchen. Die Software gibt eine umfassende Analyse und zeigt Ihnen [&hellip;]<\/p>\n","protected":false},"featured_media":18464,"comment_status":"open","ping_status":"closed","template":"","meta":{"_acf_changed":false},"product_brand":[],"product_cat":[343,448],"product_tag":[],"class_list":{"0":"post-17532","1":"product","2":"type-product","3":"status-publish","4":"has-post-thumbnail","6":"product_cat-digital-constellation","7":"product_cat-sonstige-module","8":"tm-no-options","10":"first","11":"instock","12":"sold-individually","13":"taxable","14":"shipping-taxable","15":"purchasable","16":"product-type-variable-subscription"},"acf":[],"_links":{"self":[{"href":"https:\/\/energetisch.fit\/es\/wp-json\/wp\/v2\/product\/17532","targetHints":{"allow":["GET"]}}],"collection":[{"href":"https:\/\/energetisch.fit\/es\/wp-json\/wp\/v2\/product"}],"about":[{"href":"https:\/\/energetisch.fit\/es\/wp-json\/wp\/v2\/types\/product"}],"replies":[{"embeddable":true,"href":"https:\/\/energetisch.fit\/es\/wp-json\/wp\/v2\/comments?post=17532"}],"wp:featuredmedia":[{"embeddable":true,"href":"https:\/\/energetisch.fit\/es\/wp-json\/wp\/v2\/media\/18464"}],"wp:attachment":[{"href":"https:\/\/energetisch.fit\/es\/wp-json\/wp\/v2\/media?parent=17532"}],"wp:term":[{"taxonomy":"product_brand","embeddable":true,"href":"https:\/\/energetisch.fit\/es\/wp-json\/wp\/v2\/product_brand?post=17532"},{"taxonomy":"product_cat","embeddable":true,"href":"https:\/\/energetisch.fit\/es\/wp-json\/wp\/v2\/product_cat?post=17532"},{"taxonomy":"product_tag","embeddable":true,"href":"https:\/\/energetisch.fit\/es\/wp-json\/wp\/v2\/product_tag?post=17532"}],"curies":[{"name":"wp","href":"https:\/\/api.w.org\/{rel}","templated":true}]}}