{"id":16809,"date":"2023-01-16T13:33:06","date_gmt":"2023-01-16T12:33:06","guid":{"rendered":"http:\/\/energetisch.fit\/?post_type=product&#038;p=16809"},"modified":"2024-10-05T10:45:22","modified_gmt":"2024-10-05T08:45:22","slug":"energetically-fit-lifeecoaching","status":"publish","type":"product","link":"https:\/\/energetisch.fit\/es\/shop\/energetisch-fit-lifecoaching\/","title":{"rendered":"energetic.fit LifeCoaching"},"content":{"rendered":"<p>Bienvenido a la <strong>energetic.fit Software de LifeCoaching<\/strong>que ayudar\u00e1 a<strong>, das Leben auf die n\u00e4chste Stufe zu bringen<\/strong>!<\/p>\n<p>Con nuestro software puede <strong>dein Leben auf eine Art und Weise ver\u00e4ndern<\/strong>, die du dir nie h\u00e4ttest vorstellen k\u00f6nnen. Unsere Life Coaching-Software nutzt die <strong>\u00faltimas tecnolog\u00edas<\/strong>para ayudarte con esto, <strong>deine Ziele zu erreichen und ein erf\u00fclltes Leben zu f\u00fchren<\/strong>.<\/p>\n<p>Wir verstehen, dass jeder Mensch unterschiedliche Ziele und Bed\u00fcrfnisse hat. Deshalb haben wir unsere Software so entwickelt, dass sie an <strong>deine individuellen Bed\u00fcrfnisse angepasst<\/strong> werden kann. Egal, ob du eine bestimmte F\u00e4higkeit verbessern m\u00f6chtest oder an deiner mentalen Gesundheit arbeiten m\u00f6chtest &#8211; <strong>Nuestro software puede ayudarle<\/strong>.<\/p>\n<p>Unsere Life Coaching-Software bietet eine Vielzahl von Funktionen, die dir hilft, deine Ziele zu erreichen. Dazu geh\u00f6ren:<\/p>\n<p><strong>10 pasos <\/strong>f\u00fcr ein erfolgreiches Coaching<\/p>\n<p><strong>Familien-\/Aufstellungsm\u00f6glichkeit<\/strong> de todos los temas del programa<\/p>\n<p><strong>Programas de coaching personalizados<\/strong>, die auf deine individuellen Bed\u00fcrfnisse zugeschnitten sind.<\/p>\n<p>Un <strong>Amplio n\u00famero con diversos temas<\/strong>, die du nutzen kannst, um deine F\u00e4higkeiten zu verbessern.<\/p>\n<p>Die M\u00f6glichkeit f\u00fcr <strong>Frequenztherapien f\u00fcr eine schnellere Wirksamkeit<\/strong> y un \u00f3ptimo <strong>Unterst\u00fctzung der Pers\u00f6nlichkeit.<\/strong><\/p>\n<p>Nuestro software de life coaching es f\u00e1cil de usar y puede ayudarte con esto, <strong>ein erf\u00fcllteres Leben<\/strong> zu f\u00fchren. Wenn du bereit bist, <strong>deine Ziele zu erreichen und dein Leben auf die n\u00e4chste Stufe zu bringen<\/strong>, dann ist das energetisch.fit LifeCoaching Programm genau das Richtige f\u00fcr dich!<\/p>\n<p>&nbsp;<\/p>\n<p><strong>Contenido de los distintos conceptos (plantillas de trabajo):<\/strong><\/p>\n<ul>\n<li>Prueba previa energetic.fit<\/li>\n<li>Temas de LifeCoaching<\/li>\n<li>Salud general<\/li>\n<li>Lib\u00e9rese del miedo<\/li>\n<li>Profesi\u00f3n y carrera<\/li>\n<li>Tener \u00e9xito<\/li>\n<li>Sexualit\u00e4t und Erotik<\/li>\n<li>Familia y allegados<\/li>\n<li>Amigos y conocidos<\/li>\n<li>Dinero e ingresos<\/li>\n<li>Gl\u00fccklich Sein<\/li>\n<li>Hogar y vida<\/li>\n<li>Aficiones y ocio<\/li>\n<li>Encontrar un socio<\/li>\n<li>Asociaci\u00f3n y matrimonio<\/li>\n<li>Pers\u00f6nlichkeit und Wachstum<\/li>\n<li>Regeneraci\u00f3n y relajaci\u00f3n<\/li>\n<li>Spiritualit\u00e4t und Verbundenheit<\/li>\n<li>Deporte y forma f\u00edsica<\/li>\n<li>Adicci\u00f3n para ser libre<\/li>\n<li>Manifestaci\u00f3n<\/li>\n<\/ul>\n<p>&nbsp;<\/p>\n<p><strong>Verschiedene M\u00f6glichkeiten<\/strong><\/p>\n<ul>\n<li>Selecci\u00f3n de uno a ilimitados clientes<\/li>\n<li>incl. 21 conceptos\/plantillas de trabajo<\/li>\n<li>incl. an\u00e1lisis a largo plazo<\/li>\n<li>incl. base de datos propia<\/li>\n<li>incl. tratamiento a distancia<\/li>\n<\/ul>\n<p><iframe loading=\"lazy\" title=\"energetic.fit LifeCoaching\" width=\"500\" height=\"281\" src=\"https:\/\/www.youtube.com\/embed\/7txbVd2cA-4?feature=oembed\" frameborder=\"0\" allow=\"accelerometer; autoplay; clipboard-write; encrypted-media; gyroscope; picture-in-picture; web-share\" referrerpolicy=\"strict-origin-when-cross-origin\" allowfullscreen><\/iframe><\/p>","protected":false},"excerpt":{"rendered":"<p>Willkommen zur energetisch.fit LifeCoaching Software, die helfen wird, das Leben auf die n\u00e4chste Stufe zu bringen! Mit unserer Software kannst du dein Leben auf eine Art und Weise ver\u00e4ndern, die du dir nie h\u00e4ttest vorstellen k\u00f6nnen. Unsere Life Coaching-Software nutzt die neuesten Technologien, um dir dabei zu helfen, deine Ziele zu erreichen und ein erf\u00fclltes [&hellip;]<\/p>\n","protected":false},"featured_media":18439,"comment_status":"open","ping_status":"closed","template":"","meta":{"_acf_changed":false},"product_brand":[],"product_cat":[444],"product_tag":[],"class_list":{"0":"post-16809","1":"product","2":"type-product","3":"status-publish","4":"has-post-thumbnail","6":"product_cat-lifecoaching","7":"tm-has-options","9":"first","10":"instock","11":"sold-individually","12":"taxable","13":"shipping-taxable","14":"purchasable","15":"product-type-variable-subscription"},"acf":[],"_links":{"self":[{"href":"https:\/\/energetisch.fit\/es\/wp-json\/wp\/v2\/product\/16809","targetHints":{"allow":["GET"]}}],"collection":[{"href":"https:\/\/energetisch.fit\/es\/wp-json\/wp\/v2\/product"}],"about":[{"href":"https:\/\/energetisch.fit\/es\/wp-json\/wp\/v2\/types\/product"}],"replies":[{"embeddable":true,"href":"https:\/\/energetisch.fit\/es\/wp-json\/wp\/v2\/comments?post=16809"}],"wp:featuredmedia":[{"embeddable":true,"href":"https:\/\/energetisch.fit\/es\/wp-json\/wp\/v2\/media\/18439"}],"wp:attachment":[{"href":"https:\/\/energetisch.fit\/es\/wp-json\/wp\/v2\/media?parent=16809"}],"wp:term":[{"taxonomy":"product_brand","embeddable":true,"href":"https:\/\/energetisch.fit\/es\/wp-json\/wp\/v2\/product_brand?post=16809"},{"taxonomy":"product_cat","embeddable":true,"href":"https:\/\/energetisch.fit\/es\/wp-json\/wp\/v2\/product_cat?post=16809"},{"taxonomy":"product_tag","embeddable":true,"href":"https:\/\/energetisch.fit\/es\/wp-json\/wp\/v2\/product_tag?post=16809"}],"curies":[{"name":"wp","href":"https:\/\/api.w.org\/{rel}","templated":true}]}}