{"id":8466,"date":"2021-03-25T13:27:22","date_gmt":"2021-03-25T12:27:22","guid":{"rendered":"http:\/\/energetisch.fit\/?page_id=8466"},"modified":"2023-05-11T16:08:59","modified_gmt":"2023-05-11T14:08:59","slug":"funciones","status":"publish","type":"page","link":"https:\/\/energetisch.fit\/es\/funktionen\/","title":{"rendered":"Funciones"},"content":{"rendered":"<p>Todas las funciones de energetisch.fit para hacerte la vida m\u00e1s f\u00e1cil<\/p>\n<h2>energetic.fit<br \/>\n<b>Resumen de funciones<\/b><\/h2>\n<p>Aqu\u00ed encontrar\u00e1s todas las funciones que ofrece energetisch.fit.<\/p>\n<p><img decoding=\"async\" width=\"640\" height=\"419\" src=\"http:\/\/energetisch.fit\/wp-content\/uploads\/2021\/03\/technology-5254039_640.jpg\" alt=\"\" loading=\"lazy\" srcset=\"http:\/\/energetisch.fit\/wp-content\/uploads\/2021\/03\/technology-5254039_640.jpg 640w, http:\/\/energetisch.fit\/wp-content\/uploads\/2021\/03\/technology-5254039_640-600x393.jpg 600w, http:\/\/energetisch.fit\/wp-content\/uploads\/2021\/03\/technology-5254039_640-300x196.jpg 300w, http:\/\/energetisch.fit\/wp-content\/uploads\/2021\/03\/technology-5254039_640-100x65.jpg 100w\" sizes=\"auto, (max-width: 640px) 100vw, 640px\"><\/p>\n<figure>\n\t\t\t\t\t\t\t\t\t\t\t<a href=\"http:\/\/energetisch.fit\/wp-content\/uploads\/2021\/03\/Bio-Animation12.gif\" data-elementor-open-lightbox=\"yes\" data-elementor-lightbox-title=\"Bio-Animation1+2\"><br \/>\n<img decoding=\"async\" width=\"700\" height=\"394\" src=\"http:\/\/energetisch.fit\/wp-content\/uploads\/2021\/03\/Bio-Animation12.gif\" alt=\"Ilustraci\u00f3n propia - energetic.fit Biorhythm\" loading=\"lazy\">\t\t\t\t\t\t\t\t<\/a><figcaption>Ilustraci\u00f3n propia - energetic.fit Biorhythm<\/figcaption><\/figure>\n<h2>Inteligencia artificial<\/h2>\n<p>Nuestro algoritmo especialmente desarrollado compara las vibraciones de la persona con las vibraciones de varios temas y eval\u00faa la \"resonancia\".<\/p>\n<p><a href=\"http:\/\/energetisch.fit\/es\/funciones\/algoritmo-de-inteligencia-artificial\/\">M\u00e1s informaci\u00f3n \u2192 <\/a><\/p>\n<h2>Tratamiento y correcci\u00f3n<\/h2>\n<p>En cuanto los valores que deben corregirse se transfieren a una \"cesta de tratamiento\", el sistema determina el tratamiento de vibraci\u00f3n y frecuencia adecuado, que se transmite de forma sutil (radi\u00f3nica) o grosera (color, m\u00fasica\/frecuencia). Durante el tratamiento se alcanzan diferentes niveles (auditivo, visual y metaf\u00edsico\/energ\u00e9tico)<\/p>\n<p><a href=\"http:\/\/energetisch.fit\/es\/funciones\/tratamiento-y-correccion\/\">M\u00e1s informaci\u00f3n \u2192 <\/a><\/p>\n<figure>\n\t\t\t\t\t\t\t\t\t\t\t<a href=\"http:\/\/energetisch.fit\/wp-content\/uploads\/2021\/03\/behandlunganim.gif\" data-elementor-open-lightbox=\"yes\" data-elementor-lightbox-title=\"behandlunganim\"><br \/>\n<img decoding=\"async\" width=\"700\" height=\"394\" src=\"http:\/\/energetisch.fit\/wp-content\/uploads\/2021\/03\/behandlunganim.gif\" alt=\"Ilustraci\u00f3n propia - tratamiento energetic.fit\" loading=\"lazy\" srcset=\"http:\/\/energetisch.fit\/wp-content\/uploads\/2021\/03\/behandlunganim.gif 700w, http:\/\/energetisch.fit\/wp-content\/uploads\/2021\/03\/behandlunganim-600x338.gif 600w\" sizes=\"auto, (max-width: 700px) 100vw, 700px\">\t\t\t\t\t\t\t\t<\/a><figcaption>Ilustraci\u00f3n propia - tratamiento energetic.fit<\/figcaption><\/figure>\n<figure>\n\t\t\t\t\t\t\t\t\t\t\t<a href=\"http:\/\/energetisch.fit\/wp-content\/uploads\/2021\/03\/3.png\" data-elementor-open-lightbox=\"yes\" data-elementor-lightbox-title=\"3\"><br \/>\n<img decoding=\"async\" width=\"800\" height=\"440\" src=\"http:\/\/energetisch.fit\/wp-content\/uploads\/2021\/03\/3.png\" alt=\"Ilustraci\u00f3n propia - energetisch.fit an\u00e1lisis del campo energ\u00e9tico\" loading=\"lazy\">\t\t\t\t\t\t\t\t<\/a><figcaption>Ilustraci\u00f3n propia - energetisch.fit an\u00e1lisis del campo energ\u00e9tico<\/figcaption><\/figure>\n<h2>An\u00e1lisis del campo energ\u00e9tico<\/h2>\n<p>El an\u00e1lisis del campo energ\u00e9tico es un nuevo desarrollo para analizar la energ\u00eda bloqueada (<b>Campos del aura<\/b>) visible.<\/p>\n<p>&nbsp;Al mismo tiempo, todos los campos pueden analizarse con mayor precisi\u00f3n mediante la prueba de influencia. <b>An\u00e1lisis de causas e influencias <\/b>y tratada.<\/p>\n<p><a href=\"http:\/\/energetisch.fit\/es\/funciones\/analisis-del-campo-energetico\/\">M\u00e1s informaci\u00f3n \u2192 <\/a><\/p>\n<h2>Plantillas probadas y muy eficaces<\/h2>\n<p>El \u00e1mbito de aplicaci\u00f3n del programa ya incluye un gran n\u00famero de <b>altamente eficiente <\/b><b>Plantillas <\/b>incluidos. Estos ya est\u00e1n <b>Procedimientos de reuni\u00f3n probados<\/b>que, por supuesto, puede utilizar para su propia pr\u00e1ctica<\/p>\n<p>Adem\u00e1s de las bases de datos y plantillas terap\u00e9uticas preinstaladas, tambi\u00e9n puede utilizar <b>Cree sus propias bases de datos <\/b>convertirse.<\/p>\n<p><a href=\"http:\/\/energetisch.fit\/es\/funciones\/plantillas-probadas-y-muy-eficaces\/\">M\u00e1s informaci\u00f3n \u2192 <\/a><\/p>\n<figure>\n\t\t\t\t\t\t\t\t\t\t\t<a href=\"http:\/\/energetisch.fit\/wp-content\/uploads\/2020\/10\/pyramide.png\" data-elementor-open-lightbox=\"yes\" data-elementor-lightbox-title=\"pyramide\"><br \/>\n<img decoding=\"async\" width=\"600\" height=\"519\" src=\"http:\/\/energetisch.fit\/wp-content\/uploads\/2020\/10\/pyramide.png\" alt=\"Ilustraci\u00f3n propia - pir\u00e1mide energetic.fit\" loading=\"lazy\">\t\t\t\t\t\t\t\t<\/a><figcaption>Ilustraci\u00f3n propia - pir\u00e1mide energetic.fit<\/figcaption><\/figure>\n<figure>\n\t\t\t\t\t\t\t\t\t\t\t<a href=\"http:\/\/energetisch.fit\/wp-content\/uploads\/2021\/03\/dc-gif-anik.gif\" data-elementor-open-lightbox=\"yes\" data-elementor-lightbox-title=\"dc gif anik\"><br \/>\n<img decoding=\"async\" width=\"700\" height=\"394\" src=\"http:\/\/energetisch.fit\/wp-content\/uploads\/2021\/03\/dc-gif-anik.gif\" alt=\"Ilustraci\u00f3n propia - energetisch.fit Constelaci\u00f3n Digital\" loading=\"lazy\" srcset=\"http:\/\/energetisch.fit\/wp-content\/uploads\/2021\/03\/dc-gif-anik.gif 700w, http:\/\/energetisch.fit\/wp-content\/uploads\/2021\/03\/dc-gif-anik-600x338.gif 600w\" sizes=\"auto, (max-width: 700px) 100vw, 700px\">\t\t\t\t\t\t\t\t<\/a><figcaption>Ilustraci\u00f3n propia - energetisch.fit Constelaci\u00f3n Digital<\/figcaption><\/figure>\n<h2>Constelaci\u00f3n Digital (CD)<\/h2>\n<p><b style=\"box-sizing: border-box; font-weight: bolder; color: #252525; font-family: Roboto, sans-serif; font-size: 18px; font-style: normal; font-variant-ligatures: normal; font-variant-caps: normal; letter-spacing: normal; orphans: 2; text-align: justify; text-indent: 0px; text-transform: none; white-space: normal; widows: 2; word-spacing: 0px; -webkit-text-stroke-width: 0px; background-color: #ffffff; text-decoration-thickness: initial; text-decoration-style: initial; text-decoration-color: initial;\">Constelaci\u00f3n digital<\/b>&nbsp;es un m\u00f3dulo de programa independiente de energetisch.fit. Digital Constellation es un software en l\u00ednea que puede utilizarse para realizar constelaciones sist\u00e9micas. <b style=\"box-sizing: border-box; font-weight: bolder; color: #252525; font-family: Roboto, sans-serif; font-size: 18px; font-style: normal; font-variant-ligatures: normal; font-variant-caps: normal; letter-spacing: normal; orphans: 2; text-align: justify; text-indent: 0px; text-transform: none; white-space: normal; widows: 2; word-spacing: 0px; -webkit-text-stroke-width: 0px; background-color: #ffffff; text-decoration-thickness: initial; text-decoration-style: initial; text-decoration-color: initial;\">Constelaci\u00f3n digital<\/b>&nbsp;reconoce la posici\u00f3n de los distintos elementos bas\u00e1ndose en el \"efecto observador\" y los hace visibles en la pantalla. A continuaci\u00f3n, los bloqueos pueden reconocerse y liberarse mediante la prueba del campo energ\u00e9tico y la prueba de influencia.<\/p>\n<p><a href=\"http:\/\/energetisch.fit\/es\/funciones\/constelacion-digital-2\/\">M\u00e1s informaci\u00f3n \u2192 <\/a><\/p>\n<h2>Tratamiento a distancia<\/h2>\n<p>Un&nbsp;<b>Primicia mundial&nbsp;<\/b>es nuestra capacidad para ofrecer al cliente un tratamiento a distancia tambi\u00e9n como&nbsp;<b>terapia directa disponible&nbsp;<\/b>a proporcionar. Para ello, energetisch.fit env\u00eda al cliente un enlace a trav\u00e9s del cual puede consumir el tratamiento a la hora acordada (el cliente ve la pantalla del tratamiento con los valores respectivos).<\/p>\n<p><a href=\"http:\/\/energetisch.fit\/es\/funciones\/tratamientos-automatizados-a-distancia\/\">M\u00e1s informaci\u00f3n \u2192 <\/a><\/p>\n<figure>\n\t\t\t\t\t\t\t\t\t\t\t<a href=\"http:\/\/energetisch.fit\/wp-content\/uploads\/2021\/03\/fenbeh.png\" data-elementor-open-lightbox=\"yes\" data-elementor-lightbox-title=\"fenbeh\"><br \/>\n<img decoding=\"async\" width=\"800\" height=\"378\" src=\"http:\/\/energetisch.fit\/wp-content\/uploads\/2021\/03\/fenbeh.png\" alt=\"Ilustraci\u00f3n propia - energetic.fit tratamiento a distancia\" loading=\"lazy\" srcset=\"http:\/\/energetisch.fit\/wp-content\/uploads\/2021\/03\/fenbeh.png 1896w, http:\/\/energetisch.fit\/wp-content\/uploads\/2021\/03\/fenbeh-600x284.png 600w\" sizes=\"auto, (max-width: 800px) 100vw, 800px\">\t\t\t\t\t\t\t\t<\/a><figcaption>Ilustraci\u00f3n propia - visi\u00f3n general del tratamiento a distancia energetic.fit<\/figcaption><\/figure>\n<figure>\n\t\t\t\t\t\t\t\t\t\t\t<a href=\"http:\/\/energetisch.fit\/wp-content\/uploads\/2021\/03\/eigene-datenbank-bild.png\" data-elementor-open-lightbox=\"yes\" data-elementor-lightbox-title=\"eigene datenbank bild\"><br \/>\n<img decoding=\"async\" width=\"800\" height=\"410\" src=\"http:\/\/energetisch.fit\/wp-content\/uploads\/2021\/03\/eigene-datenbank-bild.png\" alt=\"Ilustraci\u00f3n propia - energetisch.fit Base de datos propia\" loading=\"lazy\">\t\t\t\t\t\t\t\t<\/a><figcaption>Ilustraci\u00f3n propia - energetisch.fit Base de datos propia<\/figcaption><\/figure>\n<h2>Bases de datos de an\u00e1lisis propias<\/h2>\n<p>El an\u00e1lisis del campo energ\u00e9tico es un nuevo desarrollo para analizar la energ\u00eda bloqueada (<b>Campos del aura<\/b>) visible.<\/p>\n<p>&nbsp;Al mismo tiempo, todos los campos pueden analizarse con mayor precisi\u00f3n mediante la prueba de influencia. <b>An\u00e1lisis de causas e influencias <\/b>y tratada.<\/p>\n<p><a href=\"http:\/\/energetisch.fit\/es\/funciones\/cree-sus-propias-bases-de-datos\/\">M\u00e1s informaci\u00f3n \u2192 <\/a><\/p>","protected":false},"excerpt":{"rendered":"<p>Alle Funktionen von energetisch.fit um das Leben einfacher zu machen energetisch.fit Funktions\u00fcbersicht Hier finden Sie alle Funktionen die energetisch.fit bietet. Eigene Abbildung &#8211; energetisch.fit Biorhythmus K\u00fcnstliche Intelligenz Unser speziell entwickelte Algorithmus vergleicht die Schwingungen des Menschen mit den Schwingungen von verschiedenen Themen und bewertet die &#8222;Resonanz&#8220;. mehr erfahren \u2192 Behandlung und Korrektur Sobald die zu [&hellip;]<\/p>\n","protected":false},"author":1288,"featured_media":0,"parent":0,"menu_order":0,"comment_status":"closed","ping_status":"closed","template":"elementor_theme","meta":{"_acf_changed":false,"footnotes":""},"efit-produkt":[],"class_list":["post-8466","page","type-page","status-publish","hentry"],"acf":[],"acpt":null,"_links":{"self":[{"href":"https:\/\/energetisch.fit\/es\/wp-json\/wp\/v2\/pages\/8466","targetHints":{"allow":["GET"]}}],"collection":[{"href":"https:\/\/energetisch.fit\/es\/wp-json\/wp\/v2\/pages"}],"about":[{"href":"https:\/\/energetisch.fit\/es\/wp-json\/wp\/v2\/types\/page"}],"author":[{"embeddable":true,"href":"https:\/\/energetisch.fit\/es\/wp-json\/wp\/v2\/users\/1288"}],"replies":[{"embeddable":true,"href":"https:\/\/energetisch.fit\/es\/wp-json\/wp\/v2\/comments?post=8466"}],"version-history":[{"count":0,"href":"https:\/\/energetisch.fit\/es\/wp-json\/wp\/v2\/pages\/8466\/revisions"}],"wp:attachment":[{"href":"https:\/\/energetisch.fit\/es\/wp-json\/wp\/v2\/media?parent=8466"}],"wp:term":[{"taxonomy":"efit-produkt","embeddable":true,"href":"https:\/\/energetisch.fit\/es\/wp-json\/wp\/v2\/efit-produkt?post=8466"}],"curies":[{"name":"wp","href":"https:\/\/api.w.org\/{rel}","templated":true}]}}