{"id":7210,"date":"2021-03-18T14:22:48","date_gmt":"2021-03-18T13:22:48","guid":{"rendered":"http:\/\/energetisch.fit\/?page_id=7210"},"modified":"2024-02-12T14:01:55","modified_gmt":"2024-02-12T13:01:55","slug":"constelacion-digital-2","status":"publish","type":"page","link":"https:\/\/energetisch.fit\/es\/funktionen\/digital-constellation\/","title":{"rendered":"Constelaci\u00f3n digital"},"content":{"rendered":"<h2>Constelaciones digitales: constelaciones sist\u00e9micas de otro tipo<\/h2>\n<p><b>Constelaci\u00f3n digital<\/b>\u00a0es un software en l\u00ednea que puede utilizarse para realizar constelaciones sist\u00e9micas. Lo \u201cespecial\u201d del software es un algoritmo procedente de la investigaci\u00f3n de la \u201cIA-inteligencia artificial\u201d, que se utiliza para el trabajo sist\u00e9mico.\u00a0<\/p>\n<p><b>Constelaci\u00f3n digital<\/b>\u00a0reconoce la posici\u00f3n de los distintos elementos bas\u00e1ndose en el \"efecto observador\" y los hace visibles en la pantalla. A continuaci\u00f3n, los bloqueos pueden reconocerse y liberarse mediante la prueba del campo energ\u00e9tico y la prueba de influencia.<\/p>\n<p>https:\/\/youtu.be\/LToJU-KLEyQ\t\t<\/p>\n<blockquote>\n<p>\n\t\t\t\tSi te quedas atascado en la vida, no debes pisar m\u00e1s el acelerador: simplemente debes dejar de frenar.\t\t\t<\/p>\n<p>\t\t\t\t\t\t\t\t\t\t\t<cite>Romy Gerhard<\/cite><br \/>\n\t\t\t\t\t\t\t\t\t\t\t\t\t\t\t\t<a href=\"https:\/\/twitter.com\/intent\/tweet?text=Wenn+es+mal+im+Leben+nicht+weiter+geht%2C+dann+sollte+man+nicht+noch+mehr+Gas+geben+-+sondern+einfach+aufh%C3%B6ren+zu+bremsen.+%E2%80%94+Romy+Gerhard&amp;url=https%3A%2F%2Fenergetisch.fit%2Fwp-admin%2Fadmin-ajax.php&amp;via=enerprax\" target=\"_blank\" rel=\"noopener\"><br \/>\n\t\t\t\t\t\t\t\t\t\t\t\t\t\t\t\t\t\t\t\t\t\t\t\t\t\t\t\t\t\t\t\t\t\t\t\t\t\t\t\t\t\t\t\t\tTweet<br \/>\n\t\t\t\t\t\t\t\t\t\t\t\t\t<\/a>\n\t\t\t\t\t<\/p><\/blockquote>\n<figure>\n\t\t\t\t\t\t\t\t\t\t\t<a href=\"http:\/\/energetisch.fit\/wp-content\/uploads\/2021\/03\/Computer-1.jpg\" data-elementor-open-lightbox=\"yes\" data-elementor-lightbox-title=\"Computer 1\" data-e-action-hash=\"#elementor-action%3Aaction%3Dlightbox%26settings%3DeyJpZCI6NjY5MSwidXJsIjoiaHR0cHM6XC9cL2VuZXJnZXRpc2NoLmZpdFwvd3AtY29udGVudFwvdXBsb2Fkc1wvMjAyMVwvMDNcL0NvbXB1dGVyLTEuanBnIn0%3D\"><br \/>\n\t\t\t\t\t\t\t<img loading=\"lazy\" decoding=\"async\" width=\"1024\" height=\"683\" src=\"http:\/\/energetisch.fit\/wp-content\/uploads\/2021\/03\/Computer-1.jpg\" alt=\"Ilustraci\u00f3n propia - Interfaz \/ programa de Constelaciones Digitales\" srcset=\"http:\/\/energetisch.fit\/wp-content\/uploads\/2021\/03\/Computer-1.jpg 1920w, http:\/\/energetisch.fit\/wp-content\/uploads\/2021\/03\/Computer-1-600x400.jpg 600w\" sizes=\"auto, (max-width: 1024px) 100vw, 1024px\" \/>\t\t\t\t\t\t\t\t<\/a><figcaption>Ilustraci\u00f3n propia - Interfaz \/ programa de Constelaciones Digitales<\/figcaption><\/figure>\n<h2>Una primicia mundial...<\/h2>\n<p>Digital Constellation es la primera herramienta de este tipo. Las constelaciones sist\u00e9micas pueden visualizarse y procesarse energ\u00e9ticamente a trav\u00e9s de una aplicaci\u00f3n en l\u00ednea.<\/p>\n<p>Bas\u00e1ndonos en la simulaci\u00f3n del comportamiento\/mente humano, utilizamos un algoritmo especial para imitar una configuraci\u00f3n sist\u00e9mica real (IA).<\/p>\n<h2>Posicionamiento autom\u00e1tico e impulsos energ\u00e9ticos<\/h2>\n<p>Bas\u00e1ndose en el efecto observador, el programa reconoce la posici\u00f3n energ\u00e9tica correcta de los elementos y los hace visibles en la pantalla.<\/p>\n<p>Los bloqueos y las causas pueden visualizarse y resolverse energ\u00e9ticamente. La Constelaci\u00f3n Digital tambi\u00e9n muestra el cambio energ\u00e9tico.<\/p>\n<p>http:\/\/energetisch.fit\/wp-content\/uploads\/2021\/03\/dc-gif-anik.mp4\t\t<\/p>\n<figure>\n\t\t\t\t\t\t\t\t\t\t\t<a href=\"http:\/\/energetisch.fit\/wp-content\/uploads\/2021\/03\/hintergruende-dc.jpg\" data-elementor-open-lightbox=\"yes\" data-elementor-lightbox-title=\"hintergruende-dc\" data-e-action-hash=\"#elementor-action%3Aaction%3Dlightbox%26settings%3DeyJpZCI6OTA2MiwidXJsIjoiaHR0cHM6XC9cL2VuZXJnZXRpc2NoLmZpdFwvd3AtY29udGVudFwvdXBsb2Fkc1wvMjAyMVwvMDNcL2hpbnRlcmdydWVuZGUtZGMuanBnIn0%3D\"><br \/>\n\t\t\t\t\t\t\t<img loading=\"lazy\" decoding=\"async\" width=\"553\" height=\"336\" src=\"http:\/\/energetisch.fit\/wp-content\/uploads\/2021\/03\/hintergruende-dc.jpg\" alt=\"Ilustraci\u00f3n propia - Fondos de Constelaciones Digitales - Tablero de instalaci\u00f3n\" srcset=\"http:\/\/energetisch.fit\/wp-content\/uploads\/2021\/03\/hintergruende-dc.jpg 553w, http:\/\/energetisch.fit\/wp-content\/uploads\/2021\/03\/hintergruende-dc-300x182.jpg 300w\" sizes=\"auto, (max-width: 553px) 100vw, 553px\" \/>\t\t\t\t\t\t\t\t<\/a><figcaption>Ilustraci\u00f3n propia - Fondos de Constelaciones Digitales - Tablero de instalaci\u00f3n<\/figcaption><\/figure>\n<h2>Varios fondos<\/h2>\n<p>Acerca de diferentes <strong>Categor\u00edas<\/strong> pueden ser diferentes <strong>Fondos<\/strong> seleccionarse en funci\u00f3n del tema de la constelaci\u00f3n. La colocaci\u00f3n de los elementos proporciona al constelador valiosos <strong>Apoyo a la interpretaci\u00f3n<\/strong>.<\/p>\n<p>Mediante la selecci\u00f3n de diferentes <strong>Temas influyentes<\/strong> los elementos\/figuras pueden ser <strong>estudiado y optimizado energ\u00e9ticamente<\/strong> convertirse.<\/p>\n<p><a title=\"Descargar PDF\" href=\"http:\/\/energetisch.fit\/wp-content\/uploads\/2021\/03\/DC-Hintergrundbeschreibung.pdf\" target=\"_blank\" rel=\"noopener\">Descargar PDF \u2192<\/a>\t\t<\/p>\n<h2>Efecto observador y experimento de la doble rendija<\/h2>\n<p>La tecnolog\u00eda de Constelaci\u00f3n Digital se basa en el efecto observador.<\/p>\n<p>Uno de los supuestos m\u00e1s extra\u00f1os de la teor\u00eda cu\u00e1ntica, que ha fascinado durante mucho tiempo a fil\u00f3sofos y f\u00edsicos por igual, es que al observar un dado, el observador influye en \u00e9l. Uno de los experimentos m\u00e1s conocidos al respecto es el de la doble rendija.<\/p>\n<p>https:\/\/youtu.be\/3ohjOltaO6Yhttps:\/\/youtu.be\/KBcgIYn9zzUhttps:\/\/youtu.be\/-EVBTAXhNTg\t\t<\/p>\n<h2>14 d\u00edas de versi\u00f3n completa gratuita para<br \/> Solicitar Constelaci\u00f3n Digital<\/h2>\n<h2>La Constelaci\u00f3n Digital es b\u00e1sicamente apta para todos...<\/h2>\n<p>...que trabaja con sistemas o constelaciones. Importante es la <strong>Apertura<\/strong>, a completamente <strong>Nueva forma de trabajar en constelaciones<\/strong> \u00a1permitir!<\/p>\n<p>\u00a0<\/p>\n<p>Constelaciones Digitales enriquece el trabajo de constelaciones sist\u00e9micas en todos los \u00e1mbitos de la vida: <strong>Familia, relaciones, salud, \u00e9xito y negocios<\/strong>...<\/p>\n<h2>Ejemplos de aplicaci\u00f3n de Constelaciones Digitales<br \/>\n<\/h2>\n<p>\t\thttps:\/\/youtu.be\/BIDB8nGe29Ahttps:\/\/youtu.be\/YWlnSZSAGdQhttps:\/\/youtu.be\/KaCncwV3vOQhttps:\/\/youtu.be\/8kXkmGLbJU8<\/p>","protected":false},"excerpt":{"rendered":"<p>Digital Constellation &#8211; systemische Aufstellungen der anderen Art Digital Constellation\u00a0ist eine Online-Software, mit der systemische Aufstellungen ausgef\u00fchrt werden k\u00f6nnen. Das \u201cBesondere\u201d an der Software ist ein Algorithmus aus der Forschung der \u201cKI-k\u00fcnstliche Intelligenz\u201d, welcher f\u00fcr die systemische Arbeit zum Einsatz kommt.\u00a0 Digital Constellation\u00a0erkennt basierend auf dem \u201cBeobachtereffekt\u201d die Position der einzelnen Elemente und macht sie [&hellip;]<\/p>\n","protected":false},"author":1,"featured_media":0,"parent":8466,"menu_order":0,"comment_status":"closed","ping_status":"closed","template":"elementor_theme","meta":{"_acf_changed":false,"footnotes":""},"efit-produkt":[],"class_list":["post-7210","page","type-page","status-publish","hentry"],"acf":[],"acpt":null,"_links":{"self":[{"href":"https:\/\/energetisch.fit\/es\/wp-json\/wp\/v2\/pages\/7210","targetHints":{"allow":["GET"]}}],"collection":[{"href":"https:\/\/energetisch.fit\/es\/wp-json\/wp\/v2\/pages"}],"about":[{"href":"https:\/\/energetisch.fit\/es\/wp-json\/wp\/v2\/types\/page"}],"author":[{"embeddable":true,"href":"https:\/\/energetisch.fit\/es\/wp-json\/wp\/v2\/users\/1"}],"replies":[{"embeddable":true,"href":"https:\/\/energetisch.fit\/es\/wp-json\/wp\/v2\/comments?post=7210"}],"version-history":[{"count":0,"href":"https:\/\/energetisch.fit\/es\/wp-json\/wp\/v2\/pages\/7210\/revisions"}],"up":[{"embeddable":true,"href":"https:\/\/energetisch.fit\/es\/wp-json\/wp\/v2\/pages\/8466"}],"wp:attachment":[{"href":"https:\/\/energetisch.fit\/es\/wp-json\/wp\/v2\/media?parent=7210"}],"wp:term":[{"taxonomy":"efit-produkt","embeddable":true,"href":"https:\/\/energetisch.fit\/es\/wp-json\/wp\/v2\/efit-produkt?post=7210"}],"curies":[{"name":"wp","href":"https:\/\/api.w.org\/{rel}","templated":true}]}}