{"id":24399,"date":"2025-01-28T16:27:54","date_gmt":"2025-01-28T15:27:54","guid":{"rendered":"https:\/\/energetisch.fit\/?page_id=24399"},"modified":"2025-01-28T16:27:56","modified_gmt":"2025-01-28T15:27:56","slug":"pagina-con-las-condiciones-de-uso-para-afiliados","status":"publish","type":"page","link":"https:\/\/energetisch.fit\/es\/seite-mit-den-affiliate-nutzungsbedingungen\/","title":{"rendered":"P\u00e1gina con las condiciones de uso para afiliados"},"content":{"rendered":"<p>Como afiliado autorizado (Afiliado) de energetisch.fit Online Analysis and Therapy Software, acepta cumplir los t\u00e9rminos y condiciones contenidos en este acuerdo (Acuerdo). Por favor, lea todo el Acuerdo detenidamente antes de registrarse y promocionar energetisch.fit Online Analysis and Therapy Software como Afiliado.<\/p>\n\t\n\n\t\n\t\t<p>Su participaci\u00f3n en el programa tiene como \u00fanico fin promocionar legalmente nuestro sitio web para ganar una comisi\u00f3n sobre las afiliaciones y los productos adquiridos por las personas remitidas al software de an\u00e1lisis y terapia en l\u00ednea energetisch.fit a trav\u00e9s de su propio sitio web o de recomendaciones personales.<\/p>\n\t\n\n\t\n\t\t<p>Al inscribirse en el Programa de Afiliaci\u00f3n del Software de An\u00e1lisis y Terapia Online energetisch.fit (Programa), acepta quedar vinculado por el presente Acuerdo y sus t\u00e9rminos y condiciones.<\/p>\n\t\n\n\t\n\t<h2 class=\"wp-block-heading\" id=\"approval-or-rejection\">Aprobaci\u00f3n o rechazo de la solicitud<\/h2>\n\t\n\n\t\n\t<p>Nos reservamos el derecho a aprobar o rechazar CUALQUIER solicitud de Programa de Afiliaci\u00f3n a nuestra entera y absoluta discreci\u00f3n. Usted no tendr\u00e1 ning\u00fan recurso contra nosotros por el rechazo de su solicitud de Programa de Afiliados.<\/p>\n\t\n\n\t\n\t<h2 class=\"wp-block-heading\" id=\"commissions\">Comisiones<\/h2>\n\t\n\n\t\n\t<p>Las comisiones se pagan una vez al mes. Para que un afiliado reciba una comisi\u00f3n, la cuenta referida debe permanecer activa durante al menos 31 d\u00edas.<\/p>\n\t\n\n\t\n\t<p>No puede referirse a s\u00ed mismo y no recibir\u00e1 ninguna comisi\u00f3n por sus propias cuentas.<\/p>\n\t\n\n\t\n\t<p>Los pagos s\u00f3lo se env\u00edan para transacciones que se han completado con \u00e9xito. Las transacciones que den lugar a devoluciones o reembolsos no se abonar\u00e1n.<\/p>\n\t\n\n\t\n\t<h2 class=\"wp-block-heading\" id=\"termination\">Anulaci\u00f3n<\/h2>\n\t\n\n\t\n\t<p>Su solicitud de socio y su estatus en el programa pueden ser suspendidos o cancelados por cualquiera de las siguientes razones:<\/p>\n\t\n\n\t\n\t<ul class=\"wp-block-list\">\n\t\t<li>Publicidad inadecuada (afirmaciones falsas, hiperv\u00ednculos enga\u00f1osos, etc.).<\/li>\n\t\t<li>Spamming (correos electr\u00f3nicos masivos, publicaciones masivas en grupos de noticias, etc.).<\/li>\n\t\t<li>Publicidad en sitios web que contengan o promuevan actividades ilegales.<\/li>\n\t\t<li>No revelar la relaci\u00f3n de afiliaci\u00f3n en el caso de una promoci\u00f3n que se considere un respaldo seg\u00fan las directrices y reglamentos vigentes de la Comisi\u00f3n Federal de Comercio o la legislaci\u00f3n estatal aplicable.<\/li>\n\t\t\t\t<li>Infracci\u00f3n de los derechos de propiedad intelectual. energetisch.fit Online Analysis and Therapy Software se reserva el derecho de exigir acuerdos de licencia a aquellos que utilicen las marcas registradas de energetisch.fit Online Analysis and Therapy Software con el fin de proteger nuestros derechos de propiedad intelectual.<\/li>\n\t\t\t\t<li>Ofrecer descuentos, cupones u otros sobornos prometidos de su comisi\u00f3n de afiliado como incentivo. Sin embargo, es aceptable a\u00f1adir bonificaciones o agrupar otros productos con el software de an\u00e1lisis y terapia en l\u00ednea energetic.fit.<\/li>\n\t\t<li>Autorreferencias, transacciones fraudulentas, sospecha de fraude de afiliaci\u00f3n.<\/li>\n\t<\/ul>\n\t\n\n\t\n\t\t<p>Adem\u00e1s, energetisch.fit Online Analyse und Therapie Software se reserva el derecho de cancelar cualquier cuenta de afiliado en cualquier momento por incumplimiento de este acuerdo o sin causa justificada.<\/p>\n\t\n\n\t\n\t<h2 class=\"wp-block-heading\" id=\"affiliate-links\">Enlaces afiliados<\/h2>\n\t\n\n\t\n\t\t<p>Puede utilizar enlaces gr\u00e1ficos y de texto tanto en su sitio web como en sus mensajes de correo electr\u00f3nico. Tambi\u00e9n puede anunciar el sitio web del software de an\u00e1lisis y terapia en l\u00ednea energetisch.fit en anuncios clasificados en l\u00ednea y fuera de l\u00ednea, revistas y peri\u00f3dicos.<\/p>\n\t\n\n\t\n\t<p>Puede utilizar los gr\u00e1ficos y textos que le proporcionamos o crear los suyos propios siempre que se consideren apropiados seg\u00fan las Condiciones y no infrinjan las disposiciones descritas en la secci\u00f3n Rescisi\u00f3n.<\/p>\n\t\n\n\t\n\t<h2 class=\"wp-block-heading\" id=\"coupon-and-deal-sites\">Sitios de cupones y ofertas<\/h2>\n\t\n\n\t\n\t\t<p>energetisch.fit Software de An\u00e1lisis y Terapia Online ofrece ocasionalmente cupones para afiliados seleccionados y para nuestros suscriptores del bolet\u00edn de noticias. Si no se le ha preaprobado\/asignado un cup\u00f3n de marca, no podr\u00e1 promocionar el cup\u00f3n. A continuaci\u00f3n encontrar\u00e1 los t\u00e9rminos y condiciones que se aplican a cualquier afiliado que considere promocionar nuestros productos en relaci\u00f3n con una oferta o cup\u00f3n:<\/p>\n\t\n\n\t\n\t<ul class=\"wp-block-list\">\n\t\t<li>Los afiliados no podr\u00e1n utilizar texto enga\u00f1oso en los enlaces, botones o im\u00e1genes de afiliaci\u00f3n para dar a entender que se est\u00e1 llevando a cabo con el afiliado respectivo cualquier otra actividad comercial que no sea la actualmente autorizada.<\/li>\n\t\t\t\t<li>Los afiliados no pueden ofrecer cupones de energetic.fit online software de an\u00e1lisis y terapia, descuentos de energetic.fit online software de an\u00e1lisis y terapia u otras frases que indiquen que hay cupones disponibles.<\/li>\n\t\t<li>Los afiliados no pueden generar pop-ups, pop-unders, iframes, frames u otras acciones visibles o invisibles que instalen cookies de afiliaci\u00f3n, a menos que el usuario haya expresado un inter\u00e9s claro y expl\u00edcito en activar un ahorro concreto haciendo clic en un enlace, bot\u00f3n o imagen claramente marcados para ese cup\u00f3n u oferta concretos. Su enlace debe dirigir al visitante al sitio del comerciante.<\/li>\n\t\t<li>El usuario debe poder ver la informaci\u00f3n y los detalles del cup\u00f3n\/la oferta\/el ahorro antes de que se instale una cookie de afiliado (es decir, NO se permite \"haga clic aqu\u00ed para ver los cupones y abrir una ventana al sitio web del comerciante\").<\/li>\n\t\t<li>Los sitios web de los afiliados no podr\u00e1n incluir el texto \"haga clic para (o para ver) una oferta\/cup\u00f3n\" o una variaci\u00f3n del mismo si no hay cupones u ofertas disponibles y el clic abre el sitio web del comerciante o activa una cookie. Los afiliados que incluyan este tipo de texto en la p\u00e1gina de destino del comerciante ser\u00e1n eliminados inmediatamente del programa.<\/li>\n\t<\/ul>\n\t\n\n\t\n\t<h2 class=\"wp-block-heading\" id=\"ppc-policy\">Pol\u00edtica de pago por clic (PPC)<\/h2>\n\t\n\n\t\n\t<p>Las ofertas PPC NO est\u00e1n permitidas sin autorizaci\u00f3n previa por escrito.<\/p>\n\t\n\n\t\n\t<h2 class=\"wp-block-heading\" id=\"liability\">Responsabilidad<\/h2>\n\t\n\n\t\n\t\t<p>energetisch.fit Online Analysis and Therapy Software no ser\u00e1 responsable de los da\u00f1os indirectos o incidentales (p\u00e9rdida de ventas, comisiones) debidos a errores de seguimiento de afiliados, p\u00e9rdida de archivos de bases de datos o consecuencias de da\u00f1os en el programa y\/o en nuestros sitios web.<\/p>\n\t\n\n\t\n\t\t<p>No ofrecemos ninguna garant\u00eda, expresa o impl\u00edcita, con respecto al Programa y\/o a las afiliaciones o productos vendidos por energetisch.fit Online Analysis and Therapy Software. No afirmamos que el funcionamiento del Programa y\/o de nuestro(s) sitio(s) web est\u00e9 libre de errores, y no somos responsables de las interrupciones o errores.<\/p>\n\t\n\n\t\n\t<h2 class=\"wp-block-heading\" id=\"term-of-agreement\">Duraci\u00f3n del acuerdo<\/h2>\n\t\n\n\t\n\t<p>La vigencia de este acuerdo comienza cuando usted se une al programa y finaliza cuando se cancela su cuenta de afiliado.<\/p>\n\t\n\n\t\n\t<p>Los t\u00e9rminos de este Contrato pueden ser modificados por nosotros en cualquier momento. Si alg\u00fan cambio en las condiciones de este contrato le resulta inaceptable, su \u00fanica opci\u00f3n es cancelar su cuenta de afiliado. Su participaci\u00f3n continuada en el Programa constituye su aceptaci\u00f3n de cualquier cambio.<\/p>\n\t\n\n\t\n\t<h2 class=\"wp-block-heading\" id=\"indemnification\">C\u00f3digo de confirmaci\u00f3n<\/h2>\n\t\n\n\t\n\t\t<p>El afiliado indemnizar\u00e1 a energetic.fit Online Analysis and Therapy Software y a sus afiliados, funcionarios, directores, empleados, licenciatarios, sucesores y cesionarios, incluidos aquellos con licencia o autorizados por energetic.fit Online Analysis and Therapy Software de todas las responsabilidades, da\u00f1os, multas, sentencias, reclamaciones, costes, p\u00e9rdidas y gastos (incluidos los honorarios y costes razonables de abogados) que surjan o est\u00e9n relacionados con cualquiera y todas las reclamaciones que surjan en relaci\u00f3n con este Contrato debido a la negligencia.  tergiversaci\u00f3n, no divulgaci\u00f3n o conducta dolosa del afiliado.<\/p>\n\t\n\n\t\n\t<h2 class=\"wp-block-heading\" id=\"electronic-signatures-effective\">Firmas electr\u00f3nicas eficaces<\/h2>\n\t\n\n\t\n\t\t<p>El Acuerdo es un contrato electr\u00f3nico que establece los t\u00e9rminos legalmente vinculantes de su participaci\u00f3n en el Programa de Socios del Software de An\u00e1lisis y Terapia Online energetisch.fit. Al completar el proceso de solicitud del Software de An\u00e1lisis y Terapia en l\u00ednea energetisch.fit, usted acepta quedar vinculado por este Acuerdo y por todos los t\u00e9rminos y condiciones contenidos o a los que se hace referencia en este Acuerdo. Esta acci\u00f3n crea una firma electr\u00f3nica que tiene la misma fuerza legal y efecto que una firma manuscrita.<\/p>","protected":false},"excerpt":{"rendered":"<p>Als autorisierter Affiliate (Affiliate) von energetisch.fit Online Analyse und Therapie Software erkl\u00e4ren Sie sich damit einverstanden, die in dieser Vereinbarung (Vereinbarung) enthaltenen Bedingungen einzuhalten. Bitte lesen Sie die gesamte Vereinbarung sorgf\u00e4ltig durch, bevor Sie sich registrieren und energetisch.fit Online Analyse und Therapie Software als Affiliate bewerben. Ihre Teilnahme am Programm dient ausschlie\u00dflich dazu, unsere Website [&hellip;]<\/p>\n","protected":false},"author":1288,"featured_media":0,"parent":0,"menu_order":0,"comment_status":"closed","ping_status":"closed","template":"","meta":{"_acf_changed":false,"footnotes":""},"efit-produkt":[],"class_list":["post-24399","page","type-page","status-publish","hentry"],"acf":[],"acpt":null,"_links":{"self":[{"href":"https:\/\/energetisch.fit\/es\/wp-json\/wp\/v2\/pages\/24399","targetHints":{"allow":["GET"]}}],"collection":[{"href":"https:\/\/energetisch.fit\/es\/wp-json\/wp\/v2\/pages"}],"about":[{"href":"https:\/\/energetisch.fit\/es\/wp-json\/wp\/v2\/types\/page"}],"author":[{"embeddable":true,"href":"https:\/\/energetisch.fit\/es\/wp-json\/wp\/v2\/users\/1288"}],"replies":[{"embeddable":true,"href":"https:\/\/energetisch.fit\/es\/wp-json\/wp\/v2\/comments?post=24399"}],"version-history":[{"count":1,"href":"https:\/\/energetisch.fit\/es\/wp-json\/wp\/v2\/pages\/24399\/revisions"}],"predecessor-version":[{"id":24400,"href":"https:\/\/energetisch.fit\/es\/wp-json\/wp\/v2\/pages\/24399\/revisions\/24400"}],"wp:attachment":[{"href":"https:\/\/energetisch.fit\/es\/wp-json\/wp\/v2\/media?parent=24399"}],"wp:term":[{"taxonomy":"efit-produkt","embeddable":true,"href":"https:\/\/energetisch.fit\/es\/wp-json\/wp\/v2\/efit-produkt?post=24399"}],"curies":[{"name":"wp","href":"https:\/\/api.w.org\/{rel}","templated":true}]}}