{"id":197,"date":"2016-07-27T15:40:11","date_gmt":"2016-07-27T13:40:11","guid":{"rendered":"http:\/\/energetisch.fit\/?page_id=197"},"modified":"2023-05-10T16:49:14","modified_gmt":"2023-05-10T14:49:14","slug":"imprimir","status":"publish","type":"page","link":"https:\/\/energetisch.fit\/es\/impressum\/","title":{"rendered":"Pie de imprenta"},"content":{"rendered":"<div class=\"wp-block-image\">\n<figure class=\"alignright\"><a href=\"http:\/\/www.enerprax.com\/wp-content\/uploads\/2014\/10\/logo-ener1.gif\" target=\"_blank\" rel=\"noreferrer noopener nofollow\"><img decoding=\"async\" src=\"http:\/\/www.enerprax.com\/wp-content\/uploads\/2014\/10\/logo-ener1-300x101.gif\" alt=\"logotipo ener1\"\/><\/a><\/figure>\n<\/div>\n\n\n<p><strong>Energetisch.fit es un producto de<\/strong><\/p>\n\n\n\n<p>enerprax- Instituto de sanaci\u00f3n energ\u00e9tica pr\u00e1ctica<br>J\u00fcrgen Bergauer, licenciado<\/p>\n\n\n\n<p>Gartenstrasse 6a<br>A-6700 Bludenz<\/p>\n\n\n\n<p>Tel: +43 664 23 06 418<\/p>\n\n\n\n<p>correo electr\u00f3nico:&nbsp;<a href=\"mailto:enerprax@gmail.com\">enerprax@gmail.com<\/a><\/p>\n\n\n\n<p>Ayuda a alcanzar el equilibrio f\u00edsico y energ\u00e9tico<\/p>\n\n\n\n<p><strong>N\u00famero de IVA:<\/strong>&nbsp;ATU55375007<\/p>\n\n\n\n<p><strong>N\u00famero de registro mercantil:<\/strong>&nbsp;8016106<\/p>\n\n\n\n<p><strong>Tribunal del Registro Mercantil:<\/strong>&nbsp;Bludenz<\/p>\n\n\n\n<p><strong>Propietario:<\/strong>&nbsp;J\u00fcrgen Bergauer, licenciado<\/p>\n\n\n\n<p><strong>Lugar de jurisdicci\u00f3n:<\/strong>&nbsp;Autoridad de distrito de Bludenz<br><strong>Objeto de la empresa:<\/strong>&nbsp;Oficios comerciales con excepci\u00f3n de los oficios comerciales regulados<br>N\u00famero GISA: 29050840<\/p>\n\n\n\n<p><strong>Objeto de la empresa:<\/strong>&nbsp;Asistencia para lograr un equilibrio f\u00edsico o energ\u00e9tico mediante la interpretaci\u00f3n del aura, la selecci\u00f3n de colores y m\u00fasica, as\u00ed como la biorresonancia.<br>N\u00famero GISA: 22668486<\/p>\n\n\n\n<p><a href=\"https:\/\/www.enerprax.com\/wp-content\/uploads\/2021\/11\/hu_bronze_150.jpg\" rel=\"noreferrer noopener nofollow\" target=\"_blank\"><\/a>&nbsp;Programa de aseguramiento de la calidad de la energ\u00eda humana<\/p>\n\n\n\n<h2 class=\"wp-block-heading\">Resoluci\u00f3n de litigios en la UE<\/h2>\n\n\n\n<p>De conformidad con el Reglamento sobre resoluci\u00f3n de litigios en l\u00ednea en materia de consumo (Reglamento RLL), nos gustar\u00eda informarle sobre la plataforma de resoluci\u00f3n de litigios en l\u00ednea (plataforma OS).<br>Los consumidores tienen la oportunidad de presentar reclamaciones a la plataforma de resoluci\u00f3n de litigios en l\u00ednea de la Comisi\u00f3n Europea en&nbsp;<a href=\"https:\/\/ec.europa.eu\/consumers\/odr\/main\/index.cfm?event=main.home2.show&amp;lng=DE\" target=\"_blank\" rel=\"noreferrer noopener nofollow\">http:\/\/ec.europa.eu\/odr?tid=221078311<\/a>&nbsp;a la direcci\u00f3n. Encontrar\u00e1 los datos de contacto necesarios m\u00e1s arriba, en nuestro aviso legal.<\/p>\n\n\n\n<p>Sin embargo, queremos se\u00f1alar que no estamos dispuestos ni obligados a participar en un procedimiento de resoluci\u00f3n de litigios ante una junta arbitral de consumo.<\/p>\n\n\n\n<h2 class=\"wp-block-heading\">Responsabilidad por el contenido de este sitio web<\/h2>\n\n\n\n<p>Desarrollamos constantemente el contenido de este sitio web y nos esforzamos por ofrecer informaci\u00f3n correcta y actualizada. Lamentablemente, no podemos asumir ninguna responsabilidad por la exactitud de todos los contenidos de este sitio web, especialmente los proporcionados por terceros.<\/p>\n\n\n\n<p>Si observa alg\u00fan contenido problem\u00e1tico o ilegal, p\u00f3ngase en contacto con nosotros inmediatamente; encontrar\u00e1 los datos de contacto en el pie de imprenta.<\/p>\n\n\n\n<h2 class=\"wp-block-heading\">Responsabilidad de los enlaces de este sitio web<\/h2>\n\n\n\n<p>Nuestro sitio web contiene enlaces a otros sitios web de cuyo contenido no somos responsables. La responsabilidad de los sitios web enlazados existe seg\u00fan&nbsp;<a href=\"https:\/\/www.ris.bka.gv.at\/Dokument.wxe?Abfrage=Bundesnormen&amp;Dokumentnummer=NOR40025813&amp;tid=221078311\" target=\"_blank\" rel=\"noreferrer noopener nofollow\">\u00a7 17 ECG<\/a>&nbsp;por nuestra parte, ya que no ten\u00edamos ni tenemos conocimiento de actividades il\u00edcitas, no hemos advertido hasta la fecha ninguna actividad il\u00edcita de este tipo y eliminar\u00edamos los enlaces inmediatamente si tuvi\u00e9ramos conocimiento de alguna actividad il\u00edcita.<\/p>\n\n\n\n<p>Si observa alg\u00fan enlace ilegal en nuestro sitio web, p\u00f3ngase en contacto con nosotros, encontrar\u00e1 los datos de contacto en el pie de imprenta.<\/p>\n\n\n\n<h2 class=\"wp-block-heading\">Copyright<\/h2>\n\n\n\n<p>Todo el contenido de este sitio web (im\u00e1genes, fotos, textos, v\u00eddeos) est\u00e1 sujeto a derechos de autor. En caso necesario, perseguiremos legalmente el uso no autorizado de partes del contenido de nuestro sitio web.<\/p>\n\n\n\n<h2 class=\"wp-block-heading\">Cr\u00e9ditos de las im\u00e1genes<\/h2>\n\n\n\n<p>Las im\u00e1genes, fotos y gr\u00e1ficos de este sitio web est\u00e1n protegidos por derechos de autor.<\/p>\n\n\n\n<p>Los derechos de imagen pertenecen a los siguientes fot\u00f3grafos y empresas:<\/p>\n\n\n\n<ul class=\"wp-block-list\">\n<li>pixapay.com<\/li>\n\n\n\n<li>shuterstock.com<\/li>\n<\/ul>\n\n\n\n<p>Fuente: Creado con el&nbsp;<a href=\"https:\/\/www.firmenwebseiten.at\/datenschutz-generator\/\" target=\"_blank\" rel=\"noreferrer noopener nofollow\">Generador de protecci\u00f3n de datos de firmenwebseiten.at<\/a>&nbsp;en cooperaci\u00f3n con&nbsp;<a href=\"https:\/\/www.hashtagtirol.at\/\" target=\"_blank\" rel=\"noreferrer noopener nofollow\">hashtagtirol.at<\/a><\/p>\n\n\n\n<h3 class=\"wp-block-heading\">Google Analytics<\/h3>\n\n\n\n<p>Este sitio web utiliza Google Analytics, un servicio de an\u00e1lisis web prestado por Google Inc. para analizar el uso del sitio web. La informaci\u00f3n generada por el uso de Google Analytics sobre su uso de este sitio web (incluida su direcci\u00f3n IP) ser\u00e1 transmitida y almacenada por Google en servidores de Estados Unidos.<\/p>\n\n\n\n<p>Google usar\u00e1 esta informaci\u00f3n por cuenta nuestra con el prop\u00f3sito de seguir la pista de su uso del website, recopilando informes de la actividad del website y prestando otros servicios relacionados con la actividad del website y el uso de Internet. Google no asociar\u00e1 su direcci\u00f3n IP con ning\u00fan otro dato del que disponga Google. Al utilizar este website Usted consiente el tratamiento de informaci\u00f3n acerca de Usted por Google en la forma y para los fines arriba indicados.<\/p>\n\n\n\n<h3 class=\"wp-block-heading\">Enlaces, cl\u00e1usula de exenci\u00f3n de responsabilidad de los enlaces<\/h3>\n\n\n\n<p>No asumimos responsabilidad alguna, ni por la correcci\u00f3n, ni por el contenido o la ausencia de contenido agresivo y\/o da\u00f1ino, como virus, troyanos, gusanos, etc. de los enlaces de nuestro sitio web. En particular, no asumimos ninguna responsabilidad por el contenido de los sitios web externos a los que se hace referencia mediante hiperv\u00ednculos, de los que el proveedor respectivo es el \u00fanico responsable. Los enlaces a nuestro sitio web son bienvenidos si se dise\u00f1an como enlaces externos (ventana propia del navegador). No est\u00e1 permitida la transferencia de la ventana principal a un marco del emisor del enlace. Si un sitio web al que hemos enlazado contiene contenidos ilegales, le rogamos que nos lo comunique y el enlace ser\u00e1 eliminado inmediatamente.<\/p>\n\n\n\n<h3 class=\"wp-block-heading\">Copyright<\/h3>\n\n\n\n<p>Todo el contenido de este sitio web est\u00e1 protegido por derechos de autor (\u00a9). Los textos, im\u00e1genes, gr\u00e1ficos y animaciones est\u00e1n protegidos por derechos de autor y otras leyes de protecci\u00f3n. El contenido no puede copiarse, distribuirse, modificarse ni hacerse accesible a terceros con fines comerciales. Queda prohibida cualquier utilizaci\u00f3n, en particular el almacenamiento en bases de datos, la reproducci\u00f3n, distribuci\u00f3n, edici\u00f3n y cualquier forma de uso comercial, as\u00ed como la divulgaci\u00f3n a terceros, incluso parcial o revisada, sin el consentimiento del autor.<\/p>","protected":false},"excerpt":{"rendered":"<p>Energetisch.fit ist ein Produkt von enerprax- Institut f\u00fcr praktische EnergieheilkundeJ\u00fcrgen Bergauer, MSc Gartenstra\u00dfe 6aA-6700 Bludenz Tel: +43 664 23 06 418 email:&nbsp;enerprax@gmail.com Hilfestellung zu einer k\u00f6rperlichen und energetischen Ausgewogenheit UID-Nummer:&nbsp;ATU55375007 Firmenbuchnummer:&nbsp;8016106 Firmenbuchgericht:&nbsp;Bludenz Inhaber:&nbsp;J\u00fcrgen Bergauer, MSc Gerichtsstand:&nbsp;Bezirkshauptmannschaft BludenzUnternehmensgegenstand:&nbsp;Handelsgewerbe mit Ausnahme der reglementierten HandelsgewerbeGISA-Zahl: 29050840 Unternehmensgegenstand:&nbsp;Hilfestellung zur Erreichung einer k\u00f6rperlichen bzw. energetischen Ausgewogenheit mittels Interpretation der Aura,&nbsp; [&hellip;]<\/p>\n","protected":false},"author":1,"featured_media":0,"parent":0,"menu_order":0,"comment_status":"closed","ping_status":"closed","template":"elementor_theme","meta":{"_acf_changed":false,"footnotes":""},"efit-produkt":[],"class_list":["post-197","page","type-page","status-publish","hentry"],"acf":[],"acpt":null,"_links":{"self":[{"href":"https:\/\/energetisch.fit\/es\/wp-json\/wp\/v2\/pages\/197","targetHints":{"allow":["GET"]}}],"collection":[{"href":"https:\/\/energetisch.fit\/es\/wp-json\/wp\/v2\/pages"}],"about":[{"href":"https:\/\/energetisch.fit\/es\/wp-json\/wp\/v2\/types\/page"}],"author":[{"embeddable":true,"href":"https:\/\/energetisch.fit\/es\/wp-json\/wp\/v2\/users\/1"}],"replies":[{"embeddable":true,"href":"https:\/\/energetisch.fit\/es\/wp-json\/wp\/v2\/comments?post=197"}],"version-history":[{"count":0,"href":"https:\/\/energetisch.fit\/es\/wp-json\/wp\/v2\/pages\/197\/revisions"}],"wp:attachment":[{"href":"https:\/\/energetisch.fit\/es\/wp-json\/wp\/v2\/media?parent=197"}],"wp:term":[{"taxonomy":"efit-produkt","embeddable":true,"href":"https:\/\/energetisch.fit\/es\/wp-json\/wp\/v2\/efit-produkt?post=197"}],"curies":[{"name":"wp","href":"https:\/\/api.w.org\/{rel}","templated":true}]}}