{"id":10157,"date":"2021-05-18T09:36:35","date_gmt":"2021-05-18T07:36:35","guid":{"rendered":"http:\/\/energetisch.fit\/bezahlmoeglichkeiten\/"},"modified":"2023-05-10T17:01:53","modified_gmt":"2023-05-10T15:01:53","slug":"formas-de-pago","status":"publish","type":"page","link":"https:\/\/energetisch.fit\/es\/bezahlmoeglichkeiten\/","title":{"rendered":"Formas de pago"},"content":{"rendered":"<p>Aceptamos los m\u00e9todos de pago que se indican a continuaci\u00f3n. Dependiendo del importe y del tipo (suscripci\u00f3n, pago anual, compra de bienes) nos reservamos el derecho de ajustar los m\u00e9todos de pago al tipo apropiado. (\u00a1No todos los m\u00e9todos de pago permiten suscripciones!) Puede obtener m\u00e1s informaci\u00f3n de nuestro proveedor de servicios de pago <a href=\"https:\/\/www.mollie.com\/de\/payments\" target=\"_blank\" rel=\"noopener nofollow\">mollie.com<\/a> encontrar.&nbsp;<\/p>\n\n\n<div class=\"woocommerce woocommerce-gzd\">\n\t<ul class=\"payment_methods methods\">\n\t\t\t\t\t<li class=\"payment_method_paypal\">\n\t\t\t\t<label>PayPal<img decoding=\"async\" src=\"https:\/\/energetisch.fit\/wp-content\/plugins\/woocommerce\/assets\/images\/paypal.png\" alt=\"Marca de aceptaci\u00f3n de PayPal\" data-no-translation-alt=\"\" \/><\/label>\n\t\t\t\t\t\t\t\t\t<div class=\"payment_box payment_method_paypal\">\n\t\t\t\t\t\t<p>Pague con Paypal. Si no dispone de una cuenta PayPal, tambi\u00e9n puede pagar con su tarjeta de cr\u00e9dito.<\/p>\n\t\t\t\t\t<\/div>\n\t\t\t\t\t\t\t<\/li>\n\t\t\t\t\t<li class=\"payment_method_mollie_wc_gateway_creditcard\">\n\t\t\t\t<label>Tarjeta<img src='https:\/\/www.mollie.com\/external\/icons\/payment-methods\/creditcard.svg' alt='icono de tarjeta de cr\u00e9dito' class='mollie-gateway-icon' \/><\/label>\n\t\t\t\t\t\t\t\t\t<div class=\"payment_box payment_method_mollie_wc_gateway_creditcard\">\n\t\t\t\t\t\t<p><\/p>\n\t\t\t\t\t<\/div>\n\t\t\t\t\t\t\t<\/li>\n\t\t\t\t\t<li class=\"payment_method_mollie_wc_gateway_applepay\">\n\t\t\t\t<label>Apple Pay<img src='https:\/\/www.mollie.com\/external\/icons\/payment-methods\/applepay.svg' alt='icono applepay' class='mollie-gateway-icon' \/><\/label>\n\t\t\t\t\t\t\t\t\t<div class=\"payment_box payment_method_mollie_wc_gateway_applepay\">\n\t\t\t\t\t\t<p><\/p>\n\t\t\t\t\t<\/div>\n\t\t\t\t\t\t\t<\/li>\n\t\t\t\t\t<li class=\"payment_method_invoice\">\n\t\t\t\t<label>Factura \/ pago anticipado<\/label>\n\t\t\t\t\t\t\t\t\t<div class=\"payment_box payment_method_invoice\">\n\t\t\t\t\t\t<p>Una vez realizado el pedido, recibir\u00e1 una confirmaci\u00f3n de pedido de nuestra parte. Por favor, transfiera el importe total en un plazo de 7 d\u00edas a la cuenta all\u00ed especificada.\r\nUna vez recibido el pago, se crear\u00e1n los servicios reservados y se enviar\u00e1 una factura.<\/p>\n\t\t\t\t\t<\/div>\n\t\t\t\t\t\t\t<\/li>\n\t\t\t<\/ul>\n<\/div>","protected":false},"excerpt":{"rendered":"<p>Aceptamos los m\u00e9todos de pago que se indican a continuaci\u00f3n. Dependiendo del importe y del tipo (suscripci\u00f3n, pago anual, compra de bienes) nos reservamos el derecho de ajustar los m\u00e9todos de pago al tipo apropiado. (\u00a1No todos los m\u00e9todos de pago permiten suscripciones!) Encontrar\u00e1 m\u00e1s informaci\u00f3n en nuestro proveedor de servicios de pago mollie.com.&nbsp;<\/p>","protected":false},"author":1,"featured_media":0,"parent":0,"menu_order":0,"comment_status":"closed","ping_status":"closed","template":"elementor_theme","meta":{"_acf_changed":false,"footnotes":""},"efit-produkt":[],"class_list":["post-10157","page","type-page","status-publish","hentry"],"acf":[],"acpt":null,"_links":{"self":[{"href":"https:\/\/energetisch.fit\/es\/wp-json\/wp\/v2\/pages\/10157","targetHints":{"allow":["GET"]}}],"collection":[{"href":"https:\/\/energetisch.fit\/es\/wp-json\/wp\/v2\/pages"}],"about":[{"href":"https:\/\/energetisch.fit\/es\/wp-json\/wp\/v2\/types\/page"}],"author":[{"embeddable":true,"href":"https:\/\/energetisch.fit\/es\/wp-json\/wp\/v2\/users\/1"}],"replies":[{"embeddable":true,"href":"https:\/\/energetisch.fit\/es\/wp-json\/wp\/v2\/comments?post=10157"}],"version-history":[{"count":0,"href":"https:\/\/energetisch.fit\/es\/wp-json\/wp\/v2\/pages\/10157\/revisions"}],"wp:attachment":[{"href":"https:\/\/energetisch.fit\/es\/wp-json\/wp\/v2\/media?parent=10157"}],"wp:term":[{"taxonomy":"efit-produkt","embeddable":true,"href":"https:\/\/energetisch.fit\/es\/wp-json\/wp\/v2\/efit-produkt?post=10157"}],"curies":[{"name":"wp","href":"https:\/\/api.w.org\/{rel}","templated":true}]}}