{"id":2831151,"date":"2026-03-31T16:40:14","date_gmt":"2026-03-31T14:40:14","guid":{"rendered":"https:\/\/energetisch.fit\/?post_type=product&#038;p=2831151"},"modified":"2026-04-08T09:45:53","modified_gmt":"2026-04-08T07:45:53","slug":"the-human-being-as-a-system","status":"publish","type":"product","link":"https:\/\/energetisch.fit\/en\/shop\/der-mensch-als-system\/","title":{"rendered":"Man as a system"},"content":{"rendered":"<p>Put an end to the fog of esotericism. Welcome to the world of information medicine.<\/p>\n<p>Hast du dich jemals gefragt, warum manche Interventionen sofort greifen, w\u00e4hrend andere trotz bester Absichten verpuffen? Warum reagiert der eine auf Stress mit dem Magen und der andere mit R\u00fcckenschmerzen? Die Antwort liegt nicht in den Einzelteilen, sondern im System.<\/p>\n<p>Dieses Buch r\u00e4umt mit dem veralteten mechanistischen \u201eUhrwerk-Denken\u201c auf. Es zeigt auf Basis von Systemtheorie, Biologie und Kybernetik, dass der Mensch kein Patient ist, den man \u201ereparieren\u201c kann, sondern ein hochkomplexes Informationssystem, das nach logischen Regeln reguliert.<\/p>\n<p><span class=\"a-text-bold\">What you can expect in this book:<\/span><\/p>\n<ul class=\"a-unordered-list a-vertical\">\n<li><span class=\"a-text-bold\">From component to system:<\/span>\u00a0Find out why the traditional view costs us energy - and how the paradigm shift to system logic creates new, effective solutions.<\/li>\n<li><span class=\"a-text-bold\">The logic of regulation:<\/span>\u00a0Understand how your body communicates via frequencies, rhythms and resonance. Learn to decipher symptoms not as defects, but as meaningful biological information.<\/li>\n<li><span class=\"a-text-bold\">Precision instead of incense sticks:<\/span>\u00a0Discover how energetic work is given a stable, logical basis. Learn how digital thinking tools (such as\u00a0<span class=\"a-text-italic\">energetic.fit<\/span>) help to make individual patterns objectively visible.<\/li>\n<li><span class=\"a-text-bold\">Personal responsibility through knowledge:<\/span>\u00a0Use this model as a precision tool for your path to true regulation.<\/li>\n<\/ul>\n<p>Dieses Werk schl\u00e4gt die Br\u00fccke: Es liefert Energetikern ein stabiles Fundament und bietet wissenschaftlich Denkenden ein strukturiertes Modell f\u00fcr die Welt der Schwingungen. Es geht nicht um Heilsversprechen, sondern um das Verst\u00e4ndnis von Prozessen.<\/p>","protected":false},"excerpt":{"rendered":"<p>Option 1: e-book as PDF + audiobook as MP3<br \/>\nOption 2: Hardcover book<br \/>\nOption 3: Softcover book<\/p>\n<p><span class=\"a-text-bold\">What you can expect in this book:<\/span><\/p>\n<ul class=\"a-unordered-list a-vertical\">\n<li><span class=\"a-text-bold\">From component to system:<\/span>\u00a0Find out why the traditional view costs us energy - and how the paradigm shift to system logic creates new, effective solutions.<\/li>\n<li><span class=\"a-text-bold\">The logic of regulation:<\/span>\u00a0Understand how your body communicates via frequencies, rhythms and resonance. Learn to decipher symptoms not as defects, but as meaningful biological information.<\/li>\n<li><span class=\"a-text-bold\">Precision instead of incense sticks:<\/span>\u00a0Discover how energetic work is given a stable, logical basis. Learn how digital thinking tools (such as\u00a0<span class=\"a-text-italic\">energetic.fit<\/span>) help to make individual patterns objectively visible.<\/li>\n<li><span class=\"a-text-bold\">Personal responsibility through knowledge:<\/span>\u00a0Use this model as a precision tool for your path to true regulation.<\/li>\n<\/ul>","protected":false},"featured_media":2831485,"comment_status":"open","ping_status":"closed","template":"","meta":{"_acf_changed":false},"product_brand":[],"product_cat":[302],"product_tag":[],"class_list":{"0":"post-2831151","1":"product","2":"type-product","3":"status-publish","4":"has-post-thumbnail","6":"product_cat-unkategorisiert","7":"product_shipping_class-standartversand-1-3-werktage","8":"tm-no-options","10":"first","11":"instock","12":"taxable","13":"shipping-taxable","14":"purchasable","15":"product-type-variable","16":"has-default-attributes"},"acf":[],"_links":{"self":[{"href":"https:\/\/energetisch.fit\/en\/wp-json\/wp\/v2\/product\/2831151","targetHints":{"allow":["GET"]}}],"collection":[{"href":"https:\/\/energetisch.fit\/en\/wp-json\/wp\/v2\/product"}],"about":[{"href":"https:\/\/energetisch.fit\/en\/wp-json\/wp\/v2\/types\/product"}],"replies":[{"embeddable":true,"href":"https:\/\/energetisch.fit\/en\/wp-json\/wp\/v2\/comments?post=2831151"}],"wp:featuredmedia":[{"embeddable":true,"href":"https:\/\/energetisch.fit\/en\/wp-json\/wp\/v2\/media\/2831485"}],"wp:attachment":[{"href":"https:\/\/energetisch.fit\/en\/wp-json\/wp\/v2\/media?parent=2831151"}],"wp:term":[{"taxonomy":"product_brand","embeddable":true,"href":"https:\/\/energetisch.fit\/en\/wp-json\/wp\/v2\/product_brand?post=2831151"},{"taxonomy":"product_cat","embeddable":true,"href":"https:\/\/energetisch.fit\/en\/wp-json\/wp\/v2\/product_cat?post=2831151"},{"taxonomy":"product_tag","embeddable":true,"href":"https:\/\/energetisch.fit\/en\/wp-json\/wp\/v2\/product_tag?post=2831151"}],"curies":[{"name":"wp","href":"https:\/\/api.w.org\/{rel}","templated":true}]}}