{"id":17447,"date":"2023-02-08T15:16:10","date_gmt":"2023-02-08T14:16:10","guid":{"rendered":"http:\/\/energetisch.fit\/?post_type=product&#038;p=17447"},"modified":"2024-10-05T10:45:22","modified_gmt":"2024-10-05T08:45:22","slug":"energetisch-fit-holistic-health","status":"publish","type":"product","link":"https:\/\/energetisch.fit\/en\/shop\/energetisch-fit-holistic-health\/","title":{"rendered":"energetisch.fit Holistic Health"},"content":{"rendered":"<p><strong>Gesundheit ist das wichtigste Gut<\/strong> im Leben. Wenn es um unsere Gesundheit geht, sollten wir keine Kompromisse eingehen. Die ganzheitliche Gesundheit ist ein wichtiger Bestandteil unseres Wohlbefindens und es gibt jetzt <strong>eine neue Software<\/strong>, die dabei helfen kann, die <strong>Gesundheit ganzheitlich zu verbessern.<\/strong><\/p>\n<p>Unser energetisch.fit <strong>Holistic Health<\/strong> Programm bietet eine umfassende L\u00f6sung f\u00fcr alle Ihre Gesundheitsbed\u00fcrfnisse. Diese Software nutzt <strong>modernste Technologie<\/strong>, um eine genaue Analyse der Gesundheit zu ermitteln, damit ein <strong>besseres Verst\u00e4ndnis f\u00fcr K\u00f6rper, Geist und Seele.<\/strong><\/p>\n<p>Mit unserer Software k\u00f6nnen alle Aspekte der <strong>ganzheitlichen Gesundheit analysiert<\/strong> und mit Hilfe <strong>von Frequenzen therapiert werden<\/strong>, von der k\u00f6rperlichen bis hin zur seelischen Gesundheit und Stressbew\u00e4ltigung. Unsere ganzheitliche Gesundheitssoftware bietet eine <strong>personalisierte Gesundheitsplattform<\/strong>, die auf die individuellen Bed\u00fcrfnisse und Ziele zugeschnitten ist.<\/p>\n<p>Durch die Verwendung unserer Software k\u00f6nnen <strong>auch Ver\u00e4nderungen erkannt<\/strong> und die <strong>Gesundheit kontinuierlich verbessert werden<\/strong>. Die umfassende und personalisierte Analyse erm\u00f6glicht es, gezielte Ma\u00dfnahmen zu ergreifen, Frequenztherapien auszuf\u00fchren und die Gesundheit zu verbessern und damit die Lebensqualit\u00e4t zu steigern.<\/p>\n<p>Wir sind stolz darauf, eine ganzheitliche Gesundheitssoftware anzubieten, die Menschen hilft, ein ges\u00fcnderes, gl\u00fccklicheres und erf\u00fcllteres Leben zu f\u00fchren. <strong>Probiere es noch heute aus<\/strong> und erfahre, wie unsere Software helfen kann, die Gesundheit auf ein neues Niveau zu bringen.<\/p>\n<p><strong>Inhalt der verschiedenen Konzepte (Arbeitsvorlagen):<\/strong><\/p>\n<ul>\n<li>Vortest energetisch.fit<\/li>\n<li>fit Gesundheit<\/li>\n<li>fit Energiestatus<\/li>\n<li>fit Pers\u00f6nlichkeit<\/li>\n<li>Biochemie<\/li>\n<li>Regulationsanalyse<\/li>\n<li>Idealgewicht<\/li>\n<li>Nahrungsmittel<\/li>\n<li>Heilmittel<\/li>\n<li>Affirmationen<\/li>\n<li>Beziehung\/Partnerschaft<\/li>\n<li>Erfolg\/Finanzen<\/li>\n<li>Spirituell<\/li>\n<li>Burnout<\/li>\n<li>Business<\/li>\n<li>Schule und Lernen<\/li>\n<li>Korrigieren und Optimieren<\/li>\n<li>Energiefeld-Analyse (Expert)<\/li>\n<li>Laborwerte (Regulation)<\/li>\n<li>Haus und Grundst\u00fcck<\/li>\n<li>Akupunktur<\/li>\n<li>K\u00f6rper-\/Organsysteme<\/li>\n<li>Entgiften &amp; Ausleiten<\/li>\n<li>Allergien<\/li>\n<li>Belastungen aufl\u00f6sen<\/li>\n<li>Haut und Hauterkrankungen<\/li>\n<li>Kinderwunsch<\/li>\n<li>Ern\u00e4hrungsCoaching<\/li>\n<li>Frequenzessenzen<\/li>\n<\/ul>\n<p><strong>Verschiedene M\u00f6glichkeiten<\/strong><\/p>\n<ul>\n<li>Auswahl von ein bis unlimitierte Klienten<\/li>\n<li>inkl. 30 Konzepten\/Arbeitsvorlagen<\/li>\n<li>inkl. Langzeitanalyse<\/li>\n<li>inkl. Eigene Datenbank<\/li>\n<li>inkl. Fernbehandlung<\/li>\n<\/ul>","protected":false},"excerpt":{"rendered":"<p>Gesundheit ist das wichtigste Gut im Leben. Wenn es um unsere Gesundheit geht, sollten wir keine Kompromisse eingehen. Die ganzheitliche Gesundheit ist ein wichtiger Bestandteil unseres Wohlbefindens und es gibt jetzt eine neue Software, die dabei helfen kann, die Gesundheit ganzheitlich zu verbessern. Unser energetisch.fit Holistic Health Programm bietet eine umfassende L\u00f6sung f\u00fcr alle Ihre [&hellip;]<\/p>\n","protected":false},"featured_media":18451,"comment_status":"open","ping_status":"closed","template":"","meta":{"_acf_changed":false},"product_brand":[],"product_cat":[446],"product_tag":[],"class_list":{"0":"post-17447","1":"product","2":"type-product","3":"status-publish","4":"has-post-thumbnail","6":"product_cat-holistichealth","7":"tm-has-options","9":"first","10":"instock","11":"sale","12":"sold-individually","13":"taxable","14":"shipping-taxable","15":"purchasable","16":"product-type-variable-subscription"},"acf":[],"_links":{"self":[{"href":"https:\/\/energetisch.fit\/en\/wp-json\/wp\/v2\/product\/17447","targetHints":{"allow":["GET"]}}],"collection":[{"href":"https:\/\/energetisch.fit\/en\/wp-json\/wp\/v2\/product"}],"about":[{"href":"https:\/\/energetisch.fit\/en\/wp-json\/wp\/v2\/types\/product"}],"replies":[{"embeddable":true,"href":"https:\/\/energetisch.fit\/en\/wp-json\/wp\/v2\/comments?post=17447"}],"wp:featuredmedia":[{"embeddable":true,"href":"https:\/\/energetisch.fit\/en\/wp-json\/wp\/v2\/media\/18451"}],"wp:attachment":[{"href":"https:\/\/energetisch.fit\/en\/wp-json\/wp\/v2\/media?parent=17447"}],"wp:term":[{"taxonomy":"product_brand","embeddable":true,"href":"https:\/\/energetisch.fit\/en\/wp-json\/wp\/v2\/product_brand?post=17447"},{"taxonomy":"product_cat","embeddable":true,"href":"https:\/\/energetisch.fit\/en\/wp-json\/wp\/v2\/product_cat?post=17447"},{"taxonomy":"product_tag","embeddable":true,"href":"https:\/\/energetisch.fit\/en\/wp-json\/wp\/v2\/product_tag?post=17447"}],"curies":[{"name":"wp","href":"https:\/\/api.w.org\/{rel}","templated":true}]}}