{"id":7210,"date":"2021-03-18T14:22:48","date_gmt":"2021-03-18T13:22:48","guid":{"rendered":"http:\/\/energetisch.fit\/?page_id=7210"},"modified":"2024-02-12T14:01:55","modified_gmt":"2024-02-12T13:01:55","slug":"digital-constellation","status":"publish","type":"page","link":"https:\/\/energetisch.fit\/en\/funktionen\/digital-constellation\/","title":{"rendered":"Digital Constellation"},"content":{"rendered":"<h2>Digital Constellation &#8211; systemische Aufstellungen der anderen Art<\/h2>\n<p><b>Digital Constellation<\/b>\u00a0ist eine Online-Software, mit der systemische Aufstellungen ausgef\u00fchrt werden k\u00f6nnen. Das \u201cBesondere\u201d an der Software ist ein Algorithmus aus der Forschung der \u201cKI-k\u00fcnstliche Intelligenz\u201d, welcher f\u00fcr die systemische Arbeit zum Einsatz kommt.\u00a0<\/p>\n<p><b>Digital Constellation<\/b>\u00a0erkennt basierend auf dem \u201cBeobachtereffekt\u201d die Position der einzelnen Elemente und macht sie am Bildschirm sichtbar. \u00dcber den Energiefeld-Test und den Einflusstest k\u00f6nnen dann die Blockaden erkannt und gel\u00f6st werden.<\/p>\n<p>https:\/\/youtu.be\/LToJU-KLEyQ\t\t<\/p>\n<blockquote>\n<p>\n\t\t\t\tWenn es mal im Leben nicht weiter geht, dann sollte man nicht noch mehr Gas geben &#8211; sondern einfach aufh\u00f6ren zu bremsen.\t\t\t<\/p>\n<p>\t\t\t\t\t\t\t\t\t\t\t<cite>Romy Gerhard<\/cite><br \/>\n\t\t\t\t\t\t\t\t\t\t\t\t\t\t\t\t<a href=\"https:\/\/twitter.com\/intent\/tweet?text=Wenn+es+mal+im+Leben+nicht+weiter+geht%2C+dann+sollte+man+nicht+noch+mehr+Gas+geben+-+sondern+einfach+aufh%C3%B6ren+zu+bremsen.+%E2%80%94+Romy+Gerhard&amp;url=https%3A%2F%2Fenergetisch.fit%2Fwp-admin%2Fadmin-ajax.php&amp;via=enerprax\" target=\"_blank\" rel=\"noopener\"><br \/>\n\t\t\t\t\t\t\t\t\t\t\t\t\t\t\t\t\t\t\t\t\t\t\t\t\t\t\t\t\t\t\t\t\t\t\t\t\t\t\t\t\t\t\t\t\tTweet<br \/>\n\t\t\t\t\t\t\t\t\t\t\t\t\t<\/a>\n\t\t\t\t\t<\/p><\/blockquote>\n<figure>\n\t\t\t\t\t\t\t\t\t\t\t<a href=\"http:\/\/energetisch.fit\/wp-content\/uploads\/2021\/03\/Computer-1.jpg\" data-elementor-open-lightbox=\"yes\" data-elementor-lightbox-title=\"Computer 1\" data-e-action-hash=\"#elementor-action%3Aaction%3Dlightbox%26settings%3DeyJpZCI6NjY5MSwidXJsIjoiaHR0cHM6XC9cL2VuZXJnZXRpc2NoLmZpdFwvd3AtY29udGVudFwvdXBsb2Fkc1wvMjAyMVwvMDNcL0NvbXB1dGVyLTEuanBnIn0%3D\"><br \/>\n\t\t\t\t\t\t\t<img loading=\"lazy\" decoding=\"async\" width=\"1024\" height=\"683\" src=\"http:\/\/energetisch.fit\/wp-content\/uploads\/2021\/03\/Computer-1.jpg\" alt=\"Eigene Abbildung - Digital Constellation Oberfl\u00e4che \/ Programm\" srcset=\"http:\/\/energetisch.fit\/wp-content\/uploads\/2021\/03\/Computer-1.jpg 1920w, http:\/\/energetisch.fit\/wp-content\/uploads\/2021\/03\/Computer-1-600x400.jpg 600w\" sizes=\"auto, (max-width: 1024px) 100vw, 1024px\" \/>\t\t\t\t\t\t\t\t<\/a><figcaption>Eigene Abbildung &#8211; Digital Constellation Oberfl\u00e4che \/ Programm<\/figcaption><\/figure>\n<h2>Eine Weltneuheit&#8230;<\/h2>\n<p>Digital Constellation ist das erste Tool seiner Art. \u00dcber eine Online Anwendung k\u00f6nnen systemische Konstellationen sichtbar gemacht und energetisch bearbeitet werden.<\/p>\n<p>Basierend auf der Simulation des menschlichen Verhaltens\/Geistes verwenden wir einen speziellen Algorithmus f\u00fcr die Nachahmung einer realen systemischen Aufstellung (KI).<\/p>\n<h2>Automatische Positionierung und energetische Impulse<\/h2>\n<p>Das Programm erkennt basierend auf dem Beobachter-Effekt die richtige energetische Positionierung der Elemente und macht sie auf dem Bildschirm sichtbar.<\/p>\n<p>Blockaden und Ursachen k\u00f6nnen sichtbar gemacht werden und energetisch gel\u00f6st werden. Digital Constellation zeigt auch die energetische Ver\u00e4nderung an.<\/p>\n<p>http:\/\/energetisch.fit\/wp-content\/uploads\/2021\/03\/dc-gif-anik.mp4\t\t<\/p>\n<figure>\n\t\t\t\t\t\t\t\t\t\t\t<a href=\"http:\/\/energetisch.fit\/wp-content\/uploads\/2021\/03\/hintergruende-dc.jpg\" data-elementor-open-lightbox=\"yes\" data-elementor-lightbox-title=\"hintergruende-dc\" data-e-action-hash=\"#elementor-action%3Aaction%3Dlightbox%26settings%3DeyJpZCI6OTA2MiwidXJsIjoiaHR0cHM6XC9cL2VuZXJnZXRpc2NoLmZpdFwvd3AtY29udGVudFwvdXBsb2Fkc1wvMjAyMVwvMDNcL2hpbnRlcmdydWVuZGUtZGMuanBnIn0%3D\"><br \/>\n\t\t\t\t\t\t\t<img loading=\"lazy\" decoding=\"async\" width=\"553\" height=\"336\" src=\"http:\/\/energetisch.fit\/wp-content\/uploads\/2021\/03\/hintergruende-dc.jpg\" alt=\"Eigene Abbildung - Digital Constellation Hintergr\u00fcnde - Aufstellungsbrett\" srcset=\"http:\/\/energetisch.fit\/wp-content\/uploads\/2021\/03\/hintergruende-dc.jpg 553w, http:\/\/energetisch.fit\/wp-content\/uploads\/2021\/03\/hintergruende-dc-300x182.jpg 300w\" sizes=\"auto, (max-width: 553px) 100vw, 553px\" \/>\t\t\t\t\t\t\t\t<\/a><figcaption>Eigene Abbildung &#8211; Digital Constellation Hintergr\u00fcnde &#8211; Aufstellungsbrett<\/figcaption><\/figure>\n<h2>Verschiedene Hintergr\u00fcnde<\/h2>\n<p>\u00dcber unterschiedliche <strong>Kategorien<\/strong> k\u00f6nnen verschiedene <strong>Hintergr\u00fcnde<\/strong> passend zum Aufstellungsthema gew\u00e4hlt werden. Anhand der Positionierung der Elemente erh\u00e4lt der Aufsteller wertvolle <strong>Unterst\u00fctzung in der Interpretation<\/strong>.<\/p>\n<p>Durch die Auswahl unterschiedlichster <strong>Einflussthemen<\/strong> k\u00f6nnen dann die Elemente\/Figuren <strong>befragt und energetisch optimiert<\/strong> werden.<\/p>\n<p><a title=\"Download PDF\" href=\"http:\/\/energetisch.fit\/wp-content\/uploads\/2021\/03\/DC-Hintergrundbeschreibung.pdf\" target=\"_blank\" rel=\"noopener\">PDF Download \u2192<\/a>\t\t<\/p>\n<h2>Beobachtereffekt und das Doppelspaltexperiment<\/h2>\n<p>Die Technologie hinter Digital Constellation basiert auf dem Beobachtereffekt.<\/p>\n<p>Eine der sonderbarsten Annahmen der Quantentheorie, die Philosophen wie Physiker schon seit langem fasziniert, lautet, dass durch die Beobachtung einer Gegebenheit der Beobachter diese beeinflusst. Eines der wohl bekanntesten Experimente hierzu ist das Doppelspaltexperiment.<\/p>\n<p>https:\/\/youtu.be\/3ohjOltaO6Yhttps:\/\/youtu.be\/KBcgIYn9zzUhttps:\/\/youtu.be\/-EVBTAXhNTg\t\t<\/p>\n<h2>14 Tage gratis Vollversion f\u00fcr<br \/> Digital Constellation anfordern<\/h2>\n<h2>Digital Constellation ist grunds\u00e4tzlich f\u00fcr jeden geeignet&#8230;<\/h2>\n<p>&#8230;der mit Systemen oder mit Aufstellungen arbeitet. Wichtig ist die <strong>Offenheit<\/strong>, eine vollkommen <strong>neue Art der Aufstellungsarbeit<\/strong> zuzulassen!<\/p>\n<p>\u00a0<\/p>\n<p>Digital Constellation bereichert die systemische Aufstellungsarbeit in allen Lebensbereichen: <strong>Familie, Beziehung, Gesundheit, Erfolg und Business<\/strong>&#8230;<\/p>\n<h2>Anwendungsbeispiele von Digital Constellation<br \/>\n<\/h2>\n<p>\t\thttps:\/\/youtu.be\/BIDB8nGe29Ahttps:\/\/youtu.be\/YWlnSZSAGdQhttps:\/\/youtu.be\/KaCncwV3vOQhttps:\/\/youtu.be\/8kXkmGLbJU8<\/p>","protected":false},"excerpt":{"rendered":"<p>Digital Constellation &#8211; systemische Aufstellungen der anderen Art Digital Constellation\u00a0ist eine Online-Software, mit der systemische Aufstellungen ausgef\u00fchrt werden k\u00f6nnen. Das \u201cBesondere\u201d an der Software ist ein Algorithmus aus der Forschung der \u201cKI-k\u00fcnstliche Intelligenz\u201d, welcher f\u00fcr die systemische Arbeit zum Einsatz kommt.\u00a0 Digital Constellation\u00a0erkennt basierend auf dem \u201cBeobachtereffekt\u201d die Position der einzelnen Elemente und macht sie [&hellip;]<\/p>\n","protected":false},"author":1,"featured_media":0,"parent":8466,"menu_order":0,"comment_status":"closed","ping_status":"closed","template":"elementor_theme","meta":{"_acf_changed":false,"footnotes":""},"efit-produkt":[],"class_list":["post-7210","page","type-page","status-publish","hentry"],"acf":[],"acpt":null,"_links":{"self":[{"href":"https:\/\/energetisch.fit\/en\/wp-json\/wp\/v2\/pages\/7210","targetHints":{"allow":["GET"]}}],"collection":[{"href":"https:\/\/energetisch.fit\/en\/wp-json\/wp\/v2\/pages"}],"about":[{"href":"https:\/\/energetisch.fit\/en\/wp-json\/wp\/v2\/types\/page"}],"author":[{"embeddable":true,"href":"https:\/\/energetisch.fit\/en\/wp-json\/wp\/v2\/users\/1"}],"replies":[{"embeddable":true,"href":"https:\/\/energetisch.fit\/en\/wp-json\/wp\/v2\/comments?post=7210"}],"version-history":[{"count":0,"href":"https:\/\/energetisch.fit\/en\/wp-json\/wp\/v2\/pages\/7210\/revisions"}],"up":[{"embeddable":true,"href":"https:\/\/energetisch.fit\/en\/wp-json\/wp\/v2\/pages\/8466"}],"wp:attachment":[{"href":"https:\/\/energetisch.fit\/en\/wp-json\/wp\/v2\/media?parent=7210"}],"wp:term":[{"taxonomy":"efit-produkt","embeddable":true,"href":"https:\/\/energetisch.fit\/en\/wp-json\/wp\/v2\/efit-produkt?post=7210"}],"curies":[{"name":"wp","href":"https:\/\/api.w.org\/{rel}","templated":true}]}}