{"id":197,"date":"2016-07-27T15:40:11","date_gmt":"2016-07-27T13:40:11","guid":{"rendered":"http:\/\/energetisch.fit\/?page_id=197"},"modified":"2023-05-10T16:49:14","modified_gmt":"2023-05-10T14:49:14","slug":"imprint","status":"publish","type":"page","link":"https:\/\/energetisch.fit\/en\/impressum\/","title":{"rendered":"Imprint"},"content":{"rendered":"<div class=\"wp-block-image\">\n<figure class=\"alignright\"><a href=\"http:\/\/www.enerprax.com\/wp-content\/uploads\/2014\/10\/logo-ener1.gif\" target=\"_blank\" rel=\"noreferrer noopener nofollow\"><img decoding=\"async\" src=\"http:\/\/www.enerprax.com\/wp-content\/uploads\/2014\/10\/logo-ener1-300x101.gif\" alt=\"logo ener1\"\/><\/a><\/figure>\n<\/div>\n\n\n<p><strong>Energetisch.fit is a product of<\/strong><\/p>\n\n\n\n<p>enerprax- Institute for practical energy healing<br>J\u00fcrgen Bergauer, MSc<\/p>\n\n\n\n<p>Gartenstrasse 6a<br>A-6700 Bludenz<\/p>\n\n\n\n<p>Tel: +43 664 23 06 418<\/p>\n\n\n\n<p>email:&nbsp;<a href=\"mailto:enerprax@gmail.com\">enerprax@gmail.com<\/a><\/p>\n\n\n\n<p>Help to achieve physical and energetic balance<\/p>\n\n\n\n<p><strong>VAT number:<\/strong>&nbsp;ATU55375007<\/p>\n\n\n\n<p><strong>Company register number:<\/strong>&nbsp;8016106<\/p>\n\n\n\n<p><strong>Commercial Register Court:<\/strong>&nbsp;Bludenz<\/p>\n\n\n\n<p><strong>Owner:<\/strong>&nbsp;J\u00fcrgen Bergauer, MSc<\/p>\n\n\n\n<p><strong>Place of jurisdiction:<\/strong>&nbsp;District authority Bludenz<br><strong>Object of the company:<\/strong>&nbsp;Commercial trades with the exception of regulated commercial trades<br>GISA number: 29050840<\/p>\n\n\n\n<p><strong>Object of the company:<\/strong>&nbsp;Assistance in achieving a physical or energetic balance through interpretation of the aura, selection of colours and music as well as bioresonance<br>GISA number: 22668486<\/p>\n\n\n\n<p><a href=\"https:\/\/www.enerprax.com\/wp-content\/uploads\/2021\/11\/hu_bronze_150.jpg\" rel=\"noreferrer noopener nofollow\" target=\"_blank\"><\/a>&nbsp;Quality assurance programme for human energetics<\/p>\n\n\n\n<h2 class=\"wp-block-heading\">EU dispute resolution<\/h2>\n\n\n\n<p>In accordance with the Regulation on Online Dispute Resolution in Consumer Matters (ODR Regulation), we would like to inform you about the online dispute resolution platform (OS platform).<br>Consumers have the opportunity to submit complaints to the European Commission's online dispute resolution platform at&nbsp;<a href=\"https:\/\/ec.europa.eu\/consumers\/odr\/main\/index.cfm?event=main.home2.show&amp;lng=DE\" target=\"_blank\" rel=\"noreferrer noopener nofollow\">http:\/\/ec.europa.eu\/odr?tid=221078311<\/a>&nbsp;to address. You will find the necessary contact details above in our legal notice.<\/p>\n\n\n\n<p>However, we would like to point out that we are not willing or obliged to participate in dispute resolution proceedings before a consumer arbitration board.<\/p>\n\n\n\n<h2 class=\"wp-block-heading\">Liability for the content of this website<\/h2>\n\n\n\n<p>We are constantly developing the content of this website and endeavour to provide correct and up-to-date information. Unfortunately, we cannot accept any liability for the accuracy of all content on this website, especially that provided by third parties.<\/p>\n\n\n\n<p>If you notice any problematic or illegal content, please contact us immediately, you will find the contact details in the imprint.<\/p>\n\n\n\n<h2 class=\"wp-block-heading\">Liability for links on this website<\/h2>\n\n\n\n<p>Our website contains links to other websites for whose content we are not responsible. Liability for linked websites exists according to&nbsp;<a href=\"https:\/\/www.ris.bka.gv.at\/Dokument.wxe?Abfrage=Bundesnormen&amp;Dokumentnummer=NOR40025813&amp;tid=221078311\" target=\"_blank\" rel=\"noreferrer noopener nofollow\">\u00a7 17 ECG<\/a>&nbsp;for us, as we had and have no knowledge of unlawful activities, we have not noticed any such unlawful activities to date and we would remove links immediately if we became aware of any unlawful activities.<\/p>\n\n\n\n<p>If you notice any illegal links on our website, please contact us, you will find the contact details in the imprint.<\/p>\n\n\n\n<h2 class=\"wp-block-heading\">Copyright notice<\/h2>\n\n\n\n<p>All content on this website (images, photos, texts, videos) is subject to copyright. If necessary, we will legally prosecute the unauthorised use of parts of the content of our website.<\/p>\n\n\n\n<h2 class=\"wp-block-heading\">Picture credits<\/h2>\n\n\n\n<p>The images, photos and graphics on this website are protected by copyright.<\/p>\n\n\n\n<p>The image rights are held by the following photographers and companies:<\/p>\n\n\n\n<ul class=\"wp-block-list\">\n<li>pixapay.com<\/li>\n\n\n\n<li>shuterstock.com<\/li>\n<\/ul>\n\n\n\n<p>Source: Created with the&nbsp;<a href=\"https:\/\/www.firmenwebseiten.at\/datenschutz-generator\/\" target=\"_blank\" rel=\"noreferrer noopener nofollow\">Data protection generator from firmenwebseiten.at<\/a>&nbsp;in co-operation with&nbsp;<a href=\"https:\/\/www.hashtagtirol.at\/\" target=\"_blank\" rel=\"noreferrer noopener nofollow\">hashtagtirol.at<\/a><\/p>\n\n\n\n<h3 class=\"wp-block-heading\">Google Analytics<\/h3>\n\n\n\n<p>This website uses Google Analytics, a web analysis service provided by Google Inc. to analyse the use of the website. The information generated by the use of Google Analytics about your use of this website (including your IP address) will be transmitted to and stored by Google on servers in the United States.<\/p>\n\n\n\n<p>Google will use this information for the purpose of evaluating your use of the website, compiling reports on website activity for website operators and providing other services relating to website activity and internet usage. Google will not associate your IP address with any other data held by Google. By using this website, you consent to the processing of data about you by Google in the manner and for the purposes set out above.<\/p>\n\n\n\n<h3 class=\"wp-block-heading\">Links, disclaimer for links<\/h3>\n\n\n\n<p>We accept no liability whatsoever, neither for the correctness, nor for the content or freedom from aggressive and\/or harmful content, such as viruses, Trojans, worms etc. of the links on our website. In particular, we accept no responsibility for the content of external websites referred to by hyperlinks, for which the respective provider is solely liable. Links to our website are welcome if they are designed as external links (own browser window). It is not permitted to transfer the main window into a frame of the link setter. If a website to which we have linked contains illegal content, please inform us and the link will be removed immediately.<\/p>\n\n\n\n<h3 class=\"wp-block-heading\">Copyright<\/h3>\n\n\n\n<p>All content on this website is protected by copyright (\u00a9). Texts, images, graphics and animations are protected by copyright and other protective laws. The content may not be copied, distributed, modified or made accessible to third parties for commercial purposes. Any use, in particular storage in databases, reproduction, distribution, editing and any form of commercial use, as well as disclosure to third parties, even in part or in revised form, is prohibited without the consent of the author.<\/p>","protected":false},"excerpt":{"rendered":"<p>Energetisch.fit ist ein Produkt von enerprax- Institut f\u00fcr praktische EnergieheilkundeJ\u00fcrgen Bergauer, MSc Gartenstra\u00dfe 6aA-6700 Bludenz Tel: +43 664 23 06 418 email:&nbsp;enerprax@gmail.com Hilfestellung zu einer k\u00f6rperlichen und energetischen Ausgewogenheit UID-Nummer:&nbsp;ATU55375007 Firmenbuchnummer:&nbsp;8016106 Firmenbuchgericht:&nbsp;Bludenz Inhaber:&nbsp;J\u00fcrgen Bergauer, MSc Gerichtsstand:&nbsp;Bezirkshauptmannschaft BludenzUnternehmensgegenstand:&nbsp;Handelsgewerbe mit Ausnahme der reglementierten HandelsgewerbeGISA-Zahl: 29050840 Unternehmensgegenstand:&nbsp;Hilfestellung zur Erreichung einer k\u00f6rperlichen bzw. energetischen Ausgewogenheit mittels Interpretation der Aura,&nbsp; [&hellip;]<\/p>\n","protected":false},"author":1,"featured_media":0,"parent":0,"menu_order":0,"comment_status":"closed","ping_status":"closed","template":"elementor_theme","meta":{"_acf_changed":false,"footnotes":""},"efit-produkt":[],"class_list":["post-197","page","type-page","status-publish","hentry"],"acf":[],"acpt":null,"_links":{"self":[{"href":"https:\/\/energetisch.fit\/en\/wp-json\/wp\/v2\/pages\/197","targetHints":{"allow":["GET"]}}],"collection":[{"href":"https:\/\/energetisch.fit\/en\/wp-json\/wp\/v2\/pages"}],"about":[{"href":"https:\/\/energetisch.fit\/en\/wp-json\/wp\/v2\/types\/page"}],"author":[{"embeddable":true,"href":"https:\/\/energetisch.fit\/en\/wp-json\/wp\/v2\/users\/1"}],"replies":[{"embeddable":true,"href":"https:\/\/energetisch.fit\/en\/wp-json\/wp\/v2\/comments?post=197"}],"version-history":[{"count":0,"href":"https:\/\/energetisch.fit\/en\/wp-json\/wp\/v2\/pages\/197\/revisions"}],"wp:attachment":[{"href":"https:\/\/energetisch.fit\/en\/wp-json\/wp\/v2\/media?parent=197"}],"wp:term":[{"taxonomy":"efit-produkt","embeddable":true,"href":"https:\/\/energetisch.fit\/en\/wp-json\/wp\/v2\/efit-produkt?post=197"}],"curies":[{"name":"wp","href":"https:\/\/api.w.org\/{rel}","templated":true}]}}