{"id":8466,"date":"2021-03-25T13:27:22","date_gmt":"2021-03-25T12:27:22","guid":{"rendered":"http:\/\/energetisch.fit\/?page_id=8466"},"modified":"2023-05-11T16:08:59","modified_gmt":"2023-05-11T14:08:59","slug":"funktionen","status":"publish","type":"page","link":"https:\/\/energetisch.fit\/de_de\/funktionen\/","title":{"rendered":"Funktionen"},"content":{"rendered":"<p>Alle Funktionen von energetisch.fit um das Leben einfacher zu machen<\/p>\n<h2>energetisch.fit<br \/>\n<b>Funktions\u00fcbersicht<\/b><\/h2>\n<p>Hier finden Sie alle Funktionen die energetisch.fit bietet.<\/p>\n<p><img decoding=\"async\" width=\"640\" height=\"419\" src=\"http:\/\/energetisch.fit\/wp-content\/uploads\/2021\/03\/technology-5254039_640.jpg\" alt=\"\" loading=\"lazy\" srcset=\"http:\/\/energetisch.fit\/wp-content\/uploads\/2021\/03\/technology-5254039_640.jpg 640w, http:\/\/energetisch.fit\/wp-content\/uploads\/2021\/03\/technology-5254039_640-600x393.jpg 600w, http:\/\/energetisch.fit\/wp-content\/uploads\/2021\/03\/technology-5254039_640-300x196.jpg 300w, http:\/\/energetisch.fit\/wp-content\/uploads\/2021\/03\/technology-5254039_640-100x65.jpg 100w\" sizes=\"auto, (max-width: 640px) 100vw, 640px\"><\/p>\n<figure>\n\t\t\t\t\t\t\t\t\t\t\t<a href=\"http:\/\/energetisch.fit\/wp-content\/uploads\/2021\/03\/Bio-Animation12.gif\" data-elementor-open-lightbox=\"yes\" data-elementor-lightbox-title=\"Bio-Animation1+2\"><br \/>\n<img decoding=\"async\" width=\"700\" height=\"394\" src=\"http:\/\/energetisch.fit\/wp-content\/uploads\/2021\/03\/Bio-Animation12.gif\" alt=\"Eigene Abbildung - energetisch.fit Biorhythmus\" loading=\"lazy\">\t\t\t\t\t\t\t\t<\/a><figcaption>Eigene Abbildung &#8211; energetisch.fit Biorhythmus<\/figcaption><\/figure>\n<h2>K\u00fcnstliche Intelligenz<\/h2>\n<p>Unser speziell entwickelte Algorithmus vergleicht die Schwingungen des Menschen mit den Schwingungen von verschiedenen Themen und bewertet die &#8222;Resonanz&#8220;.<\/p>\n<p><a href=\"http:\/\/energetisch.fit\/funktionen\/kuenstliche-intelligenz-algorithmus\/\">mehr erfahren \u2192 <\/a><\/p>\n<h2>Behandlung und Korrektur<\/h2>\n<p>Sobald die zu korrigierenden Werte in einen \u201eBehandlungskorb\u201c \u00fcbernommen sind, ermittelt das System die passenden Schwingungs- und Frequenzbehandlung, welche dann entweder feinstofflich (radionisch) oder grobstofflich (Farbe, Musik\/Frequenz) \u00fcbermittelt werden. Es werden bei der Behandlung verschiedene Ebenen erreicht (auditiv, visuell und metaphysich\/energetisch)<\/p>\n<p><a href=\"http:\/\/energetisch.fit\/funktionen\/behandlung-und-korrektur\/\">mehr erfahren \u2192 <\/a><\/p>\n<figure>\n\t\t\t\t\t\t\t\t\t\t\t<a href=\"http:\/\/energetisch.fit\/wp-content\/uploads\/2021\/03\/behandlunganim.gif\" data-elementor-open-lightbox=\"yes\" data-elementor-lightbox-title=\"behandlunganim\"><br \/>\n<img decoding=\"async\" width=\"700\" height=\"394\" src=\"http:\/\/energetisch.fit\/wp-content\/uploads\/2021\/03\/behandlunganim.gif\" alt=\"Eigene Abbildung - energetisch.fit Behandlung\" loading=\"lazy\" srcset=\"http:\/\/energetisch.fit\/wp-content\/uploads\/2021\/03\/behandlunganim.gif 700w, http:\/\/energetisch.fit\/wp-content\/uploads\/2021\/03\/behandlunganim-600x338.gif 600w\" sizes=\"auto, (max-width: 700px) 100vw, 700px\">\t\t\t\t\t\t\t\t<\/a><figcaption>Eigene Abbildung &#8211; energetisch.fit Behandlung<\/figcaption><\/figure>\n<figure>\n\t\t\t\t\t\t\t\t\t\t\t<a href=\"http:\/\/energetisch.fit\/wp-content\/uploads\/2021\/03\/3.png\" data-elementor-open-lightbox=\"yes\" data-elementor-lightbox-title=\"3\"><br \/>\n<img decoding=\"async\" width=\"800\" height=\"440\" src=\"http:\/\/energetisch.fit\/wp-content\/uploads\/2021\/03\/3.png\" alt=\"Eigene Abbildung - energetisch.fit Energiefeldanalyse\" loading=\"lazy\">\t\t\t\t\t\t\t\t<\/a><figcaption>Eigene Abbildung &#8211; energetisch.fit Energiefeldanalyse<\/figcaption><\/figure>\n<h2>Energiefeldanalyse<\/h2>\n<p>Die Energiefeld-Analyse ist eine neue Entwicklung, um blockierte Energie (<b>Aurafelder<\/b>) sichtbar zu machen.<\/p>\n<p>&nbsp;Gleichzeitig k\u00f6nnen alle Felder \u00fcber den Einfluss-Test genauer auf die <b>Ursache und den Einfluss untersucht <\/b>und behandelt werden.<\/p>\n<p><a href=\"http:\/\/energetisch.fit\/funktionen\/energiefeld-analyse\/\">mehr erfahren \u2192 <\/a><\/p>\n<h2>Erprobte und h\u00f6chst effiziente Vorlagen<\/h2>\n<p>Im Programmumfang sind bereits eine Menge an <b>h\u00f6chst effizienten <\/b><b>Vorlagen <\/b>enthalten. Dies sind bereits <b>erprobte Sitzungsabl\u00e4ufe<\/b>, welche nat\u00fcrlich f\u00fcr die eigene Praxis eingesetzt werden k\u00f6nnen<\/p>\n<p>Neben bereits vorinstallierten Datenbanken und Therapie-Vorlagen k\u00f6nnen nat\u00fcrlich auch <b>eigene Datenbanken erstellt <\/b>werden.<\/p>\n<p><a href=\"http:\/\/energetisch.fit\/funktionen\/erprobte-und-hoechst-effiziente-vorlagen\/\">mehr erfahren \u2192 <\/a><\/p>\n<figure>\n\t\t\t\t\t\t\t\t\t\t\t<a href=\"http:\/\/energetisch.fit\/wp-content\/uploads\/2020\/10\/pyramide.png\" data-elementor-open-lightbox=\"yes\" data-elementor-lightbox-title=\"pyramide\"><br \/>\n<img decoding=\"async\" width=\"600\" height=\"519\" src=\"http:\/\/energetisch.fit\/wp-content\/uploads\/2020\/10\/pyramide.png\" alt=\"Eigene Abbildung - energetisch.fit Pyramide\" loading=\"lazy\">\t\t\t\t\t\t\t\t<\/a><figcaption>Eigene Abbildung &#8211; energetisch.fit Pyramide<\/figcaption><\/figure>\n<figure>\n\t\t\t\t\t\t\t\t\t\t\t<a href=\"http:\/\/energetisch.fit\/wp-content\/uploads\/2021\/03\/dc-gif-anik.gif\" data-elementor-open-lightbox=\"yes\" data-elementor-lightbox-title=\"dc gif anik\"><br \/>\n<img decoding=\"async\" width=\"700\" height=\"394\" src=\"http:\/\/energetisch.fit\/wp-content\/uploads\/2021\/03\/dc-gif-anik.gif\" alt=\"Eigene Abbildung - energetisch.fit Digital Constellation\" loading=\"lazy\" srcset=\"http:\/\/energetisch.fit\/wp-content\/uploads\/2021\/03\/dc-gif-anik.gif 700w, http:\/\/energetisch.fit\/wp-content\/uploads\/2021\/03\/dc-gif-anik-600x338.gif 600w\" sizes=\"auto, (max-width: 700px) 100vw, 700px\">\t\t\t\t\t\t\t\t<\/a><figcaption>Eigene Abbildung &#8211; energetisch.fit Digital Constellation<\/figcaption><\/figure>\n<h2>Digital Constellation (DC)<\/h2>\n<p><b style=\"box-sizing: border-box; font-weight: bolder; color: #252525; font-family: Roboto, sans-serif; font-size: 18px; font-style: normal; font-variant-ligatures: normal; font-variant-caps: normal; letter-spacing: normal; orphans: 2; text-align: justify; text-indent: 0px; text-transform: none; white-space: normal; widows: 2; word-spacing: 0px; -webkit-text-stroke-width: 0px; background-color: #ffffff; text-decoration-thickness: initial; text-decoration-style: initial; text-decoration-color: initial;\">Digital Constellation<\/b>&nbsp;ist ein eigenes Programm-Modul aus energetisch.fit. Digital Constellation ist Online-Software, mit der systemische Aufstellungen ausgef\u00fchrt werden k\u00f6nnen. <b style=\"box-sizing: border-box; font-weight: bolder; color: #252525; font-family: Roboto, sans-serif; font-size: 18px; font-style: normal; font-variant-ligatures: normal; font-variant-caps: normal; letter-spacing: normal; orphans: 2; text-align: justify; text-indent: 0px; text-transform: none; white-space: normal; widows: 2; word-spacing: 0px; -webkit-text-stroke-width: 0px; background-color: #ffffff; text-decoration-thickness: initial; text-decoration-style: initial; text-decoration-color: initial;\">Digital Constellation<\/b>&nbsp;erkennt basierend auf dem \u201cBeobachtereffekt\u201d die Position der einzelnen Elemente und macht sie am Bildschirm sichtbar. \u00dcber den Energiefeld-Test und den Einflusstest k\u00f6nnen dann die Blockaden erkannt und gel\u00f6st werden.<\/p>\n<p><a href=\"http:\/\/energetisch.fit\/funktionen\/digital-constellation\/\">mehr erfahren&nbsp;\u2192 <\/a><\/p>\n<h2>Fernbehandlung<\/h2>\n<p>Eine&nbsp;<b>Weltneuheit&nbsp;<\/b>ist unsere M\u00f6glichkeit, dem Klienten die Fernbehandlung auch als&nbsp;<b>direkte Therapie zur Verf\u00fcgung&nbsp;<\/b>zu stellen. Hierf\u00fcr sendet energetisch.fit dem Kunden einen Link, \u00fcber den er dann die Behandlung zum vereinbarten Zeitpunkt konsumieren kann (der Klient sieht den Behandlungs-Bildschirm mit den jeweiligen Werten).<\/p>\n<p><a href=\"http:\/\/energetisch.fit\/funktionen\/automatisierte-fernbehandlungen\/\">mehr erfahren \u2192 <\/a><\/p>\n<figure>\n\t\t\t\t\t\t\t\t\t\t\t<a href=\"http:\/\/energetisch.fit\/wp-content\/uploads\/2021\/03\/fenbeh.png\" data-elementor-open-lightbox=\"yes\" data-elementor-lightbox-title=\"fenbeh\"><br \/>\n<img decoding=\"async\" width=\"800\" height=\"378\" src=\"http:\/\/energetisch.fit\/wp-content\/uploads\/2021\/03\/fenbeh.png\" alt=\"Eigene Abbildung - energetisch.fit Fernbehandlung\" loading=\"lazy\" srcset=\"http:\/\/energetisch.fit\/wp-content\/uploads\/2021\/03\/fenbeh.png 1896w, http:\/\/energetisch.fit\/wp-content\/uploads\/2021\/03\/fenbeh-600x284.png 600w\" sizes=\"auto, (max-width: 800px) 100vw, 800px\">\t\t\t\t\t\t\t\t<\/a><figcaption>Eigene Abbildung &#8211; energetisch.fit Fernbehandlung \u00dcbersicht<\/figcaption><\/figure>\n<figure>\n\t\t\t\t\t\t\t\t\t\t\t<a href=\"http:\/\/energetisch.fit\/wp-content\/uploads\/2021\/03\/eigene-datenbank-bild.png\" data-elementor-open-lightbox=\"yes\" data-elementor-lightbox-title=\"eigene datenbank bild\"><br \/>\n<img decoding=\"async\" width=\"800\" height=\"410\" src=\"http:\/\/energetisch.fit\/wp-content\/uploads\/2021\/03\/eigene-datenbank-bild.png\" alt=\"Eigene Abbildung - energetisch.fit Eigene Datenbank\" loading=\"lazy\">\t\t\t\t\t\t\t\t<\/a><figcaption>Eigene Abbildung &#8211; energetisch.fit Eigene Datenbank<\/figcaption><\/figure>\n<h2>Eigene Analyse Datenbanken<\/h2>\n<p>Die Energiefeld-Analyse ist eine neue Entwicklung, um blockierte Energie (<b>Aurafelder<\/b>) sichtbar zu machen.<\/p>\n<p>&nbsp;Gleichzeitig k\u00f6nnen alle Felder \u00fcber den Einfluss-Test genauer auf die <b>Ursache und den Einfluss untersucht <\/b>und behandelt werden.<\/p>\n<p><a href=\"http:\/\/energetisch.fit\/funktionen\/eigene-datenbanken-erstellen\/\">mehr erfahren \u2192 <\/a><\/p>\n","protected":false},"excerpt":{"rendered":"<p>Alle Funktionen von energetisch.fit um das Leben einfacher zu machen energetisch.fit Funktions\u00fcbersicht Hier finden Sie alle Funktionen die energetisch.fit bietet. Eigene Abbildung &#8211; energetisch.fit Biorhythmus K\u00fcnstliche Intelligenz Unser speziell entwickelte Algorithmus vergleicht die Schwingungen des Menschen mit den Schwingungen von verschiedenen Themen und bewertet die &#8222;Resonanz&#8220;. mehr erfahren \u2192 Behandlung und Korrektur Sobald die zu [&hellip;]<\/p>\n","protected":false},"author":1288,"featured_media":0,"parent":0,"menu_order":0,"comment_status":"closed","ping_status":"closed","template":"elementor_theme","meta":{"_acf_changed":false,"footnotes":""},"efit-produkt":[],"class_list":["post-8466","page","type-page","status-publish","hentry"],"acf":[],"acpt":null,"_links":{"self":[{"href":"https:\/\/energetisch.fit\/de_de\/wp-json\/wp\/v2\/pages\/8466","targetHints":{"allow":["GET"]}}],"collection":[{"href":"https:\/\/energetisch.fit\/de_de\/wp-json\/wp\/v2\/pages"}],"about":[{"href":"https:\/\/energetisch.fit\/de_de\/wp-json\/wp\/v2\/types\/page"}],"author":[{"embeddable":true,"href":"https:\/\/energetisch.fit\/de_de\/wp-json\/wp\/v2\/users\/1288"}],"replies":[{"embeddable":true,"href":"https:\/\/energetisch.fit\/de_de\/wp-json\/wp\/v2\/comments?post=8466"}],"version-history":[{"count":0,"href":"https:\/\/energetisch.fit\/de_de\/wp-json\/wp\/v2\/pages\/8466\/revisions"}],"wp:attachment":[{"href":"https:\/\/energetisch.fit\/de_de\/wp-json\/wp\/v2\/media?parent=8466"}],"wp:term":[{"taxonomy":"efit-produkt","embeddable":true,"href":"https:\/\/energetisch.fit\/de_de\/wp-json\/wp\/v2\/efit-produkt?post=8466"}],"curies":[{"name":"wp","href":"https:\/\/api.w.org\/{rel}","templated":true}]}}